{"id":3227,"date":"2021-10-28T20:06:54","date_gmt":"2021-10-28T18:06:54","guid":{"rendered":"https:\/\/agora.xtec.cat\/ceipjoanabello-mollet\/?page_id=3227"},"modified":"2022-01-19T21:18:33","modified_gmt":"2022-01-19T20:18:33","slug":"escola-lectora","status":"publish","type":"page","link":"https:\/\/agora.xtec.cat\/ceipjoanabello-mollet\/projecte-educatiu\/escola-lectora\/","title":{"rendered":"Escola Lectora"},"content":{"rendered":"<p><span style=\"font-weight: 400;\">L\u2019any 2016\u00a0 l\u2019escola va obtenir el<\/span><b> certificat d&#8217;innovaci\u00f3 en lectura<\/b><span style=\"font-weight: 400;\"> arran de la participaci\u00f3 al programa d\u2019Impuls a la lectura en el qual vam participar.<\/span><\/p>\n<p><span style=\"font-weight: 400;\">Aix\u00f2 es tradueix en el fet de fomentar la lectura entre el nostre alumnat a trav\u00e9s de multitud d\u2019activitats al voltant de tres eixos:<\/span><\/p>\n<ul>\n<li style=\"font-weight: 400;\" aria-level=\"1\">Gust per llegir<\/li>\n<li aria-level=\"1\">Saber llegir<\/li>\n<li aria-level=\"1\">Llegir per aprendre<\/li>\n<\/ul>\n<p><span style=\"font-weight: 400;\">Dins de l\u2019horari dels nens i nenes hi ha franges destinades a la realitzaci\u00f3 d\u2019activitats programades i verticalitzades (des de P3 fins a 6\u00e8) per l\u2019equip docent, com ara contacontes, booktubers, lectura dramatitzada, club de lectura&#8230;<\/span><\/p>\n<p><span style=\"font-weight: 400;\">D\u2019aquesta manera aconseguim que la lectura esdevingui una eina imprescindible per l\u2019assoliment dels aprenentatges i que els infants gaudeixin a trav\u00e9s d\u2019ella.<\/span><\/p>\n<p><span style=\"font-weight: 400;\">Val a dir que a l\u2019escola tenim una biblioteca, la qual vam crear amb la col\u00b7laboraci\u00f3 de tota la comunitat educativa. I a m\u00e9s, cada aula t\u00e9 el seu rac\u00f3 de lectura perqu\u00e8 cada nen i cada nena tingui di\u00e0riament al seu abast contes i llibres, ja que<em> \u201cPer viatjar lluny, no hi ha millor nau que un llibre\u201d Emily Dickinson.\u00a0<\/em><\/span><\/p>\n","protected":false},"excerpt":{"rendered":"<p>L\u2019any 2016\u00a0 l\u2019escola va obtenir el certificat d&#8217;innovaci\u00f3 en lectura arran de la participaci\u00f3 al programa d\u2019Impuls a la lectura en el qual vam participar. Aix\u00f2 es tradueix en el fet de fomentar la lectura entre el nostre alumnat a trav\u00e9s de multitud d\u2019activitats al voltant de tres eixos: Gust per llegir Saber llegir Llegir [&hellip;]<\/p>\n","protected":false},"author":36,"featured_media":0,"parent":64,"menu_order":4,"comment_status":"closed","ping_status":"closed","template":"page-templates\/side-menu.php","meta":{"_bbp_topic_count":0,"_bbp_reply_count":0,"_bbp_total_topic_count":0,"_bbp_total_reply_count":0,"_bbp_voice_count":0,"_bbp_anonymous_reply_count":0,"_bbp_topic_count_hidden":0,"_bbp_reply_count_hidden":0,"_bbp_forum_subforum_count":0,"site-sidebar-layout":"default","site-content-layout":"","ast-site-content-layout":"","site-content-style":"default","site-sidebar-style":"default","ast-global-header-display":"","ast-banner-title-visibility":"","ast-main-header-display":"","ast-hfb-above-header-display":"","ast-hfb-below-header-display":"","ast-hfb-mobile-header-display":"","site-post-title":"","ast-breadcrumbs-content":"","ast-featured-img":"","footer-sml-layout":"","theme-transparent-header-meta":"","adv-header-id-meta":"","stick-header-meta":"","header-above-stick-meta":"","header-main-stick-meta":"","header-below-stick-meta":"","astra-migrate-meta-layouts":"default","ast-page-background-enabled":"default","ast-page-background-meta":{"desktop":{"background-color":"var(--ast-global-color-4)","background-image":"","background-repeat":"repeat","background-position":"center center","background-size":"auto","background-attachment":"scroll","background-type":"","background-media":"","overlay-type":"","overlay-color":"","overlay-opacity":"","overlay-gradient":""},"tablet":{"background-color":"","background-image":"","background-repeat":"repeat","background-position":"center center","background-size":"auto","background-attachment":"scroll","background-type":"","background-media":"","overlay-type":"","overlay-color":"","overlay-opacity":"","overlay-gradient":""},"mobile":{"background-color":"","background-image":"","background-repeat":"repeat","background-position":"center center","background-size":"auto","background-attachment":"scroll","background-type":"","background-media":"","overlay-type":"","overlay-color":"","overlay-opacity":"","overlay-gradient":""}},"ast-content-background-meta":{"desktop":{"background-color":"var(--ast-global-color-5)","background-image":"","background-repeat":"repeat","background-position":"center center","background-size":"auto","background-attachment":"scroll","background-type":"","background-media":"","overlay-type":"","overlay-color":"","overlay-opacity":"","overlay-gradient":""},"tablet":{"background-color":"var(--ast-global-color-5)","background-image":"","background-repeat":"repeat","background-position":"center center","background-size":"auto","background-attachment":"scroll","background-type":"","background-media":"","overlay-type":"","overlay-color":"","overlay-opacity":"","overlay-gradient":""},"mobile":{"background-color":"var(--ast-global-color-5)","background-image":"","background-repeat":"repeat","background-position":"center center","background-size":"auto","background-attachment":"scroll","background-type":"","background-media":"","overlay-type":"","overlay-color":"","overlay-opacity":"","overlay-gradient":""}},"footnotes":""},"class_list":["post-3227","page","type-page","status-publish","hentry"],"post_mailing_queue_ids":[],"_links":{"self":[{"href":"https:\/\/agora.xtec.cat\/ceipjoanabello-mollet\/wp-json\/wp\/v2\/pages\/3227","targetHints":{"allow":["GET"]}}],"collection":[{"href":"https:\/\/agora.xtec.cat\/ceipjoanabello-mollet\/wp-json\/wp\/v2\/pages"}],"about":[{"href":"https:\/\/agora.xtec.cat\/ceipjoanabello-mollet\/wp-json\/wp\/v2\/types\/page"}],"author":[{"embeddable":true,"href":"https:\/\/agora.xtec.cat\/ceipjoanabello-mollet\/wp-json\/wp\/v2\/users\/36"}],"replies":[{"embeddable":true,"href":"https:\/\/agora.xtec.cat\/ceipjoanabello-mollet\/wp-json\/wp\/v2\/comments?post=3227"}],"version-history":[{"count":3,"href":"https:\/\/agora.xtec.cat\/ceipjoanabello-mollet\/wp-json\/wp\/v2\/pages\/3227\/revisions"}],"predecessor-version":[{"id":3466,"href":"https:\/\/agora.xtec.cat\/ceipjoanabello-mollet\/wp-json\/wp\/v2\/pages\/3227\/revisions\/3466"}],"up":[{"embeddable":true,"href":"https:\/\/agora.xtec.cat\/ceipjoanabello-mollet\/wp-json\/wp\/v2\/pages\/64"}],"wp:attachment":[{"href":"https:\/\/agora.xtec.cat\/ceipjoanabello-mollet\/wp-json\/wp\/v2\/media?parent=3227"}],"curies":[{"name":"wp","href":"https:\/\/api.w.org\/{rel}","templated":true}]}}