{"id":3209,"date":"2021-10-28T19:11:21","date_gmt":"2021-10-28T17:11:21","guid":{"rendered":"https:\/\/agora.xtec.cat\/ceipjoanabello-mollet\/?page_id=3209"},"modified":"2025-01-16T10:36:10","modified_gmt":"2025-01-16T09:36:10","slug":"lhort","status":"publish","type":"page","link":"https:\/\/agora.xtec.cat\/ceipjoanabello-mollet\/que-fem\/tallers\/lhort\/","title":{"rendered":"L&#8217;Hort"},"content":{"rendered":"<p style=\"text-align: justify;\"><span style=\"font-weight: 400;\">Aquest projecte va n\u00e9ixer ja fa anys amb l\u2019objectiu <\/span>de connectar l&#8217;alumnat amb el seu entorn immediat, abordant temes com la sostenibilitat i el menjar saludable. Al llarg de la seva escolaritzaci\u00f3, els nens i nenes participen activament en la cura de l&#8217;hort, col\u00b7laborant amb l&#8217;Aida, monitora especialitzada, i el seu tutor\/a. Aquest comprom\u00eds inclou activitats com regar, plantar, recollir i fins i tot tastar les verdures i fruites que cultiven. Aquesta experi\u00e8ncia pr\u00e0ctica no nom\u00e9s fomenta la consci\u00e8ncia ambiental, sin\u00f3 que tamb\u00e9 promou una relaci\u00f3 saludable amb l&#8217;alimentaci\u00f3 i el medi ambient.<\/p>\n<p>Aquest any els nens i nenes de cicle inicial i mitj\u00e0 van a l&#8217;hort a\u00a0 una hora de tallers. L&#8217;altre hora t\u00e9 com a finalitat f<span style=\"font-weight: 400;\">amiliaritzar als infants amb habilitats b\u00e0siques en l&#8217;\u00fas d&#8217;eines digitals mentre creen el seu propi hort digital.<\/span><\/p>\n<p><span style=\"font-weight: 400;\">En el cas de cicle inicial t\u00e9 tres objectius:<\/span><\/p>\n<ul>\n<li><span style=\"font-family: inherit; font-size: 1em;\">Iniciaci\u00f3 al maneig del ratol\u00ed i teclat. Aprenent a utilitzar el ratol\u00ed i el teclat per a operacions b\u00e0siques.<\/span><\/li>\n<li style=\"font-weight: 400;\" aria-level=\"1\"><span style=\"font-weight: 400;\">Creaci\u00f3 i edici\u00f3 de documents amb processadors de text. Obrint, tancant i gestionant documents. Utilitzant funcions com copiar i enganxar per a la creaci\u00f3 i edici\u00f3 de documents.<\/span><\/li>\n<li style=\"font-weight: 400;\" aria-level=\"1\"><span style=\"font-weight: 400;\">Cerca d&#8217;imatges per a l&#8217;hort digital. Realitzant cerques guiades per trobar imatges i descarregant i guardant imatges rellevants per al seu hort digital.<\/span><\/li>\n<\/ul>\n<p>En el cas de cicle mitj\u00e0:<\/p>\n<ul>\n<li>Familiaritzar els alumnes amb les funcionalitats b\u00e0siques de les plataformes de presentaci\u00f3 com Google Presentacions, Power Point i Canva.<\/li>\n<li><span style=\"font-family: inherit; font-size: 1em;\">Creaci\u00f3 de Presentacions.<\/span><\/li>\n<li>Desenvolupar habilitats de cerca i selecci\u00f3 de la informaci\u00f3 rellevant per al contingut de la presentaci\u00f3.<\/li>\n<li>Inserir imatges i\/o videos a les presentacions.<\/li>\n<\/ul>\n<p><span style=\"font-weight: 400;\">Aquest taller pr\u00e0ctic t\u00e9 com a objectiu principal proporcionar als infants les destreses digitals necess\u00e0ries mentre participen activament en la creaci\u00f3 d&#8217;un hort digital, fusionant aprenentatge tecnol\u00f2gic amb una experi\u00e8ncia creativa i educativa.<\/span><\/p>\n<div style=\"width: 1280px;\" class=\"wp-video\"><!--[if lt IE 9]><script>document.createElement('video');<\/script><![endif]-->\n<video class=\"wp-video-shortcode\" id=\"video-3209-1\" width=\"1280\" height=\"720\" loop=\"1\" autoplay=\"1\" preload=\"metadata\" controls=\"controls\"><source type=\"video\/mp4\" src=\"https:\/\/agora.xtec.cat\/ceipjoanabello-mollet\/wp-content\/uploads\/usu1842\/2024\/02\/Hort.mp4?_=1\" \/><a href=\"https:\/\/agora.xtec.cat\/ceipjoanabello-mollet\/wp-content\/uploads\/usu1842\/2024\/02\/Hort.mp4\">https:\/\/agora.xtec.cat\/ceipjoanabello-mollet\/wp-content\/uploads\/usu1842\/2024\/02\/Hort.mp4<\/a><\/video><\/div>\n","protected":false},"excerpt":{"rendered":"<p>Aquest projecte va n\u00e9ixer ja fa anys amb l\u2019objectiu de connectar l&#8217;alumnat amb el seu entorn immediat, abordant temes com la sostenibilitat i el menjar saludable. Al llarg de la seva escolaritzaci\u00f3, els nens i nenes participen activament en la cura de l&#8217;hort, col\u00b7laborant amb l&#8217;Aida, monitora especialitzada, i el seu tutor\/a. Aquest comprom\u00eds inclou [&hellip;]<\/p>\n","protected":false},"author":36,"featured_media":0,"parent":4375,"menu_order":4,"comment_status":"closed","ping_status":"closed","template":"page-templates\/side-menu.php","meta":{"_bbp_topic_count":0,"_bbp_reply_count":0,"_bbp_total_topic_count":0,"_bbp_total_reply_count":0,"_bbp_voice_count":0,"_bbp_anonymous_reply_count":0,"_bbp_topic_count_hidden":0,"_bbp_reply_count_hidden":0,"_bbp_forum_subforum_count":0,"site-sidebar-layout":"default","site-content-layout":"","ast-site-content-layout":"","site-content-style":"default","site-sidebar-style":"default","ast-global-header-display":"","ast-banner-title-visibility":"","ast-main-header-display":"","ast-hfb-above-header-display":"","ast-hfb-below-header-display":"","ast-hfb-mobile-header-display":"","site-post-title":"","ast-breadcrumbs-content":"","ast-featured-img":"","footer-sml-layout":"","theme-transparent-header-meta":"","adv-header-id-meta":"","stick-header-meta":"","header-above-stick-meta":"","header-main-stick-meta":"","header-below-stick-meta":"","astra-migrate-meta-layouts":"default","ast-page-background-enabled":"default","ast-page-background-meta":{"desktop":{"background-color":"var(--ast-global-color-4)","background-image":"","background-repeat":"repeat","background-position":"center center","background-size":"auto","background-attachment":"scroll","background-type":"","background-media":"","overlay-type":"","overlay-color":"","overlay-opacity":"","overlay-gradient":""},"tablet":{"background-color":"","background-image":"","background-repeat":"repeat","background-position":"center center","background-size":"auto","background-attachment":"scroll","background-type":"","background-media":"","overlay-type":"","overlay-color":"","overlay-opacity":"","overlay-gradient":""},"mobile":{"background-color":"","background-image":"","background-repeat":"repeat","background-position":"center center","background-size":"auto","background-attachment":"scroll","background-type":"","background-media":"","overlay-type":"","overlay-color":"","overlay-opacity":"","overlay-gradient":""}},"ast-content-background-meta":{"desktop":{"background-color":"var(--ast-global-color-5)","background-image":"","background-repeat":"repeat","background-position":"center center","background-size":"auto","background-attachment":"scroll","background-type":"","background-media":"","overlay-type":"","overlay-color":"","overlay-opacity":"","overlay-gradient":""},"tablet":{"background-color":"var(--ast-global-color-5)","background-image":"","background-repeat":"repeat","background-position":"center center","background-size":"auto","background-attachment":"scroll","background-type":"","background-media":"","overlay-type":"","overlay-color":"","overlay-opacity":"","overlay-gradient":""},"mobile":{"background-color":"var(--ast-global-color-5)","background-image":"","background-repeat":"repeat","background-position":"center center","background-size":"auto","background-attachment":"scroll","background-type":"","background-media":"","overlay-type":"","overlay-color":"","overlay-opacity":"","overlay-gradient":""}},"footnotes":""},"class_list":["post-3209","page","type-page","status-publish","hentry"],"post_mailing_queue_ids":[],"_links":{"self":[{"href":"https:\/\/agora.xtec.cat\/ceipjoanabello-mollet\/wp-json\/wp\/v2\/pages\/3209","targetHints":{"allow":["GET"]}}],"collection":[{"href":"https:\/\/agora.xtec.cat\/ceipjoanabello-mollet\/wp-json\/wp\/v2\/pages"}],"about":[{"href":"https:\/\/agora.xtec.cat\/ceipjoanabello-mollet\/wp-json\/wp\/v2\/types\/page"}],"author":[{"embeddable":true,"href":"https:\/\/agora.xtec.cat\/ceipjoanabello-mollet\/wp-json\/wp\/v2\/users\/36"}],"replies":[{"embeddable":true,"href":"https:\/\/agora.xtec.cat\/ceipjoanabello-mollet\/wp-json\/wp\/v2\/comments?post=3209"}],"version-history":[{"count":7,"href":"https:\/\/agora.xtec.cat\/ceipjoanabello-mollet\/wp-json\/wp\/v2\/pages\/3209\/revisions"}],"predecessor-version":[{"id":4770,"href":"https:\/\/agora.xtec.cat\/ceipjoanabello-mollet\/wp-json\/wp\/v2\/pages\/3209\/revisions\/4770"}],"up":[{"embeddable":true,"href":"https:\/\/agora.xtec.cat\/ceipjoanabello-mollet\/wp-json\/wp\/v2\/pages\/4375"}],"wp:attachment":[{"href":"https:\/\/agora.xtec.cat\/ceipjoanabello-mollet\/wp-json\/wp\/v2\/media?parent=3209"}],"curies":[{"name":"wp","href":"https:\/\/api.w.org\/{rel}","templated":true}]}}