{"id":3207,"date":"2021-10-28T19:11:06","date_gmt":"2021-10-28T17:11:06","guid":{"rendered":"https:\/\/agora.xtec.cat\/ceipjoanabello-mollet\/?page_id=3207"},"modified":"2024-01-21T22:09:16","modified_gmt":"2024-01-21T21:09:16","slug":"treball-cooperatiu","status":"publish","type":"page","link":"https:\/\/agora.xtec.cat\/ceipjoanabello-mollet\/que-fem\/treball-cooperatiu\/","title":{"rendered":"Treball Cooperatiu"},"content":{"rendered":"<p style=\"text-align: justify;\"><span style=\"font-weight: 400;\">A l\u2019escola donem molta import\u00e0ncia al treball en equips cooperatius. \u00c9s una metodologia que iniciem a prim\u00e0ria i s\u2019integra en el dia a dia de l\u2019aula.\u00a0<\/span><\/p>\n<p style=\"text-align: justify;\"><span style=\"font-weight: 400;\">Els equips cooperatius faciliten el treball aut\u00f2nom de tots els i les alumnes i el\/la mestre\/a pot oferir una atenci\u00f3 m\u00e9s individualitzada a l\u2019alumnat.\u00a0<\/span><\/p>\n<p style=\"text-align: justify;\"><span style=\"font-weight: 400;\">A m\u00e9s a m\u00e9s, ajuda a la resoluci\u00f3 de conflictes respectant les opinions dels altres companys i companyes. Treballa l\u2019empatia, ens ajuda a aprendre dels companys\/es i ajudar-los\/les. Aix\u00ed com a expressar adequadament les pr\u00f2pies idees, opinions\u2026<\/span><\/p>\n<p style=\"text-align: justify;\"><span style=\"font-weight: 400;\">A l\u2019aula, els nens i nenes seuen en equips i cada nen t\u00e9 un c\u00e0rrec per desenvolupar: coordinador, supervisor, portaveu o secretari. Aquests c\u00e0rrecs s\u00f3n importants perqu\u00e8 els ajuden a distribuir les tasques i a crear un bon ambient de treball a l\u2019aula.\u00a0<\/span><\/p>\n<p style=\"text-align: justify;\"><span style=\"font-weight: 400;\">En definitiva, el treball en equips cooperatius ens ajuda a aprendre a aprendre.<\/span><\/p>\n","protected":false},"excerpt":{"rendered":"<p>A l\u2019escola donem molta import\u00e0ncia al treball en equips cooperatius. \u00c9s una metodologia que iniciem a prim\u00e0ria i s\u2019integra en el dia a dia de l\u2019aula.\u00a0 Els equips cooperatius faciliten el treball aut\u00f2nom de tots els i les alumnes i el\/la mestre\/a pot oferir una atenci\u00f3 m\u00e9s individualitzada a l\u2019alumnat.\u00a0 A m\u00e9s a m\u00e9s, ajuda [&hellip;]<\/p>\n","protected":false},"author":36,"featured_media":0,"parent":4340,"menu_order":5,"comment_status":"closed","ping_status":"closed","template":"page-templates\/side-menu.php","meta":{"_bbp_topic_count":0,"_bbp_reply_count":0,"_bbp_total_topic_count":0,"_bbp_total_reply_count":0,"_bbp_voice_count":0,"_bbp_anonymous_reply_count":0,"_bbp_topic_count_hidden":0,"_bbp_reply_count_hidden":0,"_bbp_forum_subforum_count":0,"site-sidebar-layout":"default","site-content-layout":"","ast-site-content-layout":"","site-content-style":"default","site-sidebar-style":"default","ast-global-header-display":"","ast-banner-title-visibility":"","ast-main-header-display":"","ast-hfb-above-header-display":"","ast-hfb-below-header-display":"","ast-hfb-mobile-header-display":"","site-post-title":"","ast-breadcrumbs-content":"","ast-featured-img":"","footer-sml-layout":"","theme-transparent-header-meta":"","adv-header-id-meta":"","stick-header-meta":"","header-above-stick-meta":"","header-main-stick-meta":"","header-below-stick-meta":"","astra-migrate-meta-layouts":"default","ast-page-background-enabled":"default","ast-page-background-meta":{"desktop":{"background-color":"var(--ast-global-color-4)","background-image":"","background-repeat":"repeat","background-position":"center center","background-size":"auto","background-attachment":"scroll","background-type":"","background-media":"","overlay-type":"","overlay-color":"","overlay-opacity":"","overlay-gradient":""},"tablet":{"background-color":"","background-image":"","background-repeat":"repeat","background-position":"center center","background-size":"auto","background-attachment":"scroll","background-type":"","background-media":"","overlay-type":"","overlay-color":"","overlay-opacity":"","overlay-gradient":""},"mobile":{"background-color":"","background-image":"","background-repeat":"repeat","background-position":"center center","background-size":"auto","background-attachment":"scroll","background-type":"","background-media":"","overlay-type":"","overlay-color":"","overlay-opacity":"","overlay-gradient":""}},"ast-content-background-meta":{"desktop":{"background-color":"var(--ast-global-color-5)","background-image":"","background-repeat":"repeat","background-position":"center center","background-size":"auto","background-attachment":"scroll","background-type":"","background-media":"","overlay-type":"","overlay-color":"","overlay-opacity":"","overlay-gradient":""},"tablet":{"background-color":"var(--ast-global-color-5)","background-image":"","background-repeat":"repeat","background-position":"center center","background-size":"auto","background-attachment":"scroll","background-type":"","background-media":"","overlay-type":"","overlay-color":"","overlay-opacity":"","overlay-gradient":""},"mobile":{"background-color":"var(--ast-global-color-5)","background-image":"","background-repeat":"repeat","background-position":"center center","background-size":"auto","background-attachment":"scroll","background-type":"","background-media":"","overlay-type":"","overlay-color":"","overlay-opacity":"","overlay-gradient":""}},"footnotes":""},"class_list":["post-3207","page","type-page","status-publish","hentry"],"post_mailing_queue_ids":[],"_links":{"self":[{"href":"https:\/\/agora.xtec.cat\/ceipjoanabello-mollet\/wp-json\/wp\/v2\/pages\/3207","targetHints":{"allow":["GET"]}}],"collection":[{"href":"https:\/\/agora.xtec.cat\/ceipjoanabello-mollet\/wp-json\/wp\/v2\/pages"}],"about":[{"href":"https:\/\/agora.xtec.cat\/ceipjoanabello-mollet\/wp-json\/wp\/v2\/types\/page"}],"author":[{"embeddable":true,"href":"https:\/\/agora.xtec.cat\/ceipjoanabello-mollet\/wp-json\/wp\/v2\/users\/36"}],"replies":[{"embeddable":true,"href":"https:\/\/agora.xtec.cat\/ceipjoanabello-mollet\/wp-json\/wp\/v2\/comments?post=3207"}],"version-history":[{"count":3,"href":"https:\/\/agora.xtec.cat\/ceipjoanabello-mollet\/wp-json\/wp\/v2\/pages\/3207\/revisions"}],"predecessor-version":[{"id":3425,"href":"https:\/\/agora.xtec.cat\/ceipjoanabello-mollet\/wp-json\/wp\/v2\/pages\/3207\/revisions\/3425"}],"up":[{"embeddable":true,"href":"https:\/\/agora.xtec.cat\/ceipjoanabello-mollet\/wp-json\/wp\/v2\/pages\/4340"}],"wp:attachment":[{"href":"https:\/\/agora.xtec.cat\/ceipjoanabello-mollet\/wp-json\/wp\/v2\/media?parent=3207"}],"curies":[{"name":"wp","href":"https:\/\/api.w.org\/{rel}","templated":true}]}}