{"id":22,"date":"2014-09-18T12:19:57","date_gmt":"2014-09-18T11:19:57","guid":{"rendered":"http:\/\/agora.xtec.cat\/ceipjoanabello-mollet\/?page_id=22"},"modified":"2023-02-25T20:32:44","modified_gmt":"2023-02-25T19:32:44","slug":"lescola","status":"publish","type":"page","link":"https:\/\/agora.xtec.cat\/ceipjoanabello-mollet\/lescola\/","title":{"rendered":"L&#8217;escola"},"content":{"rendered":"<div class=\"entry-content\">\n<p>L\u2019escola Joan Abell\u00f3 \u00e9s una escola p\u00fablica d\u2019educaci\u00f3 infantil i prim\u00e0ria, des d&#8217;I3 fins a 6\u00e8. Est\u00e0 ubicada entre el barri de Can Borrell i el de Plana Lled\u00f3 de Mollet del Vall\u00e8s.<br \/>\nEs va crear el 1988 i porta el nom del pintor mollet\u00e0 reconegut arreu del m\u00f3n. La pres\u00e8ncia i recolzament del pintor Joan Abell\u00f3 a la nostra escola ha ajudat a conformar la identitat del centre. Aquest fet ha potenciat d\u2019una manera molt especial les habilitats art\u00edstiques, les quals es treballen amb molta cura i d\u2019una forma molt especial.<\/p>\n<p><strong>CARACTER\u00cdSTIQUES DE L\u2019ESCOLA<\/strong><\/p>\n<p>Llengua d\u2019aprenentatge<br \/>\nEl catal\u00e0 \u00e9s la llengua vehicular per\u00f2 en el decurs de l\u2019escolaritzaci\u00f3 l\u2019alumnat haur\u00e0 d\u2019obtenir igualment el domini oral i escrit del castell\u00e0. L\u2019angl\u00e8s tamb\u00e9 es treballa des d&#8217;I3.<\/p>\n<p>L\u00ednia pedag\u00f2gica i metodol\u00f2gica<br \/>\nEl nostre estil de treball dona import\u00e0ncia tant a l\u2019acci\u00f3 educativa com a l\u2019adquisici\u00f3 de t\u00e8cniques i continguts b\u00e0sics, tot afavorint la col\u2022laboraci\u00f3 i no competitivitat, cultivant la recerca, l\u2019adquisici\u00f3 d\u2019h\u00e0bits i de coneixements i la sistematitzaci\u00f3 cient\u00edfica unida a la pr\u00e0ctica; igualment, es fomenta l\u2019activitat i la iniciativa, per\u00f2 respectant la diversitat de ritmes evolutius i de capacitats intel\u2022lectuals que donin pas a un aprenentatge motivador, significatiu, autoregulat i a la interacci\u00f3 social mitjan\u00e7ant l\u2019expressi\u00f3.<\/p>\n<p><strong>CONFESSIONALITAT<\/strong><\/p>\n<p>Es presenta la religi\u00f3 com un fet social, cultural i hist\u00f2ric des d\u2019un enfocament pluralista i respectu\u00f3s amb les opcions religioses.<\/p>\n<p><strong>LES HABILITATS ART\u00cdSTIQUES<\/strong><\/p>\n<p>\u00c9s un tret que ens defineix des dels inicis. Celebrem un Concurs de dibuix i pintura i els Jocs Florals el dia de Sant Jordi.<\/p>\n<p><strong>Pluralisme i respecte per a tothom<\/strong><br \/>\nEl centre practica una educaci\u00f3 basada en la solidaritat, el respecte i el sentit de la llibertat junt al de la responsabilitat, valors b\u00e0sics en una societat democr\u00e0tica.<\/p>\n<\/div>\n","protected":false},"excerpt":{"rendered":"<p>L\u2019escola Joan Abell\u00f3 \u00e9s una escola p\u00fablica d\u2019educaci\u00f3 infantil i prim\u00e0ria, des d&#8217;I3 fins a 6\u00e8. Est\u00e0 ubicada entre el barri de Can Borrell i el de Plana Lled\u00f3 de Mollet del Vall\u00e8s. Es va crear el 1988 i porta el nom del pintor mollet\u00e0 reconegut arreu del m\u00f3n. La pres\u00e8ncia i recolzament del pintor [&hellip;]<\/p>\n","protected":false},"author":1,"featured_media":0,"parent":0,"menu_order":0,"comment_status":"closed","ping_status":"closed","template":"page-templates\/side-menu.php","meta":{"_bbp_topic_count":0,"_bbp_reply_count":0,"_bbp_total_topic_count":0,"_bbp_total_reply_count":0,"_bbp_voice_count":0,"_bbp_anonymous_reply_count":0,"_bbp_topic_count_hidden":0,"_bbp_reply_count_hidden":0,"_bbp_forum_subforum_count":0,"site-sidebar-layout":"default","site-content-layout":"","ast-site-content-layout":"","site-content-style":"default","site-sidebar-style":"default","ast-global-header-display":"","ast-banner-title-visibility":"","ast-main-header-display":"","ast-hfb-above-header-display":"","ast-hfb-below-header-display":"","ast-hfb-mobile-header-display":"","site-post-title":"","ast-breadcrumbs-content":"","ast-featured-img":"","footer-sml-layout":"","theme-transparent-header-meta":"","adv-header-id-meta":"","stick-header-meta":"","header-above-stick-meta":"","header-main-stick-meta":"","header-below-stick-meta":"","astra-migrate-meta-layouts":"default","ast-page-background-enabled":"default","ast-page-background-meta":{"desktop":{"background-color":"var(--ast-global-color-4)","background-image":"","background-repeat":"repeat","background-position":"center center","background-size":"auto","background-attachment":"scroll","background-type":"","background-media":"","overlay-type":"","overlay-color":"","overlay-opacity":"","overlay-gradient":""},"tablet":{"background-color":"","background-image":"","background-repeat":"repeat","background-position":"center center","background-size":"auto","background-attachment":"scroll","background-type":"","background-media":"","overlay-type":"","overlay-color":"","overlay-opacity":"","overlay-gradient":""},"mobile":{"background-color":"","background-image":"","background-repeat":"repeat","background-position":"center center","background-size":"auto","background-attachment":"scroll","background-type":"","background-media":"","overlay-type":"","overlay-color":"","overlay-opacity":"","overlay-gradient":""}},"ast-content-background-meta":{"desktop":{"background-color":"var(--ast-global-color-5)","background-image":"","background-repeat":"repeat","background-position":"center center","background-size":"auto","background-attachment":"scroll","background-type":"","background-media":"","overlay-type":"","overlay-color":"","overlay-opacity":"","overlay-gradient":""},"tablet":{"background-color":"var(--ast-global-color-5)","background-image":"","background-repeat":"repeat","background-position":"center center","background-size":"auto","background-attachment":"scroll","background-type":"","background-media":"","overlay-type":"","overlay-color":"","overlay-opacity":"","overlay-gradient":""},"mobile":{"background-color":"var(--ast-global-color-5)","background-image":"","background-repeat":"repeat","background-position":"center center","background-size":"auto","background-attachment":"scroll","background-type":"","background-media":"","overlay-type":"","overlay-color":"","overlay-opacity":"","overlay-gradient":""}},"footnotes":""},"class_list":["post-22","page","type-page","status-publish","hentry"],"post_mailing_queue_ids":[],"_links":{"self":[{"href":"https:\/\/agora.xtec.cat\/ceipjoanabello-mollet\/wp-json\/wp\/v2\/pages\/22","targetHints":{"allow":["GET"]}}],"collection":[{"href":"https:\/\/agora.xtec.cat\/ceipjoanabello-mollet\/wp-json\/wp\/v2\/pages"}],"about":[{"href":"https:\/\/agora.xtec.cat\/ceipjoanabello-mollet\/wp-json\/wp\/v2\/types\/page"}],"author":[{"embeddable":true,"href":"https:\/\/agora.xtec.cat\/ceipjoanabello-mollet\/wp-json\/wp\/v2\/users\/1"}],"replies":[{"embeddable":true,"href":"https:\/\/agora.xtec.cat\/ceipjoanabello-mollet\/wp-json\/wp\/v2\/comments?post=22"}],"version-history":[{"count":3,"href":"https:\/\/agora.xtec.cat\/ceipjoanabello-mollet\/wp-json\/wp\/v2\/pages\/22\/revisions"}],"predecessor-version":[{"id":4106,"href":"https:\/\/agora.xtec.cat\/ceipjoanabello-mollet\/wp-json\/wp\/v2\/pages\/22\/revisions\/4106"}],"wp:attachment":[{"href":"https:\/\/agora.xtec.cat\/ceipjoanabello-mollet\/wp-json\/wp\/v2\/media?parent=22"}],"curies":[{"name":"wp","href":"https:\/\/api.w.org\/{rel}","templated":true}]}}