{"id":1296,"date":"2019-11-19T11:43:33","date_gmt":"2019-11-19T10:43:33","guid":{"rendered":"http:\/\/agora.xtec.cat\/ceipjoanabello-mollet\/?page_id=1296"},"modified":"2024-09-17T11:43:08","modified_gmt":"2024-09-17T09:43:08","slug":"equip-directiu","status":"publish","type":"page","link":"https:\/\/agora.xtec.cat\/ceipjoanabello-mollet\/lescola\/qui-som\/equip-directiu\/","title":{"rendered":"Equip directiu"},"content":{"rendered":"<p>&nbsp;<\/p>\n<p><b>Directora<\/b><\/p>\n<p><span style=\"font-weight: 400;\">ANNA DU\u00d1ACH ESLAVA.<\/span><\/p>\n<p><span style=\"font-weight: 400;\">Diplomatura en Mestra d\u2019educaci\u00f3 prim\u00e0ria.<\/span><\/p>\n<p><span style=\"font-weight: 400;\">Membre de l\u2019equip directiu del centre des del 2007-2008.<\/span><\/p>\n<p>&nbsp;<\/p>\n<p><b>Cap d\u2019estudis<\/b><\/p>\n<p><span style=\"font-weight: 400;\">BEA MOSQUERA RIVERA.<\/span><\/p>\n<p><span style=\"font-weight: 400;\">Diplomatura en Mestra llengua anglesa.<\/span><\/p>\n<p><span style=\"font-weight: 400;\">Membre de l\u2019equip directiu del centre des del 2008-2009.<\/span><\/p>\n<p>&nbsp;<\/p>\n<p><b>Secret\u00e0ria<\/b><\/p>\n<p><span style=\"font-weight: 400;\">ANNA SOLER OLEA<\/span><\/p>\n<p><span style=\"font-weight: 400;\">Diplomatura en Mestra d&#8217;educaci\u00f3 prim\u00e0ria.<\/span><\/p>\n<p><span style=\"font-weight: 400;\">Membre de l\u2019equip directiu del centre des del 2024-2025.<\/span><\/p>\n<p>&nbsp;<\/p>\n<p>&nbsp;<\/p>\n","protected":false},"excerpt":{"rendered":"<p>&nbsp; Directora ANNA DU\u00d1ACH ESLAVA. Diplomatura en Mestra d\u2019educaci\u00f3 prim\u00e0ria. Membre de l\u2019equip directiu del centre des del 2007-2008. &nbsp; Cap d\u2019estudis BEA MOSQUERA RIVERA. Diplomatura en Mestra llengua anglesa. Membre de l\u2019equip directiu del centre des del 2008-2009. &nbsp; Secret\u00e0ria ANNA SOLER OLEA Diplomatura en Mestra d&#8217;educaci\u00f3 prim\u00e0ria. Membre de l\u2019equip directiu del centre [&hellip;]<\/p>\n","protected":false},"author":4,"featured_media":0,"parent":1215,"menu_order":3,"comment_status":"closed","ping_status":"closed","template":"page-templates\/side-menu.php","meta":{"_bbp_topic_count":0,"_bbp_reply_count":0,"_bbp_total_topic_count":0,"_bbp_total_reply_count":0,"_bbp_voice_count":0,"_bbp_anonymous_reply_count":0,"_bbp_topic_count_hidden":0,"_bbp_reply_count_hidden":0,"_bbp_forum_subforum_count":0,"site-sidebar-layout":"default","site-content-layout":"","ast-site-content-layout":"","site-content-style":"default","site-sidebar-style":"default","ast-global-header-display":"","ast-banner-title-visibility":"","ast-main-header-display":"","ast-hfb-above-header-display":"","ast-hfb-below-header-display":"","ast-hfb-mobile-header-display":"","site-post-title":"","ast-breadcrumbs-content":"","ast-featured-img":"","footer-sml-layout":"","theme-transparent-header-meta":"","adv-header-id-meta":"","stick-header-meta":"","header-above-stick-meta":"","header-main-stick-meta":"","header-below-stick-meta":"","astra-migrate-meta-layouts":"default","ast-page-background-enabled":"default","ast-page-background-meta":{"desktop":{"background-color":"var(--ast-global-color-4)","background-image":"","background-repeat":"repeat","background-position":"center center","background-size":"auto","background-attachment":"scroll","background-type":"","background-media":"","overlay-type":"","overlay-color":"","overlay-opacity":"","overlay-gradient":""},"tablet":{"background-color":"","background-image":"","background-repeat":"repeat","background-position":"center center","background-size":"auto","background-attachment":"scroll","background-type":"","background-media":"","overlay-type":"","overlay-color":"","overlay-opacity":"","overlay-gradient":""},"mobile":{"background-color":"","background-image":"","background-repeat":"repeat","background-position":"center center","background-size":"auto","background-attachment":"scroll","background-type":"","background-media":"","overlay-type":"","overlay-color":"","overlay-opacity":"","overlay-gradient":""}},"ast-content-background-meta":{"desktop":{"background-color":"var(--ast-global-color-5)","background-image":"","background-repeat":"repeat","background-position":"center center","background-size":"auto","background-attachment":"scroll","background-type":"","background-media":"","overlay-type":"","overlay-color":"","overlay-opacity":"","overlay-gradient":""},"tablet":{"background-color":"var(--ast-global-color-5)","background-image":"","background-repeat":"repeat","background-position":"center center","background-size":"auto","background-attachment":"scroll","background-type":"","background-media":"","overlay-type":"","overlay-color":"","overlay-opacity":"","overlay-gradient":""},"mobile":{"background-color":"var(--ast-global-color-5)","background-image":"","background-repeat":"repeat","background-position":"center center","background-size":"auto","background-attachment":"scroll","background-type":"","background-media":"","overlay-type":"","overlay-color":"","overlay-opacity":"","overlay-gradient":""}},"footnotes":""},"class_list":["post-1296","page","type-page","status-publish","hentry"],"post_mailing_queue_ids":[],"_links":{"self":[{"href":"https:\/\/agora.xtec.cat\/ceipjoanabello-mollet\/wp-json\/wp\/v2\/pages\/1296","targetHints":{"allow":["GET"]}}],"collection":[{"href":"https:\/\/agora.xtec.cat\/ceipjoanabello-mollet\/wp-json\/wp\/v2\/pages"}],"about":[{"href":"https:\/\/agora.xtec.cat\/ceipjoanabello-mollet\/wp-json\/wp\/v2\/types\/page"}],"author":[{"embeddable":true,"href":"https:\/\/agora.xtec.cat\/ceipjoanabello-mollet\/wp-json\/wp\/v2\/users\/4"}],"replies":[{"embeddable":true,"href":"https:\/\/agora.xtec.cat\/ceipjoanabello-mollet\/wp-json\/wp\/v2\/comments?post=1296"}],"version-history":[{"count":4,"href":"https:\/\/agora.xtec.cat\/ceipjoanabello-mollet\/wp-json\/wp\/v2\/pages\/1296\/revisions"}],"predecessor-version":[{"id":4639,"href":"https:\/\/agora.xtec.cat\/ceipjoanabello-mollet\/wp-json\/wp\/v2\/pages\/1296\/revisions\/4639"}],"up":[{"embeddable":true,"href":"https:\/\/agora.xtec.cat\/ceipjoanabello-mollet\/wp-json\/wp\/v2\/pages\/1215"}],"wp:attachment":[{"href":"https:\/\/agora.xtec.cat\/ceipjoanabello-mollet\/wp-json\/wp\/v2\/media?parent=1296"}],"curies":[{"name":"wp","href":"https:\/\/api.w.org\/{rel}","templated":true}]}}