{"id":1290,"date":"2019-11-19T11:08:40","date_gmt":"2019-11-19T10:08:40","guid":{"rendered":"http:\/\/agora.xtec.cat\/ceipjoanabello-mollet\/?page_id=1290"},"modified":"2025-07-09T14:16:24","modified_gmt":"2025-07-09T12:16:24","slug":"projecte-linguistic-de-centre","status":"publish","type":"page","link":"https:\/\/agora.xtec.cat\/ceipjoanabello-mollet\/lescola\/projecte-linguistic-de-centre\/","title":{"rendered":"Documentaci\u00f3 de centre"},"content":{"rendered":"<p>Clica sobre el document que vulguis consultar.<\/p>\n<h5>\u00a0<\/h5>\n<h5><span style=\"text-decoration: underline;\">DOCUMENTACI\u00d3 GENERAL<\/span><\/h5>\n<ul>\n<li><a href=\"https:\/\/drive.google.com\/file\/d\/1t0M1qgLo7NpANyWmIkpiepL7qFUZCTPD\/view?usp=sharing\" target=\"_blank\" rel=\"noopener\">Projecte educatiu de centre<\/a><\/li>\n<li><a href=\"https:\/\/drive.google.com\/file\/d\/1eNiL0RQfknf3bJlUUf_10Hvdr0jVZJzf\/view?usp=share_link\" target=\"_blank\" rel=\"noopener noreferrer\">Projecte Ling\u00fc\u00edstic de Centre<\/a><\/li>\n<li><a href=\"https:\/\/agora.xtec.cat\/ceipjoanabello-mollet\/wp-content\/uploads\/usu1842\/2021\/10\/Pla-Tac-de-Centre-V.1.pdf\">Pla-Tac-de-Centre-V.1<\/a><\/li>\n<li><a href=\"https:\/\/agora.xtec.cat\/ceipjoanabello-mollet\/wp-content\/uploads\/usu1842\/2021\/10\/PLEC.pdf\">Pla Lector de centre- PLEC<\/a><\/li>\n<li><a href=\"https:\/\/agora.xtec.cat\/ceipjoanabello-mollet\/wp-content\/uploads\/usu1842\/2021\/10\/PAD-19-20.pdf\">Pla d&#8217;atenci\u00f3 a la diversitat PAD<\/a><\/li>\n<li><a href=\"https:\/\/drive.google.com\/file\/d\/1sGu1vOrjRL032wyQ2iSXxi5YcGZRnNjg\/view?usp=drive_link\" target=\"_blank\" rel=\"noopener\">Pla de treball de centre formador<\/a><\/li>\n<li><a href=\"https:\/\/drive.google.com\/file\/d\/1g41J2gWkcJbQbATin2alu75Z2tTkCePg\/view?usp=share_link\" target=\"_blank\" rel=\"noopener\">Projecte de conviv\u00e8ncia<\/a><\/li>\n<\/ul>\n<h5>\u00a0<\/h5>\n<h5><span style=\"text-decoration: underline;\">GESTI\u00d3 ECON\u00d2MICA<\/span><\/h5>\n<ul>\n<li><a href=\"https:\/\/drive.google.com\/file\/d\/1QkAP-0N0o7HQ8Y1HtdV7_jbmtzxeBUBF\/view?usp=sharing\">Pressupost 2025<\/a><\/li>\n<li><a href=\"https:\/\/drive.google.com\/file\/d\/1iuosXt2yomB8UW5zb7eX31LXKQAuyai0\/view?usp=drive_link\">Liquidaci\u00f3 2025<\/a><\/li>\n<\/ul>\n<p>\u00a0<\/p>\n<p>\u00a0<\/p>\n\n","protected":false},"excerpt":{"rendered":"<p>Clica sobre el document que vulguis consultar. \u00a0 DOCUMENTACI\u00d3 GENERAL Projecte educatiu de centre Projecte Ling\u00fc\u00edstic de Centre Pla-Tac-de-Centre-V.1 Pla Lector de centre- PLEC Pla d&#8217;atenci\u00f3 a la diversitat PAD Pla de treball de centre formador Projecte de conviv\u00e8ncia \u00a0 GESTI\u00d3 ECON\u00d2MICA Pressupost 2025 Liquidaci\u00f3 2025 \u00a0 \u00a0<\/p>\n","protected":false},"author":4,"featured_media":0,"parent":22,"menu_order":71,"comment_status":"closed","ping_status":"closed","template":"","meta":{"_bbp_topic_count":0,"_bbp_reply_count":0,"_bbp_total_topic_count":0,"_bbp_total_reply_count":0,"_bbp_voice_count":0,"_bbp_anonymous_reply_count":0,"_bbp_topic_count_hidden":0,"_bbp_reply_count_hidden":0,"_bbp_forum_subforum_count":0,"site-sidebar-layout":"default","site-content-layout":"","ast-site-content-layout":"default","site-content-style":"default","site-sidebar-style":"default","ast-global-header-display":"","ast-banner-title-visibility":"","ast-main-header-display":"","ast-hfb-above-header-display":"","ast-hfb-below-header-display":"","ast-hfb-mobile-header-display":"","site-post-title":"","ast-breadcrumbs-content":"","ast-featured-img":"","footer-sml-layout":"","theme-transparent-header-meta":"","adv-header-id-meta":"","stick-header-meta":"","header-above-stick-meta":"","header-main-stick-meta":"","header-below-stick-meta":"","astra-migrate-meta-layouts":"set","ast-page-background-enabled":"default","ast-page-background-meta":{"desktop":{"background-color":"var(--ast-global-color-4)","background-image":"","background-repeat":"repeat","background-position":"center center","background-size":"auto","background-attachment":"scroll","background-type":"","background-media":"","overlay-type":"","overlay-color":"","overlay-opacity":"","overlay-gradient":""},"tablet":{"background-color":"","background-image":"","background-repeat":"repeat","background-position":"center center","background-size":"auto","background-attachment":"scroll","background-type":"","background-media":"","overlay-type":"","overlay-color":"","overlay-opacity":"","overlay-gradient":""},"mobile":{"background-color":"","background-image":"","background-repeat":"repeat","background-position":"center center","background-size":"auto","background-attachment":"scroll","background-type":"","background-media":"","overlay-type":"","overlay-color":"","overlay-opacity":"","overlay-gradient":""}},"ast-content-background-meta":{"desktop":{"background-color":"var(--ast-global-color-5)","background-image":"","background-repeat":"repeat","background-position":"center center","background-size":"auto","background-attachment":"scroll","background-type":"","background-media":"","overlay-type":"","overlay-color":"","overlay-opacity":"","overlay-gradient":""},"tablet":{"background-color":"var(--ast-global-color-5)","background-image":"","background-repeat":"repeat","background-position":"center center","background-size":"auto","background-attachment":"scroll","background-type":"","background-media":"","overlay-type":"","overlay-color":"","overlay-opacity":"","overlay-gradient":""},"mobile":{"background-color":"var(--ast-global-color-5)","background-image":"","background-repeat":"repeat","background-position":"center center","background-size":"auto","background-attachment":"scroll","background-type":"","background-media":"","overlay-type":"","overlay-color":"","overlay-opacity":"","overlay-gradient":""}},"footnotes":""},"class_list":["post-1290","page","type-page","status-publish","hentry"],"post_mailing_queue_ids":[],"_links":{"self":[{"href":"https:\/\/agora.xtec.cat\/ceipjoanabello-mollet\/wp-json\/wp\/v2\/pages\/1290","targetHints":{"allow":["GET"]}}],"collection":[{"href":"https:\/\/agora.xtec.cat\/ceipjoanabello-mollet\/wp-json\/wp\/v2\/pages"}],"about":[{"href":"https:\/\/agora.xtec.cat\/ceipjoanabello-mollet\/wp-json\/wp\/v2\/types\/page"}],"author":[{"embeddable":true,"href":"https:\/\/agora.xtec.cat\/ceipjoanabello-mollet\/wp-json\/wp\/v2\/users\/4"}],"replies":[{"embeddable":true,"href":"https:\/\/agora.xtec.cat\/ceipjoanabello-mollet\/wp-json\/wp\/v2\/comments?post=1290"}],"version-history":[{"count":6,"href":"https:\/\/agora.xtec.cat\/ceipjoanabello-mollet\/wp-json\/wp\/v2\/pages\/1290\/revisions"}],"predecessor-version":[{"id":5347,"href":"https:\/\/agora.xtec.cat\/ceipjoanabello-mollet\/wp-json\/wp\/v2\/pages\/1290\/revisions\/5347"}],"up":[{"embeddable":true,"href":"https:\/\/agora.xtec.cat\/ceipjoanabello-mollet\/wp-json\/wp\/v2\/pages\/22"}],"wp:attachment":[{"href":"https:\/\/agora.xtec.cat\/ceipjoanabello-mollet\/wp-json\/wp\/v2\/media?parent=1290"}],"curies":[{"name":"wp","href":"https:\/\/api.w.org\/{rel}","templated":true}]}}