{"id":886,"date":"2019-10-10T09:37:01","date_gmt":"2019-10-10T07:37:01","guid":{"rendered":"https:\/\/agora.xtec.cat\/ceipjmperamas\/?page_id=886"},"modified":"2025-12-17T16:06:56","modified_gmt":"2025-12-17T15:06:56","slug":"pressupost-anual","status":"publish","type":"page","link":"https:\/\/agora.xtec.cat\/ceipjmperamas\/escola-j-m-peramas\/pressupost-anual\/","title":{"rendered":"Liquidaci\u00f3 i Pressupost Anual &#8217;22-&#8217;23"},"content":{"rendered":"<p>Al seg\u00fcent <strong>enlla\u00e7<\/strong> podreu trobar <strong>la liquidaci\u00f3 del pressupost de l&#8217;any 2022<\/strong><\/p>\n<p>Feu clic <a href=\"https:\/\/drive.google.com\/file\/d\/1V8FH7ly8QmERbopncl6xzoUaNNXtPzfj\/view?usp=drive_link\">aqu\u00ed<\/a> per veure-la.<\/p>\n<p>Al seg\u00fcent<strong> enlla\u00e7<\/strong> podeu trobar el <strong>document<\/strong> on queda recollit el<strong> pressupost per l&#8217;any 2023.<\/strong><\/p>\n<p>Feu clic <a href=\"https:\/\/drive.google.com\/file\/d\/1-4EI6nugRbR_QNZr15S_GeSySohq0Xw6\/view?usp=drive_link\">aqu\u00ed<\/a>.<\/p>\n","protected":false},"excerpt":{"rendered":"<p>Al seg\u00fcent enlla\u00e7 podreu trobar la liquidaci\u00f3 del pressupost de l&#8217;any 2022 Feu clic aqu\u00ed per veure-la. Al seg\u00fcent enlla\u00e7 podeu trobar el document on queda recollit el pressupost per l&#8217;any 2023. Feu clic aqu\u00ed.<\/p>\n","protected":false},"author":1,"featured_media":0,"parent":535,"menu_order":70,"comment_status":"closed","ping_status":"closed","template":"","meta":{"_bbp_topic_count":0,"_bbp_reply_count":0,"_bbp_total_topic_count":0,"_bbp_total_reply_count":0,"_bbp_voice_count":0,"_bbp_anonymous_reply_count":0,"_bbp_topic_count_hidden":0,"_bbp_reply_count_hidden":0,"_bbp_forum_subforum_count":0,"site-sidebar-layout":"default","site-content-layout":"","ast-site-content-layout":"default","site-content-style":"default","site-sidebar-style":"default","ast-global-header-display":"","ast-banner-title-visibility":"","ast-main-header-display":"","ast-hfb-above-header-display":"","ast-hfb-below-header-display":"","ast-hfb-mobile-header-display":"","site-post-title":"","ast-breadcrumbs-content":"","ast-featured-img":"","footer-sml-layout":"","theme-transparent-header-meta":"","adv-header-id-meta":"","stick-header-meta":"","header-above-stick-meta":"","header-main-stick-meta":"","header-below-stick-meta":"","astra-migrate-meta-layouts":"set","ast-page-background-enabled":"default","ast-page-background-meta":{"desktop":{"background-color":"var(--ast-global-color-4)","background-image":"","background-repeat":"repeat","background-position":"center center","background-size":"auto","background-attachment":"scroll","background-type":"","background-media":"","overlay-type":"","overlay-color":"","overlay-opacity":"","overlay-gradient":""},"tablet":{"background-color":"","background-image":"","background-repeat":"repeat","background-position":"center center","background-size":"auto","background-attachment":"scroll","background-type":"","background-media":"","overlay-type":"","overlay-color":"","overlay-opacity":"","overlay-gradient":""},"mobile":{"background-color":"","background-image":"","background-repeat":"repeat","background-position":"center center","background-size":"auto","background-attachment":"scroll","background-type":"","background-media":"","overlay-type":"","overlay-color":"","overlay-opacity":"","overlay-gradient":""}},"ast-content-background-meta":{"desktop":{"background-color":"var(--ast-global-color-5)","background-image":"","background-repeat":"repeat","background-position":"center center","background-size":"auto","background-attachment":"scroll","background-type":"","background-media":"","overlay-type":"","overlay-color":"","overlay-opacity":"","overlay-gradient":""},"tablet":{"background-color":"var(--ast-global-color-5)","background-image":"","background-repeat":"repeat","background-position":"center center","background-size":"auto","background-attachment":"scroll","background-type":"","background-media":"","overlay-type":"","overlay-color":"","overlay-opacity":"","overlay-gradient":""},"mobile":{"background-color":"var(--ast-global-color-5)","background-image":"","background-repeat":"repeat","background-position":"center center","background-size":"auto","background-attachment":"scroll","background-type":"","background-media":"","overlay-type":"","overlay-color":"","overlay-opacity":"","overlay-gradient":""}},"footnotes":""},"class_list":["post-886","page","type-page","status-publish","hentry"],"post_mailing_queue_ids":[],"_links":{"self":[{"href":"https:\/\/agora.xtec.cat\/ceipjmperamas\/wp-json\/wp\/v2\/pages\/886","targetHints":{"allow":["GET"]}}],"collection":[{"href":"https:\/\/agora.xtec.cat\/ceipjmperamas\/wp-json\/wp\/v2\/pages"}],"about":[{"href":"https:\/\/agora.xtec.cat\/ceipjmperamas\/wp-json\/wp\/v2\/types\/page"}],"author":[{"embeddable":true,"href":"https:\/\/agora.xtec.cat\/ceipjmperamas\/wp-json\/wp\/v2\/users\/1"}],"replies":[{"embeddable":true,"href":"https:\/\/agora.xtec.cat\/ceipjmperamas\/wp-json\/wp\/v2\/comments?post=886"}],"version-history":[{"count":6,"href":"https:\/\/agora.xtec.cat\/ceipjmperamas\/wp-json\/wp\/v2\/pages\/886\/revisions"}],"predecessor-version":[{"id":4853,"href":"https:\/\/agora.xtec.cat\/ceipjmperamas\/wp-json\/wp\/v2\/pages\/886\/revisions\/4853"}],"up":[{"embeddable":true,"href":"https:\/\/agora.xtec.cat\/ceipjmperamas\/wp-json\/wp\/v2\/pages\/535"}],"wp:attachment":[{"href":"https:\/\/agora.xtec.cat\/ceipjmperamas\/wp-json\/wp\/v2\/media?parent=886"}],"curies":[{"name":"wp","href":"https:\/\/api.w.org\/{rel}","templated":true}]}}