{"id":578,"date":"2019-02-13T11:56:07","date_gmt":"2019-02-13T10:56:07","guid":{"rendered":"https:\/\/agora.xtec.cat\/ceipjmperamas\/?page_id=578"},"modified":"2025-12-17T15:47:38","modified_gmt":"2025-12-17T14:47:38","slug":"programacio-general-anual-de-centre","status":"publish","type":"page","link":"https:\/\/agora.xtec.cat\/ceipjmperamas\/escola-j-m-peramas\/programacio-general-anual-de-centre\/","title":{"rendered":"Programaci\u00f3 General Anual de Centre"},"content":{"rendered":"<p>La<strong> Programaci\u00f3 General Anual\u00a0 (PGA)<\/strong> \u00e9s el document que concreta, a partir del\u00a0<a href=\"https:\/\/agora.xtec.cat\/ceipjmperamas\/escola-j-m-peramas\/projecte-educatiu\/\" target=\"_blank\" rel=\"noopener noreferrer\">Projecte Educatiu de Centre<\/a>, les actuacions concretes per a cada curs, basant-se en les tres l\u00ednies de millora del centre:<\/p>\n<ul>\n<li>Millora dels resultats educatius<\/li>\n<li>Millora de la cohesi\u00f3 social<\/li>\n<li>Millora de la gesti\u00f3 i organizaci\u00f3 del centre<\/li>\n<\/ul>\n<p>Cadascun dels <strong>objectius<\/strong> estan <strong>definits<\/strong> amb<strong> les actuacions, desenvolupament i indicadors d\u2019avaluaci\u00f3.<\/strong><\/p>\n<p>La <strong>PGA<\/strong> \u00e9s<strong> valorada al final de cada curs<\/strong>\u00a0 pels diferents<strong> agents de l\u2019escola,<\/strong> creant la <strong>Mem\u00f2ria del curs,<\/strong> on es <strong>recullen les actuacions fetes i pendents<\/strong>, a partir dels indicadors d\u2019avaluaci\u00f3 previstos a principi de curs.<\/p>\n<p><a href=\"https:\/\/agora.xtec.cat\/ceipjmperamas\/wp-content\/uploads\/usu1989\/2019\/02\/PGA_eSC.J.M.Peram\u00e0s_18-19_web.docx\">PGA. Curs 18-19<\/a><\/p>\n<p><a href=\"https:\/\/agora.xtec.cat\/ceipjmperamas\/pga_19_20_web\/\">PGA. Curs 19-20<\/a><\/p>\n","protected":false},"excerpt":{"rendered":"<p>La Programaci\u00f3 General Anual\u00a0 (PGA) \u00e9s el document que concreta, a partir del\u00a0Projecte Educatiu de Centre, les actuacions concretes per a cada curs, basant-se en les tres l\u00ednies de millora del centre: Millora dels resultats educatius Millora de la cohesi\u00f3 social Millora de la gesti\u00f3 i organizaci\u00f3 del centre Cadascun dels objectius estan definits amb [&hellip;]<\/p>\n","protected":false},"author":1,"featured_media":0,"parent":535,"menu_order":20,"comment_status":"closed","ping_status":"closed","template":"","meta":{"_bbp_topic_count":0,"_bbp_reply_count":0,"_bbp_total_topic_count":0,"_bbp_total_reply_count":0,"_bbp_voice_count":0,"_bbp_anonymous_reply_count":0,"_bbp_topic_count_hidden":0,"_bbp_reply_count_hidden":0,"_bbp_forum_subforum_count":0,"site-sidebar-layout":"default","site-content-layout":"","ast-site-content-layout":"default","site-content-style":"default","site-sidebar-style":"default","ast-global-header-display":"","ast-banner-title-visibility":"","ast-main-header-display":"","ast-hfb-above-header-display":"","ast-hfb-below-header-display":"","ast-hfb-mobile-header-display":"","site-post-title":"","ast-breadcrumbs-content":"","ast-featured-img":"","footer-sml-layout":"","theme-transparent-header-meta":"","adv-header-id-meta":"","stick-header-meta":"","header-above-stick-meta":"","header-main-stick-meta":"","header-below-stick-meta":"","astra-migrate-meta-layouts":"set","ast-page-background-enabled":"default","ast-page-background-meta":{"desktop":{"background-color":"var(--ast-global-color-4)","background-image":"","background-repeat":"repeat","background-position":"center center","background-size":"auto","background-attachment":"scroll","background-type":"","background-media":"","overlay-type":"","overlay-color":"","overlay-opacity":"","overlay-gradient":""},"tablet":{"background-color":"","background-image":"","background-repeat":"repeat","background-position":"center center","background-size":"auto","background-attachment":"scroll","background-type":"","background-media":"","overlay-type":"","overlay-color":"","overlay-opacity":"","overlay-gradient":""},"mobile":{"background-color":"","background-image":"","background-repeat":"repeat","background-position":"center center","background-size":"auto","background-attachment":"scroll","background-type":"","background-media":"","overlay-type":"","overlay-color":"","overlay-opacity":"","overlay-gradient":""}},"ast-content-background-meta":{"desktop":{"background-color":"var(--ast-global-color-5)","background-image":"","background-repeat":"repeat","background-position":"center center","background-size":"auto","background-attachment":"scroll","background-type":"","background-media":"","overlay-type":"","overlay-color":"","overlay-opacity":"","overlay-gradient":""},"tablet":{"background-color":"var(--ast-global-color-5)","background-image":"","background-repeat":"repeat","background-position":"center center","background-size":"auto","background-attachment":"scroll","background-type":"","background-media":"","overlay-type":"","overlay-color":"","overlay-opacity":"","overlay-gradient":""},"mobile":{"background-color":"var(--ast-global-color-5)","background-image":"","background-repeat":"repeat","background-position":"center center","background-size":"auto","background-attachment":"scroll","background-type":"","background-media":"","overlay-type":"","overlay-color":"","overlay-opacity":"","overlay-gradient":""}},"footnotes":""},"class_list":["post-578","page","type-page","status-publish","hentry"],"post_mailing_queue_ids":[],"_links":{"self":[{"href":"https:\/\/agora.xtec.cat\/ceipjmperamas\/wp-json\/wp\/v2\/pages\/578","targetHints":{"allow":["GET"]}}],"collection":[{"href":"https:\/\/agora.xtec.cat\/ceipjmperamas\/wp-json\/wp\/v2\/pages"}],"about":[{"href":"https:\/\/agora.xtec.cat\/ceipjmperamas\/wp-json\/wp\/v2\/types\/page"}],"author":[{"embeddable":true,"href":"https:\/\/agora.xtec.cat\/ceipjmperamas\/wp-json\/wp\/v2\/users\/1"}],"replies":[{"embeddable":true,"href":"https:\/\/agora.xtec.cat\/ceipjmperamas\/wp-json\/wp\/v2\/comments?post=578"}],"version-history":[{"count":4,"href":"https:\/\/agora.xtec.cat\/ceipjmperamas\/wp-json\/wp\/v2\/pages\/578\/revisions"}],"predecessor-version":[{"id":4850,"href":"https:\/\/agora.xtec.cat\/ceipjmperamas\/wp-json\/wp\/v2\/pages\/578\/revisions\/4850"}],"up":[{"embeddable":true,"href":"https:\/\/agora.xtec.cat\/ceipjmperamas\/wp-json\/wp\/v2\/pages\/535"}],"wp:attachment":[{"href":"https:\/\/agora.xtec.cat\/ceipjmperamas\/wp-json\/wp\/v2\/media?parent=578"}],"curies":[{"name":"wp","href":"https:\/\/api.w.org\/{rel}","templated":true}]}}