{"id":555,"date":"2019-02-13T11:13:51","date_gmt":"2019-02-13T10:13:51","guid":{"rendered":"https:\/\/agora.xtec.cat\/ceipjmperamas\/?page_id=555"},"modified":"2025-12-16T17:43:30","modified_gmt":"2025-12-16T16:43:30","slug":"pla-catala-de-lesport-escolar-pcee","status":"publish","type":"page","link":"https:\/\/agora.xtec.cat\/ceipjmperamas\/projectes\/pla-catala-de-lesport-escolar-pcee\/","title":{"rendered":"Pla Catal\u00e0 de l&#8217;Esport Escolar (PCEE)"},"content":{"rendered":"<p>Des del curs 2009 &#8211; 2010 l&#8217;escola participa al Pla Catal\u00e0 de l&#8217;Esport Escolar de la Secretaria General de l&#8217;Esport de la Generalitat de Catalunya. <strong>Aquest programa pret\u00e9n fer accessible l&#8217;esport a totes les nenes i els nens de l&#8217;escola<\/strong> i <strong>promocionar l&#8217;esport<\/strong> <strong>i l\u2019activitat f\u00edsica<\/strong> en el temps de lleure <strong>com a alternativa al sedentarisme<\/strong> i als h\u00e0bits poc saludables cada cop m\u00e9s estesos. A m\u00e9s <strong>pret\u00e9n promocionar la participaci\u00f3 de les nenes en l&#8217;esport <\/strong>ja que,<strong> estad\u00edsticament, abandonen aquest h\u00e0bit en major grau i abans que els nens.<\/strong><\/p>\n<p>Actualment, a m\u00e9s de<strong> l&#8217;oferta d&#8217;activitats extraescolars<\/strong> esportives de l&#8217;escola, hi ha un<strong> grup d&#8217;handbol on aprenen aquest esport i fomentem la inclusi\u00f3 i el treball en equip.<\/strong> L&#8217;escola tamb\u00e9<strong> participa de les trobades poliesportives de 2n i 4t i la trobada de v\u00f2lei de 6\u00e8<\/strong>, a m\u00e9s de participar en<strong> altres activitats com la trobada d&#8217;hoquei de 5\u00e8<\/strong> i el dia de <strong>l&#8217;activitat f\u00edsica al carrer amb els alumnes de 3<\/strong>r. <strong>Totes<\/strong> aquestes activitats<strong> s&#8217;organitzen des del grup de treball del Pla Catal\u00e0 de l&#8217;Esport Escolar (P.C.E.E.) de la ciutat.<\/strong><\/p>\n<p style=\"text-align: center;\">Si cliqueu a l&#8217;enlla\u00e7, podreu llegir el <a href=\"https:\/\/agora.xtec.cat\/ceipjmperamas\/wp-content\/uploads\/usu1989\/2025\/06\/PROJECTE-ESPORTIU-2012.docx.pdf\">PROJECTE ESPORTIU<\/a><\/p>\n","protected":false},"excerpt":{"rendered":"<p>Des del curs 2009 &#8211; 2010 l&#8217;escola participa al Pla Catal\u00e0 de l&#8217;Esport Escolar de la Secretaria General de l&#8217;Esport de la Generalitat de Catalunya. Aquest programa pret\u00e9n fer accessible l&#8217;esport a totes les nenes i els nens de l&#8217;escola i promocionar l&#8217;esport i l\u2019activitat f\u00edsica en el temps de lleure com a alternativa al [&hellip;]<\/p>\n","protected":false},"author":1,"featured_media":0,"parent":522,"menu_order":30,"comment_status":"closed","ping_status":"closed","template":"","meta":{"_bbp_topic_count":0,"_bbp_reply_count":0,"_bbp_total_topic_count":0,"_bbp_total_reply_count":0,"_bbp_voice_count":0,"_bbp_anonymous_reply_count":0,"_bbp_topic_count_hidden":0,"_bbp_reply_count_hidden":0,"_bbp_forum_subforum_count":0,"site-sidebar-layout":"default","site-content-layout":"","ast-site-content-layout":"default","site-content-style":"default","site-sidebar-style":"default","ast-global-header-display":"","ast-banner-title-visibility":"","ast-main-header-display":"","ast-hfb-above-header-display":"","ast-hfb-below-header-display":"","ast-hfb-mobile-header-display":"","site-post-title":"","ast-breadcrumbs-content":"","ast-featured-img":"","footer-sml-layout":"","theme-transparent-header-meta":"","adv-header-id-meta":"","stick-header-meta":"","header-above-stick-meta":"","header-main-stick-meta":"","header-below-stick-meta":"","astra-migrate-meta-layouts":"set","ast-page-background-enabled":"default","ast-page-background-meta":{"desktop":{"background-color":"var(--ast-global-color-4)","background-image":"","background-repeat":"repeat","background-position":"center center","background-size":"auto","background-attachment":"scroll","background-type":"","background-media":"","overlay-type":"","overlay-color":"","overlay-opacity":"","overlay-gradient":""},"tablet":{"background-color":"","background-image":"","background-repeat":"repeat","background-position":"center center","background-size":"auto","background-attachment":"scroll","background-type":"","background-media":"","overlay-type":"","overlay-color":"","overlay-opacity":"","overlay-gradient":""},"mobile":{"background-color":"","background-image":"","background-repeat":"repeat","background-position":"center center","background-size":"auto","background-attachment":"scroll","background-type":"","background-media":"","overlay-type":"","overlay-color":"","overlay-opacity":"","overlay-gradient":""}},"ast-content-background-meta":{"desktop":{"background-color":"var(--ast-global-color-5)","background-image":"","background-repeat":"repeat","background-position":"center center","background-size":"auto","background-attachment":"scroll","background-type":"","background-media":"","overlay-type":"","overlay-color":"","overlay-opacity":"","overlay-gradient":""},"tablet":{"background-color":"var(--ast-global-color-5)","background-image":"","background-repeat":"repeat","background-position":"center center","background-size":"auto","background-attachment":"scroll","background-type":"","background-media":"","overlay-type":"","overlay-color":"","overlay-opacity":"","overlay-gradient":""},"mobile":{"background-color":"var(--ast-global-color-5)","background-image":"","background-repeat":"repeat","background-position":"center center","background-size":"auto","background-attachment":"scroll","background-type":"","background-media":"","overlay-type":"","overlay-color":"","overlay-opacity":"","overlay-gradient":""}},"footnotes":""},"class_list":["post-555","page","type-page","status-publish","hentry"],"post_mailing_queue_ids":[],"_links":{"self":[{"href":"https:\/\/agora.xtec.cat\/ceipjmperamas\/wp-json\/wp\/v2\/pages\/555","targetHints":{"allow":["GET"]}}],"collection":[{"href":"https:\/\/agora.xtec.cat\/ceipjmperamas\/wp-json\/wp\/v2\/pages"}],"about":[{"href":"https:\/\/agora.xtec.cat\/ceipjmperamas\/wp-json\/wp\/v2\/types\/page"}],"author":[{"embeddable":true,"href":"https:\/\/agora.xtec.cat\/ceipjmperamas\/wp-json\/wp\/v2\/users\/1"}],"replies":[{"embeddable":true,"href":"https:\/\/agora.xtec.cat\/ceipjmperamas\/wp-json\/wp\/v2\/comments?post=555"}],"version-history":[{"count":4,"href":"https:\/\/agora.xtec.cat\/ceipjmperamas\/wp-json\/wp\/v2\/pages\/555\/revisions"}],"predecessor-version":[{"id":4842,"href":"https:\/\/agora.xtec.cat\/ceipjmperamas\/wp-json\/wp\/v2\/pages\/555\/revisions\/4842"}],"up":[{"embeddable":true,"href":"https:\/\/agora.xtec.cat\/ceipjmperamas\/wp-json\/wp\/v2\/pages\/522"}],"wp:attachment":[{"href":"https:\/\/agora.xtec.cat\/ceipjmperamas\/wp-json\/wp\/v2\/media?parent=555"}],"curies":[{"name":"wp","href":"https:\/\/api.w.org\/{rel}","templated":true}]}}