{"id":526,"date":"2019-02-13T10:52:45","date_gmt":"2019-02-13T09:52:45","guid":{"rendered":"https:\/\/agora.xtec.cat\/ceipjmperamas\/?page_id=526"},"modified":"2026-01-24T11:53:27","modified_gmt":"2026-01-24T10:53:27","slug":"programa-magnet","status":"publish","type":"page","link":"https:\/\/agora.xtec.cat\/ceipjmperamas\/projectes\/programa-magnet\/","title":{"rendered":"Programa Magnet"},"content":{"rendered":"<p><strong>PROJECTE MAGNET<\/strong><\/p>\n<p style=\"text-align: justify;\">MAGNET\u00a0es un programa impulsat per la <a href=\"https:\/\/www.fbofill.cat\/\" target=\"_blank\" rel=\"noopener\">Fundaci\u00f3 Jaume Bofill<\/a> en col\u2219laboraci\u00f3 amb el\u00a0<a href=\"http:\/\/ensenyament.gencat.cat\/ca\/inici\/\" target=\"_blank\" rel=\"noopener\">Departament d&#8217;Ensenyament<\/a>\u00a0i l&#8217;<a href=\"http:\/\/www.uab.cat\/web\/institut-de-ciencies-de-l-educacio-de-la-uab-1345711355746.html\" target=\"_blank\" rel=\"noopener\">Instittut de Ci\u00e8ncies de l&#8217;Educaci\u00f3 de la UAB\u00a0<\/a>\u00a0i la\u00a0<a href=\"https:\/\/www.diba.cat\/web\/educacio\" target=\"_blank\" rel=\"noopener\">Diputaci\u00f3 de Barcelona<\/a>, que t\u00e9 per objectiu acompanyar els centres educatius en el desenvolupament d&#8217;un projecte educatiu en alian\u00e7a amb una instituci\u00f3. Aquesta alian\u00e7a ha de permetre al centre educatiu desenvolupar un projecte educatiu innovador i de qualitat, un projecte atractiu, que tingui magnetisme i que es converteixi en un projecte de refer\u00e8ncia en el seu territori, tant per les fam\u00edlies com per la comunitat educativa. El programa est\u00e0 inspirat en les Magnet Schools dels Estats Units, que funcionen des dels anys setanta.<br \/>\nLes institucions que hi participen s\u00f3n institucions de refer\u00e8ncia i excel\u2219l\u00e8ncia en un camp de coneixement espec\u00edfic (ci\u00e8ncia, tecnologia, art, comunicaci\u00f3 audiovisual, etc.) que tenen un comprom\u00eds educatiu amb la societat, i una gran capacitat de transferir innovaci\u00f3 i coneixement.<\/p>\n<p style=\"text-align: justify;\">El nostre centre ha estat seleccionat en la convocat\u00f2ria per entrar a formar part del programa en el curs 2018\/19. \u00a0Suposar\u00e0 4 anys de transformaci\u00f3 i canvi en el centre al voltant de 4 eixos principals:<\/p>\n<div style=\"text-align: justify;\">\n<p>\u25cf \u00a0L\u2019alian\u00e7a amb la instituci\u00f3\u00a0<em>partner;\u00a0<\/em>en el nostre cas el <a href=\"http:\/\/www.creaf.cat\/ca\" target=\"_blank\" rel=\"noopener\">CREAF ( Centre De Recerca Ecol\u00f2gica i Aplicacions Forestals )\u00a0<\/a><\/p>\n<p>\u25cf \u00a0La posada en pr\u00e0ctica d\u2019uns principis metodol\u00f2gics que permetin que\u00a0l\u2019alumnat adquireixi les compet\u00e8ncies necess\u00e0ries en el m\u00f3n d\u2019avui.<\/p>\n<p>\u25cf \u00a0Els canvis organitzatius necessaris al servei de l\u2019aprenentatge.<\/p>\n<p>\u25cf \u00a0Les estrat\u00e8gies i eines de comunicaci\u00f3 del projecte de centre.<\/p>\n<\/div>\n<p style=\"text-align: justify;\">Molta feina tenim per endavant per a fer, per\u00f2 amb molta il\u00b7lusi\u00f3 i empenta.<\/p>\n<p style=\"text-align: center;\"><iframe loading=\"lazy\" title=\"YouTube video player\" src=\"\/\/www.youtube.com\/embed\/8ou75wWx1NM?si=TG0o78Zjdfm8Chbh\" width=\"560\" height=\"315\" frameborder=\"0\" allowfullscreen=\"allowfullscreen\"><\/iframe><\/p>\n<table style=\"border-collapse: collapse; width: 100%;\">\n<tbody>\n<tr>\n<td style=\"width: 50%;\"><a href=\"https:\/\/agora.xtec.cat\/ceipjmperamas\/wp-content\/uploads\/usu1989\/2019\/02\/magnet.jpg\" target=\"_blank\" rel=\"noopener\"><img loading=\"lazy\" decoding=\"async\" class=\"aligncenter wp-image-534\" src=\"https:\/\/agora.xtec.cat\/ceipjmperamas\/wp-content\/uploads\/usu1989\/2019\/02\/magnet.jpg\" alt=\"\" width=\"190\" height=\"143\" srcset=\"https:\/\/agora.xtec.cat\/ceipjmperamas\/wp-content\/uploads\/usu1989\/2019\/02\/magnet.jpg 480w, https:\/\/agora.xtec.cat\/ceipjmperamas\/wp-content\/uploads\/usu1989\/2019\/02\/magnet-300x226.jpg 300w, https:\/\/agora.xtec.cat\/ceipjmperamas\/wp-content\/uploads\/usu1989\/2019\/02\/magnet-200x150.jpg 200w\" sizes=\"auto, (max-width: 190px) 100vw, 190px\" \/><\/a><\/td>\n<td style=\"width: 50%;\"><img loading=\"lazy\" decoding=\"async\" class=\"aligncenter\" src=\"https:\/\/gbif.es\/wp-content\/uploads\/2018\/07\/CREAF_logo_A4.png\" alt=\"CREAF - Centro de Investigaci\u00f3n Ecol\u00f3gica y Aplicaciones Forestales\" width=\"287\" height=\"107\" \/><\/td>\n<\/tr>\n<tr>\n<td style=\"width: 50%;\"><a href=\"https:\/\/agora.xtec.cat\/ceipjmperamas\/wp-content\/uploads\/usu1989\/2019\/02\/bofill.jpg\" target=\"_blank\" rel=\"noopener\"><img loading=\"lazy\" decoding=\"async\" class=\"aligncenter wp-image-540\" src=\"https:\/\/agora.xtec.cat\/ceipjmperamas\/wp-content\/uploads\/usu1989\/2019\/02\/bofill.jpg\" alt=\"\" width=\"241\" height=\"138\" srcset=\"https:\/\/agora.xtec.cat\/ceipjmperamas\/wp-content\/uploads\/usu1989\/2019\/02\/bofill.jpg 700w, https:\/\/agora.xtec.cat\/ceipjmperamas\/wp-content\/uploads\/usu1989\/2019\/02\/bofill-300x171.jpg 300w\" sizes=\"auto, (max-width: 241px) 100vw, 241px\" \/><\/a><\/td>\n<td style=\"width: 50%;\"><a href=\"https:\/\/agora.xtec.cat\/ceipjmperamas\/wp-content\/uploads\/usu1989\/2019\/02\/ice.jpg\" target=\"_blank\" rel=\"noopener\"><img loading=\"lazy\" decoding=\"async\" class=\"aligncenter wp-image-542\" src=\"https:\/\/agora.xtec.cat\/ceipjmperamas\/wp-content\/uploads\/usu1989\/2019\/02\/ice.jpg\" alt=\"\" width=\"157\" height=\"157\" srcset=\"https:\/\/agora.xtec.cat\/ceipjmperamas\/wp-content\/uploads\/usu1989\/2019\/02\/ice.jpg 400w, https:\/\/agora.xtec.cat\/ceipjmperamas\/wp-content\/uploads\/usu1989\/2019\/02\/ice-150x150.jpg 150w, https:\/\/agora.xtec.cat\/ceipjmperamas\/wp-content\/uploads\/usu1989\/2019\/02\/ice-300x300.jpg 300w\" sizes=\"auto, (max-width: 157px) 100vw, 157px\" \/><\/a><\/td>\n<\/tr>\n<\/tbody>\n<\/table>\n<p><a href=\"https:\/\/agora.xtec.cat\/ceipjmperamas\/wp-content\/uploads\/usu1989\/2019\/02\/magnet.jpg\">\u00a0<\/a><\/p>\n","protected":false},"excerpt":{"rendered":"<p>PROJECTE MAGNET MAGNET\u00a0es un programa impulsat per la Fundaci\u00f3 Jaume Bofill en col\u2219laboraci\u00f3 amb el\u00a0Departament d&#8217;Ensenyament\u00a0i l&#8217;Instittut de Ci\u00e8ncies de l&#8217;Educaci\u00f3 de la UAB\u00a0\u00a0i la\u00a0Diputaci\u00f3 de Barcelona, que t\u00e9 per objectiu acompanyar els centres educatius en el desenvolupament d&#8217;un projecte educatiu en alian\u00e7a amb una instituci\u00f3. Aquesta alian\u00e7a ha de permetre al centre educatiu desenvolupar [&hellip;]<\/p>\n","protected":false},"author":1,"featured_media":0,"parent":522,"menu_order":10,"comment_status":"closed","ping_status":"closed","template":"","meta":{"_bbp_topic_count":0,"_bbp_reply_count":0,"_bbp_total_topic_count":0,"_bbp_total_reply_count":0,"_bbp_voice_count":0,"_bbp_anonymous_reply_count":0,"_bbp_topic_count_hidden":0,"_bbp_reply_count_hidden":0,"_bbp_forum_subforum_count":0,"site-sidebar-layout":"default","site-content-layout":"","ast-site-content-layout":"default","site-content-style":"default","site-sidebar-style":"default","ast-global-header-display":"","ast-banner-title-visibility":"","ast-main-header-display":"","ast-hfb-above-header-display":"","ast-hfb-below-header-display":"","ast-hfb-mobile-header-display":"","site-post-title":"","ast-breadcrumbs-content":"","ast-featured-img":"","footer-sml-layout":"","theme-transparent-header-meta":"","adv-header-id-meta":"","stick-header-meta":"","header-above-stick-meta":"","header-main-stick-meta":"","header-below-stick-meta":"","astra-migrate-meta-layouts":"set","ast-page-background-enabled":"default","ast-page-background-meta":{"desktop":{"background-color":"var(--ast-global-color-4)","background-image":"","background-repeat":"repeat","background-position":"center center","background-size":"auto","background-attachment":"scroll","background-type":"","background-media":"","overlay-type":"","overlay-color":"","overlay-opacity":"","overlay-gradient":""},"tablet":{"background-color":"","background-image":"","background-repeat":"repeat","background-position":"center center","background-size":"auto","background-attachment":"scroll","background-type":"","background-media":"","overlay-type":"","overlay-color":"","overlay-opacity":"","overlay-gradient":""},"mobile":{"background-color":"","background-image":"","background-repeat":"repeat","background-position":"center center","background-size":"auto","background-attachment":"scroll","background-type":"","background-media":"","overlay-type":"","overlay-color":"","overlay-opacity":"","overlay-gradient":""}},"ast-content-background-meta":{"desktop":{"background-color":"var(--ast-global-color-5)","background-image":"","background-repeat":"repeat","background-position":"center center","background-size":"auto","background-attachment":"scroll","background-type":"","background-media":"","overlay-type":"","overlay-color":"","overlay-opacity":"","overlay-gradient":""},"tablet":{"background-color":"var(--ast-global-color-5)","background-image":"","background-repeat":"repeat","background-position":"center center","background-size":"auto","background-attachment":"scroll","background-type":"","background-media":"","overlay-type":"","overlay-color":"","overlay-opacity":"","overlay-gradient":""},"mobile":{"background-color":"var(--ast-global-color-5)","background-image":"","background-repeat":"repeat","background-position":"center center","background-size":"auto","background-attachment":"scroll","background-type":"","background-media":"","overlay-type":"","overlay-color":"","overlay-opacity":"","overlay-gradient":""}},"footnotes":""},"class_list":["post-526","page","type-page","status-publish","hentry"],"post_mailing_queue_ids":[],"_links":{"self":[{"href":"https:\/\/agora.xtec.cat\/ceipjmperamas\/wp-json\/wp\/v2\/pages\/526","targetHints":{"allow":["GET"]}}],"collection":[{"href":"https:\/\/agora.xtec.cat\/ceipjmperamas\/wp-json\/wp\/v2\/pages"}],"about":[{"href":"https:\/\/agora.xtec.cat\/ceipjmperamas\/wp-json\/wp\/v2\/types\/page"}],"author":[{"embeddable":true,"href":"https:\/\/agora.xtec.cat\/ceipjmperamas\/wp-json\/wp\/v2\/users\/1"}],"replies":[{"embeddable":true,"href":"https:\/\/agora.xtec.cat\/ceipjmperamas\/wp-json\/wp\/v2\/comments?post=526"}],"version-history":[{"count":4,"href":"https:\/\/agora.xtec.cat\/ceipjmperamas\/wp-json\/wp\/v2\/pages\/526\/revisions"}],"predecessor-version":[{"id":5000,"href":"https:\/\/agora.xtec.cat\/ceipjmperamas\/wp-json\/wp\/v2\/pages\/526\/revisions\/5000"}],"up":[{"embeddable":true,"href":"https:\/\/agora.xtec.cat\/ceipjmperamas\/wp-json\/wp\/v2\/pages\/522"}],"wp:attachment":[{"href":"https:\/\/agora.xtec.cat\/ceipjmperamas\/wp-json\/wp\/v2\/media?parent=526"}],"curies":[{"name":"wp","href":"https:\/\/api.w.org\/{rel}","templated":true}]}}