{"id":4108,"date":"2024-06-28T11:29:00","date_gmt":"2024-06-28T09:29:00","guid":{"rendered":"https:\/\/agora.xtec.cat\/ceipjmperamas\/?page_id=4108"},"modified":"2026-02-18T10:56:23","modified_gmt":"2026-02-18T09:56:23","slug":"llibres-2024-25","status":"publish","type":"page","link":"https:\/\/agora.xtec.cat\/ceipjmperamas\/documents\/llibres-2024-25\/","title":{"rendered":"LLIBRES 2025-26"},"content":{"rendered":"<p><strong>LLISTAT LLIBRES 25-26 ESCOLA JOSEP MANUEL PERAM\u00c0S<\/strong><\/p>\n<h4>1R CURS<\/h4>\n<hr \/>\n<ul>\n<li><strong>Llengua anglesa OPEN UP 1 CB Oxford ISBN:<\/strong> 9780194071512<\/li>\n<li><b>Lectoescriptura per a 1r. Ritme 1. TEXT. ISBN: <\/b>978-84-412-3604-2<\/li>\n<\/ul>\n<hr \/>\n<h4>2N CURS<\/h4>\n<hr \/>\n<ul>\n<li><strong>Llengua anglesa OPEN UP 2 CB Oxford ISBN:<\/strong> 9780194071987<\/li>\n<\/ul>\n<hr \/>\n<h4>3r CURS<\/h4>\n<hr \/>\n<ul>\n<li><strong>Llengua anglesa OPEN UP 3, Activity book Oxford ISBN:<\/strong> 9780194072373<\/li>\n<li><strong>Llengua anglesa OPEN UP 3, Activity book Essential Oxford ISBN:<\/strong> 9780194093934<\/li>\n<li><strong>Llegint. Propostes de comprensi\u00f3 lectora. TEXT. ISBN: <\/strong>978-84-412-3599-1<\/li>\n<\/ul>\n<hr \/>\n<h4>4T CURS<\/h4>\n<hr \/>\n<ul>\n<li><strong>Llengua anglesa OPEN UP 4, Activity book Oxford ISBN:<\/strong> 9780194072694<\/li>\n<li><strong>Llengua anglesa OPEN UP 4, Activity book Essential Oxford ISBN:<\/strong> 9780194093705<\/li>\n<li><strong>Llegint. Propostes de comprensi\u00f3 lectora. TEXT.<\/strong> ISBN: 978-84-412-3600-4<\/li>\n<\/ul>\n<hr \/>\n<h4>5\u00c8 CURS<\/h4>\n<hr \/>\n<ul>\n<li><strong>Llengua anglesa OPEN UP 5 Activity book Oxford ISBN:<\/strong> 9780194072977<\/li>\n<li><strong>Llengua anglesa OPEN UP 5, Activity book Essential Oxford ISBN:<\/strong> 9780194093668<\/li>\n<li><strong>Llegint. Propostes de comprensi\u00f3 lectora. TEXT. <\/strong>ISBN: 978-84-412-3600-1<\/li>\n<\/ul>\n<hr \/>\n<h4>6\u00c8 CURS<\/h4>\n<hr \/>\n<ul>\n<li><strong>Llengua anglesa OPEN UP 6 Activity book Oxford ISBN:<\/strong> 9780194073288<\/li>\n<li><strong>Llegint. Propostes de comprensi\u00f3 lectora. TEXT. <\/strong>ISBN: 978-84-412-3602-8<\/li>\n<\/ul>\n<p><strong><span style=\"text-decoration: underline;\">PROJECTE INNOVAMAT (\u00e0rea de matem\u00e0tiques) des d&#8217;I5 a 6\u00e8<\/span><\/strong><\/p>\n","protected":false},"excerpt":{"rendered":"<p>LLISTAT LLIBRES 25-26 ESCOLA JOSEP MANUEL PERAM\u00c0S 1R CURS Llengua anglesa OPEN UP 1 CB Oxford ISBN: 9780194071512 Lectoescriptura per a 1r. Ritme 1. TEXT. ISBN: 978-84-412-3604-2 2N CURS Llengua anglesa OPEN UP 2 CB Oxford ISBN: 9780194071987 3r CURS Llengua anglesa OPEN UP 3, Activity book Oxford ISBN: 9780194072373 Llengua anglesa OPEN UP 3, [&hellip;]<\/p>\n","protected":false},"author":12,"featured_media":0,"parent":486,"menu_order":0,"comment_status":"closed","ping_status":"closed","template":"","meta":{"_bbp_topic_count":0,"_bbp_reply_count":0,"_bbp_total_topic_count":0,"_bbp_total_reply_count":0,"_bbp_voice_count":0,"_bbp_anonymous_reply_count":0,"_bbp_topic_count_hidden":0,"_bbp_reply_count_hidden":0,"_bbp_forum_subforum_count":0,"site-sidebar-layout":"default","site-content-layout":"","ast-site-content-layout":"default","site-content-style":"default","site-sidebar-style":"default","ast-global-header-display":"","ast-banner-title-visibility":"","ast-main-header-display":"","ast-hfb-above-header-display":"","ast-hfb-below-header-display":"","ast-hfb-mobile-header-display":"","site-post-title":"","ast-breadcrumbs-content":"","ast-featured-img":"","footer-sml-layout":"","theme-transparent-header-meta":"","adv-header-id-meta":"","stick-header-meta":"","header-above-stick-meta":"","header-main-stick-meta":"","header-below-stick-meta":"","astra-migrate-meta-layouts":"set","ast-page-background-enabled":"default","ast-page-background-meta":{"desktop":{"background-color":"var(--ast-global-color-4)","background-image":"","background-repeat":"repeat","background-position":"center center","background-size":"auto","background-attachment":"scroll","background-type":"","background-media":"","overlay-type":"","overlay-color":"","overlay-opacity":"","overlay-gradient":""},"tablet":{"background-color":"","background-image":"","background-repeat":"repeat","background-position":"center center","background-size":"auto","background-attachment":"scroll","background-type":"","background-media":"","overlay-type":"","overlay-color":"","overlay-opacity":"","overlay-gradient":""},"mobile":{"background-color":"","background-image":"","background-repeat":"repeat","background-position":"center center","background-size":"auto","background-attachment":"scroll","background-type":"","background-media":"","overlay-type":"","overlay-color":"","overlay-opacity":"","overlay-gradient":""}},"ast-content-background-meta":{"desktop":{"background-color":"var(--ast-global-color-5)","background-image":"","background-repeat":"repeat","background-position":"center center","background-size":"auto","background-attachment":"scroll","background-type":"","background-media":"","overlay-type":"","overlay-color":"","overlay-opacity":"","overlay-gradient":""},"tablet":{"background-color":"var(--ast-global-color-5)","background-image":"","background-repeat":"repeat","background-position":"center center","background-size":"auto","background-attachment":"scroll","background-type":"","background-media":"","overlay-type":"","overlay-color":"","overlay-opacity":"","overlay-gradient":""},"mobile":{"background-color":"var(--ast-global-color-5)","background-image":"","background-repeat":"repeat","background-position":"center center","background-size":"auto","background-attachment":"scroll","background-type":"","background-media":"","overlay-type":"","overlay-color":"","overlay-opacity":"","overlay-gradient":""}},"footnotes":""},"class_list":["post-4108","page","type-page","status-publish","hentry"],"post_mailing_queue_ids":[],"_links":{"self":[{"href":"https:\/\/agora.xtec.cat\/ceipjmperamas\/wp-json\/wp\/v2\/pages\/4108","targetHints":{"allow":["GET"]}}],"collection":[{"href":"https:\/\/agora.xtec.cat\/ceipjmperamas\/wp-json\/wp\/v2\/pages"}],"about":[{"href":"https:\/\/agora.xtec.cat\/ceipjmperamas\/wp-json\/wp\/v2\/types\/page"}],"author":[{"embeddable":true,"href":"https:\/\/agora.xtec.cat\/ceipjmperamas\/wp-json\/wp\/v2\/users\/12"}],"replies":[{"embeddable":true,"href":"https:\/\/agora.xtec.cat\/ceipjmperamas\/wp-json\/wp\/v2\/comments?post=4108"}],"version-history":[{"count":6,"href":"https:\/\/agora.xtec.cat\/ceipjmperamas\/wp-json\/wp\/v2\/pages\/4108\/revisions"}],"predecessor-version":[{"id":5018,"href":"https:\/\/agora.xtec.cat\/ceipjmperamas\/wp-json\/wp\/v2\/pages\/4108\/revisions\/5018"}],"up":[{"embeddable":true,"href":"https:\/\/agora.xtec.cat\/ceipjmperamas\/wp-json\/wp\/v2\/pages\/486"}],"wp:attachment":[{"href":"https:\/\/agora.xtec.cat\/ceipjmperamas\/wp-json\/wp\/v2\/media?parent=4108"}],"curies":[{"name":"wp","href":"https:\/\/api.w.org\/{rel}","templated":true}]}}