{"id":3722,"date":"2024-02-06T17:26:55","date_gmt":"2024-02-06T16:26:55","guid":{"rendered":"https:\/\/agora.xtec.cat\/ceipjmperamas\/?page_id=3722"},"modified":"2025-12-16T17:51:51","modified_gmt":"2025-12-16T16:51:51","slug":"objectius","status":"publish","type":"page","link":"https:\/\/agora.xtec.cat\/ceipjmperamas\/estrategia-digital-de-centre-edc\/estrategia-digital-de-centre-2\/objectius\/","title":{"rendered":"Objectius"},"content":{"rendered":"<p dir=\"ltr\">Arran de la diagnosi efectuada i de l&#8217;an\u00e0lisi feta dels resultats obtinguts, l&#8217;escola ha dissenyat els seus objectius. Aquests s&#8217;hauran d&#8217;assolir a partir de les diferents actuacions vinculades, les quals han estat temporalitzades a curt i mitj\u00e0 terminis.<\/p>\n<ul>\n<li dir=\"ltr\" aria-level=\"1\">\n<p dir=\"ltr\" role=\"presentation\"><strong>Objectiu 1. Difondre l&#8217;estrat\u00e8gia digital de centre a la comunitat educativa.\u00a0<\/strong><\/p>\n<\/li>\n<li dir=\"ltr\" aria-level=\"1\">\n<p dir=\"ltr\" role=\"presentation\"><strong>Objectiu 2. Vetllar per la protecci\u00f3 de dades sensibles de l&#8217;alumnat, professorat i fam\u00edlies.\u00a0<\/strong><\/p>\n<\/li>\n<li dir=\"ltr\" aria-level=\"1\">\n<p dir=\"ltr\" role=\"presentation\"><strong>Objectiu 3. Garantir la formaci\u00f3 digital del professorat i fam\u00edlies aplicada a la millora del proc\u00e9s d&#8217;ensenyament &#8211; aprenentatge.<\/strong><\/p>\n<\/li>\n<li dir=\"ltr\" aria-level=\"1\">\n<p dir=\"ltr\" role=\"presentation\"><strong>Objectiu 4. Fomentar el comportament segur de l&#8217;alumnat per esdevenir un usuari m\u00e9s responsable.<\/strong><\/p>\n<\/li>\n<\/ul>\n<p><strong>Objectiu 5. Incentivar l&#8217;\u00fas de la programaci\u00f3 i rob\u00f2tica i\/o eines creatives al centre per respondre les q\u00fcestions plantejades als projectes interdisciplinaris.<\/strong><\/p>\n<p><a href=\"https:\/\/agora.xtec.cat\/ceipjmperamas\/wp-content\/uploads\/usu1989\/2024\/02\/Obj-EDC-WEB-Mapa-dObjectius.pdf\">Obj EDC WEB &#8211; Mapa d&#8217;Objectius<\/a><\/p>\n","protected":false},"excerpt":{"rendered":"<p>Arran de la diagnosi efectuada i de l&#8217;an\u00e0lisi feta dels resultats obtinguts, l&#8217;escola ha dissenyat els seus objectius. Aquests s&#8217;hauran d&#8217;assolir a partir de les diferents actuacions vinculades, les quals han estat temporalitzades a curt i mitj\u00e0 terminis. Objectiu 1. Difondre l&#8217;estrat\u00e8gia digital de centre a la comunitat educativa.\u00a0 Objectiu 2. Vetllar per la protecci\u00f3 [&hellip;]<\/p>\n","protected":false},"author":1,"featured_media":0,"parent":3716,"menu_order":0,"comment_status":"closed","ping_status":"closed","template":"","meta":{"_bbp_topic_count":0,"_bbp_reply_count":0,"_bbp_total_topic_count":0,"_bbp_total_reply_count":0,"_bbp_voice_count":0,"_bbp_anonymous_reply_count":0,"_bbp_topic_count_hidden":0,"_bbp_reply_count_hidden":0,"_bbp_forum_subforum_count":0,"site-sidebar-layout":"default","site-content-layout":"","ast-site-content-layout":"default","site-content-style":"default","site-sidebar-style":"default","ast-global-header-display":"","ast-banner-title-visibility":"","ast-main-header-display":"","ast-hfb-above-header-display":"","ast-hfb-below-header-display":"","ast-hfb-mobile-header-display":"","site-post-title":"","ast-breadcrumbs-content":"","ast-featured-img":"","footer-sml-layout":"","theme-transparent-header-meta":"","adv-header-id-meta":"","stick-header-meta":"","header-above-stick-meta":"","header-main-stick-meta":"","header-below-stick-meta":"","astra-migrate-meta-layouts":"set","ast-page-background-enabled":"default","ast-page-background-meta":{"desktop":{"background-color":"var(--ast-global-color-4)","background-image":"","background-repeat":"repeat","background-position":"center center","background-size":"auto","background-attachment":"scroll","background-type":"","background-media":"","overlay-type":"","overlay-color":"","overlay-opacity":"","overlay-gradient":""},"tablet":{"background-color":"","background-image":"","background-repeat":"repeat","background-position":"center center","background-size":"auto","background-attachment":"scroll","background-type":"","background-media":"","overlay-type":"","overlay-color":"","overlay-opacity":"","overlay-gradient":""},"mobile":{"background-color":"","background-image":"","background-repeat":"repeat","background-position":"center center","background-size":"auto","background-attachment":"scroll","background-type":"","background-media":"","overlay-type":"","overlay-color":"","overlay-opacity":"","overlay-gradient":""}},"ast-content-background-meta":{"desktop":{"background-color":"var(--ast-global-color-5)","background-image":"","background-repeat":"repeat","background-position":"center center","background-size":"auto","background-attachment":"scroll","background-type":"","background-media":"","overlay-type":"","overlay-color":"","overlay-opacity":"","overlay-gradient":""},"tablet":{"background-color":"var(--ast-global-color-5)","background-image":"","background-repeat":"repeat","background-position":"center center","background-size":"auto","background-attachment":"scroll","background-type":"","background-media":"","overlay-type":"","overlay-color":"","overlay-opacity":"","overlay-gradient":""},"mobile":{"background-color":"var(--ast-global-color-5)","background-image":"","background-repeat":"repeat","background-position":"center center","background-size":"auto","background-attachment":"scroll","background-type":"","background-media":"","overlay-type":"","overlay-color":"","overlay-opacity":"","overlay-gradient":""}},"footnotes":""},"class_list":["post-3722","page","type-page","status-publish","hentry"],"post_mailing_queue_ids":[],"_links":{"self":[{"href":"https:\/\/agora.xtec.cat\/ceipjmperamas\/wp-json\/wp\/v2\/pages\/3722","targetHints":{"allow":["GET"]}}],"collection":[{"href":"https:\/\/agora.xtec.cat\/ceipjmperamas\/wp-json\/wp\/v2\/pages"}],"about":[{"href":"https:\/\/agora.xtec.cat\/ceipjmperamas\/wp-json\/wp\/v2\/types\/page"}],"author":[{"embeddable":true,"href":"https:\/\/agora.xtec.cat\/ceipjmperamas\/wp-json\/wp\/v2\/users\/1"}],"replies":[{"embeddable":true,"href":"https:\/\/agora.xtec.cat\/ceipjmperamas\/wp-json\/wp\/v2\/comments?post=3722"}],"version-history":[{"count":2,"href":"https:\/\/agora.xtec.cat\/ceipjmperamas\/wp-json\/wp\/v2\/pages\/3722\/revisions"}],"predecessor-version":[{"id":4844,"href":"https:\/\/agora.xtec.cat\/ceipjmperamas\/wp-json\/wp\/v2\/pages\/3722\/revisions\/4844"}],"up":[{"embeddable":true,"href":"https:\/\/agora.xtec.cat\/ceipjmperamas\/wp-json\/wp\/v2\/pages\/3716"}],"wp:attachment":[{"href":"https:\/\/agora.xtec.cat\/ceipjmperamas\/wp-json\/wp\/v2\/media?parent=3722"}],"curies":[{"name":"wp","href":"https:\/\/api.w.org\/{rel}","templated":true}]}}