{"id":3144,"date":"2023-01-23T17:24:38","date_gmt":"2023-01-23T16:24:38","guid":{"rendered":"https:\/\/agora.xtec.cat\/ceipjmperamas\/?page_id=3144"},"modified":"2025-12-17T16:29:50","modified_gmt":"2025-12-17T15:29:50","slug":"cesire-projecte-innovacio-faig","status":"publish","type":"page","link":"https:\/\/agora.xtec.cat\/ceipjmperamas\/projectes\/cesire-projecte-innovacio-faig\/","title":{"rendered":"CESIRE. PROJECTE INNOVACI\u00d3 FAIG"},"content":{"rendered":"<p>El programa<strong> FAIG<\/strong> \u00e9s una oportunitat per crear <strong>entorns d\u2019aprenentatge amb sentit,<\/strong> on posar <strong>l\u2019alumnat al centre,<\/strong> <strong>sentint la seva veu <\/strong>per a crear un m\u00f3n millor on viure i conviure.<\/p>\n<p>Durant el curs <strong>2022-2023<\/strong>, el <strong>nostre centre,<\/strong> juntament<strong> amb\u00a0 trenta-quatre escoles<\/strong>, instituts i instituts escola<strong> de tota Catalunya<\/strong> formen una <strong>primera xarxa de centres pilot del programa FAIG<\/strong>, que el el curs 2023-2024 s\u2019ampliar\u00e0 a 150 centres.<\/p>\n<p><strong>PRINCIPIS PEDAG\u00d2GICS DEL PROGRAMA FAIG<\/strong><\/p>\n<p>1.-<strong> Impulsar<\/strong> una<strong> aula \/espai Maker<\/strong> obert a tota la comunitat educativa<\/p>\n<p>2.- Consolidar una <strong>l\u00ednia pedag\u00f2gica<\/strong> al<strong> voltant de l&#8217;aprenentatge<\/strong> amb sentit a\u00a0 trav\u00e9s de <strong>l&#8217;ABP i l&#8217;espai Maker.<\/strong><\/p>\n<p>3.- <strong>Impulsar la col\u00b7laboraci\u00f3<\/strong> en el s\u00ed de la comunitat i la vinculaci\u00f3\u00a0 <strong>amb entitats tecnol\u00f2giques de refer\u00e8ncia<\/strong><\/p>\n<p>4.- <strong>Innovar<\/strong> les<strong> pr\u00e0ctiques d&#8217;aprenentatges,<\/strong> envers l&#8217;equitat, la personalitzaci\u00f3, l&#8217;autenticitat i la col\u00b7laboraci\u00f3.<\/p>\n<p>5.- <strong>Enriquir, singularitzar i promocionar el Projecte Educatiu,<\/strong> millorant la imatge institucional del centre<\/p>\n<p>6.- <strong>Apoderar a la comunitat educativa<\/strong>, augmentant la motivaci\u00f3, la confian\u00e7a, la implicaci\u00f3 relacional de les persones implicades<\/p>\n<p>La dotaci\u00f3<strong> d&#8217;aquest projecte<\/strong>, consisteix en la <strong>posada en funcionament d&#8217;una aula Maker<\/strong>, amb aquestes<strong> caracter\u00edstiques:<\/strong><\/p>\n<p><a href=\"https:\/\/agora.xtec.cat\/ceipjmperamas\/wp-content\/uploads\/usu1989\/2023\/01\/maker1.jpg\"><img loading=\"lazy\" decoding=\"async\" class=\"alignnone size-full wp-image-3145\" src=\"https:\/\/agora.xtec.cat\/ceipjmperamas\/wp-content\/uploads\/usu1989\/2023\/01\/maker1.jpg\" alt=\"\" width=\"1022\" height=\"515\" srcset=\"https:\/\/agora.xtec.cat\/ceipjmperamas\/wp-content\/uploads\/usu1989\/2023\/01\/maker1.jpg 1022w, https:\/\/agora.xtec.cat\/ceipjmperamas\/wp-content\/uploads\/usu1989\/2023\/01\/maker1-300x151.jpg 300w, https:\/\/agora.xtec.cat\/ceipjmperamas\/wp-content\/uploads\/usu1989\/2023\/01\/maker1-768x387.jpg 768w\" sizes=\"auto, (max-width: 1022px) 100vw, 1022px\" \/><\/a> <a href=\"https:\/\/agora.xtec.cat\/ceipjmperamas\/wp-content\/uploads\/usu1989\/2023\/01\/maker2.jpg\"><img loading=\"lazy\" decoding=\"async\" class=\"alignnone size-full wp-image-3146\" src=\"https:\/\/agora.xtec.cat\/ceipjmperamas\/wp-content\/uploads\/usu1989\/2023\/01\/maker2.jpg\" alt=\"\" width=\"793\" height=\"440\" srcset=\"https:\/\/agora.xtec.cat\/ceipjmperamas\/wp-content\/uploads\/usu1989\/2023\/01\/maker2.jpg 793w, https:\/\/agora.xtec.cat\/ceipjmperamas\/wp-content\/uploads\/usu1989\/2023\/01\/maker2-300x166.jpg 300w, https:\/\/agora.xtec.cat\/ceipjmperamas\/wp-content\/uploads\/usu1989\/2023\/01\/maker2-768x426.jpg 768w\" sizes=\"auto, (max-width: 793px) 100vw, 793px\" \/><\/a><\/p>\n","protected":false},"excerpt":{"rendered":"<p>El programa FAIG \u00e9s una oportunitat per crear entorns d\u2019aprenentatge amb sentit, on posar l\u2019alumnat al centre, sentint la seva veu per a crear un m\u00f3n millor on viure i conviure. Durant el curs 2022-2023, el nostre centre, juntament amb\u00a0 trenta-quatre escoles, instituts i instituts escola de tota Catalunya formen una primera xarxa de centres [&hellip;]<\/p>\n","protected":false},"author":4,"featured_media":0,"parent":522,"menu_order":0,"comment_status":"closed","ping_status":"closed","template":"","meta":{"_bbp_topic_count":0,"_bbp_reply_count":0,"_bbp_total_topic_count":0,"_bbp_total_reply_count":0,"_bbp_voice_count":0,"_bbp_anonymous_reply_count":0,"_bbp_topic_count_hidden":0,"_bbp_reply_count_hidden":0,"_bbp_forum_subforum_count":0,"site-sidebar-layout":"default","site-content-layout":"","ast-site-content-layout":"default","site-content-style":"default","site-sidebar-style":"default","ast-global-header-display":"","ast-banner-title-visibility":"","ast-main-header-display":"","ast-hfb-above-header-display":"","ast-hfb-below-header-display":"","ast-hfb-mobile-header-display":"","site-post-title":"","ast-breadcrumbs-content":"","ast-featured-img":"","footer-sml-layout":"","theme-transparent-header-meta":"","adv-header-id-meta":"","stick-header-meta":"","header-above-stick-meta":"","header-main-stick-meta":"","header-below-stick-meta":"","astra-migrate-meta-layouts":"set","ast-page-background-enabled":"default","ast-page-background-meta":{"desktop":{"background-color":"var(--ast-global-color-4)","background-image":"","background-repeat":"repeat","background-position":"center center","background-size":"auto","background-attachment":"scroll","background-type":"","background-media":"","overlay-type":"","overlay-color":"","overlay-opacity":"","overlay-gradient":""},"tablet":{"background-color":"","background-image":"","background-repeat":"repeat","background-position":"center center","background-size":"auto","background-attachment":"scroll","background-type":"","background-media":"","overlay-type":"","overlay-color":"","overlay-opacity":"","overlay-gradient":""},"mobile":{"background-color":"","background-image":"","background-repeat":"repeat","background-position":"center center","background-size":"auto","background-attachment":"scroll","background-type":"","background-media":"","overlay-type":"","overlay-color":"","overlay-opacity":"","overlay-gradient":""}},"ast-content-background-meta":{"desktop":{"background-color":"var(--ast-global-color-5)","background-image":"","background-repeat":"repeat","background-position":"center center","background-size":"auto","background-attachment":"scroll","background-type":"","background-media":"","overlay-type":"","overlay-color":"","overlay-opacity":"","overlay-gradient":""},"tablet":{"background-color":"var(--ast-global-color-5)","background-image":"","background-repeat":"repeat","background-position":"center center","background-size":"auto","background-attachment":"scroll","background-type":"","background-media":"","overlay-type":"","overlay-color":"","overlay-opacity":"","overlay-gradient":""},"mobile":{"background-color":"var(--ast-global-color-5)","background-image":"","background-repeat":"repeat","background-position":"center center","background-size":"auto","background-attachment":"scroll","background-type":"","background-media":"","overlay-type":"","overlay-color":"","overlay-opacity":"","overlay-gradient":""}},"footnotes":""},"class_list":["post-3144","page","type-page","status-publish","hentry"],"post_mailing_queue_ids":[],"_links":{"self":[{"href":"https:\/\/agora.xtec.cat\/ceipjmperamas\/wp-json\/wp\/v2\/pages\/3144","targetHints":{"allow":["GET"]}}],"collection":[{"href":"https:\/\/agora.xtec.cat\/ceipjmperamas\/wp-json\/wp\/v2\/pages"}],"about":[{"href":"https:\/\/agora.xtec.cat\/ceipjmperamas\/wp-json\/wp\/v2\/types\/page"}],"author":[{"embeddable":true,"href":"https:\/\/agora.xtec.cat\/ceipjmperamas\/wp-json\/wp\/v2\/users\/4"}],"replies":[{"embeddable":true,"href":"https:\/\/agora.xtec.cat\/ceipjmperamas\/wp-json\/wp\/v2\/comments?post=3144"}],"version-history":[{"count":3,"href":"https:\/\/agora.xtec.cat\/ceipjmperamas\/wp-json\/wp\/v2\/pages\/3144\/revisions"}],"predecessor-version":[{"id":4858,"href":"https:\/\/agora.xtec.cat\/ceipjmperamas\/wp-json\/wp\/v2\/pages\/3144\/revisions\/4858"}],"up":[{"embeddable":true,"href":"https:\/\/agora.xtec.cat\/ceipjmperamas\/wp-json\/wp\/v2\/pages\/522"}],"wp:attachment":[{"href":"https:\/\/agora.xtec.cat\/ceipjmperamas\/wp-json\/wp\/v2\/media?parent=3144"}],"curies":[{"name":"wp","href":"https:\/\/api.w.org\/{rel}","templated":true}]}}