{"id":1107,"date":"2020-02-17T10:48:24","date_gmt":"2020-02-17T09:48:24","guid":{"rendered":"https:\/\/agora.xtec.cat\/ceipjmperamas\/?page_id=1107"},"modified":"2025-12-16T17:59:06","modified_gmt":"2025-12-16T16:59:06","slug":"projecte-de-direccio-periode-2016_2020","status":"publish","type":"page","link":"https:\/\/agora.xtec.cat\/ceipjmperamas\/escola-j-m-peramas\/projecte-de-direccio-periode-2016_2020\/","title":{"rendered":"Projecte de direcci\u00f3. Per\u00edode 2016_2020"},"content":{"rendered":"<p>El projecte de direcci\u00f3 \u00e9s un <strong>instrument essencial de l&#8217;autonomia dels centres educatius<\/strong> perqu\u00e8 <strong>ordena el desplegament i l&#8217;aplicaci\u00f3<\/strong> del <strong>projecte educatiu<\/strong> per <strong>al per\u00edode de mandat<\/strong> de la direcci\u00f3 del centre, en c<strong>oncreta l&#8217;estructura organitzativa<\/strong> i n&#8217;inclou uns<br \/>\nindicadors, derivats del que estableix el projecte educatiu del centre, que han de servir per avaluar l&#8217;exercici de la direcci\u00f3.<\/p>\n<p>Ha d&#8217;establir les <strong>l\u00ednies d&#8217;actuaci\u00f3 priorit\u00e0ries<\/strong> que<strong> s&#8217;han<\/strong> de<br \/>\n<strong>desenvolupar durant el per\u00edode de mandat i, <\/strong>si escau, ha de formular propostes en relaci\u00f3 amb l&#8217;adaptaci\u00f3 o modificaci\u00f3, total o parcial, del projecte educatiu.<\/p>\n<p>Podeu fer una consulta del projecte de direcci\u00f3, a partir d&#8217;aquest enlla\u00e7: <a href=\"https:\/\/agora.xtec.cat\/ceipjmperamas\/wp-content\/uploads\/usu1989\/2020\/02\/projecte_direcci\u00f3_web.pdf\" target=\"_blank\" rel=\"noopener\">projecte_direcci\u00f3_web<\/a><\/p>\n","protected":false},"excerpt":{"rendered":"<p>El projecte de direcci\u00f3 \u00e9s un instrument essencial de l&#8217;autonomia dels centres educatius perqu\u00e8 ordena el desplegament i l&#8217;aplicaci\u00f3 del projecte educatiu per al per\u00edode de mandat de la direcci\u00f3 del centre, en concreta l&#8217;estructura organitzativa i n&#8217;inclou uns indicadors, derivats del que estableix el projecte educatiu del centre, que han de servir per avaluar [&hellip;]<\/p>\n","protected":false},"author":4,"featured_media":0,"parent":535,"menu_order":0,"comment_status":"closed","ping_status":"closed","template":"","meta":{"_bbp_topic_count":0,"_bbp_reply_count":0,"_bbp_total_topic_count":0,"_bbp_total_reply_count":0,"_bbp_voice_count":0,"_bbp_anonymous_reply_count":0,"_bbp_topic_count_hidden":0,"_bbp_reply_count_hidden":0,"_bbp_forum_subforum_count":0,"site-sidebar-layout":"default","site-content-layout":"","ast-site-content-layout":"default","site-content-style":"default","site-sidebar-style":"default","ast-global-header-display":"","ast-banner-title-visibility":"","ast-main-header-display":"","ast-hfb-above-header-display":"","ast-hfb-below-header-display":"","ast-hfb-mobile-header-display":"","site-post-title":"","ast-breadcrumbs-content":"","ast-featured-img":"","footer-sml-layout":"","theme-transparent-header-meta":"","adv-header-id-meta":"","stick-header-meta":"","header-above-stick-meta":"","header-main-stick-meta":"","header-below-stick-meta":"","astra-migrate-meta-layouts":"set","ast-page-background-enabled":"default","ast-page-background-meta":{"desktop":{"background-color":"var(--ast-global-color-4)","background-image":"","background-repeat":"repeat","background-position":"center center","background-size":"auto","background-attachment":"scroll","background-type":"","background-media":"","overlay-type":"","overlay-color":"","overlay-opacity":"","overlay-gradient":""},"tablet":{"background-color":"","background-image":"","background-repeat":"repeat","background-position":"center center","background-size":"auto","background-attachment":"scroll","background-type":"","background-media":"","overlay-type":"","overlay-color":"","overlay-opacity":"","overlay-gradient":""},"mobile":{"background-color":"","background-image":"","background-repeat":"repeat","background-position":"center center","background-size":"auto","background-attachment":"scroll","background-type":"","background-media":"","overlay-type":"","overlay-color":"","overlay-opacity":"","overlay-gradient":""}},"ast-content-background-meta":{"desktop":{"background-color":"var(--ast-global-color-5)","background-image":"","background-repeat":"repeat","background-position":"center center","background-size":"auto","background-attachment":"scroll","background-type":"","background-media":"","overlay-type":"","overlay-color":"","overlay-opacity":"","overlay-gradient":""},"tablet":{"background-color":"var(--ast-global-color-5)","background-image":"","background-repeat":"repeat","background-position":"center center","background-size":"auto","background-attachment":"scroll","background-type":"","background-media":"","overlay-type":"","overlay-color":"","overlay-opacity":"","overlay-gradient":""},"mobile":{"background-color":"var(--ast-global-color-5)","background-image":"","background-repeat":"repeat","background-position":"center center","background-size":"auto","background-attachment":"scroll","background-type":"","background-media":"","overlay-type":"","overlay-color":"","overlay-opacity":"","overlay-gradient":""}},"footnotes":""},"class_list":["post-1107","page","type-page","status-publish","hentry"],"post_mailing_queue_ids":[],"_links":{"self":[{"href":"https:\/\/agora.xtec.cat\/ceipjmperamas\/wp-json\/wp\/v2\/pages\/1107","targetHints":{"allow":["GET"]}}],"collection":[{"href":"https:\/\/agora.xtec.cat\/ceipjmperamas\/wp-json\/wp\/v2\/pages"}],"about":[{"href":"https:\/\/agora.xtec.cat\/ceipjmperamas\/wp-json\/wp\/v2\/types\/page"}],"author":[{"embeddable":true,"href":"https:\/\/agora.xtec.cat\/ceipjmperamas\/wp-json\/wp\/v2\/users\/4"}],"replies":[{"embeddable":true,"href":"https:\/\/agora.xtec.cat\/ceipjmperamas\/wp-json\/wp\/v2\/comments?post=1107"}],"version-history":[{"count":3,"href":"https:\/\/agora.xtec.cat\/ceipjmperamas\/wp-json\/wp\/v2\/pages\/1107\/revisions"}],"predecessor-version":[{"id":4845,"href":"https:\/\/agora.xtec.cat\/ceipjmperamas\/wp-json\/wp\/v2\/pages\/1107\/revisions\/4845"}],"up":[{"embeddable":true,"href":"https:\/\/agora.xtec.cat\/ceipjmperamas\/wp-json\/wp\/v2\/pages\/535"}],"wp:attachment":[{"href":"https:\/\/agora.xtec.cat\/ceipjmperamas\/wp-json\/wp\/v2\/media?parent=1107"}],"curies":[{"name":"wp","href":"https:\/\/api.w.org\/{rel}","templated":true}]}}