{"id":1001,"date":"2019-11-26T10:46:33","date_gmt":"2019-11-26T09:46:33","guid":{"rendered":"https:\/\/agora.xtec.cat\/ceipjmperamas\/?page_id=1001"},"modified":"2025-12-16T17:14:40","modified_gmt":"2025-12-16T16:14:40","slug":"lequip-directiu","status":"publish","type":"page","link":"https:\/\/agora.xtec.cat\/ceipjmperamas\/escola-j-m-peramas\/lequip-directiu\/","title":{"rendered":"L&#8217;equip directiu"},"content":{"rendered":"<p style=\"text-align: justify;\">L&#8217;equip directiu\u00a0el componen el director o directora, el secretari o secret\u00e0ria i el o la cap d\u2019estudis. \u00c9s l\u2019encarregat del funcionament i organitzaci\u00f3 del centre educatiu i de la gesti\u00f3 del projecte de direcci\u00f3.<\/p>\n<ul style=\"text-align: justify;\">\n<li><strong>El cap o la cap d\u2019estudis.<\/strong> \u00c9s la persona responsable de planificar i gestionar les activitats del centre, com poden ser l\u2019elaboraci\u00f3 dels horaris, la planificaci\u00f3 dels processos d\u2019acollida i altres activitats del centre i d\u2019atenci\u00f3 als alumnes.<\/li>\n<li><strong>El secretari o secret\u00e0ria.<\/strong> \u00c9s la persona responsable de les tasques relacionades amb la gesti\u00f3 econ\u00f2mica del centre, de la documentaci\u00f3 acad\u00e8mica i administrativa i dels recursos materials.<\/li>\n<\/ul>\n<p style=\"text-align: justify;\">Enguany, l&#8217;equip directiu, acaba el projecte de direcci\u00f3 i mandat en el curs 19\/20 i ha manifestat la seva voluntat de continu\u00eftat un segon mandat.<\/p>\n<p style=\"text-align: justify;\">Formen part d&#8217;aquest, les seg\u00fcents persones:<\/p>\n<hr \/>\n<p style=\"text-align: justify;\"><strong>Raquel Bartolom\u00e9 i Arranz,<\/strong> com a secret\u00e0ria. \u00c9s Diplomada en Logop\u00e8dia per la Universitat Aut\u00f2noma de Barcelona (1998-2001) i Mestre d&#8217;Educaci\u00f3 Especial per la Universitat de Barcelona (2003-2006).<\/p>\n<p style=\"text-align: justify;\">Funcion\u00e0ria de carrera des del 01\/09\/2009, obt\u00e9 pla\u00e7a definitiva a l&#8217;Escola Josep M.Peram\u00e0s el 01\/09\/2011, per\u00f2 no \u00e9s fins el 01\/09\/2013 que l&#8217;ocupa.<\/p>\n<p><strong>Des d\u2019aquest moment, he desenvolupat a l\u2019escola les seg\u00fcents tasques:<\/strong><\/p>\n<ul>\n<li><span style=\"text-decoration: underline;\">Mestra d\u2019atenci\u00f3 a la diversitat<\/span><\/li>\n<li><span style=\"text-decoration: underline;\">2 anys de Coordinadora de Cicle Inicial<\/span><\/li>\n<li><span style=\"text-decoration: underline;\">Secret\u00e0ria de l\u2019Equip directiu des del curs 2016-2017.<\/span><\/li>\n<\/ul>\n<hr \/>\n<p><strong>Sandra Domingo Rueda, com a cap d\u2019estudis.<\/strong><\/p>\n<p>\u00c9s llicenciada en psicopedagogia\u00a0 per la Universitat Aut\u00f2noma de Barcelona (2001-2004)<\/p>\n<p>i Mestre d\u2019Educaci\u00f3 Especial per la Universitat Aut\u00f2noma\u00a0 Barcelona (1998-2001).<\/p>\n<p><strong>Obt\u00e9 pla\u00e7a definitiva a l\u2019Escola Josep M.Peram\u00e0s el 01\/09\/2007, tot desenvolupant les seg\u00fcents funcions:<\/strong><\/p>\n<ul>\n<li><span style=\"text-decoration: underline;\">Mestra d\u2019atenci\u00f3 a la diversitat<\/span><\/li>\n<li><span style=\"text-decoration: underline;\">3 anys de Coordinadora d\u2019educaci\u00f3 infantil<\/span><\/li>\n<li><span style=\"text-decoration: underline;\">Cap d\u2019estudis des del curs 2016-2017 fins l\u2019actualitat<\/span><\/li>\n<li><span style=\"text-decoration: underline;\">Coordinadora de l\u2019equip impulsor de la Xarxa de Compet\u00e8ncies B\u00e0siques des del curs 2016-2017<\/span><\/li>\n<\/ul>\n<hr \/>\n<p><strong>Joan LLorens i Perea, director del centre<\/strong>.<\/p>\n<p>Funcionari de carrera des del curs 1999-2000, obt\u00e9 pla\u00e7a definitiva a l\u2019Escola el1\/09\/2001.<\/p>\n<p><strong>Ha desenvolupat en el centre diferents responsabilitats:<\/strong><\/p>\n<ul>\n<li><span style=\"text-decoration: underline;\">Especialista d\u2019E.F\u00edsica, tutoria i coordinador d\u2019inform\u00e0tica<\/span><\/li>\n<li><span style=\"text-decoration: underline;\">Coordinador de l\u2019equip impulsor de la Xarxa de Compet\u00e8ncies B\u00e0siques des del curs 2016-2017.<\/span><\/li>\n<\/ul>\n<p>En el curs 2011-2012, va desenvolupar la funci\u00f3 de cap d\u2019estudis\u00a0fins el curs 2015-16,<\/p>\n<p>moment en que va ser seleccionat el seu projecte de direcci\u00f3, agafant el c\u00e0rrec el curs 2016-2017.<\/p>\n<hr \/>\n<div style=\"text-align: justify;\"><\/div>\n<div><\/div>\n<div><\/div>\n<div><\/div>\n<div><\/div>\n","protected":false},"excerpt":{"rendered":"<p>L&#8217;equip directiu\u00a0el componen el director o directora, el secretari o secret\u00e0ria i el o la cap d\u2019estudis. \u00c9s l\u2019encarregat del funcionament i organitzaci\u00f3 del centre educatiu i de la gesti\u00f3 del projecte de direcci\u00f3. El cap o la cap d\u2019estudis. \u00c9s la persona responsable de planificar i gestionar les activitats del centre, com poden ser [&hellip;]<\/p>\n","protected":false},"author":4,"featured_media":0,"parent":535,"menu_order":0,"comment_status":"closed","ping_status":"closed","template":"","meta":{"_bbp_topic_count":0,"_bbp_reply_count":0,"_bbp_total_topic_count":0,"_bbp_total_reply_count":0,"_bbp_voice_count":0,"_bbp_anonymous_reply_count":0,"_bbp_topic_count_hidden":0,"_bbp_reply_count_hidden":0,"_bbp_forum_subforum_count":0,"site-sidebar-layout":"default","site-content-layout":"","ast-site-content-layout":"default","site-content-style":"default","site-sidebar-style":"default","ast-global-header-display":"","ast-banner-title-visibility":"","ast-main-header-display":"","ast-hfb-above-header-display":"","ast-hfb-below-header-display":"","ast-hfb-mobile-header-display":"","site-post-title":"","ast-breadcrumbs-content":"","ast-featured-img":"","footer-sml-layout":"","theme-transparent-header-meta":"","adv-header-id-meta":"","stick-header-meta":"","header-above-stick-meta":"","header-main-stick-meta":"","header-below-stick-meta":"","astra-migrate-meta-layouts":"set","ast-page-background-enabled":"default","ast-page-background-meta":{"desktop":{"background-color":"var(--ast-global-color-4)","background-image":"","background-repeat":"repeat","background-position":"center center","background-size":"auto","background-attachment":"scroll","background-type":"","background-media":"","overlay-type":"","overlay-color":"","overlay-opacity":"","overlay-gradient":""},"tablet":{"background-color":"","background-image":"","background-repeat":"repeat","background-position":"center center","background-size":"auto","background-attachment":"scroll","background-type":"","background-media":"","overlay-type":"","overlay-color":"","overlay-opacity":"","overlay-gradient":""},"mobile":{"background-color":"","background-image":"","background-repeat":"repeat","background-position":"center center","background-size":"auto","background-attachment":"scroll","background-type":"","background-media":"","overlay-type":"","overlay-color":"","overlay-opacity":"","overlay-gradient":""}},"ast-content-background-meta":{"desktop":{"background-color":"var(--ast-global-color-5)","background-image":"","background-repeat":"repeat","background-position":"center center","background-size":"auto","background-attachment":"scroll","background-type":"","background-media":"","overlay-type":"","overlay-color":"","overlay-opacity":"","overlay-gradient":""},"tablet":{"background-color":"var(--ast-global-color-5)","background-image":"","background-repeat":"repeat","background-position":"center center","background-size":"auto","background-attachment":"scroll","background-type":"","background-media":"","overlay-type":"","overlay-color":"","overlay-opacity":"","overlay-gradient":""},"mobile":{"background-color":"var(--ast-global-color-5)","background-image":"","background-repeat":"repeat","background-position":"center center","background-size":"auto","background-attachment":"scroll","background-type":"","background-media":"","overlay-type":"","overlay-color":"","overlay-opacity":"","overlay-gradient":""}},"footnotes":""},"class_list":["post-1001","page","type-page","status-publish","hentry"],"post_mailing_queue_ids":[],"_links":{"self":[{"href":"https:\/\/agora.xtec.cat\/ceipjmperamas\/wp-json\/wp\/v2\/pages\/1001","targetHints":{"allow":["GET"]}}],"collection":[{"href":"https:\/\/agora.xtec.cat\/ceipjmperamas\/wp-json\/wp\/v2\/pages"}],"about":[{"href":"https:\/\/agora.xtec.cat\/ceipjmperamas\/wp-json\/wp\/v2\/types\/page"}],"author":[{"embeddable":true,"href":"https:\/\/agora.xtec.cat\/ceipjmperamas\/wp-json\/wp\/v2\/users\/4"}],"replies":[{"embeddable":true,"href":"https:\/\/agora.xtec.cat\/ceipjmperamas\/wp-json\/wp\/v2\/comments?post=1001"}],"version-history":[{"count":6,"href":"https:\/\/agora.xtec.cat\/ceipjmperamas\/wp-json\/wp\/v2\/pages\/1001\/revisions"}],"predecessor-version":[{"id":4838,"href":"https:\/\/agora.xtec.cat\/ceipjmperamas\/wp-json\/wp\/v2\/pages\/1001\/revisions\/4838"}],"up":[{"embeddable":true,"href":"https:\/\/agora.xtec.cat\/ceipjmperamas\/wp-json\/wp\/v2\/pages\/535"}],"wp:attachment":[{"href":"https:\/\/agora.xtec.cat\/ceipjmperamas\/wp-json\/wp\/v2\/media?parent=1001"}],"curies":[{"name":"wp","href":"https:\/\/api.w.org\/{rel}","templated":true}]}}