{"id":795,"date":"2016-11-03T19:14:27","date_gmt":"2016-11-03T18:14:27","guid":{"rendered":"http:\/\/agora.xtec.cat\/ceipjmarch\/?page_id=795"},"modified":"2016-11-09T15:26:28","modified_gmt":"2016-11-09T14:26:28","slug":"projecte-juguem-al-pati","status":"publish","type":"page","link":"https:\/\/agora.xtec.cat\/ceipjmarch\/projecte-educatiu\/projectes-descola-2\/projecte-juguem-al-pati\/","title":{"rendered":"Projecte: &#8220;Juguem al pati!&#8221;"},"content":{"rendered":"<p style=\"text-align: justify;\">\u201cJUGUEM AL PATI !!!\u201d \u00e9s un projecte que t\u00e9 com a finalitat considerar el pati com un espai educatiu que desenvolupi estrat\u00e8gies de cooperaci\u00f3, conviv\u00e8ncia i respecte, alhora que s\u2019incrementa l\u2019activitat f\u00edsica dels nostres alumnes.<\/p>\n<p style=\"text-align: justify;\">Els objectius que es planteja aquest projecte s\u00f3n:<\/p>\n<p style=\"text-align: justify;\">&#8211; Dinamitzar el pati de l\u2019escola com un espai educatiu.<\/p>\n<p style=\"text-align: justify;\">&#8211; Fomentar estrat\u00e8gies de cooperaci\u00f3, conviv\u00e8ncia i respecte.<\/p>\n<p style=\"text-align: justify;\">&#8211; Incrementar l\u2019activitat f\u00edsica dels nostres alumnes.<\/p>\n<p style=\"text-align: justify;\">&#8211; Promoure la responsabilitat dels alumnes.<\/p>\n<p style=\"text-align: justify;\">Aquesta activitat est\u00e0 pensada pels nens i nenes de cicle inicial, mitj\u00e0 i superior que vulguin participar de forma volunt\u00e0ria i rotat\u00f2ria a l\u2019hora del pati, en els jocs plantejats pel projecte \u201cJuguem al pati\u201d que es troben en uns baguls. Els alumnes de 5\u00e8 i 6\u00e8 de prim\u00e0ria tenen un rol de dinamitzadors del pati.<\/p>\n<p><iframe loading=\"lazy\" title=\"Projecte juguem al pati\" width=\"500\" height=\"375\" src=\"https:\/\/www.youtube.com\/embed\/vxKAiOqtDpY?feature=oembed\" frameborder=\"0\" allow=\"accelerometer; autoplay; clipboard-write; encrypted-media; gyroscope; picture-in-picture; web-share\" referrerpolicy=\"strict-origin-when-cross-origin\" allowfullscreen><\/iframe><\/p>\n","protected":false},"excerpt":{"rendered":"<p>\u201cJUGUEM AL PATI !!!\u201d \u00e9s un projecte que t\u00e9 com a finalitat considerar el pati com un espai educatiu que desenvolupi estrat\u00e8gies de cooperaci\u00f3, conviv\u00e8ncia i respecte, alhora que s\u2019incrementa l\u2019activitat f\u00edsica dels nostres alumnes.<br \/>\nEls objectius que es planteja aquest projecte s\u00f3n:<br \/>\n&#8211; Dinamitzar el pati&hellip;  <a href=\"https:\/\/agora.xtec.cat\/ceipjmarch\/projecte-educatiu\/projectes-descola-2\/projecte-juguem-al-pati\/\" title=\"Read Projecte: &#8220;Juguem al pati!&#8221;\">Llegeix m\u00e9s\u00bb<\/a><\/p>\n","protected":false},"author":1,"featured_media":0,"parent":527,"menu_order":11,"comment_status":"closed","ping_status":"closed","template":"page-templates\/side-menu.php","meta":{"_bbp_topic_count":0,"_bbp_reply_count":0,"_bbp_total_topic_count":0,"_bbp_total_reply_count":0,"_bbp_voice_count":0,"_bbp_anonymous_reply_count":0,"_bbp_topic_count_hidden":0,"_bbp_reply_count_hidden":0,"_bbp_forum_subforum_count":0,"footnotes":""},"class_list":["post-795","page","type-page","status-publish","hentry"],"post_mailing_queue_ids":[],"_links":{"self":[{"href":"https:\/\/agora.xtec.cat\/ceipjmarch\/wp-json\/wp\/v2\/pages\/795","targetHints":{"allow":["GET"]}}],"collection":[{"href":"https:\/\/agora.xtec.cat\/ceipjmarch\/wp-json\/wp\/v2\/pages"}],"about":[{"href":"https:\/\/agora.xtec.cat\/ceipjmarch\/wp-json\/wp\/v2\/types\/page"}],"author":[{"embeddable":true,"href":"https:\/\/agora.xtec.cat\/ceipjmarch\/wp-json\/wp\/v2\/users\/1"}],"replies":[{"embeddable":true,"href":"https:\/\/agora.xtec.cat\/ceipjmarch\/wp-json\/wp\/v2\/comments?post=795"}],"version-history":[{"count":3,"href":"https:\/\/agora.xtec.cat\/ceipjmarch\/wp-json\/wp\/v2\/pages\/795\/revisions"}],"predecessor-version":[{"id":864,"href":"https:\/\/agora.xtec.cat\/ceipjmarch\/wp-json\/wp\/v2\/pages\/795\/revisions\/864"}],"up":[{"embeddable":true,"href":"https:\/\/agora.xtec.cat\/ceipjmarch\/wp-json\/wp\/v2\/pages\/527"}],"wp:attachment":[{"href":"https:\/\/agora.xtec.cat\/ceipjmarch\/wp-json\/wp\/v2\/media?parent=795"}],"curies":[{"name":"wp","href":"https:\/\/api.w.org\/{rel}","templated":true}]}}