{"id":73,"date":"2014-09-18T14:01:51","date_gmt":"2014-09-18T13:01:51","guid":{"rendered":"http:\/\/agora.xtec.cat\/ceipjmarch\/?page_id=73"},"modified":"2026-01-23T08:59:27","modified_gmt":"2026-01-23T07:59:27","slug":"menjador-escolar","status":"publish","type":"page","link":"https:\/\/agora.xtec.cat\/ceipjmarch\/serveis\/menjador-escolar\/","title":{"rendered":"MENJADOR ESCOLAR"},"content":{"rendered":"<p style=\"text-align: justify;\"><span style=\"font-weight: 400;\">L\u2019empresa responsable del servei \u00e9s <\/span><b>El men\u00fa del petit<\/b><span style=\"font-weight: 400;\">, contractada per l\u2019<\/span><b>AFA de l\u2019escola<\/b><span style=\"font-weight: 400;\">.<\/span><\/p>\n<p><span style=\"font-weight: 400;\">L\u2019escola disposa de <strong>cuina pr\u00f2pia<\/strong>. El <\/span><b>menjador escolar<\/b><span style=\"font-weight: 400;\"> \u00e9s un servei de car\u00e0cter voluntari que el centre ofereix di\u00e0riament a l\u2019alumnat. La <\/span><b>coordinadora del servei<\/b><span style=\"font-weight: 400;\"> \u00e9s la <\/span><i><span style=\"font-weight: 400;\">Montse Pulido<\/span><\/i><span style=\"font-weight: 400;\">.<\/span><\/p>\n<p><span style=\"font-weight: 400;\">El servei de menjador est\u00e0 at\u00e8s per l\u2019equip de monitors\/es, que s\u2019encarreguen de recollir l\u2019alumnat fins a 3r a les aules i de passar llista. <\/span><\/p>\n<p><span style=\"font-weight: 400;\">El servei de menjador \u00e9s considerat <\/span><b>un espai educatiu i d\u2019aprenentatge<\/b><span style=\"font-weight: 400;\"> en qu\u00e8 l\u2019equip de monitors\/es ofereix activitats educatives i l\u00fadiques d\u2019acord amb el projecte educatiu de centre. L\u2019empresa ofereix <\/span><b>men\u00fas alternatius<\/b><span style=\"font-weight: 400;\"> per als usuaris que, per motius de salut o per prescripci\u00f3 facultativa, no puguin menjar el men\u00fa ordinari.<\/span><\/p>\n<p><span style=\"font-weight: 400;\">Per fer \u00fas del servei, les fam\u00edlies han d\u2019omplir el <\/span><b>full d\u2019inscripci\u00f3<\/b><span style=\"font-weight: 400;\"> corresponent i facilitar-hi les dades banc\u00e0ries.<\/span><\/p>\n<p><span style=\"font-weight: 400;\">Els preus del servei per al curs 2025-2026 s\u00f3n:<\/span><\/p>\n<ul>\n<li style=\"font-weight: 400;\" aria-level=\"1\"><b>Alumnat fix:<\/b><span style=\"font-weight: 400;\"> 7,79\u202f\u20ac per men\u00fa.<\/span><\/li>\n<li style=\"font-weight: 400;\" aria-level=\"1\"><b>Alumnat espor\u00e0dic:<\/b><span style=\"font-weight: 400;\"> 8,50 \u20ac per men\u00fa.<\/span><\/li>\n<\/ul>\n<p style=\"text-align: justify;\"><span style=\"font-weight: 400;\">L\u2019empresa no retornar\u00e0 l\u2019import del men\u00fa si no s\u2019ha notificat l\u2019abs\u00e8ncia <\/span><b>abans de les 10:00 h del mateix dia<\/b><span style=\"font-weight: 400;\">.<\/span><\/p>\n<p>&nbsp;<\/p>\n<p><a href=\"https:\/\/agora.xtec.cat\/ceipjmarch\/wp-content\/uploads\/usu1497\/2022\/11\/logo-el-menu-del-petit-1536x621-1.png\"><img loading=\"lazy\" decoding=\"async\" class=\"aligncenter size-full wp-image-2363\" src=\"https:\/\/agora.xtec.cat\/ceipjmarch\/wp-content\/uploads\/usu1497\/2022\/11\/logo-el-menu-del-petit-1536x621-1.png\" alt=\"\" width=\"1536\" height=\"621\" srcset=\"https:\/\/agora.xtec.cat\/ceipjmarch\/wp-content\/uploads\/usu1497\/2022\/11\/logo-el-menu-del-petit-1536x621-1.png 1536w, https:\/\/agora.xtec.cat\/ceipjmarch\/wp-content\/uploads\/usu1497\/2022\/11\/logo-el-menu-del-petit-1536x621-1-300x121.png 300w, https:\/\/agora.xtec.cat\/ceipjmarch\/wp-content\/uploads\/usu1497\/2022\/11\/logo-el-menu-del-petit-1536x621-1-1024x414.png 1024w, https:\/\/agora.xtec.cat\/ceipjmarch\/wp-content\/uploads\/usu1497\/2022\/11\/logo-el-menu-del-petit-1536x621-1-768x311.png 768w\" sizes=\"auto, (max-width: 1536px) 100vw, 1536px\" \/><\/a><\/p>\n<p>&nbsp;<\/p>\n","protected":false},"excerpt":{"rendered":"<p>L\u2019empresa responsable del servei \u00e9s El men\u00fa del petit, contractada per l\u2019AFA de l\u2019escola.<br \/>\nL\u2019escola disposa de cuina pr\u00f2pia. El menjador escolar \u00e9s un servei de car\u00e0cter voluntari que el centre ofereix di\u00e0riament a l\u2019alumnat. La coordinadora del servei \u00e9s la Montse Pulido.<br \/>\nEl servei de menjador&hellip;  <a href=\"https:\/\/agora.xtec.cat\/ceipjmarch\/serveis\/menjador-escolar\/\" title=\"Read MENJADOR ESCOLAR\">Llegeix m\u00e9s\u00bb<\/a><\/p>\n","protected":false},"author":1,"featured_media":0,"parent":66,"menu_order":30,"comment_status":"closed","ping_status":"closed","template":"page-templates\/side-menu.php","meta":{"_bbp_topic_count":0,"_bbp_reply_count":0,"_bbp_total_topic_count":0,"_bbp_total_reply_count":0,"_bbp_voice_count":0,"_bbp_anonymous_reply_count":0,"_bbp_topic_count_hidden":0,"_bbp_reply_count_hidden":0,"_bbp_forum_subforum_count":0,"footnotes":""},"class_list":["post-73","page","type-page","status-publish","hentry"],"post_mailing_queue_ids":[],"_links":{"self":[{"href":"https:\/\/agora.xtec.cat\/ceipjmarch\/wp-json\/wp\/v2\/pages\/73","targetHints":{"allow":["GET"]}}],"collection":[{"href":"https:\/\/agora.xtec.cat\/ceipjmarch\/wp-json\/wp\/v2\/pages"}],"about":[{"href":"https:\/\/agora.xtec.cat\/ceipjmarch\/wp-json\/wp\/v2\/types\/page"}],"author":[{"embeddable":true,"href":"https:\/\/agora.xtec.cat\/ceipjmarch\/wp-json\/wp\/v2\/users\/1"}],"replies":[{"embeddable":true,"href":"https:\/\/agora.xtec.cat\/ceipjmarch\/wp-json\/wp\/v2\/comments?post=73"}],"version-history":[{"count":4,"href":"https:\/\/agora.xtec.cat\/ceipjmarch\/wp-json\/wp\/v2\/pages\/73\/revisions"}],"predecessor-version":[{"id":3060,"href":"https:\/\/agora.xtec.cat\/ceipjmarch\/wp-json\/wp\/v2\/pages\/73\/revisions\/3060"}],"up":[{"embeddable":true,"href":"https:\/\/agora.xtec.cat\/ceipjmarch\/wp-json\/wp\/v2\/pages\/66"}],"wp:attachment":[{"href":"https:\/\/agora.xtec.cat\/ceipjmarch\/wp-json\/wp\/v2\/media?parent=73"}],"curies":[{"name":"wp","href":"https:\/\/api.w.org\/{rel}","templated":true}]}}