{"id":696,"date":"2016-10-17T17:52:09","date_gmt":"2016-10-17T15:52:09","guid":{"rendered":"http:\/\/agora.xtec.cat\/ceipjmarch\/?page_id=696"},"modified":"2026-01-22T21:13:23","modified_gmt":"2026-01-22T20:13:23","slug":"qui-som","status":"publish","type":"page","link":"https:\/\/agora.xtec.cat\/ceipjmarch\/lescola\/qui-som\/","title":{"rendered":"Equip hum\u00e0"},"content":{"rendered":"<p style=\"text-align: justify;\">L&#8217;escola Jacme March \u00e9s una escola p\u00fablica d&#8217;una l\u00ednia organitzada en dues etapes educatives, l&#8217;etapa d&#8217;Educaci\u00f3 Infantil, compresa dels 3 als 6 anys, i l&#8217;etapa d&#8217;Educaci\u00f3 Prim\u00e0ria, compresa entre els 6 i els 12 anys.<\/p>\n<p style=\"text-align: justify;\">Som una comunitat educativa que apostem per metodologies innovadores, amb ganes de formar part de nous projectes, nous reptes i m\u00e9s, i tot aix\u00f2, per assolir un objectiu: que l&#8217;alumnat millori el seu rendiment acad\u00e8mic i se sentin personalment satisfets i contents.<\/p>\n<p>&nbsp;<\/p>\n<p><img loading=\"lazy\" decoding=\"async\" class=\"aligncenter size-large wp-image-3033\" src=\"https:\/\/agora.xtec.cat\/ceipjmarch\/wp-content\/uploads\/usu1497\/2026\/01\/1-1024x576.jpg\" alt=\"\" width=\"1024\" height=\"576\" srcset=\"https:\/\/agora.xtec.cat\/ceipjmarch\/wp-content\/uploads\/usu1497\/2026\/01\/1-1024x576.jpg 1024w, https:\/\/agora.xtec.cat\/ceipjmarch\/wp-content\/uploads\/usu1497\/2026\/01\/1-300x169.jpg 300w, https:\/\/agora.xtec.cat\/ceipjmarch\/wp-content\/uploads\/usu1497\/2026\/01\/1-768x432.jpg 768w, https:\/\/agora.xtec.cat\/ceipjmarch\/wp-content\/uploads\/usu1497\/2026\/01\/1-1536x864.jpg 1536w, https:\/\/agora.xtec.cat\/ceipjmarch\/wp-content\/uploads\/usu1497\/2026\/01\/1.jpg 1920w\" sizes=\"auto, (max-width: 1024px) 100vw, 1024px\" \/> <img loading=\"lazy\" decoding=\"async\" class=\"aligncenter size-large wp-image-3034\" src=\"https:\/\/agora.xtec.cat\/ceipjmarch\/wp-content\/uploads\/usu1497\/2026\/01\/2-1024x576.jpg\" alt=\"\" width=\"1024\" height=\"576\" srcset=\"https:\/\/agora.xtec.cat\/ceipjmarch\/wp-content\/uploads\/usu1497\/2026\/01\/2-1024x576.jpg 1024w, https:\/\/agora.xtec.cat\/ceipjmarch\/wp-content\/uploads\/usu1497\/2026\/01\/2-300x169.jpg 300w, https:\/\/agora.xtec.cat\/ceipjmarch\/wp-content\/uploads\/usu1497\/2026\/01\/2-768x432.jpg 768w, https:\/\/agora.xtec.cat\/ceipjmarch\/wp-content\/uploads\/usu1497\/2026\/01\/2-1536x864.jpg 1536w, https:\/\/agora.xtec.cat\/ceipjmarch\/wp-content\/uploads\/usu1497\/2026\/01\/2.jpg 1920w\" sizes=\"auto, (max-width: 1024px) 100vw, 1024px\" \/><\/p>\n<p>&nbsp;<\/p>\n<p>&nbsp;<\/p>\n<p>&nbsp;<\/p>\n<p>&nbsp;<\/p>\n","protected":false},"excerpt":{"rendered":"<p>L&#8217;escola Jacme March \u00e9s una escola p\u00fablica d&#8217;una l\u00ednia organitzada en dues etapes educatives, l&#8217;etapa d&#8217;Educaci\u00f3 Infantil, compresa dels 3 als 6 anys, i l&#8217;etapa d&#8217;Educaci\u00f3 Prim\u00e0ria, compresa entre els 6 i els 12 anys.<br \/>\nSom una comunitat educativa que apostem per metodologies innovadores, amb ganes&hellip;  <a href=\"https:\/\/agora.xtec.cat\/ceipjmarch\/lescola\/qui-som\/\" title=\"Read Equip hum\u00e0\">Llegeix m\u00e9s\u00bb<\/a><\/p>\n","protected":false},"author":1,"featured_media":0,"parent":22,"menu_order":2,"comment_status":"closed","ping_status":"closed","template":"page-templates\/side-menu.php","meta":{"_bbp_topic_count":0,"_bbp_reply_count":0,"_bbp_total_topic_count":0,"_bbp_total_reply_count":0,"_bbp_voice_count":0,"_bbp_anonymous_reply_count":0,"_bbp_topic_count_hidden":0,"_bbp_reply_count_hidden":0,"_bbp_forum_subforum_count":0,"footnotes":""},"class_list":["post-696","page","type-page","status-publish","hentry"],"post_mailing_queue_ids":[],"_links":{"self":[{"href":"https:\/\/agora.xtec.cat\/ceipjmarch\/wp-json\/wp\/v2\/pages\/696","targetHints":{"allow":["GET"]}}],"collection":[{"href":"https:\/\/agora.xtec.cat\/ceipjmarch\/wp-json\/wp\/v2\/pages"}],"about":[{"href":"https:\/\/agora.xtec.cat\/ceipjmarch\/wp-json\/wp\/v2\/types\/page"}],"author":[{"embeddable":true,"href":"https:\/\/agora.xtec.cat\/ceipjmarch\/wp-json\/wp\/v2\/users\/1"}],"replies":[{"embeddable":true,"href":"https:\/\/agora.xtec.cat\/ceipjmarch\/wp-json\/wp\/v2\/comments?post=696"}],"version-history":[{"count":6,"href":"https:\/\/agora.xtec.cat\/ceipjmarch\/wp-json\/wp\/v2\/pages\/696\/revisions"}],"predecessor-version":[{"id":3035,"href":"https:\/\/agora.xtec.cat\/ceipjmarch\/wp-json\/wp\/v2\/pages\/696\/revisions\/3035"}],"up":[{"embeddable":true,"href":"https:\/\/agora.xtec.cat\/ceipjmarch\/wp-json\/wp\/v2\/pages\/22"}],"wp:attachment":[{"href":"https:\/\/agora.xtec.cat\/ceipjmarch\/wp-json\/wp\/v2\/media?parent=696"}],"curies":[{"name":"wp","href":"https:\/\/api.w.org\/{rel}","templated":true}]}}