{"id":675,"date":"2016-10-15T10:37:11","date_gmt":"2016-10-15T08:37:11","guid":{"rendered":"http:\/\/agora.xtec.cat\/ceipjmarch\/?page_id=675"},"modified":"2016-11-09T15:27:54","modified_gmt":"2016-11-09T14:27:54","slug":"projecte-artistic","status":"publish","type":"page","link":"https:\/\/agora.xtec.cat\/ceipjmarch\/projecte-educatiu\/projectes-descola-2\/projecte-artistic\/","title":{"rendered":"Projecte Art\u00edstic"},"content":{"rendered":"<p>Al Jacme March s&#8217;ha establit una l\u00ednia d&#8217;escola envers l&#8217;\u00e0rea d&#8217;Educaci\u00f3 Visual i Pl\u00e0stica: Els Pintors i Pintores Universals.<\/p>\n<p>A cada curs, des de P3 fins a 6\u00e8 es treballa exhaustivament un artista.<\/p>\n<table>\n<tbody>\n<tr>\n<td>P3<\/td>\n<td>P4<\/td>\n<td>P5<\/td>\n<td>1r<\/td>\n<td>2n<\/td>\n<td>3r<\/td>\n<td>4t<\/td>\n<td>5\u00e8<\/td>\n<td>6\u00e8<\/td>\n<\/tr>\n<tr>\n<td>POLLOCK<\/td>\n<td>PAUL KLEE<\/td>\n<td>MATISSE<\/td>\n<td>ANTONI T\u00c0PIES<\/td>\n<td>WARHOL<\/td>\n<td>VEL\u00c1ZQUEZ<\/td>\n<td>VAN GOGH<\/td>\n<td>DAL\u00cd<\/td>\n<td>PICASSO<\/td>\n<\/tr>\n<tr>\n<td>MIR\u00d3<\/td>\n<td>KANDINSKY<\/td>\n<td>O&#8217;KEEFFE<\/td>\n<td><\/td>\n<td><\/td>\n<td><\/td>\n<td><\/td>\n<td><\/td>\n<td><\/td>\n<\/tr>\n<\/tbody>\n<\/table>\n<div class=\"mceTemp\"><\/div>\n<figure class=\"figure wp-caption alignright\"><a href=\"http:\/\/agora.xtec.cat\/ceipjmarch\/wp-content\/uploads\/usu1497\/2016\/10\/IMG_9886-copia.jpg\"><img loading=\"lazy\" decoding=\"async\" class=\" wp-image-784\" src=\"http:\/\/agora.xtec.cat\/ceipjmarch\/wp-content\/uploads\/usu1497\/2016\/10\/IMG_9886-copia.jpg\" alt=\"Els pintors de P3\" width=\"339\" height=\"255\" srcset=\"https:\/\/agora.xtec.cat\/ceipjmarch\/wp-content\/uploads\/usu1497\/2016\/10\/IMG_9886-copia.jpg 653w, https:\/\/agora.xtec.cat\/ceipjmarch\/wp-content\/uploads\/usu1497\/2016\/10\/IMG_9886-copia-300x225.jpg 300w, https:\/\/agora.xtec.cat\/ceipjmarch\/wp-content\/uploads\/usu1497\/2016\/10\/IMG_9886-copia-200x150.jpg 200w\" sizes=\"auto, (max-width: 339px) 100vw, 339px\" \/><\/a><figcaption class=\"wp-caption-text\">Els pintors de P3<\/figcaption><\/figure>\n<figure class=\"figure wp-caption alignnone\"><a href=\"http:\/\/agora.xtec.cat\/ceipjmarch\/wp-content\/uploads\/usu1497\/2016\/10\/20160226_094425-copia.jpg\"><img loading=\"lazy\" decoding=\"async\" class=\" wp-image-782\" src=\"http:\/\/agora.xtec.cat\/ceipjmarch\/wp-content\/uploads\/usu1497\/2016\/10\/20160226_094425-copia.jpg\" alt=\"Els alumnes de P4 i Paul Klee\" width=\"354\" height=\"266\" srcset=\"https:\/\/agora.xtec.cat\/ceipjmarch\/wp-content\/uploads\/usu1497\/2016\/10\/20160226_094425-copia.jpg 826w, https:\/\/agora.xtec.cat\/ceipjmarch\/wp-content\/uploads\/usu1497\/2016\/10\/20160226_094425-copia-300x225.jpg 300w, https:\/\/agora.xtec.cat\/ceipjmarch\/wp-content\/uploads\/usu1497\/2016\/10\/20160226_094425-copia-768x576.jpg 768w, https:\/\/agora.xtec.cat\/ceipjmarch\/wp-content\/uploads\/usu1497\/2016\/10\/20160226_094425-copia-200x150.jpg 200w\" sizes=\"auto, (max-width: 354px) 100vw, 354px\" \/><\/a><figcaption class=\"wp-caption-text\">Els alumnes de P4 i Paul Klee<\/figcaption><\/figure>\n","protected":false},"excerpt":{"rendered":"<p>Al Jacme March s&#8217;ha establit una l\u00ednia d&#8217;escola envers l&#8217;\u00e0rea d&#8217;Educaci\u00f3 Visual i Pl\u00e0stica: Els Pintors i Pintores Universals.<br \/>\nA cada curs, des de P3 fins a 6\u00e8 es treballa exhaustivament un artista.<\/p>\n<p>P3<br \/>\nP4<br \/>\nP5<br \/>\n1r<br \/>\n2n<br \/>\n3r<br \/>\n4t<br \/>\n5\u00e8<br \/>\n6\u00e8<\/p>\n<p>POLLOCK<br \/>\nPAUL KLEE<br \/>\nMATISSE<br \/>\nANTONI T\u00c0PIES<br \/>\nWARHOL<br \/>\nVEL\u00c1ZQUEZ<br \/>\nVAN GOGH<br \/>\nDAL\u00cd<br \/>\nPICASSO<\/p>\n<p>MIR\u00d3<br \/>\nKANDINSKY<br \/>\nO&#8217;KEEFFE<\/p>\n<p><a href=\"http:\/\/agora.xtec.cat\/ceipjmarch\/wp-content\/uploads\/usu1497\/2016\/10\/IMG_9886-copia.jpg\"><\/a>Els pintors de P3<br \/>\n<a href=\"http:\/\/agora.xtec.cat\/ceipjmarch\/wp-content\/uploads\/usu1497\/2016\/10\/20160226_094425-copia.jpg\"><\/a>Els alumnes de P4 i Paul&hellip;  <a href=\"https:\/\/agora.xtec.cat\/ceipjmarch\/projecte-educatiu\/projectes-descola-2\/projecte-artistic\/\" title=\"Read Projecte Art\u00edstic\">Llegeix m\u00e9s\u00bb<\/a><\/p>\n","protected":false},"author":1,"featured_media":0,"parent":527,"menu_order":14,"comment_status":"closed","ping_status":"closed","template":"page-templates\/side-menu.php","meta":{"_bbp_topic_count":0,"_bbp_reply_count":0,"_bbp_total_topic_count":0,"_bbp_total_reply_count":0,"_bbp_voice_count":0,"_bbp_anonymous_reply_count":0,"_bbp_topic_count_hidden":0,"_bbp_reply_count_hidden":0,"_bbp_forum_subforum_count":0,"footnotes":""},"class_list":["post-675","page","type-page","status-publish","hentry"],"post_mailing_queue_ids":[],"_links":{"self":[{"href":"https:\/\/agora.xtec.cat\/ceipjmarch\/wp-json\/wp\/v2\/pages\/675","targetHints":{"allow":["GET"]}}],"collection":[{"href":"https:\/\/agora.xtec.cat\/ceipjmarch\/wp-json\/wp\/v2\/pages"}],"about":[{"href":"https:\/\/agora.xtec.cat\/ceipjmarch\/wp-json\/wp\/v2\/types\/page"}],"author":[{"embeddable":true,"href":"https:\/\/agora.xtec.cat\/ceipjmarch\/wp-json\/wp\/v2\/users\/1"}],"replies":[{"embeddable":true,"href":"https:\/\/agora.xtec.cat\/ceipjmarch\/wp-json\/wp\/v2\/comments?post=675"}],"version-history":[{"count":3,"href":"https:\/\/agora.xtec.cat\/ceipjmarch\/wp-json\/wp\/v2\/pages\/675\/revisions"}],"predecessor-version":[{"id":785,"href":"https:\/\/agora.xtec.cat\/ceipjmarch\/wp-json\/wp\/v2\/pages\/675\/revisions\/785"}],"up":[{"embeddable":true,"href":"https:\/\/agora.xtec.cat\/ceipjmarch\/wp-json\/wp\/v2\/pages\/527"}],"wp:attachment":[{"href":"https:\/\/agora.xtec.cat\/ceipjmarch\/wp-json\/wp\/v2\/media?parent=675"}],"curies":[{"name":"wp","href":"https:\/\/api.w.org\/{rel}","templated":true}]}}