{"id":666,"date":"2016-10-15T10:17:50","date_gmt":"2016-10-15T08:17:50","guid":{"rendered":"http:\/\/agora.xtec.cat\/ceipjmarch\/?page_id=666"},"modified":"2024-09-05T14:11:34","modified_gmt":"2024-09-05T12:11:34","slug":"comunicacions","status":"publish","type":"page","link":"https:\/\/agora.xtec.cat\/ceipjmarch\/lescola\/comunicacions\/","title":{"rendered":"Comunicacions"},"content":{"rendered":"<p style=\"text-align: justify;\">La import\u00e0ncia de la comunicaci\u00f3 radica en el fet que \u00e9s el nostre mitj\u00e0 per a entendre&#8217;ns els uns als altres. \u00c9s la nostra eina per a aconseguir el que necessitem i el que volem, aix\u00ed com el que som. Per aix\u00f2, no sols com a persones, \u00e9s important comunicar b\u00e9 com escola.<\/p>\n<p style=\"text-align: justify;\">CAL COMUNICAR l&#8217;e-mail de la fam\u00edlia on poder adre\u00e7ar la informaci\u00f3 del centre, per evitar la p\u00e8rdua dels fulls i afavorir una millor gesti\u00f3 dels recursos. Tamb\u00e9 enviarem per e-mail la documentaci\u00f3 que generi una AUTORITZACI\u00d3, \u00e9s a dir, aquells fulls que calgui retornar amb LA SIGNATURA DEL PARE\/MARE O TUTOR\/A, per\u00f2, en aquest cas, tamb\u00e9 farem arribar el full a l&#8217;alumnat perqu\u00e8 sigui signat i retornat.<\/p>\n<p style=\"text-align: justify;\">El programari <b>Dinantia <\/b>\u00e9s la plataforma escolar&#8230;<\/p>\n<p><img loading=\"lazy\" decoding=\"async\" class=\"aligncenter size-full wp-image-2806\" src=\"https:\/\/agora.xtec.cat\/ceipjmarch\/wp-content\/uploads\/usu1497\/2024\/09\/mantenimiento.png\" alt=\"\" width=\"512\" height=\"512\" srcset=\"https:\/\/agora.xtec.cat\/ceipjmarch\/wp-content\/uploads\/usu1497\/2024\/09\/mantenimiento.png 512w, https:\/\/agora.xtec.cat\/ceipjmarch\/wp-content\/uploads\/usu1497\/2024\/09\/mantenimiento-300x300.png 300w, https:\/\/agora.xtec.cat\/ceipjmarch\/wp-content\/uploads\/usu1497\/2024\/09\/mantenimiento-150x150.png 150w\" sizes=\"auto, (max-width: 512px) 100vw, 512px\" \/><\/p>\n<p>&nbsp;<\/p>\n<p>&nbsp;<\/p>\n","protected":false},"excerpt":{"rendered":"<p>La import\u00e0ncia de la comunicaci\u00f3 radica en el fet que \u00e9s el nostre mitj\u00e0 per a entendre&#8217;ns els uns als altres. \u00c9s la nostra eina per a aconseguir el que necessitem i el que volem, aix\u00ed com el que som. Per aix\u00f2, no sols com&hellip;  <a href=\"https:\/\/agora.xtec.cat\/ceipjmarch\/lescola\/comunicacions\/\" title=\"Read Comunicacions\">Llegeix m\u00e9s\u00bb<\/a><\/p>\n","protected":false},"author":1,"featured_media":0,"parent":22,"menu_order":12,"comment_status":"closed","ping_status":"closed","template":"page-templates\/side-menu.php","meta":{"_bbp_topic_count":0,"_bbp_reply_count":0,"_bbp_total_topic_count":0,"_bbp_total_reply_count":0,"_bbp_voice_count":0,"_bbp_anonymous_reply_count":0,"_bbp_topic_count_hidden":0,"_bbp_reply_count_hidden":0,"_bbp_forum_subforum_count":0,"footnotes":""},"class_list":["post-666","page","type-page","status-publish","hentry"],"post_mailing_queue_ids":[],"_links":{"self":[{"href":"https:\/\/agora.xtec.cat\/ceipjmarch\/wp-json\/wp\/v2\/pages\/666","targetHints":{"allow":["GET"]}}],"collection":[{"href":"https:\/\/agora.xtec.cat\/ceipjmarch\/wp-json\/wp\/v2\/pages"}],"about":[{"href":"https:\/\/agora.xtec.cat\/ceipjmarch\/wp-json\/wp\/v2\/types\/page"}],"author":[{"embeddable":true,"href":"https:\/\/agora.xtec.cat\/ceipjmarch\/wp-json\/wp\/v2\/users\/1"}],"replies":[{"embeddable":true,"href":"https:\/\/agora.xtec.cat\/ceipjmarch\/wp-json\/wp\/v2\/comments?post=666"}],"version-history":[{"count":5,"href":"https:\/\/agora.xtec.cat\/ceipjmarch\/wp-json\/wp\/v2\/pages\/666\/revisions"}],"predecessor-version":[{"id":2807,"href":"https:\/\/agora.xtec.cat\/ceipjmarch\/wp-json\/wp\/v2\/pages\/666\/revisions\/2807"}],"up":[{"embeddable":true,"href":"https:\/\/agora.xtec.cat\/ceipjmarch\/wp-json\/wp\/v2\/pages\/22"}],"wp:attachment":[{"href":"https:\/\/agora.xtec.cat\/ceipjmarch\/wp-json\/wp\/v2\/media?parent=666"}],"curies":[{"name":"wp","href":"https:\/\/api.w.org\/{rel}","templated":true}]}}