{"id":64,"date":"2014-09-18T12:39:08","date_gmt":"2014-09-18T11:39:08","guid":{"rendered":"http:\/\/agora.xtec.cat\/ceipjmarch\/?page_id=64"},"modified":"2016-10-18T10:30:52","modified_gmt":"2016-10-18T08:30:52","slug":"projecte-educatiu","status":"publish","type":"page","link":"https:\/\/agora.xtec.cat\/ceipjmarch\/projecte-educatiu\/","title":{"rendered":"Trets d&#8217;identitat"},"content":{"rendered":"<p>A l&#8217;escola Jacme March, tal com desenvolupa el seu Projecte educatiu de centre, ens defineix:<\/p>\n<p><strong>La nostra MISSI\u00d3:\u00a0<\/strong><\/p>\n<ol>\n<li>Treballar per la qualitat i l&#8217;equitat educativa<\/li>\n<li>Promoure el creixement personal integral<\/li>\n<li>Atendre la diversitat<\/li>\n<li>Afavorir el coneixement de la nostra cultura<\/li>\n<li>Establir una bona relaci\u00f3 fam\u00edlia-escola<\/li>\n<li>Mantenir una bona relaci\u00f3 amb l&#8217;entorn<\/li>\n<\/ol>\n<p>&nbsp;<\/p>\n<p><strong>Els nostres VALORS:\u00a0<\/strong><\/p>\n<ol>\n<li>Respecte a l&#8217;altre i a l&#8217;entorn f\u00edsic, social i cultural<\/li>\n<li>Coeducaci\u00f3<\/li>\n<li>Estimulaci\u00f3 de l&#8217;esfor\u00e7 personal<\/li>\n<li>Esperit cr\u00edtic, de di\u00e0leg, emprenedor i solidari<\/li>\n<li>Treball en equip<\/li>\n<li>Voluntat innovadora<\/li>\n<\/ol>\n<p>&nbsp;<\/p>\n<p><strong>La nostra VISI\u00d3:<\/strong><\/p>\n<ol>\n<li>Cohesi\u00f3 social<\/li>\n<li>Acci\u00f3 tutorial<\/li>\n<li>Resultats educatius<\/li>\n<li>Innovaci\u00f3 metodol\u00f2gica i t\u00e8cnica<\/li>\n<li>Implicaci\u00f3 de les fam\u00edlies en el Projecte educatiu<\/li>\n<\/ol>\n<p>I la nostra voluntat d&#8217;esdevenir un centre d&#8217;educaci\u00f3 infantil i prim\u00e0ria, que sigui valorat positivament per la ciutadania gavanenca per la nostra excel\u00b7l\u00e8ncia i equitat educativa.<\/p>\n","protected":false},"excerpt":{"rendered":"<p>A l&#8217;escola Jacme March, tal com desenvolupa el seu Projecte educatiu de centre, ens defineix:<br \/>\nLa nostra MISSI\u00d3:\u00a0<\/p>\n<ol>\n<li>Treballar per la qualitat i l&#8217;equitat educativa<\/li>\n<li>Promoure el creixement personal integral<\/li>\n<li>Atendre la diversitat<\/li>\n<li>Afavorir el coneixement de la nostra cultura<\/li>\n<li>Establir una bona relaci\u00f3 fam\u00edlia-escola<\/li>\n<li>Mantenir una bona relaci\u00f3 amb l&#8217;entorn<\/li>\n<\/ol>\n<p>&nbsp;<br \/>\nEls nostres&hellip;  <a href=\"https:\/\/agora.xtec.cat\/ceipjmarch\/projecte-educatiu\/\" title=\"Read Trets d&#8217;identitat\">Llegeix m\u00e9s\u00bb<\/a><\/p>\n","protected":false},"author":1,"featured_media":0,"parent":0,"menu_order":0,"comment_status":"closed","ping_status":"closed","template":"page-templates\/side-menu.php","meta":{"_bbp_topic_count":0,"_bbp_reply_count":0,"_bbp_total_topic_count":0,"_bbp_total_reply_count":0,"_bbp_voice_count":0,"_bbp_anonymous_reply_count":0,"_bbp_topic_count_hidden":0,"_bbp_reply_count_hidden":0,"_bbp_forum_subforum_count":0,"footnotes":""},"class_list":["post-64","page","type-page","status-publish","hentry"],"post_mailing_queue_ids":[],"_links":{"self":[{"href":"https:\/\/agora.xtec.cat\/ceipjmarch\/wp-json\/wp\/v2\/pages\/64","targetHints":{"allow":["GET"]}}],"collection":[{"href":"https:\/\/agora.xtec.cat\/ceipjmarch\/wp-json\/wp\/v2\/pages"}],"about":[{"href":"https:\/\/agora.xtec.cat\/ceipjmarch\/wp-json\/wp\/v2\/types\/page"}],"author":[{"embeddable":true,"href":"https:\/\/agora.xtec.cat\/ceipjmarch\/wp-json\/wp\/v2\/users\/1"}],"replies":[{"embeddable":true,"href":"https:\/\/agora.xtec.cat\/ceipjmarch\/wp-json\/wp\/v2\/comments?post=64"}],"version-history":[{"count":3,"href":"https:\/\/agora.xtec.cat\/ceipjmarch\/wp-json\/wp\/v2\/pages\/64\/revisions"}],"predecessor-version":[{"id":714,"href":"https:\/\/agora.xtec.cat\/ceipjmarch\/wp-json\/wp\/v2\/pages\/64\/revisions\/714"}],"wp:attachment":[{"href":"https:\/\/agora.xtec.cat\/ceipjmarch\/wp-json\/wp\/v2\/media?parent=64"}],"curies":[{"name":"wp","href":"https:\/\/api.w.org\/{rel}","templated":true}]}}