{"id":624,"date":"2016-10-14T19:56:55","date_gmt":"2016-10-14T17:56:55","guid":{"rendered":"http:\/\/agora.xtec.cat\/ceipjmarch\/?page_id=624"},"modified":"2016-11-09T15:21:49","modified_gmt":"2016-11-09T14:21:49","slug":"la-maleta-viatgera","status":"publish","type":"page","link":"https:\/\/agora.xtec.cat\/ceipjmarch\/projecte-educatiu\/projectes-descola-2\/la-maleta-viatgera\/","title":{"rendered":"La maleta viatgera"},"content":{"rendered":"<p style=\"text-align: justify;\">Fa uns quants cursos que vam iniciar el projecte: <strong>&#8220;La maleta viatgera&#8221;.<\/strong><\/p>\n<p style=\"text-align: justify;\">Cada classe t\u00e9 una maleta amb 5 llibres molt especials i atractius i, cada setmana, un alumne\/a se l&#8217;emporta a casa i pot gaudir dels llibres tota la setmana.<\/p>\n<p style=\"text-align: justify;\">L&#8217;objectiu \u00e9s el d&#8217;iniciar un treball conjunt entre casa i escola per tal que els infants s&#8217;apropin al m\u00f3n dels llibres amb m\u00e9s inter\u00e8s i il\u00b7lusi\u00f3.<a href=\"http:\/\/agora.xtec.cat\/ceipjmarch\/wp-content\/uploads\/usu1497\/2016\/10\/20161018_105436.jpg\"><img loading=\"lazy\" decoding=\"async\" class=\"wp-image-716 alignright\" src=\"http:\/\/agora.xtec.cat\/ceipjmarch\/wp-content\/uploads\/usu1497\/2016\/10\/20161018_105436-1024x768.jpg\" alt=\"20161018_105436\" width=\"246\" height=\"184\" srcset=\"https:\/\/agora.xtec.cat\/ceipjmarch\/wp-content\/uploads\/usu1497\/2016\/10\/20161018_105436-1024x768.jpg 1024w, https:\/\/agora.xtec.cat\/ceipjmarch\/wp-content\/uploads\/usu1497\/2016\/10\/20161018_105436-300x225.jpg 300w, https:\/\/agora.xtec.cat\/ceipjmarch\/wp-content\/uploads\/usu1497\/2016\/10\/20161018_105436-768x576.jpg 768w, https:\/\/agora.xtec.cat\/ceipjmarch\/wp-content\/uploads\/usu1497\/2016\/10\/20161018_105436-200x150.jpg 200w\" sizes=\"auto, (max-width: 246px) 100vw, 246px\" \/><\/a><\/p>\n<p style=\"text-align: justify;\">Des de l&#8217;escola tenim el convenciment que la lectura compartida en\u00a0l&#8217;entorn familiar \u00e9s sempre una experi\u00e8ncia positiva.<\/p>\n<p style=\"text-align: justify;\">Aquesta maleta \u00e9s una excusa perqu\u00e8 els diferents membres de la fam\u00edlia llegeixin, parlin, comentin, somni\u00efn i s&#8217;ho passin b\u00e9 junts. Esperem que us agradi i que en puguem treure molt de profit.<\/p>\n","protected":false},"excerpt":{"rendered":"<p>Fa uns quants cursos que vam iniciar el projecte: &#8220;La maleta viatgera&#8221;.<br \/>\nCada classe t\u00e9 una maleta amb 5 llibres molt especials i atractius i, cada setmana, un alumne\/a se l&#8217;emporta a casa i pot gaudir dels llibres tota la setmana.<br \/>\nL&#8217;objectiu \u00e9s el d&#8217;iniciar un treball&hellip;  <a href=\"https:\/\/agora.xtec.cat\/ceipjmarch\/projecte-educatiu\/projectes-descola-2\/la-maleta-viatgera\/\" title=\"Read La maleta viatgera\">Llegeix m\u00e9s\u00bb<\/a><\/p>\n","protected":false},"author":1,"featured_media":0,"parent":527,"menu_order":3,"comment_status":"closed","ping_status":"closed","template":"page-templates\/side-menu.php","meta":{"_bbp_topic_count":0,"_bbp_reply_count":0,"_bbp_total_topic_count":0,"_bbp_total_reply_count":0,"_bbp_voice_count":0,"_bbp_anonymous_reply_count":0,"_bbp_topic_count_hidden":0,"_bbp_reply_count_hidden":0,"_bbp_forum_subforum_count":0,"footnotes":""},"class_list":["post-624","page","type-page","status-publish","hentry"],"post_mailing_queue_ids":[],"_links":{"self":[{"href":"https:\/\/agora.xtec.cat\/ceipjmarch\/wp-json\/wp\/v2\/pages\/624","targetHints":{"allow":["GET"]}}],"collection":[{"href":"https:\/\/agora.xtec.cat\/ceipjmarch\/wp-json\/wp\/v2\/pages"}],"about":[{"href":"https:\/\/agora.xtec.cat\/ceipjmarch\/wp-json\/wp\/v2\/types\/page"}],"author":[{"embeddable":true,"href":"https:\/\/agora.xtec.cat\/ceipjmarch\/wp-json\/wp\/v2\/users\/1"}],"replies":[{"embeddable":true,"href":"https:\/\/agora.xtec.cat\/ceipjmarch\/wp-json\/wp\/v2\/comments?post=624"}],"version-history":[{"count":3,"href":"https:\/\/agora.xtec.cat\/ceipjmarch\/wp-json\/wp\/v2\/pages\/624\/revisions"}],"predecessor-version":[{"id":851,"href":"https:\/\/agora.xtec.cat\/ceipjmarch\/wp-json\/wp\/v2\/pages\/624\/revisions\/851"}],"up":[{"embeddable":true,"href":"https:\/\/agora.xtec.cat\/ceipjmarch\/wp-json\/wp\/v2\/pages\/527"}],"wp:attachment":[{"href":"https:\/\/agora.xtec.cat\/ceipjmarch\/wp-json\/wp\/v2\/media?parent=624"}],"curies":[{"name":"wp","href":"https:\/\/api.w.org\/{rel}","templated":true}]}}