{"id":591,"date":"2016-10-11T12:52:10","date_gmt":"2016-10-11T10:52:10","guid":{"rendered":"http:\/\/agora.xtec.cat\/ceipjmarch\/?page_id=591"},"modified":"2017-10-24T16:02:14","modified_gmt":"2017-10-24T14:02:14","slug":"sortides","status":"publish","type":"page","link":"https:\/\/agora.xtec.cat\/ceipjmarch\/entorn\/sortides\/","title":{"rendered":"Sortides"},"content":{"rendered":"<p style=\"text-align: justify;\">Durant el\u00a0curs escolar es realitzen\u00a0sortides pedag\u00f2giques per aprofundir en els continguts treballats a les diferents \u00e0rees curriculars. L&#8217;objectiu d&#8217;aquestes activitats \u00e9s apropar a l\u2019alumnat al seu entorn m\u00e9s proper i a l\u2019entorn natural, treballant h\u00e0bits de respecte a tot all\u00f2 que ens envolta.<\/p>\n<p style=\"text-align: justify;\">Podeu consultar el document amb totes les sortides escolars del curs 2017 -2018 al seg\u00fcent enlla\u00e7:<\/p>\n<p style=\"text-align: justify;\"><a href=\"https:\/\/drive.google.com\/file\/d\/0BxaIXKVzAtMha3A3cFpGdmoyRUE\/view?usp=sharing\">Sortides curs 2017-2018\u00a0<\/a><\/p>\n<table style=\"height: 241px;\" width=\"672\">\n<tbody>\n<tr>\n<td style=\"text-align: center;\"><a href=\"http:\/\/agora.xtec.cat\/ceipjmarch\/wp-content\/uploads\/usu1497\/2016\/10\/20161107_125915.jpg\"><img loading=\"lazy\" decoding=\"async\" class=\"aligncenter wp-image-927\" src=\"http:\/\/agora.xtec.cat\/ceipjmarch\/wp-content\/uploads\/usu1497\/2016\/10\/20161107_125915-1024x616.jpg\" alt=\"20161107_125915\" width=\"331\" height=\"199\" srcset=\"https:\/\/agora.xtec.cat\/ceipjmarch\/wp-content\/uploads\/usu1497\/2016\/10\/20161107_125915-1024x616.jpg 1024w, https:\/\/agora.xtec.cat\/ceipjmarch\/wp-content\/uploads\/usu1497\/2016\/10\/20161107_125915-300x180.jpg 300w, https:\/\/agora.xtec.cat\/ceipjmarch\/wp-content\/uploads\/usu1497\/2016\/10\/20161107_125915-768x462.jpg 768w, https:\/\/agora.xtec.cat\/ceipjmarch\/wp-content\/uploads\/usu1497\/2016\/10\/20161107_125915.jpg 2048w\" sizes=\"auto, (max-width: 331px) 100vw, 331px\" \/><\/a><\/p>\n<p><strong>Al museu de les matem\u00e0tiques<\/strong><\/td>\n<td><a href=\"http:\/\/agora.xtec.cat\/ceipjmarch\/wp-content\/uploads\/usu1497\/2016\/10\/IMG_20161107_124846.jpg\"><img loading=\"lazy\" decoding=\"async\" class=\"wp-image-928 alignnone\" src=\"http:\/\/agora.xtec.cat\/ceipjmarch\/wp-content\/uploads\/usu1497\/2016\/10\/IMG_20161107_124846-1024x768.jpg\" alt=\"\u00fe\" width=\"272\" height=\"204\" srcset=\"https:\/\/agora.xtec.cat\/ceipjmarch\/wp-content\/uploads\/usu1497\/2016\/10\/IMG_20161107_124846-1024x768.jpg 1024w, https:\/\/agora.xtec.cat\/ceipjmarch\/wp-content\/uploads\/usu1497\/2016\/10\/IMG_20161107_124846-300x225.jpg 300w, https:\/\/agora.xtec.cat\/ceipjmarch\/wp-content\/uploads\/usu1497\/2016\/10\/IMG_20161107_124846-768x576.jpg 768w, https:\/\/agora.xtec.cat\/ceipjmarch\/wp-content\/uploads\/usu1497\/2016\/10\/IMG_20161107_124846-200x150.jpg 200w\" sizes=\"auto, (max-width: 272px) 100vw, 272px\" \/><\/a><\/p>\n<p style=\"text-align: center;\"><strong>Al museu de les matem\u00e0tiques<\/strong><\/p>\n<\/td>\n<\/tr>\n<\/tbody>\n<\/table>\n","protected":false},"excerpt":{"rendered":"<p>Durant el\u00a0curs escolar es realitzen\u00a0sortides pedag\u00f2giques per aprofundir en els continguts treballats a les diferents \u00e0rees curriculars. L&#8217;objectiu d&#8217;aquestes activitats \u00e9s apropar a l\u2019alumnat al seu entorn m\u00e9s proper i a l\u2019entorn natural, treballant h\u00e0bits de respecte a tot all\u00f2 que ens envolta.<br \/>\nPodeu consultar el&hellip;  <a href=\"https:\/\/agora.xtec.cat\/ceipjmarch\/entorn\/sortides\/\" title=\"Read Sortides\">Llegeix m\u00e9s\u00bb<\/a><\/p>\n","protected":false},"author":1,"featured_media":0,"parent":583,"menu_order":4,"comment_status":"closed","ping_status":"closed","template":"page-templates\/side-menu.php","meta":{"_bbp_topic_count":0,"_bbp_reply_count":0,"_bbp_total_topic_count":0,"_bbp_total_reply_count":0,"_bbp_voice_count":0,"_bbp_anonymous_reply_count":0,"_bbp_topic_count_hidden":0,"_bbp_reply_count_hidden":0,"_bbp_forum_subforum_count":0,"footnotes":""},"class_list":["post-591","page","type-page","status-publish","hentry"],"post_mailing_queue_ids":[],"_links":{"self":[{"href":"https:\/\/agora.xtec.cat\/ceipjmarch\/wp-json\/wp\/v2\/pages\/591","targetHints":{"allow":["GET"]}}],"collection":[{"href":"https:\/\/agora.xtec.cat\/ceipjmarch\/wp-json\/wp\/v2\/pages"}],"about":[{"href":"https:\/\/agora.xtec.cat\/ceipjmarch\/wp-json\/wp\/v2\/types\/page"}],"author":[{"embeddable":true,"href":"https:\/\/agora.xtec.cat\/ceipjmarch\/wp-json\/wp\/v2\/users\/1"}],"replies":[{"embeddable":true,"href":"https:\/\/agora.xtec.cat\/ceipjmarch\/wp-json\/wp\/v2\/comments?post=591"}],"version-history":[{"count":4,"href":"https:\/\/agora.xtec.cat\/ceipjmarch\/wp-json\/wp\/v2\/pages\/591\/revisions"}],"predecessor-version":[{"id":1151,"href":"https:\/\/agora.xtec.cat\/ceipjmarch\/wp-json\/wp\/v2\/pages\/591\/revisions\/1151"}],"up":[{"embeddable":true,"href":"https:\/\/agora.xtec.cat\/ceipjmarch\/wp-json\/wp\/v2\/pages\/583"}],"wp:attachment":[{"href":"https:\/\/agora.xtec.cat\/ceipjmarch\/wp-json\/wp\/v2\/media?parent=591"}],"curies":[{"name":"wp","href":"https:\/\/api.w.org\/{rel}","templated":true}]}}