{"id":589,"date":"2016-10-11T12:51:54","date_gmt":"2016-10-11T10:51:54","guid":{"rendered":"http:\/\/agora.xtec.cat\/ceipjmarch\/?page_id=589"},"modified":"2016-11-21T15:35:08","modified_gmt":"2016-11-21T14:35:08","slug":"festes","status":"publish","type":"page","link":"https:\/\/agora.xtec.cat\/ceipjmarch\/entorn\/festes\/","title":{"rendered":"Festes"},"content":{"rendered":"<p style=\"text-align: center;\">A l&#8217;escola celebrem festes pr\u00f2pies de la nostra cultura: la Castanyada (i des de l&#8217;\u00e0rea de llengua anglesa el Halloween), el Concert de Nadal, Carnestoltes i Sant Jordi.<\/p>\n<p style=\"text-align: justify;\">A m\u00e9s a m\u00e9s, tamb\u00e9 \u00e9s tradici\u00f3 participar en el comiat dels alumnes de 6\u00e8 i prepara la festa de fi de curs per a tota la comunitat.<\/p>\n<table>\n<tbody>\n<tr>\n<td style=\"text-align: center;\"><a href=\"http:\/\/agora.xtec.cat\/ceipjmarch\/wp-content\/uploads\/usu1497\/2016\/10\/halloween.jpg\"><img loading=\"lazy\" decoding=\"async\" class=\"aligncenter wp-image-832\" src=\"http:\/\/agora.xtec.cat\/ceipjmarch\/wp-content\/uploads\/usu1497\/2016\/10\/halloween.jpg\" alt=\"halloween\" width=\"329\" height=\"217\" srcset=\"https:\/\/agora.xtec.cat\/ceipjmarch\/wp-content\/uploads\/usu1497\/2016\/10\/halloween.jpg 640w, https:\/\/agora.xtec.cat\/ceipjmarch\/wp-content\/uploads\/usu1497\/2016\/10\/halloween-300x198.jpg 300w\" sizes=\"auto, (max-width: 329px) 100vw, 329px\" \/><\/a>\u00a0HALLOWEEN<\/td>\n<td style=\"text-align: center;\"><a href=\"http:\/\/agora.xtec.cat\/ceipjmarch\/wp-content\/uploads\/usu1497\/2016\/10\/20161028_120506.jpg\"><img loading=\"lazy\" decoding=\"async\" class=\"aligncenter wp-image-833\" src=\"http:\/\/agora.xtec.cat\/ceipjmarch\/wp-content\/uploads\/usu1497\/2016\/10\/20161028_120506.jpg\" alt=\"20161028_120506\" width=\"359\" height=\"202\" srcset=\"https:\/\/agora.xtec.cat\/ceipjmarch\/wp-content\/uploads\/usu1497\/2016\/10\/20161028_120506.jpg 426w, https:\/\/agora.xtec.cat\/ceipjmarch\/wp-content\/uploads\/usu1497\/2016\/10\/20161028_120506-300x169.jpg 300w\" sizes=\"auto, (max-width: 359px) 100vw, 359px\" \/><\/a>\u00a0CASTANYADA<\/td>\n<\/tr>\n<tr>\n<td style=\"text-align: center;\"><img loading=\"lazy\" decoding=\"async\" class=\"aligncenter wp-image-834\" src=\"http:\/\/agora.xtec.cat\/ceipjmarch\/wp-content\/uploads\/usu1497\/2016\/10\/20161028_123927.jpg\" alt=\"20161028_123927\" width=\"357\" height=\"201\" srcset=\"https:\/\/agora.xtec.cat\/ceipjmarch\/wp-content\/uploads\/usu1497\/2016\/10\/20161028_123927.jpg 532w, https:\/\/agora.xtec.cat\/ceipjmarch\/wp-content\/uploads\/usu1497\/2016\/10\/20161028_123927-300x169.jpg 300w\" sizes=\"auto, (max-width: 357px) 100vw, 357px\" \/>\u00a0CASTANYADA<\/td>\n<td style=\"text-align: center;\"><a href=\"http:\/\/agora.xtec.cat\/ceipjmarch\/wp-content\/uploads\/usu1497\/2016\/10\/Nadal-1.jpg\"><img loading=\"lazy\" decoding=\"async\" class=\"aligncenter wp-image-901\" src=\"http:\/\/agora.xtec.cat\/ceipjmarch\/wp-content\/uploads\/usu1497\/2016\/10\/Nadal-1.jpg\" alt=\"nadal-1\" width=\"310\" height=\"206\" srcset=\"https:\/\/agora.xtec.cat\/ceipjmarch\/wp-content\/uploads\/usu1497\/2016\/10\/Nadal-1.jpg 717w, https:\/\/agora.xtec.cat\/ceipjmarch\/wp-content\/uploads\/usu1497\/2016\/10\/Nadal-1-300x200.jpg 300w\" sizes=\"auto, (max-width: 310px) 100vw, 310px\" \/><\/a>\u00a0NADAL<\/td>\n<\/tr>\n<tr>\n<td style=\"text-align: center;\"><a href=\"http:\/\/agora.xtec.cat\/ceipjmarch\/wp-content\/uploads\/usu1497\/2016\/10\/nadal-2.jpg\"><img loading=\"lazy\" decoding=\"async\" class=\"aligncenter wp-image-902\" src=\"http:\/\/agora.xtec.cat\/ceipjmarch\/wp-content\/uploads\/usu1497\/2016\/10\/nadal-2.jpg\" alt=\"nadal-2\" width=\"311\" height=\"207\" srcset=\"https:\/\/agora.xtec.cat\/ceipjmarch\/wp-content\/uploads\/usu1497\/2016\/10\/nadal-2.jpg 718w, https:\/\/agora.xtec.cat\/ceipjmarch\/wp-content\/uploads\/usu1497\/2016\/10\/nadal-2-300x200.jpg 300w\" sizes=\"auto, (max-width: 311px) 100vw, 311px\" \/><\/a>\u00a0NADAL<\/td>\n<td style=\"text-align: center;\"><a href=\"http:\/\/agora.xtec.cat\/ceipjmarch\/wp-content\/uploads\/usu1497\/2016\/10\/carnaval-1.jpg\"><img loading=\"lazy\" decoding=\"async\" class=\"aligncenter wp-image-900\" src=\"http:\/\/agora.xtec.cat\/ceipjmarch\/wp-content\/uploads\/usu1497\/2016\/10\/carnaval-1.jpg\" alt=\"carnaval-1\" width=\"315\" height=\"213\" srcset=\"https:\/\/agora.xtec.cat\/ceipjmarch\/wp-content\/uploads\/usu1497\/2016\/10\/carnaval-1.jpg 606w, https:\/\/agora.xtec.cat\/ceipjmarch\/wp-content\/uploads\/usu1497\/2016\/10\/carnaval-1-300x203.jpg 300w\" sizes=\"auto, (max-width: 315px) 100vw, 315px\" \/><\/a>\u00a0CARNESTOLTES<\/td>\n<\/tr>\n<tr>\n<td style=\"text-align: center;\"><a href=\"http:\/\/agora.xtec.cat\/ceipjmarch\/wp-content\/uploads\/usu1497\/2016\/10\/carnaval.jpg\"><img loading=\"lazy\" decoding=\"async\" class=\"aligncenter wp-image-899\" src=\"http:\/\/agora.xtec.cat\/ceipjmarch\/wp-content\/uploads\/usu1497\/2016\/10\/carnaval.jpg\" alt=\"carnaval\" width=\"286\" height=\"428\" srcset=\"https:\/\/agora.xtec.cat\/ceipjmarch\/wp-content\/uploads\/usu1497\/2016\/10\/carnaval.jpg 534w, https:\/\/agora.xtec.cat\/ceipjmarch\/wp-content\/uploads\/usu1497\/2016\/10\/carnaval-200x300.jpg 200w\" sizes=\"auto, (max-width: 286px) 100vw, 286px\" \/><\/a>\u00a0CARNESTOLTES<\/td>\n<td style=\"text-align: center;\">\u00a0<a href=\"http:\/\/agora.xtec.cat\/ceipjmarch\/wp-content\/uploads\/usu1497\/2016\/10\/IMG_0740.jpg\"><img loading=\"lazy\" decoding=\"async\" class=\"aligncenter  wp-image-934\" src=\"http:\/\/agora.xtec.cat\/ceipjmarch\/wp-content\/uploads\/usu1497\/2016\/10\/IMG_0740-1024x1024.jpg\" alt=\"img_0740\" width=\"287\" height=\"287\" srcset=\"https:\/\/agora.xtec.cat\/ceipjmarch\/wp-content\/uploads\/usu1497\/2016\/10\/IMG_0740-1024x1024.jpg 1024w, https:\/\/agora.xtec.cat\/ceipjmarch\/wp-content\/uploads\/usu1497\/2016\/10\/IMG_0740-150x150.jpg 150w, https:\/\/agora.xtec.cat\/ceipjmarch\/wp-content\/uploads\/usu1497\/2016\/10\/IMG_0740-300x300.jpg 300w, https:\/\/agora.xtec.cat\/ceipjmarch\/wp-content\/uploads\/usu1497\/2016\/10\/IMG_0740-768x768.jpg 768w\" sizes=\"auto, (max-width: 287px) 100vw, 287px\" \/><\/a>SANT JORDI<\/td>\n<\/tr>\n<tr>\n<td style=\"text-align: center;\"><a href=\"http:\/\/agora.xtec.cat\/ceipjmarch\/wp-content\/uploads\/usu1497\/2016\/10\/IMG_0471LOTE4.jpg\"><img loading=\"lazy\" decoding=\"async\" class=\"wp-image-931 aligncenter\" src=\"http:\/\/agora.xtec.cat\/ceipjmarch\/wp-content\/uploads\/usu1497\/2016\/10\/IMG_0471LOTE4-1024x450.jpg\" alt=\"img_0471lote4\" width=\"367\" height=\"161\" srcset=\"https:\/\/agora.xtec.cat\/ceipjmarch\/wp-content\/uploads\/usu1497\/2016\/10\/IMG_0471LOTE4-1024x450.jpg 1024w, https:\/\/agora.xtec.cat\/ceipjmarch\/wp-content\/uploads\/usu1497\/2016\/10\/IMG_0471LOTE4-300x132.jpg 300w, https:\/\/agora.xtec.cat\/ceipjmarch\/wp-content\/uploads\/usu1497\/2016\/10\/IMG_0471LOTE4-768x337.jpg 768w, https:\/\/agora.xtec.cat\/ceipjmarch\/wp-content\/uploads\/usu1497\/2016\/10\/IMG_0471LOTE4.jpg 1696w\" sizes=\"auto, (max-width: 367px) 100vw, 367px\" \/><\/a>COMIAT 6\u00c8<\/td>\n<td style=\"text-align: center;\"><a href=\"http:\/\/agora.xtec.cat\/ceipjmarch\/wp-content\/uploads\/usu1497\/2016\/10\/IMG_0470LOTE4-1.jpg\"><img loading=\"lazy\" decoding=\"async\" class=\"aligncenter  wp-image-932\" src=\"http:\/\/agora.xtec.cat\/ceipjmarch\/wp-content\/uploads\/usu1497\/2016\/10\/IMG_0470LOTE4-1-1024x488.jpg\" alt=\"img_0470lote4\" width=\"331\" height=\"158\" srcset=\"https:\/\/agora.xtec.cat\/ceipjmarch\/wp-content\/uploads\/usu1497\/2016\/10\/IMG_0470LOTE4-1-1024x488.jpg 1024w, https:\/\/agora.xtec.cat\/ceipjmarch\/wp-content\/uploads\/usu1497\/2016\/10\/IMG_0470LOTE4-1-300x143.jpg 300w, https:\/\/agora.xtec.cat\/ceipjmarch\/wp-content\/uploads\/usu1497\/2016\/10\/IMG_0470LOTE4-1-768x366.jpg 768w, https:\/\/agora.xtec.cat\/ceipjmarch\/wp-content\/uploads\/usu1497\/2016\/10\/IMG_0470LOTE4-1.jpg 1449w\" sizes=\"auto, (max-width: 331px) 100vw, 331px\" \/><\/a>COMIAT 6\u00c8<\/td>\n<\/tr>\n<\/tbody>\n<\/table>\n<p>&nbsp;<\/p>\n","protected":false},"excerpt":{"rendered":"<p>A l&#8217;escola celebrem festes pr\u00f2pies de la nostra cultura: la Castanyada (i des de l&#8217;\u00e0rea de llengua anglesa el Halloween), el Concert de Nadal, Carnestoltes i Sant Jordi.<br \/>\nA m\u00e9s a m\u00e9s, tamb\u00e9 \u00e9s tradici\u00f3 participar en el comiat dels alumnes de 6\u00e8 i prepara la&hellip;  <a href=\"https:\/\/agora.xtec.cat\/ceipjmarch\/entorn\/festes\/\" title=\"Read Festes\">Llegeix m\u00e9s\u00bb<\/a><\/p>\n","protected":false},"author":1,"featured_media":0,"parent":583,"menu_order":3,"comment_status":"closed","ping_status":"closed","template":"page-templates\/side-menu.php","meta":{"_bbp_topic_count":0,"_bbp_reply_count":0,"_bbp_total_topic_count":0,"_bbp_total_reply_count":0,"_bbp_voice_count":0,"_bbp_anonymous_reply_count":0,"_bbp_topic_count_hidden":0,"_bbp_reply_count_hidden":0,"_bbp_forum_subforum_count":0,"footnotes":""},"class_list":["post-589","page","type-page","status-publish","hentry"],"post_mailing_queue_ids":[],"_links":{"self":[{"href":"https:\/\/agora.xtec.cat\/ceipjmarch\/wp-json\/wp\/v2\/pages\/589","targetHints":{"allow":["GET"]}}],"collection":[{"href":"https:\/\/agora.xtec.cat\/ceipjmarch\/wp-json\/wp\/v2\/pages"}],"about":[{"href":"https:\/\/agora.xtec.cat\/ceipjmarch\/wp-json\/wp\/v2\/types\/page"}],"author":[{"embeddable":true,"href":"https:\/\/agora.xtec.cat\/ceipjmarch\/wp-json\/wp\/v2\/users\/1"}],"replies":[{"embeddable":true,"href":"https:\/\/agora.xtec.cat\/ceipjmarch\/wp-json\/wp\/v2\/comments?post=589"}],"version-history":[{"count":3,"href":"https:\/\/agora.xtec.cat\/ceipjmarch\/wp-json\/wp\/v2\/pages\/589\/revisions"}],"predecessor-version":[{"id":935,"href":"https:\/\/agora.xtec.cat\/ceipjmarch\/wp-json\/wp\/v2\/pages\/589\/revisions\/935"}],"up":[{"embeddable":true,"href":"https:\/\/agora.xtec.cat\/ceipjmarch\/wp-json\/wp\/v2\/pages\/583"}],"wp:attachment":[{"href":"https:\/\/agora.xtec.cat\/ceipjmarch\/wp-json\/wp\/v2\/media?parent=589"}],"curies":[{"name":"wp","href":"https:\/\/api.w.org\/{rel}","templated":true}]}}