{"id":541,"date":"2016-10-11T11:22:21","date_gmt":"2016-10-11T09:22:21","guid":{"rendered":"http:\/\/agora.xtec.cat\/ceipjmarch\/?page_id=541"},"modified":"2016-11-09T15:27:01","modified_gmt":"2016-11-09T14:27:01","slug":"dimecres-de-fruita","status":"publish","type":"page","link":"https:\/\/agora.xtec.cat\/ceipjmarch\/projecte-educatiu\/projectes-descola-2\/dimecres-de-fruita\/","title":{"rendered":"Dimecres de fruita"},"content":{"rendered":"<p style=\"text-align: justify;\">L&#8217;escola participa en el Pla del consum\u00a0de fruita.<img loading=\"lazy\" decoding=\"async\" class=\"alignright\" src=\"http:\/\/1.bp.blogspot.com\/-rfi4_X05MxM\/UKyIrHPpOwI\/AAAAAAAAAVU\/9vRPl52rEmk\/s1600\/fruitsa.png\" alt=\"Resultat d'imatges de pla de consum de fruita a les escoles\" width=\"174\" height=\"153\" \/><\/p>\n<p style=\"text-align: justify;\">\u00c9s per aix\u00f2 que aprofitant el fet de formar part d&#8217;aquest Pla i de voler incentivar una vida m\u00e9s saludable, a l&#8217;escola s&#8217;ha instaurat el Dimecres com el dia de la fruita. Es proposa a l&#8217;alumnat que portin un esmorzar basat en fruita.<\/p>\n<p>&nbsp;<\/p>\n","protected":false},"excerpt":{"rendered":"<p>L&#8217;escola participa en el Pla del consum\u00a0de fruita.<br \/>\n\u00c9s per aix\u00f2 que aprofitant el fet de formar part d&#8217;aquest Pla i de voler incentivar una vida m\u00e9s saludable, a l&#8217;escola s&#8217;ha instaurat el Dimecres com el dia de la fruita. Es proposa a l&#8217;alumnat que portin&hellip;  <a href=\"https:\/\/agora.xtec.cat\/ceipjmarch\/projecte-educatiu\/projectes-descola-2\/dimecres-de-fruita\/\" title=\"Read Dimecres de fruita\">Llegeix m\u00e9s\u00bb<\/a><\/p>\n","protected":false},"author":1,"featured_media":0,"parent":527,"menu_order":12,"comment_status":"closed","ping_status":"closed","template":"page-templates\/side-menu.php","meta":{"_bbp_topic_count":0,"_bbp_reply_count":0,"_bbp_total_topic_count":0,"_bbp_total_reply_count":0,"_bbp_voice_count":0,"_bbp_anonymous_reply_count":0,"_bbp_topic_count_hidden":0,"_bbp_reply_count_hidden":0,"_bbp_forum_subforum_count":0,"footnotes":""},"class_list":["post-541","page","type-page","status-publish","hentry"],"post_mailing_queue_ids":[],"_links":{"self":[{"href":"https:\/\/agora.xtec.cat\/ceipjmarch\/wp-json\/wp\/v2\/pages\/541","targetHints":{"allow":["GET"]}}],"collection":[{"href":"https:\/\/agora.xtec.cat\/ceipjmarch\/wp-json\/wp\/v2\/pages"}],"about":[{"href":"https:\/\/agora.xtec.cat\/ceipjmarch\/wp-json\/wp\/v2\/types\/page"}],"author":[{"embeddable":true,"href":"https:\/\/agora.xtec.cat\/ceipjmarch\/wp-json\/wp\/v2\/users\/1"}],"replies":[{"embeddable":true,"href":"https:\/\/agora.xtec.cat\/ceipjmarch\/wp-json\/wp\/v2\/comments?post=541"}],"version-history":[{"count":3,"href":"https:\/\/agora.xtec.cat\/ceipjmarch\/wp-json\/wp\/v2\/pages\/541\/revisions"}],"predecessor-version":[{"id":865,"href":"https:\/\/agora.xtec.cat\/ceipjmarch\/wp-json\/wp\/v2\/pages\/541\/revisions\/865"}],"up":[{"embeddable":true,"href":"https:\/\/agora.xtec.cat\/ceipjmarch\/wp-json\/wp\/v2\/pages\/527"}],"wp:attachment":[{"href":"https:\/\/agora.xtec.cat\/ceipjmarch\/wp-json\/wp\/v2\/media?parent=541"}],"curies":[{"name":"wp","href":"https:\/\/api.w.org\/{rel}","templated":true}]}}