{"id":537,"date":"2016-10-11T11:21:48","date_gmt":"2016-10-11T09:21:48","guid":{"rendered":"http:\/\/agora.xtec.cat\/ceipjmarch\/?page_id=537"},"modified":"2016-11-09T15:23:40","modified_gmt":"2016-11-09T14:23:40","slug":"centre-formador-de-practiques","status":"publish","type":"page","link":"https:\/\/agora.xtec.cat\/ceipjmarch\/projecte-educatiu\/projectes-descola-2\/centre-formador-de-practiques\/","title":{"rendered":"Centre formador de pr\u00e0ctiques"},"content":{"rendered":"<p style=\"text-align: justify;\">L&#8217;escola Jacme March \u00e9s escola formadora de pr\u00e0ctiques<a href=\"http:\/\/agora.xtec.cat\/ceipjmarch\/wp-content\/uploads\/usu1497\/2016\/10\/escola-formadora.jpg\"><img loading=\"lazy\" decoding=\"async\" class=\" wp-image-620 alignright\" src=\"http:\/\/agora.xtec.cat\/ceipjmarch\/wp-content\/uploads\/usu1497\/2016\/10\/escola-formadora.jpg\" alt=\"escola-formadora\" width=\"300\" height=\"205\" srcset=\"https:\/\/agora.xtec.cat\/ceipjmarch\/wp-content\/uploads\/usu1497\/2016\/10\/escola-formadora.jpg 340w, https:\/\/agora.xtec.cat\/ceipjmarch\/wp-content\/uploads\/usu1497\/2016\/10\/escola-formadora-300x205.jpg 300w\" sizes=\"auto, (max-width: 300px) 100vw, 300px\" \/><\/a>. Ser\u00a0un centre formador implica l&#8217;acompanyament i guia dels estudiants en pr\u00e0ctiques que venen de diferents universitats p\u00fabliques i\/o privades \u00a0(UAB, UB, entre d&#8217;altres) dels graus de Formaci\u00f3 d&#8217;Educaci\u00f3 Prim\u00e0ria i Infantil per a que esdevinguin bons professionals en l&#8217;\u00e0mbit de la doc\u00e8ncia.<\/p>\n<p style=\"text-align: justify;\">D&#8217;altra banda, tamb\u00e9 tenim estudiants de Cicles Formatius de l&#8217;Acad\u00e8mia N\u00faria de Gav\u00e0 que venen a realitzar la seva estada de pr\u00e0ctiques a l&#8217;escola.<\/p>\n<p>&nbsp;<\/p>\n","protected":false},"excerpt":{"rendered":"<p>L&#8217;escola Jacme March \u00e9s escola formadora de pr\u00e0ctiques<a href=\"http:\/\/agora.xtec.cat\/ceipjmarch\/wp-content\/uploads\/usu1497\/2016\/10\/escola-formadora.jpg\"><\/a>. Ser\u00a0un centre formador implica l&#8217;acompanyament i guia dels estudiants en pr\u00e0ctiques que venen de diferents universitats p\u00fabliques i\/o privades \u00a0(UAB, UB, entre d&#8217;altres) dels graus de Formaci\u00f3 d&#8217;Educaci\u00f3 Prim\u00e0ria i Infantil per a que esdevinguin bons&hellip;  <a href=\"https:\/\/agora.xtec.cat\/ceipjmarch\/projecte-educatiu\/projectes-descola-2\/centre-formador-de-practiques\/\" title=\"Read Centre formador de pr\u00e0ctiques\">Llegeix m\u00e9s\u00bb<\/a><\/p>\n","protected":false},"author":1,"featured_media":0,"parent":527,"menu_order":7,"comment_status":"closed","ping_status":"closed","template":"page-templates\/side-menu.php","meta":{"_bbp_topic_count":0,"_bbp_reply_count":0,"_bbp_total_topic_count":0,"_bbp_total_reply_count":0,"_bbp_voice_count":0,"_bbp_anonymous_reply_count":0,"_bbp_topic_count_hidden":0,"_bbp_reply_count_hidden":0,"_bbp_forum_subforum_count":0,"footnotes":""},"class_list":["post-537","page","type-page","status-publish","hentry"],"post_mailing_queue_ids":[],"_links":{"self":[{"href":"https:\/\/agora.xtec.cat\/ceipjmarch\/wp-json\/wp\/v2\/pages\/537","targetHints":{"allow":["GET"]}}],"collection":[{"href":"https:\/\/agora.xtec.cat\/ceipjmarch\/wp-json\/wp\/v2\/pages"}],"about":[{"href":"https:\/\/agora.xtec.cat\/ceipjmarch\/wp-json\/wp\/v2\/types\/page"}],"author":[{"embeddable":true,"href":"https:\/\/agora.xtec.cat\/ceipjmarch\/wp-json\/wp\/v2\/users\/1"}],"replies":[{"embeddable":true,"href":"https:\/\/agora.xtec.cat\/ceipjmarch\/wp-json\/wp\/v2\/comments?post=537"}],"version-history":[{"count":3,"href":"https:\/\/agora.xtec.cat\/ceipjmarch\/wp-json\/wp\/v2\/pages\/537\/revisions"}],"predecessor-version":[{"id":856,"href":"https:\/\/agora.xtec.cat\/ceipjmarch\/wp-json\/wp\/v2\/pages\/537\/revisions\/856"}],"up":[{"embeddable":true,"href":"https:\/\/agora.xtec.cat\/ceipjmarch\/wp-json\/wp\/v2\/pages\/527"}],"wp:attachment":[{"href":"https:\/\/agora.xtec.cat\/ceipjmarch\/wp-json\/wp\/v2\/media?parent=537"}],"curies":[{"name":"wp","href":"https:\/\/api.w.org\/{rel}","templated":true}]}}