{"id":535,"date":"2016-10-11T11:21:35","date_gmt":"2016-10-11T09:21:35","guid":{"rendered":"http:\/\/agora.xtec.cat\/ceipjmarch\/?page_id=535"},"modified":"2022-10-26T23:37:20","modified_gmt":"2022-10-26T21:37:20","slug":"projecte-sharing-to-learn","status":"publish","type":"page","link":"https:\/\/agora.xtec.cat\/ceipjmarch\/projecte-educatiu\/projectes-descola-2\/impuls-i-foment-de-langles\/projecte-sharing-to-learn\/","title":{"rendered":"Projecte Sharing to Learn"},"content":{"rendered":"<p style=\"text-align: justify;\"><a href=\"http:\/\/agora.xtec.cat\/ceipjmarch\/wp-content\/uploads\/usu1497\/2016\/10\/sharing.jpg\"><img loading=\"lazy\" decoding=\"async\" class=\"wp-image-687 alignright\" src=\"http:\/\/agora.xtec.cat\/ceipjmarch\/wp-content\/uploads\/usu1497\/2016\/10\/sharing.jpg\" alt=\"sharing\" width=\"269\" height=\"248\" srcset=\"https:\/\/agora.xtec.cat\/ceipjmarch\/wp-content\/uploads\/usu1497\/2016\/10\/sharing.jpg 572w, https:\/\/agora.xtec.cat\/ceipjmarch\/wp-content\/uploads\/usu1497\/2016\/10\/sharing-300x277.jpg 300w\" sizes=\"auto, (max-width: 269px) 100vw, 269px\" \/><\/a>Aquest curs escolar 2022-2013 ja \u00e9s el vuit\u00e9 any que l&#8217;escola Jacme March participa en el projecte Sharing to Learn.<\/p>\n<p style=\"text-align: justify;\">L\u2019objectiu principal d&#8217;aquest projecte innovador \u00e9s afavorir l\u2019intercanvi entre alumnat de diferents etapes educatives i donar suport a la millora de l\u2019expressi\u00f3 oral en llengua anglesa, per tal de facilitar l\u2019acc\u00e9s a entorns pluriling\u00fces i pluriculturals a l\u2019alumnat participant.<\/p>\n<p style=\"text-align: justify;\">Aquest any, a l&#8217;escola venen quatre alumnes de l&#8217;Institut Brugues a l&#8217;hora de Pl\u00e0stica en angl\u00e8s amb l&#8217;alumnat de 5\u00e8.<\/p>\n<p style=\"text-align: justify;\">Si cliqueu a <strong><a href=\"https:\/\/drive.google.com\/file\/d\/0BxaIXKVzAtMhc0g2SGRvTkFMRzQ\/view?usp=sharing\">Projecte Sharing to Learn<\/a>,<\/strong> trobareu m\u00e9s informaci\u00f3.<\/p>\n<p style=\"text-align: justify;\">Tamb\u00e9 podeu consultar el <strong><a href=\"http:\/\/compartirperaprendre.blogspot.com.es\/\">Bloc Sharing to Learn<\/a><\/strong><\/p>\n<p style=\"text-align: justify;\">I per seguir els projectes des de l&#8217;Escola Jacme March i totes les activitats que l&#8217;alumnat de 5\u00e8 realitza amb les Language Assistants, accediu a <strong><a href=\"http:\/\/anglesjacmemarch.blogspot.com.es\/\">Jacme March School English Blog<\/a><\/strong><\/p>\n","protected":false},"excerpt":{"rendered":"<p><a href=\"http:\/\/agora.xtec.cat\/ceipjmarch\/wp-content\/uploads\/usu1497\/2016\/10\/sharing.jpg\"><\/a>Aquest curs escolar 2022-2013 ja \u00e9s el vuit\u00e9 any que l&#8217;escola Jacme March participa en el projecte Sharing to Learn.<br \/>\nL\u2019objectiu principal d&#8217;aquest projecte innovador \u00e9s afavorir l\u2019intercanvi entre alumnat de diferents etapes educatives i donar suport a la millora de l\u2019expressi\u00f3 oral en llengua&hellip;  <a href=\"https:\/\/agora.xtec.cat\/ceipjmarch\/projecte-educatiu\/projectes-descola-2\/impuls-i-foment-de-langles\/projecte-sharing-to-learn\/\" title=\"Read Projecte Sharing to Learn\">Llegeix m\u00e9s\u00bb<\/a><\/p>\n","protected":false},"author":1,"featured_media":0,"parent":533,"menu_order":1,"comment_status":"closed","ping_status":"closed","template":"page-templates\/side-menu.php","meta":{"_bbp_topic_count":0,"_bbp_reply_count":0,"_bbp_total_topic_count":0,"_bbp_total_reply_count":0,"_bbp_voice_count":0,"_bbp_anonymous_reply_count":0,"_bbp_topic_count_hidden":0,"_bbp_reply_count_hidden":0,"_bbp_forum_subforum_count":0,"footnotes":""},"class_list":["post-535","page","type-page","status-publish","hentry"],"post_mailing_queue_ids":[],"_links":{"self":[{"href":"https:\/\/agora.xtec.cat\/ceipjmarch\/wp-json\/wp\/v2\/pages\/535","targetHints":{"allow":["GET"]}}],"collection":[{"href":"https:\/\/agora.xtec.cat\/ceipjmarch\/wp-json\/wp\/v2\/pages"}],"about":[{"href":"https:\/\/agora.xtec.cat\/ceipjmarch\/wp-json\/wp\/v2\/types\/page"}],"author":[{"embeddable":true,"href":"https:\/\/agora.xtec.cat\/ceipjmarch\/wp-json\/wp\/v2\/users\/1"}],"replies":[{"embeddable":true,"href":"https:\/\/agora.xtec.cat\/ceipjmarch\/wp-json\/wp\/v2\/comments?post=535"}],"version-history":[{"count":4,"href":"https:\/\/agora.xtec.cat\/ceipjmarch\/wp-json\/wp\/v2\/pages\/535\/revisions"}],"predecessor-version":[{"id":2356,"href":"https:\/\/agora.xtec.cat\/ceipjmarch\/wp-json\/wp\/v2\/pages\/535\/revisions\/2356"}],"up":[{"embeddable":true,"href":"https:\/\/agora.xtec.cat\/ceipjmarch\/wp-json\/wp\/v2\/pages\/533"}],"wp:attachment":[{"href":"https:\/\/agora.xtec.cat\/ceipjmarch\/wp-json\/wp\/v2\/media?parent=535"}],"curies":[{"name":"wp","href":"https:\/\/api.w.org\/{rel}","templated":true}]}}