{"id":533,"date":"2016-10-11T11:21:21","date_gmt":"2016-10-11T09:21:21","guid":{"rendered":"http:\/\/agora.xtec.cat\/ceipjmarch\/?page_id=533"},"modified":"2022-10-26T23:36:29","modified_gmt":"2022-10-26T21:36:29","slug":"impuls-i-foment-de-langles","status":"publish","type":"page","link":"https:\/\/agora.xtec.cat\/ceipjmarch\/projecte-educatiu\/projectes-descola-2\/impuls-i-foment-de-langles\/","title":{"rendered":"Impuls i foment de l&#8217;angl\u00e8s"},"content":{"rendered":"<p style=\"text-align: justify;\">A l&#8217;escola Jacme March s&#8217;imparteix la llengua anglesa des de I3.<\/p>\n<p style=\"text-align: justify;\">Les hores d&#8217;angl\u00e8s setmanals des de I3 fins a 6\u00e8 van en augment:<\/p>\n<ul style=\"text-align: justify;\">\n<li>A Educaci\u00f3 Infantil es realitzen 45 minuts d&#8217;angl\u00e8s a la setmana en grups desdoblats.<\/li>\n<li>A Cicle Inicial, es duen a terme 1 sessi\u00f3 d&#8217;una hora en grup sencer i una sessi\u00f3 de 45 minuts en grups desdoblats.<\/li>\n<li>A cicle mitj\u00e0 es duen a terme dues sessions d&#8217;una hora en grup sencer i una sessi\u00f3 de 45 minuts en grups desdoblats.<\/li>\n<li>A 5\u00e8\u00a0es duen a terme dues sessions d&#8217;una hora en grup sencer i una sessi\u00f3 de 45 minuts en grups desdoblats. Enguany, l&#8217;Educaci\u00f3 Visual i Pl\u00e0stica es realitza en llengua anglesa.<\/li>\n<li>A 6\u00e8 es realitzen dues sessions d&#8217;una hora en grup sencer i una sessi\u00f3 d&#8217;una hora en grups desdoblats. A m\u00e9s a m\u00e9s, l&#8217;Educaci\u00f3 Visual i Pl\u00e0stica es realitza en llengua anglesa.<\/li>\n<\/ul>\n<p style=\"text-align: justify;\">Podeu entrar al Jacme March School English Blog, clicant a la imatge:<\/p>\n<p><a href=\"http:\/\/anglesjacmemarch.blogspot.com.es\/\"><img loading=\"lazy\" decoding=\"async\" class=\"aligncenter wp-image-775\" src=\"http:\/\/agora.xtec.cat\/ceipjmarch\/wp-content\/uploads\/usu1497\/2016\/10\/english-blog-1024x563.jpg\" alt=\"english-blog\" width=\"508\" height=\"279\" srcset=\"https:\/\/agora.xtec.cat\/ceipjmarch\/wp-content\/uploads\/usu1497\/2016\/10\/english-blog-1024x563.jpg 1024w, https:\/\/agora.xtec.cat\/ceipjmarch\/wp-content\/uploads\/usu1497\/2016\/10\/english-blog-300x165.jpg 300w, https:\/\/agora.xtec.cat\/ceipjmarch\/wp-content\/uploads\/usu1497\/2016\/10\/english-blog-768x422.jpg 768w, https:\/\/agora.xtec.cat\/ceipjmarch\/wp-content\/uploads\/usu1497\/2016\/10\/english-blog.jpg 1207w\" sizes=\"auto, (max-width: 508px) 100vw, 508px\" \/><\/a><\/p>\n","protected":false},"excerpt":{"rendered":"<p>A l&#8217;escola Jacme March s&#8217;imparteix la llengua anglesa des de I3.<br \/>\nLes hores d&#8217;angl\u00e8s setmanals des de I3 fins a 6\u00e8 van en augment:<\/p>\n<ul style=\"text-align: justify;\">\n<li>A Educaci\u00f3 Infantil es realitzen 45 minuts d&#8217;angl\u00e8s a la setmana en grups desdoblats.<\/li>\n<li>A Cicle Inicial, es duen a terme 1&hellip;  <a href=\"https:\/\/agora.xtec.cat\/ceipjmarch\/projecte-educatiu\/projectes-descola-2\/impuls-i-foment-de-langles\/\" title=\"Read Impuls i foment de l&#8217;angl\u00e8s\">Llegeix m\u00e9s\u00bb<\/a><br \/>\n","protected":false},"author":1,"featured_media":0,"parent":527,"menu_order":6,"comment_status":"closed","ping_status":"closed","template":"page-templates\/side-menu.php","meta":{"_bbp_topic_count":0,"_bbp_reply_count":0,"_bbp_total_topic_count":0,"_bbp_total_reply_count":0,"_bbp_voice_count":0,"_bbp_anonymous_reply_count":0,"_bbp_topic_count_hidden":0,"_bbp_reply_count_hidden":0,"_bbp_forum_subforum_count":0,"footnotes":""},"class_list":["post-533","page","type-page","status-publish","hentry"],"post_mailing_queue_ids":[],"_links":{"self":[{"href":"https:\/\/agora.xtec.cat\/ceipjmarch\/wp-json\/wp\/v2\/pages\/533","targetHints":{"allow":["GET"]}}],"collection":[{"href":"https:\/\/agora.xtec.cat\/ceipjmarch\/wp-json\/wp\/v2\/pages"}],"about":[{"href":"https:\/\/agora.xtec.cat\/ceipjmarch\/wp-json\/wp\/v2\/types\/page"}],"author":[{"embeddable":true,"href":"https:\/\/agora.xtec.cat\/ceipjmarch\/wp-json\/wp\/v2\/users\/1"}],"replies":[{"embeddable":true,"href":"https:\/\/agora.xtec.cat\/ceipjmarch\/wp-json\/wp\/v2\/comments?post=533"}],"version-history":[{"count":3,"href":"https:\/\/agora.xtec.cat\/ceipjmarch\/wp-json\/wp\/v2\/pages\/533\/revisions"}],"predecessor-version":[{"id":2355,"href":"https:\/\/agora.xtec.cat\/ceipjmarch\/wp-json\/wp\/v2\/pages\/533\/revisions\/2355"}],"up":[{"embeddable":true,"href":"https:\/\/agora.xtec.cat\/ceipjmarch\/wp-json\/wp\/v2\/pages\/527"}],"wp:attachment":[{"href":"https:\/\/agora.xtec.cat\/ceipjmarch\/wp-json\/wp\/v2\/media?parent=533"}],"curies":[{"name":"wp","href":"https:\/\/api.w.org\/{rel}","templated":true}]}}