{"id":529,"date":"2016-10-11T11:20:44","date_gmt":"2016-10-11T09:20:44","guid":{"rendered":"http:\/\/agora.xtec.cat\/ceipjmarch\/?page_id=529"},"modified":"2016-11-09T15:21:21","modified_gmt":"2016-11-09T14:21:21","slug":"projecte-interdisciplinari-de-centre","status":"publish","type":"page","link":"https:\/\/agora.xtec.cat\/ceipjmarch\/projecte-educatiu\/projectes-descola-2\/projecte-interdisciplinari-de-centre\/","title":{"rendered":"Projecte Interdisciplinari de centre"},"content":{"rendered":"<p style=\"text-align: justify;\">Des de P3 fins a 6\u00e8, al llarg de cada curs, es treballa com a m<a href=\"http:\/\/agora.xtec.cat\/ceipjmarch\/wp-content\/uploads\/usu1497\/2016\/10\/projectes.jpg\"><img loading=\"lazy\" decoding=\"async\" class=\" wp-image-622 alignright\" src=\"http:\/\/agora.xtec.cat\/ceipjmarch\/wp-content\/uploads\/usu1497\/2016\/10\/projectes.jpg\" alt=\"projectes\" width=\"279\" height=\"213\" srcset=\"https:\/\/agora.xtec.cat\/ceipjmarch\/wp-content\/uploads\/usu1497\/2016\/10\/projectes.jpg 480w, https:\/\/agora.xtec.cat\/ceipjmarch\/wp-content\/uploads\/usu1497\/2016\/10\/projectes-300x228.jpg 300w\" sizes=\"auto, (max-width: 279px) 100vw, 279px\" \/><\/a>\u00ednim un projecte interdisciplinari.<\/p>\n<p style=\"text-align: justify;\">Treballar per projectes significa abordar un tema o aspecte de la realitat, partint dels interessos de l&#8217;alumnat i aplicant coneixements de les diferents \u00e0rees. Aquesta manera de treballar resulta molt motivadora pels infants, permet posar en pr\u00e0ctica totes les compet\u00e8ncies b\u00e0siques i fa protagonista a l&#8217;alumne\/a en la construcci\u00f3 del propi coneixement.<\/p>\n","protected":false},"excerpt":{"rendered":"<p>Des de P3 fins a 6\u00e8, al llarg de cada curs, es treballa com a m<a href=\"http:\/\/agora.xtec.cat\/ceipjmarch\/wp-content\/uploads\/usu1497\/2016\/10\/projectes.jpg\"><\/a>\u00ednim un projecte interdisciplinari.<br \/>\nTreballar per projectes significa abordar un tema o aspecte de la realitat, partint dels interessos de l&#8217;alumnat i aplicant coneixements de les diferents \u00e0rees. Aquesta manera&hellip;  <a href=\"https:\/\/agora.xtec.cat\/ceipjmarch\/projecte-educatiu\/projectes-descola-2\/projecte-interdisciplinari-de-centre\/\" title=\"Read Projecte Interdisciplinari de centre\">Llegeix m\u00e9s\u00bb<\/a><\/p>\n","protected":false},"author":1,"featured_media":0,"parent":527,"menu_order":2,"comment_status":"closed","ping_status":"closed","template":"page-templates\/side-menu.php","meta":{"_bbp_topic_count":0,"_bbp_reply_count":0,"_bbp_total_topic_count":0,"_bbp_total_reply_count":0,"_bbp_voice_count":0,"_bbp_anonymous_reply_count":0,"_bbp_topic_count_hidden":0,"_bbp_reply_count_hidden":0,"_bbp_forum_subforum_count":0,"footnotes":""},"class_list":["post-529","page","type-page","status-publish","hentry"],"post_mailing_queue_ids":[],"_links":{"self":[{"href":"https:\/\/agora.xtec.cat\/ceipjmarch\/wp-json\/wp\/v2\/pages\/529","targetHints":{"allow":["GET"]}}],"collection":[{"href":"https:\/\/agora.xtec.cat\/ceipjmarch\/wp-json\/wp\/v2\/pages"}],"about":[{"href":"https:\/\/agora.xtec.cat\/ceipjmarch\/wp-json\/wp\/v2\/types\/page"}],"author":[{"embeddable":true,"href":"https:\/\/agora.xtec.cat\/ceipjmarch\/wp-json\/wp\/v2\/users\/1"}],"replies":[{"embeddable":true,"href":"https:\/\/agora.xtec.cat\/ceipjmarch\/wp-json\/wp\/v2\/comments?post=529"}],"version-history":[{"count":3,"href":"https:\/\/agora.xtec.cat\/ceipjmarch\/wp-json\/wp\/v2\/pages\/529\/revisions"}],"predecessor-version":[{"id":850,"href":"https:\/\/agora.xtec.cat\/ceipjmarch\/wp-json\/wp\/v2\/pages\/529\/revisions\/850"}],"up":[{"embeddable":true,"href":"https:\/\/agora.xtec.cat\/ceipjmarch\/wp-json\/wp\/v2\/pages\/527"}],"wp:attachment":[{"href":"https:\/\/agora.xtec.cat\/ceipjmarch\/wp-json\/wp\/v2\/media?parent=529"}],"curies":[{"name":"wp","href":"https:\/\/api.w.org\/{rel}","templated":true}]}}