{"id":512,"date":"2016-10-11T08:52:39","date_gmt":"2016-10-11T06:52:39","guid":{"rendered":"http:\/\/agora.xtec.cat\/ceipjmarch\/?page_id=512"},"modified":"2016-11-09T15:24:39","modified_gmt":"2016-11-09T14:24:39","slug":"educacio-emocional","status":"publish","type":"page","link":"https:\/\/agora.xtec.cat\/ceipjmarch\/projecte-educatiu\/projectes-descola-2\/educacio-emocional\/","title":{"rendered":"Educaci\u00f3 Emocional"},"content":{"rendered":"<p style=\"text-align: justify;\">Molts dels problemes de la societat actual tenen un substrat emocional. N&#8217;hi ha prou de llegir la premsa i estar al dia de les not\u00edcies dels mitjans de comunicaci\u00f3 per constatar que vivim constantment amb ansietat, estr\u00e8s, depressi\u00f3; que hi ha conflictes, su\u00efcidis, consum de drogues, comportaments de risc, etc. Si ens hi fixem, en tots aquests exemples es manifesta l&#8217;analfabetisme emocional, que s&#8217;observa en la incapacitat per controlar la impulsivitat i la ira.<\/p>\n<p style=\"text-align: justify;\">Les compet\u00e8ncies emocionals afavoreixen les relacions amb altres persones i am<a href=\"http:\/\/agora.xtec.cat\/ceipjmarch\/wp-content\/uploads\/usu1497\/2016\/10\/emocional.jpg\"><img loading=\"lazy\" decoding=\"async\" class=\"wp-image-628 alignright\" src=\"http:\/\/agora.xtec.cat\/ceipjmarch\/wp-content\/uploads\/usu1497\/2016\/10\/emocional.jpg\" alt=\"emocional\" width=\"339\" height=\"255\" srcset=\"https:\/\/agora.xtec.cat\/ceipjmarch\/wp-content\/uploads\/usu1497\/2016\/10\/emocional.jpg 800w, https:\/\/agora.xtec.cat\/ceipjmarch\/wp-content\/uploads\/usu1497\/2016\/10\/emocional-300x225.jpg 300w, https:\/\/agora.xtec.cat\/ceipjmarch\/wp-content\/uploads\/usu1497\/2016\/10\/emocional-768x576.jpg 768w, https:\/\/agora.xtec.cat\/ceipjmarch\/wp-content\/uploads\/usu1497\/2016\/10\/emocional-200x150.jpg 200w\" sizes=\"auto, (max-width: 339px) 100vw, 339px\" \/><\/a>b un mateix, facilita la resoluci\u00f3 positiva de conflictes, contribueix a la salut f\u00edsica i mental, ajuda a l&#8217;aprenentatge, entre d&#8217;altres. En \u00faltim terme, que \u00e9s el que realment importa, les\u00a0persones amb compet\u00e8ncies emocionals estan en millors condicions per contribuir al benestar personal i social.<\/p>\n<p style=\"text-align: justify;\">\u00c9s important i necessari que l&#8217;educaci\u00f3 emocional es posi en pr\u00e0ctica tant a l&#8217;escola com a la fam\u00edlia. La responsabilitat educativa \u00e9s compartida.<\/p>\n<p>&nbsp;<\/p>\n","protected":false},"excerpt":{"rendered":"<p>Molts dels problemes de la societat actual tenen un substrat emocional. N&#8217;hi ha prou de llegir la premsa i estar al dia de les not\u00edcies dels mitjans de comunicaci\u00f3 per constatar que vivim constantment amb ansietat, estr\u00e8s, depressi\u00f3; que hi ha conflictes, su\u00efcidis, consum de&hellip;  <a href=\"https:\/\/agora.xtec.cat\/ceipjmarch\/projecte-educatiu\/projectes-descola-2\/educacio-emocional\/\" title=\"Read Educaci\u00f3 Emocional\">Llegeix m\u00e9s\u00bb<\/a><\/p>\n","protected":false},"author":1,"featured_media":0,"parent":527,"menu_order":9,"comment_status":"closed","ping_status":"closed","template":"page-templates\/side-menu.php","meta":{"_bbp_topic_count":0,"_bbp_reply_count":0,"_bbp_total_topic_count":0,"_bbp_total_reply_count":0,"_bbp_voice_count":0,"_bbp_anonymous_reply_count":0,"_bbp_topic_count_hidden":0,"_bbp_reply_count_hidden":0,"_bbp_forum_subforum_count":0,"footnotes":""},"class_list":["post-512","page","type-page","status-publish","hentry"],"post_mailing_queue_ids":[],"_links":{"self":[{"href":"https:\/\/agora.xtec.cat\/ceipjmarch\/wp-json\/wp\/v2\/pages\/512","targetHints":{"allow":["GET"]}}],"collection":[{"href":"https:\/\/agora.xtec.cat\/ceipjmarch\/wp-json\/wp\/v2\/pages"}],"about":[{"href":"https:\/\/agora.xtec.cat\/ceipjmarch\/wp-json\/wp\/v2\/types\/page"}],"author":[{"embeddable":true,"href":"https:\/\/agora.xtec.cat\/ceipjmarch\/wp-json\/wp\/v2\/users\/1"}],"replies":[{"embeddable":true,"href":"https:\/\/agora.xtec.cat\/ceipjmarch\/wp-json\/wp\/v2\/comments?post=512"}],"version-history":[{"count":3,"href":"https:\/\/agora.xtec.cat\/ceipjmarch\/wp-json\/wp\/v2\/pages\/512\/revisions"}],"predecessor-version":[{"id":859,"href":"https:\/\/agora.xtec.cat\/ceipjmarch\/wp-json\/wp\/v2\/pages\/512\/revisions\/859"}],"up":[{"embeddable":true,"href":"https:\/\/agora.xtec.cat\/ceipjmarch\/wp-json\/wp\/v2\/pages\/527"}],"wp:attachment":[{"href":"https:\/\/agora.xtec.cat\/ceipjmarch\/wp-json\/wp\/v2\/media?parent=512"}],"curies":[{"name":"wp","href":"https:\/\/api.w.org\/{rel}","templated":true}]}}