{"id":28,"date":"2014-09-18T12:29:35","date_gmt":"2014-09-18T11:29:35","guid":{"rendered":"http:\/\/agora.xtec.cat\/ceipjmarch\/?page_id=28"},"modified":"2024-05-16T10:30:11","modified_gmt":"2024-05-16T08:30:11","slug":"consell-escolar","status":"publish","type":"page","link":"https:\/\/agora.xtec.cat\/ceipjmarch\/lescola\/consell-escolar\/","title":{"rendered":"Consell escolar"},"content":{"rendered":"<p style=\"text-align: justify;\">El Consell Escolar \u00e9s el m\u00e0xim \u00f2rgan pel que fa a la gesti\u00f3 econ\u00f2mica i acad\u00e8mica i a l\u2019organitzaci\u00f3 i funcionament general del centre, supervisant el Projecte de Direcci\u00f3. \u00c9s l\u2019\u00f2rgan col\u00b7legiat de participaci\u00f3 de la comunitat escolar en el govern del centre.<\/p>\n<p style=\"text-align: justify;\">El Consell Escolar est\u00e0 compost pel\/per la director\/a, el\/la cap d\u2019estudis, quatre representants del sector mestres, quatre representants del sector pares i mares (dels quals un hi representa l&#8217;AFA), un\/a representant del sector PAS, un\/a representant de l\u2019Ajuntament i el\/la secretari\/\u00e0ria, que exerceix de secretari\/\u00e0ria del Consell.<\/p>\n<p style=\"text-align: justify;\"><strong>FUNCIONS DEL CONSELL ESCOLAR<\/strong><\/p>\n<ol style=\"text-align: justify;\">\n<li style=\"text-align: justify;\">Aprovar el projecte educatiu i les modificacions corresponents per una majoria de tres cinquenes parts dels membres.<\/li>\n<li style=\"text-align: justify;\">Aprovar la programaci\u00f3 general anual del centre i avaluar-ne el desenvolupament i els resultats.<\/li>\n<li style=\"text-align: justify;\">Aprovar les propostes d\u2019acords de corresponsabilitat, convenis i altres acords de col.laboraci\u00f3 del centre amb entitats o institucions.<\/li>\n<li style=\"text-align: justify;\">Aprovar les normes d\u2019organitzaci\u00f3 i funcionament i les modificacions corresponents.<\/li>\n<li style=\"text-align: justify;\">Aprovar la carta de comprom\u00eds educatiu.<\/li>\n<li style=\"text-align: justify;\">Aprovar el pressupost del centre i el rendiment de comptes.<\/li>\n<li style=\"text-align: justify;\">Intervenir en el procediment d\u2019admissi\u00f3 d\u2019alumnes.<\/li>\n<li style=\"text-align: justify;\">Participar en el procediment de selecci\u00f3 i en la proposta de cessament del director o directora.<\/li>\n<li style=\"text-align: justify;\">Intervenir en la resoluci\u00f3 dels conflictes i, si escau, revisar les sancions als alumnes.<\/li>\n<li style=\"text-align: justify;\">Aprovar les directrius per a la programaci\u00f3 d\u2019activitats escolars complement\u00e0ries i d\u2019activitats extraescolars, i avaluar-ne el desenvolupament.<\/li>\n<li style=\"text-align: justify;\">Participar en les an\u00e0lisis i les avaluacions del funcionament general del centre i con\u00e8ixer l\u2019evoluci\u00f3 del rendiment escolar.<\/li>\n<li style=\"text-align: justify;\">Les persones membres del Consell Escolar, representants electes dels diferents sectors, ho s\u00f3n per un per\u00edode de quatre anys.<\/li>\n<\/ol>\n<div>\n<article id=\"post-28\"><\/article>\n<\/div>\n","protected":false},"excerpt":{"rendered":"<p>El Consell Escolar \u00e9s el m\u00e0xim \u00f2rgan pel que fa a la gesti\u00f3 econ\u00f2mica i acad\u00e8mica i a l\u2019organitzaci\u00f3 i funcionament general del centre, supervisant el Projecte de Direcci\u00f3. \u00c9s l\u2019\u00f2rgan col\u00b7legiat de participaci\u00f3 de la comunitat escolar en el govern del centre.<br \/>\nEl Consell Escolar&hellip;  <a href=\"https:\/\/agora.xtec.cat\/ceipjmarch\/lescola\/consell-escolar\/\" title=\"Read Consell escolar\">Llegeix m\u00e9s\u00bb<\/a><\/p>\n","protected":false},"author":1,"featured_media":0,"parent":22,"menu_order":4,"comment_status":"closed","ping_status":"closed","template":"page-templates\/side-menu.php","meta":{"_bbp_topic_count":0,"_bbp_reply_count":0,"_bbp_total_topic_count":0,"_bbp_total_reply_count":0,"_bbp_voice_count":0,"_bbp_anonymous_reply_count":0,"_bbp_topic_count_hidden":0,"_bbp_reply_count_hidden":0,"_bbp_forum_subforum_count":0,"footnotes":""},"class_list":["post-28","page","type-page","status-publish","hentry"],"post_mailing_queue_ids":[],"_links":{"self":[{"href":"https:\/\/agora.xtec.cat\/ceipjmarch\/wp-json\/wp\/v2\/pages\/28","targetHints":{"allow":["GET"]}}],"collection":[{"href":"https:\/\/agora.xtec.cat\/ceipjmarch\/wp-json\/wp\/v2\/pages"}],"about":[{"href":"https:\/\/agora.xtec.cat\/ceipjmarch\/wp-json\/wp\/v2\/types\/page"}],"author":[{"embeddable":true,"href":"https:\/\/agora.xtec.cat\/ceipjmarch\/wp-json\/wp\/v2\/users\/1"}],"replies":[{"embeddable":true,"href":"https:\/\/agora.xtec.cat\/ceipjmarch\/wp-json\/wp\/v2\/comments?post=28"}],"version-history":[{"count":5,"href":"https:\/\/agora.xtec.cat\/ceipjmarch\/wp-json\/wp\/v2\/pages\/28\/revisions"}],"predecessor-version":[{"id":2789,"href":"https:\/\/agora.xtec.cat\/ceipjmarch\/wp-json\/wp\/v2\/pages\/28\/revisions\/2789"}],"up":[{"embeddable":true,"href":"https:\/\/agora.xtec.cat\/ceipjmarch\/wp-json\/wp\/v2\/pages\/22"}],"wp:attachment":[{"href":"https:\/\/agora.xtec.cat\/ceipjmarch\/wp-json\/wp\/v2\/media?parent=28"}],"curies":[{"name":"wp","href":"https:\/\/api.w.org\/{rel}","templated":true}]}}