{"id":26,"date":"2014-09-18T12:24:32","date_gmt":"2014-09-18T11:24:32","guid":{"rendered":"http:\/\/agora.xtec.cat\/ceipjmarch\/?page_id=26"},"modified":"2026-01-23T11:09:01","modified_gmt":"2026-01-23T10:09:01","slug":"historia","status":"publish","type":"page","link":"https:\/\/agora.xtec.cat\/ceipjmarch\/lescola\/historia\/","title":{"rendered":"La nostra hist\u00f2ria"},"content":{"rendered":"<p><span style=\"font-weight: 400;\">La hist\u00f2ria de la nostra escola comen\u00e7a l\u2019any 1973, d\u2019una l\u00ednia de titularitat p\u00fablica, depenent del Departament d\u2019Educaci\u00f3.<\/span><\/p>\n<p><span style=\"font-weight: 400;\">Est\u00e0 situada en el sector Oest de Gav\u00e0, en el nucli d\u2019una barriada que ha sofert una expansi\u00f3 urban\u00edstica molt important en aquests darrers anys, tant \u00e9s aix\u00ed que l\u2019Ajuntament de la ciutat va ubicar la seva nova seu just al costat del nostre centre.<\/span><\/p>\n<p><span style=\"font-weight: 400;\">Les infraestructures del barri tamb\u00e9 han sofert una millora important. Anys enrere, les instal\u00b7lacions del centre, junt amb el pavell\u00f3 que es troba dins del mateix recinte escolar, eren les \u00faniques zones esportives amb qu\u00e8 comptava el barri. Ara hi ha una piscina municipal, que porta tamb\u00e9 el nom de Jacme March, i la B\u00f2bila, que s\u00f3n unes pistes d\u2019atletisme amb molt bones instal\u00b7lacions, on se celebr\u00e9s activitats esportives for\u00e7a importants.<\/span><\/p>\n<p><span style=\"font-weight: 400;\">Al costat de les depend\u00e8ncies de l\u2019Ajuntament hi ha la\u00a0 Biblioteca Josep Soler Vidal que disposa d&#8217;unes bones sales de lectura i un material inform\u00e0tic d\u2019\u00faltima generaci\u00f3.<\/span><\/p>\n<p><span style=\"font-weight: 400;\">Tamb\u00e9 estem a prop del parc del Mil\u00b7lenni i del parc del Calamot, al voltant dels quals han edificat tota una nova barriada.<\/span><\/p>\n","protected":false},"excerpt":{"rendered":"<p>La hist\u00f2ria de la nostra escola comen\u00e7a l\u2019any 1973, d\u2019una l\u00ednia de titularitat p\u00fablica, depenent del Departament d\u2019Educaci\u00f3.<br \/>\nEst\u00e0 situada en el sector Oest de Gav\u00e0, en el nucli d\u2019una barriada que ha sofert una expansi\u00f3 urban\u00edstica molt important en aquests darrers anys, tant \u00e9s aix\u00ed&hellip;  <a href=\"https:\/\/agora.xtec.cat\/ceipjmarch\/lescola\/historia\/\" title=\"Read La nostra hist\u00f2ria\">Llegeix m\u00e9s\u00bb<\/a><\/p>\n","protected":false},"author":1,"featured_media":0,"parent":22,"menu_order":3,"comment_status":"closed","ping_status":"closed","template":"page-templates\/side-menu.php","meta":{"_bbp_topic_count":0,"_bbp_reply_count":0,"_bbp_total_topic_count":0,"_bbp_total_reply_count":0,"_bbp_voice_count":0,"_bbp_anonymous_reply_count":0,"_bbp_topic_count_hidden":0,"_bbp_reply_count_hidden":0,"_bbp_forum_subforum_count":0,"footnotes":""},"class_list":["post-26","page","type-page","status-publish","hentry"],"post_mailing_queue_ids":[],"_links":{"self":[{"href":"https:\/\/agora.xtec.cat\/ceipjmarch\/wp-json\/wp\/v2\/pages\/26","targetHints":{"allow":["GET"]}}],"collection":[{"href":"https:\/\/agora.xtec.cat\/ceipjmarch\/wp-json\/wp\/v2\/pages"}],"about":[{"href":"https:\/\/agora.xtec.cat\/ceipjmarch\/wp-json\/wp\/v2\/types\/page"}],"author":[{"embeddable":true,"href":"https:\/\/agora.xtec.cat\/ceipjmarch\/wp-json\/wp\/v2\/users\/1"}],"replies":[{"embeddable":true,"href":"https:\/\/agora.xtec.cat\/ceipjmarch\/wp-json\/wp\/v2\/comments?post=26"}],"version-history":[{"count":6,"href":"https:\/\/agora.xtec.cat\/ceipjmarch\/wp-json\/wp\/v2\/pages\/26\/revisions"}],"predecessor-version":[{"id":3074,"href":"https:\/\/agora.xtec.cat\/ceipjmarch\/wp-json\/wp\/v2\/pages\/26\/revisions\/3074"}],"up":[{"embeddable":true,"href":"https:\/\/agora.xtec.cat\/ceipjmarch\/wp-json\/wp\/v2\/pages\/22"}],"wp:attachment":[{"href":"https:\/\/agora.xtec.cat\/ceipjmarch\/wp-json\/wp\/v2\/media?parent=26"}],"curies":[{"name":"wp","href":"https:\/\/api.w.org\/{rel}","templated":true}]}}