{"id":2332,"date":"2022-10-26T16:53:05","date_gmt":"2022-10-26T14:53:05","guid":{"rendered":"https:\/\/agora.xtec.cat\/ceipjmarch\/?page_id=2332"},"modified":"2025-07-04T11:12:47","modified_gmt":"2025-07-04T09:12:47","slug":"normes-dorganitzacio-i-funcionament-del-centre-nofc","status":"publish","type":"page","link":"https:\/\/agora.xtec.cat\/ceipjmarch\/normes-dorganitzacio-i-funcionament-del-centre-nofc\/","title":{"rendered":"Normes d&#8217;Organitzaci\u00f3 i Funcionament del Centre (NOFC)"},"content":{"rendered":"<p align=\"justify\">La Llei d\u2019educaci\u00f3 de Catalunya (LEC) estableix que un dels principis organitzatius pel qual s\u2019ha de regir el sistema educatiu ha de ser el de l\u2019autonomia de cada centre. Aix\u00ed doncs, la present Normativa d\u2019Organitzaci\u00f3 i Funcionament de Centre ha estat elaborada per l\u2019Equip Directiu amb l\u2019aportaci\u00f3 de criteris i propostes per part dels docents, degudament aprovat en sessi\u00f3 de Claustre, el 26 de maig de 2016, i t\u00e9 el suport del Consell Escolar, d\u2019acord amb la normativa vigent.<\/p>\n<p align=\"justify\">Correspon a la directora vetllar pel compliment d\u2019aquesta normativa, essent obligaci\u00f3 de tots els membres d\u2019aquesta comunitat educativa con\u00e8ixer-lo i complir-lo. L\u2019aplicaci\u00f3 de les NOFC afecta tots els integrants de la comunitat educativa de\u00a0<strong>l\u2019escola Jacme March<\/strong>\u00a0i haur\u00e0 de vigilar i avaluar les normes inherents al present reglament, sempre amb un esperit de comprensi\u00f3 i de recerca de solucions per damunt de la repressi\u00f3 i el c\u00e0stig. Entenem doncs que aquest document \u00e9s l\u2019instrument regulador de la vida interna del centre, que concreta els seg\u00fcents fonaments:<br \/>\n1- Les relacions entre els diferents sectors que formen part de la comunitat educativa.<br \/>\n2- Plasma normes i\/o pautes a seguir per tots\/es aquells\/es que participen en el proc\u00e9s educatiu dels alumnes del centre.<br \/>\n3- Garanteix, al mateix temps, els drets i deures que la legislaci\u00f3 vigent preveu.<\/p>\n<p align=\"justify\">Les Normes d\u2019Organitzaci\u00f3 i Funcionament del Centre, que formen part del projecte educatiu, \u00e9s el document que recull de manera ordenada els preceptes que regeixen la nostra organitzaci\u00f3 i les interrelacions de la vida escolar: explicita l\u2019estructura; defineix els vincles; recull les funcions, els drets i els deures dels diferents sectors que formen l\u2019escola; fixa els procediments; adapta la normativa general a la nostra realitat i estableix l\u2019espec\u00edfica pel nostre centre educatiu.<\/p>\n<p align=\"justify\">Les normes d\u2019organitzaci\u00f3 i funcionament del centre \u00e9s un document viu amb constant renovaci\u00f3 a proposta de tots els sectors, per a la millora i compliment de la seva funci\u00f3 i s\u00f3n aprovades pel Claustre i presentades en Consell Escolar.<\/p>\n<p align=\"justify\">Donades les seves caracter\u00edstiques \u00e9s convenient que siguin conegudes per tota la comunitat escolar i, amb aquest objectiu, s\u2019inclouran els aspectes m\u00e9s rellevants en els diferents documents que fem arribar a les fam\u00edlies. De tota manera, el document, est\u00e0 a la disposici\u00f3 de qualsevol membre de la comunitat escolar que el vulgui consultar. Per aquest motiu, us deixem les nostres NOFC.<\/p>\n<p align=\"justify\"><strong>Normativa reguladora<\/strong><\/p>\n<p align=\"justify\"><sup>\u2013 Llei Org\u00e0nica 2\/2006, de 3 de maig, d\u2019Educaci\u00f3.<\/sup><\/p>\n<p><sup>\u2013 Llei Org\u00e0nica 12\/2009, del 10 de juliol, d\u2019Educaci\u00f3.\u00a0<\/sup><\/p>\n<p>&nbsp;<\/p>\n<p style=\"color: #ff0000;\">PENDENT D&#8217;ACTUALITZACI\u00d3<\/p>\n<p><a href=\"https:\/\/agora.xtec.cat\/ceipjmarch\/wp-content\/uploads\/usu1497\/2023\/01\/NOFC-2019.pdf\">NOFC 2023<\/a><\/p>\n","protected":false},"excerpt":{"rendered":"<p>La Llei d\u2019educaci\u00f3 de Catalunya (LEC) estableix que un dels principis organitzatius pel qual s\u2019ha de regir el sistema educatiu ha de ser el de l\u2019autonomia de cada centre. Aix\u00ed doncs, la present Normativa d\u2019Organitzaci\u00f3 i Funcionament de Centre ha estat elaborada per l\u2019Equip Directiu&hellip;  <a href=\"https:\/\/agora.xtec.cat\/ceipjmarch\/normes-dorganitzacio-i-funcionament-del-centre-nofc\/\" title=\"Read Normes d&#8217;Organitzaci\u00f3 i Funcionament del Centre (NOFC)\">Llegeix m\u00e9s\u00bb<\/a><\/p>\n","protected":false},"author":1,"featured_media":0,"parent":0,"menu_order":0,"comment_status":"closed","ping_status":"closed","template":"","meta":{"_bbp_topic_count":0,"_bbp_reply_count":0,"_bbp_total_topic_count":0,"_bbp_total_reply_count":0,"_bbp_voice_count":0,"_bbp_anonymous_reply_count":0,"_bbp_topic_count_hidden":0,"_bbp_reply_count_hidden":0,"_bbp_forum_subforum_count":0,"footnotes":""},"class_list":["post-2332","page","type-page","status-publish","hentry"],"post_mailing_queue_ids":[],"_links":{"self":[{"href":"https:\/\/agora.xtec.cat\/ceipjmarch\/wp-json\/wp\/v2\/pages\/2332","targetHints":{"allow":["GET"]}}],"collection":[{"href":"https:\/\/agora.xtec.cat\/ceipjmarch\/wp-json\/wp\/v2\/pages"}],"about":[{"href":"https:\/\/agora.xtec.cat\/ceipjmarch\/wp-json\/wp\/v2\/types\/page"}],"author":[{"embeddable":true,"href":"https:\/\/agora.xtec.cat\/ceipjmarch\/wp-json\/wp\/v2\/users\/1"}],"replies":[{"embeddable":true,"href":"https:\/\/agora.xtec.cat\/ceipjmarch\/wp-json\/wp\/v2\/comments?post=2332"}],"version-history":[{"count":5,"href":"https:\/\/agora.xtec.cat\/ceipjmarch\/wp-json\/wp\/v2\/pages\/2332\/revisions"}],"predecessor-version":[{"id":2971,"href":"https:\/\/agora.xtec.cat\/ceipjmarch\/wp-json\/wp\/v2\/pages\/2332\/revisions\/2971"}],"wp:attachment":[{"href":"https:\/\/agora.xtec.cat\/ceipjmarch\/wp-json\/wp\/v2\/media?parent=2332"}],"curies":[{"name":"wp","href":"https:\/\/api.w.org\/{rel}","templated":true}]}}