{"id":73,"date":"2014-09-18T14:01:51","date_gmt":"2014-09-18T13:01:51","guid":{"rendered":"http:\/\/agora.xtec.cat\/ceipjbalmes\/?page_id=73"},"modified":"2025-05-29T08:53:57","modified_gmt":"2025-05-29T06:53:57","slug":"menjador-escolar","status":"publish","type":"page","link":"https:\/\/agora.xtec.cat\/ceipjbalmes\/menjador-escolar\/","title":{"rendered":"Men\u00fas"},"content":{"rendered":"<p><a href=\"https:\/\/agora.xtec.cat\/ceipjbalmes\/wp-content\/uploads\/usu172\/2024\/09\/Menu-Setembre-24.pdf\">MEN\u00da SETEMBRE&#8217;24_Escola JAUME BALMES<\/a><\/p>\n<p><a href=\"https:\/\/agora.xtec.cat\/ceipjbalmes\/wp-content\/uploads\/usu172\/2024\/09\/902500_ESCOLA-JAUME-BALMES-Cuina-propia_1219_202410.pdf\">MEN\u00da D&#8217;OCTUBRE&#8217;24_Escola JAUME BALMES<\/a><\/p>\n<p><a href=\"https:\/\/agora.xtec.cat\/ceipjbalmes\/wp-content\/uploads\/usu172\/2024\/11\/902500_ESCOLA-JAUME-BALMES-Cuina-propia_1219_202411-1.pdf\">MEN\u00da NOVEMBRE&#8217;24_Escola JAUME BALMES<\/a><\/p>\n<p><a href=\"https:\/\/agora.xtec.cat\/ceipjbalmes\/wp-content\/uploads\/usu172\/2024\/11\/902500_ESCOLA-JAUME-BALMES-Cuina-propia_1219_202412.pdf\">MEN\u00da DESEMBRE&#8217;24_Escola JAUME BALMES<\/a><\/p>\n<p><a href=\"https:\/\/agora.xtec.cat\/ceipjbalmes\/wp-content\/uploads\/usu172\/2025\/01\/902500_ESCOLA-JAUME-BALMES-Cuina-propia_1219_202501.pdf\">MEN\u00da GENER&#8217;25_Escola JAUME BALMES<\/a><\/p>\n<p><a href=\"https:\/\/agora.xtec.cat\/ceipjbalmes\/wp-content\/uploads\/usu172\/2025\/01\/902500_ESCOLA-JAUME-BALMES-Cuina-propia_1219__202502.pdf\">MEN\u00da FEBRER&#8217;25_Escola JAUME BALMES<\/a><\/p>\n<p><a href=\"https:\/\/agora.xtec.cat\/ceipjbalmes\/wp-content\/uploads\/usu172\/2025\/05\/Menu-marc.pdf\">MEN\u00da MAR\u00c7&#8217;25_Escola JAUME BALMES<\/a><\/p>\n<p><a href=\"https:\/\/agora.xtec.cat\/ceipjbalmes\/wp-content\/uploads\/usu172\/2025\/05\/Menu-Abril.pdf\">MEN\u00da ABRIL&#8217;25_Escola JAUME BALMES<\/a><\/p>\n<p><a href=\"https:\/\/agora.xtec.cat\/ceipjbalmes\/wp-content\/uploads\/usu172\/2025\/05\/Menu-Maig.pdf\">MEN\u00da MAIG&#8217;25_Escola JAUME BALMES<\/a><\/p>\n<p><a href=\"https:\/\/agora.xtec.cat\/ceipjbalmes\/wp-content\/uploads\/usu172\/2025\/05\/Menu-Juny.pdf\">MEN\u00da JUNY&#8217;25_Escola JAUME BALMES<\/a><\/p>\n<p class=\"western\" align=\"center\"><span style=\"font-size: large;\"><u><b><a href=\"https:\/\/agora.xtec.cat\/ceipjbalmes\/wp-content\/uploads\/usu172\/2018\/11\/scolarest.jpg\"><img loading=\"lazy\" decoding=\"async\" class=\"alignnone size-large wp-image-13735\" src=\"https:\/\/agora.xtec.cat\/ceipjbalmes\/wp-content\/uploads\/usu172\/2018\/11\/scolarest-1024x119.jpg\" alt=\"\" width=\"1024\" height=\"119\" srcset=\"https:\/\/agora.xtec.cat\/ceipjbalmes\/wp-content\/uploads\/usu172\/2018\/11\/scolarest-1024x119.jpg 1024w, https:\/\/agora.xtec.cat\/ceipjbalmes\/wp-content\/uploads\/usu172\/2018\/11\/scolarest-300x35.jpg 300w, https:\/\/agora.xtec.cat\/ceipjbalmes\/wp-content\/uploads\/usu172\/2018\/11\/scolarest-768x89.jpg 768w, https:\/\/agora.xtec.cat\/ceipjbalmes\/wp-content\/uploads\/usu172\/2018\/11\/scolarest.jpg 1874w\" sizes=\"auto, (max-width: 1024px) 100vw, 1024px\" \/><\/a><\/b><\/u><\/span><\/p>\n<p class=\"western\" align=\"center\"><span style=\"font-size: large;\"><u><b>DINARS COMPARTITS al nostre menjador<\/b><\/u><\/span><\/p>\n<p class=\"western\" align=\"justify\"><span style=\"font-size: medium;\">Com segurament sabeu, des del curs 2017\/2018 hem comen\u00e7at a proposar i a oferir invitacions a les fam\u00edlies dels alumnes que fan \u00fas del servei de menjador de l\u2019escola, per dinar en el nostre menjador. Amb la finalitat de que aquestes puguin veure com \u00e9s el nostre servei ben de prop. Con\u00e8ixer com \u00e9s el nostre dia a dia, a m\u00e9s d\u2019aprofitar l\u2019oportunitat que els pares o mares que vinguin puguin compartir l\u2019\u00e0pat amb els seus fills\/es. <\/span><\/p>\n<p class=\"western\" align=\"justify\"><span style=\"font-size: medium;\">L\u2019oferiment ha tingut una molt bona resposta per part de les fam\u00edlies, en total han volgut compartir amb nosaltres un migdia 23 fam\u00edlies. L\u2019assist\u00e8ncia s\u2019ha fet entre el mesos de febrer i maig. Per part nostra ens satisf\u00e0 aquest fet i ens satisf\u00e0 que hi hagi inter\u00e8s per participar de la proposta. No cal dir que estem encantats d\u2019ambdues coses.<\/span><\/p>\n<p class=\"western\" align=\"justify\"><span style=\"font-size: medium;\">Hem observat que l\u2019experi\u00e8ncia resulta molt enriquidora per totes les parts. Probablement qui m\u00e9s en gaudeix s\u00f3n els usuaris del menjador, els nens i nenes que di\u00e0riament, o de manera habitual per ser m\u00e9s precisos, dinen a l\u2019escola. Ho viuen amb molta il\u00b7lusi\u00f3. <\/span><\/p>\n<p class=\"western\" align=\"justify\"><span style=\"font-size: medium;\">Del que es tracta \u00e9s de fer un acompanyament durant un migdia. El pare o la mare que ve a dinar amb nosaltres est\u00e0 amb el seu fill, filla o fills compartint taula. \u00c9s una molt bona oportunitat per compartir tamb\u00e9 una estona diferent plegats.<\/span><\/p>\n<p class=\"western\" align=\"justify\"><span style=\"font-size: medium;\">Si hagu\u00e9ssim de definir amb una paraula nom\u00e9s les visites que hem rebut seria: boniques. Veiem als nens contents, orgullosos, motivats i feli\u00e7os de gaudir del moment. Per nosaltres \u00e9s un aut\u00e8ntic plaer poder contribuir, poc o molt, a qu\u00e8 aquests instants siguin possibles. <\/span><\/p>\n<p class=\"western\" align=\"justify\"><a name=\"_GoBack\"><\/a> <span style=\"font-size: medium;\">Des d\u2019aqu\u00ed volem agrair de tot cor a les fam\u00edlies que han participat l\u2019inter\u00e8s mostrat per la nostra proposta i convidar a afegir-se a les que encara no ho han fet.<\/span><\/p>\n<p class=\"western\" align=\"justify\"><span style=\"font-size: medium;\">Tenint en compte la nostra tasca educativa, no ens hem d\u2019oblidar ni volem obviar tot el que fa refer\u00e8ncia a l\u2019alimentaci\u00f3 i als h\u00e0bits alimentaris. Per tant, cal que tinguem ben present que els \u00e0pats s\u00f3n un bon moment per posar en pr\u00e0ctica tantes i tantes coses positives i fomentar tants i tants valors.<\/span><\/p>\n<p class=\"western\" align=\"justify\"><span style=\"font-size: medium;\">Tots els entesos en la mat\u00e8ria estan d\u2019acord en els avantatges que ofereix menjar en fam\u00edlia, en comunitat, i estan d\u2019acord tamb\u00e9 en la conveni\u00e8ncia de deixar de banda qualsevol factor que interrompi o anul\u00b7li la comunicaci\u00f3 entre qui comparteix taula: televisi\u00f3, tel\u00e8fons o qualsevol dispositiu similar, per posar alguns exemples. Incl\u00fas hi ha qui opina que menjar en fam\u00edlia \u00e9s un possible factor per evitar sobrep\u00e8s en nens i adolescents. I una bona alimentaci\u00f3 \u00e9s primordial, naturalment. <\/span><\/p>\n<p class=\"western\" align=\"justify\"><span style=\"font-size: medium;\">Compartir, paraula clau que surt diverses vegades en aquestes l\u00ednies. Menjar en comunitat afavoreix la socialitzaci\u00f3, sense cap mena de dubte. Tinguem-ho present. <\/span><\/p>\n<p class=\"western\" align=\"right\"><span style=\"font-size: medium;\"><i><b>Equip del menjador<\/b><\/i><\/span><\/p>\n<p>&nbsp;<\/p>\n<p><a href=\"https:\/\/agora.xtec.cat\/ceipjbalmes\/wp-content\/uploads\/usu172\/2018\/10\/3.jpg\"><img loading=\"lazy\" decoding=\"async\" class=\"alignnone size-full wp-image-4022\" src=\"https:\/\/agora.xtec.cat\/ceipjbalmes\/wp-content\/uploads\/usu172\/2018\/10\/3.jpg\" alt=\"\" width=\"834\" height=\"625\" srcset=\"https:\/\/agora.xtec.cat\/ceipjbalmes\/wp-content\/uploads\/usu172\/2018\/10\/3.jpg 834w, https:\/\/agora.xtec.cat\/ceipjbalmes\/wp-content\/uploads\/usu172\/2018\/10\/3-300x225.jpg 300w, https:\/\/agora.xtec.cat\/ceipjbalmes\/wp-content\/uploads\/usu172\/2018\/10\/3-768x576.jpg 768w, https:\/\/agora.xtec.cat\/ceipjbalmes\/wp-content\/uploads\/usu172\/2018\/10\/3-200x150.jpg 200w\" sizes=\"auto, (max-width: 834px) 100vw, 834px\" \/><\/a> <a href=\"https:\/\/agora.xtec.cat\/ceipjbalmes\/wp-content\/uploads\/usu172\/2018\/10\/4.jpg\"><img loading=\"lazy\" decoding=\"async\" class=\"alignnone size-large wp-image-4023\" src=\"https:\/\/agora.xtec.cat\/ceipjbalmes\/wp-content\/uploads\/usu172\/2018\/10\/4.jpg\" alt=\"\" width=\"842\" height=\"631\" srcset=\"https:\/\/agora.xtec.cat\/ceipjbalmes\/wp-content\/uploads\/usu172\/2018\/10\/4.jpg 842w, https:\/\/agora.xtec.cat\/ceipjbalmes\/wp-content\/uploads\/usu172\/2018\/10\/4-300x225.jpg 300w, https:\/\/agora.xtec.cat\/ceipjbalmes\/wp-content\/uploads\/usu172\/2018\/10\/4-768x576.jpg 768w, https:\/\/agora.xtec.cat\/ceipjbalmes\/wp-content\/uploads\/usu172\/2018\/10\/4-200x150.jpg 200w\" sizes=\"auto, (max-width: 842px) 100vw, 842px\" \/><\/a> <a href=\"https:\/\/agora.xtec.cat\/ceipjbalmes\/wp-content\/uploads\/usu172\/2018\/10\/5.jpg\"><img loading=\"lazy\" decoding=\"async\" class=\"alignnone size-large wp-image-4024\" src=\"https:\/\/agora.xtec.cat\/ceipjbalmes\/wp-content\/uploads\/usu172\/2018\/10\/5.jpg\" alt=\"\" width=\"920\" height=\"690\" srcset=\"https:\/\/agora.xtec.cat\/ceipjbalmes\/wp-content\/uploads\/usu172\/2018\/10\/5.jpg 920w, https:\/\/agora.xtec.cat\/ceipjbalmes\/wp-content\/uploads\/usu172\/2018\/10\/5-300x225.jpg 300w, https:\/\/agora.xtec.cat\/ceipjbalmes\/wp-content\/uploads\/usu172\/2018\/10\/5-768x576.jpg 768w, https:\/\/agora.xtec.cat\/ceipjbalmes\/wp-content\/uploads\/usu172\/2018\/10\/5-200x150.jpg 200w\" sizes=\"auto, (max-width: 920px) 100vw, 920px\" \/><\/a> <a href=\"https:\/\/agora.xtec.cat\/ceipjbalmes\/wp-content\/uploads\/usu172\/2018\/10\/6.jpg\"><img loading=\"lazy\" decoding=\"async\" class=\"alignnone size-large wp-image-4025\" src=\"https:\/\/agora.xtec.cat\/ceipjbalmes\/wp-content\/uploads\/usu172\/2018\/10\/6.jpg\" alt=\"\" width=\"878\" height=\"659\" srcset=\"https:\/\/agora.xtec.cat\/ceipjbalmes\/wp-content\/uploads\/usu172\/2018\/10\/6.jpg 878w, https:\/\/agora.xtec.cat\/ceipjbalmes\/wp-content\/uploads\/usu172\/2018\/10\/6-300x225.jpg 300w, https:\/\/agora.xtec.cat\/ceipjbalmes\/wp-content\/uploads\/usu172\/2018\/10\/6-768x576.jpg 768w, https:\/\/agora.xtec.cat\/ceipjbalmes\/wp-content\/uploads\/usu172\/2018\/10\/6-200x150.jpg 200w\" sizes=\"auto, (max-width: 878px) 100vw, 878px\" \/><\/a> <a href=\"https:\/\/agora.xtec.cat\/ceipjbalmes\/wp-content\/uploads\/usu172\/2018\/10\/7.jpg\"><img loading=\"lazy\" decoding=\"async\" class=\"alignnone size-large wp-image-4026\" src=\"https:\/\/agora.xtec.cat\/ceipjbalmes\/wp-content\/uploads\/usu172\/2018\/10\/7.jpg\" alt=\"\" width=\"897\" height=\"673\" srcset=\"https:\/\/agora.xtec.cat\/ceipjbalmes\/wp-content\/uploads\/usu172\/2018\/10\/7.jpg 897w, https:\/\/agora.xtec.cat\/ceipjbalmes\/wp-content\/uploads\/usu172\/2018\/10\/7-300x225.jpg 300w, https:\/\/agora.xtec.cat\/ceipjbalmes\/wp-content\/uploads\/usu172\/2018\/10\/7-768x576.jpg 768w, https:\/\/agora.xtec.cat\/ceipjbalmes\/wp-content\/uploads\/usu172\/2018\/10\/7-200x150.jpg 200w\" sizes=\"auto, (max-width: 897px) 100vw, 897px\" \/><\/a> <a href=\"https:\/\/agora.xtec.cat\/ceipjbalmes\/wp-content\/uploads\/usu172\/2018\/10\/8.jpg\"><img loading=\"lazy\" decoding=\"async\" class=\"alignnone size-large wp-image-4027\" src=\"https:\/\/agora.xtec.cat\/ceipjbalmes\/wp-content\/uploads\/usu172\/2018\/10\/8.jpg\" alt=\"\" width=\"897\" height=\"673\" srcset=\"https:\/\/agora.xtec.cat\/ceipjbalmes\/wp-content\/uploads\/usu172\/2018\/10\/8.jpg 897w, https:\/\/agora.xtec.cat\/ceipjbalmes\/wp-content\/uploads\/usu172\/2018\/10\/8-300x225.jpg 300w, https:\/\/agora.xtec.cat\/ceipjbalmes\/wp-content\/uploads\/usu172\/2018\/10\/8-768x576.jpg 768w, https:\/\/agora.xtec.cat\/ceipjbalmes\/wp-content\/uploads\/usu172\/2018\/10\/8-200x150.jpg 200w\" sizes=\"auto, (max-width: 897px) 100vw, 897px\" \/><\/a> <a href=\"https:\/\/agora.xtec.cat\/ceipjbalmes\/wp-content\/uploads\/usu172\/2018\/10\/1.jpg\"><img loading=\"lazy\" decoding=\"async\" class=\"alignnone size-large wp-image-4028\" src=\"https:\/\/agora.xtec.cat\/ceipjbalmes\/wp-content\/uploads\/usu172\/2018\/10\/1.jpg\" alt=\"\" width=\"637\" height=\"849\" srcset=\"https:\/\/agora.xtec.cat\/ceipjbalmes\/wp-content\/uploads\/usu172\/2018\/10\/1.jpg 637w, https:\/\/agora.xtec.cat\/ceipjbalmes\/wp-content\/uploads\/usu172\/2018\/10\/1-225x300.jpg 225w\" sizes=\"auto, (max-width: 637px) 100vw, 637px\" \/><\/a> <a href=\"https:\/\/agora.xtec.cat\/ceipjbalmes\/wp-content\/uploads\/usu172\/2018\/10\/2.jpg\"><img loading=\"lazy\" decoding=\"async\" class=\"alignnone size-large wp-image-4029\" src=\"https:\/\/agora.xtec.cat\/ceipjbalmes\/wp-content\/uploads\/usu172\/2018\/10\/2.jpg\" alt=\"\" width=\"842\" height=\"631\" srcset=\"https:\/\/agora.xtec.cat\/ceipjbalmes\/wp-content\/uploads\/usu172\/2018\/10\/2.jpg 842w, https:\/\/agora.xtec.cat\/ceipjbalmes\/wp-content\/uploads\/usu172\/2018\/10\/2-300x225.jpg 300w, https:\/\/agora.xtec.cat\/ceipjbalmes\/wp-content\/uploads\/usu172\/2018\/10\/2-768x576.jpg 768w, https:\/\/agora.xtec.cat\/ceipjbalmes\/wp-content\/uploads\/usu172\/2018\/10\/2-200x150.jpg 200w\" sizes=\"auto, (max-width: 842px) 100vw, 842px\" \/><\/a><\/p>\n","protected":false},"excerpt":{"rendered":"<p>MEN\u00da SETEMBRE&#8217;24_Escola JAUME BALMES MEN\u00da D&#8217;OCTUBRE&#8217;24_Escola JAUME BALMES MEN\u00da NOVEMBRE&#8217;24_Escola JAUME BALMES MEN\u00da DESEMBRE&#8217;24_Escola JAUME BALMES MEN\u00da GENER&#8217;25_Escola JAUME BALMES MEN\u00da FEBRER&#8217;25_Escola JAUME BALMES MEN\u00da MAR\u00c7&#8217;25_Escola JAUME BALMES MEN\u00da ABRIL&#8217;25_Escola JAUME BALMES MEN\u00da MAIG&#8217;25_Escola JAUME BALMES MEN\u00da JUNY&#8217;25_Escola JAUME BALMES DINARS COMPARTITS al nostre menjador Com segurament sabeu, des del curs 2017\/2018 hem comen\u00e7at a [&hellip;]<\/p>\n","protected":false},"author":1,"featured_media":0,"parent":0,"menu_order":30,"comment_status":"closed","ping_status":"closed","template":"page-templates\/side-menu.php","meta":{"_bbp_topic_count":0,"_bbp_reply_count":0,"_bbp_total_topic_count":0,"_bbp_total_reply_count":0,"_bbp_voice_count":0,"_bbp_anonymous_reply_count":0,"_bbp_topic_count_hidden":0,"_bbp_reply_count_hidden":0,"_bbp_forum_subforum_count":0,"site-sidebar-layout":"default","site-content-layout":"","ast-site-content-layout":"","site-content-style":"default","site-sidebar-style":"default","ast-global-header-display":"","ast-banner-title-visibility":"","ast-main-header-display":"","ast-hfb-above-header-display":"","ast-hfb-below-header-display":"","ast-hfb-mobile-header-display":"","site-post-title":"","ast-breadcrumbs-content":"","ast-featured-img":"","footer-sml-layout":"","theme-transparent-header-meta":"","adv-header-id-meta":"","stick-header-meta":"","header-above-stick-meta":"","header-main-stick-meta":"","header-below-stick-meta":"","astra-migrate-meta-layouts":"default","ast-page-background-enabled":"default","ast-page-background-meta":{"desktop":{"background-color":"var(--ast-global-color-4)","background-image":"","background-repeat":"repeat","background-position":"center center","background-size":"auto","background-attachment":"scroll","background-type":"","background-media":"","overlay-type":"","overlay-color":"","overlay-opacity":"","overlay-gradient":""},"tablet":{"background-color":"","background-image":"","background-repeat":"repeat","background-position":"center center","background-size":"auto","background-attachment":"scroll","background-type":"","background-media":"","overlay-type":"","overlay-color":"","overlay-opacity":"","overlay-gradient":""},"mobile":{"background-color":"","background-image":"","background-repeat":"repeat","background-position":"center center","background-size":"auto","background-attachment":"scroll","background-type":"","background-media":"","overlay-type":"","overlay-color":"","overlay-opacity":"","overlay-gradient":""}},"ast-content-background-meta":{"desktop":{"background-color":"var(--ast-global-color-5)","background-image":"","background-repeat":"repeat","background-position":"center center","background-size":"auto","background-attachment":"scroll","background-type":"","background-media":"","overlay-type":"","overlay-color":"","overlay-opacity":"","overlay-gradient":""},"tablet":{"background-color":"var(--ast-global-color-5)","background-image":"","background-repeat":"repeat","background-position":"center center","background-size":"auto","background-attachment":"scroll","background-type":"","background-media":"","overlay-type":"","overlay-color":"","overlay-opacity":"","overlay-gradient":""},"mobile":{"background-color":"var(--ast-global-color-5)","background-image":"","background-repeat":"repeat","background-position":"center center","background-size":"auto","background-attachment":"scroll","background-type":"","background-media":"","overlay-type":"","overlay-color":"","overlay-opacity":"","overlay-gradient":""}},"footnotes":""},"class_list":["post-73","page","type-page","status-publish","hentry"],"post_mailing_queue_ids":[],"_links":{"self":[{"href":"https:\/\/agora.xtec.cat\/ceipjbalmes\/wp-json\/wp\/v2\/pages\/73","targetHints":{"allow":["GET"]}}],"collection":[{"href":"https:\/\/agora.xtec.cat\/ceipjbalmes\/wp-json\/wp\/v2\/pages"}],"about":[{"href":"https:\/\/agora.xtec.cat\/ceipjbalmes\/wp-json\/wp\/v2\/types\/page"}],"author":[{"embeddable":true,"href":"https:\/\/agora.xtec.cat\/ceipjbalmes\/wp-json\/wp\/v2\/users\/1"}],"replies":[{"embeddable":true,"href":"https:\/\/agora.xtec.cat\/ceipjbalmes\/wp-json\/wp\/v2\/comments?post=73"}],"version-history":[{"count":6,"href":"https:\/\/agora.xtec.cat\/ceipjbalmes\/wp-json\/wp\/v2\/pages\/73\/revisions"}],"predecessor-version":[{"id":20962,"href":"https:\/\/agora.xtec.cat\/ceipjbalmes\/wp-json\/wp\/v2\/pages\/73\/revisions\/20962"}],"wp:attachment":[{"href":"https:\/\/agora.xtec.cat\/ceipjbalmes\/wp-json\/wp\/v2\/media?parent=73"}],"curies":[{"name":"wp","href":"https:\/\/api.w.org\/{rel}","templated":true}]}}