{"id":36,"date":"2014-09-18T12:33:11","date_gmt":"2014-09-18T11:33:11","guid":{"rendered":"http:\/\/agora.xtec.cat\/ceipjbalmes\/?page_id=36"},"modified":"2024-07-10T10:28:18","modified_gmt":"2024-07-10T08:28:18","slug":"material-escolar","status":"publish","type":"page","link":"https:\/\/agora.xtec.cat\/ceipjbalmes\/lescola\/material-escolar\/","title":{"rendered":"Material escolar"},"content":{"rendered":"<div align=\"center\">\n<h1 class=\"titulargran\" style=\"text-align: left;\">Despeses Escolars<\/h1>\n<h4 class=\"titulargran\" style=\"text-align: left;\"><span style=\"text-decoration: underline;\"><strong>CALENDARI DE PAGAMENTS:<\/strong><\/span><\/h4>\n<table style=\"border-collapse: collapse; width: 100%;\">\n<tbody>\n<tr>\n<td style=\"width: 11.1111%;\">\n<h4 class=\"titulargran\"><a style=\"color: #2795b6;\" href=\"https:\/\/agora.xtec.cat\/ceipjbalmes\/wp-content\/uploads\/usu172\/2024\/07\/I3calendaripagaments.pdf\">I3<\/a><\/h4>\n<\/td>\n<td style=\"width: 11.1111%;\">\n<h4 class=\"titulargran\"><a style=\"color: #2795b6;\" href=\"https:\/\/agora.xtec.cat\/ceipjbalmes\/wp-content\/uploads\/usu172\/2024\/07\/I4calendaripagaments.pdf\">I4<\/a><\/h4>\n<\/td>\n<td style=\"width: 11.1111%;\">\n<h4 class=\"titulargran\"><a style=\"color: #2795b6;\" href=\"https:\/\/agora.xtec.cat\/ceipjbalmes\/wp-content\/uploads\/usu172\/2024\/07\/I5calendaripagaments.pdf\">I5<\/a><\/h4>\n<\/td>\n<td style=\"width: 11.1111%;\">\n<h4 class=\"titulargran\">\u00a0<a style=\"color: #2795b6;\" href=\"https:\/\/agora.xtec.cat\/ceipjbalmes\/wp-content\/uploads\/usu172\/2024\/07\/1Rcalendaripagaments.pdf\">1r<\/a><\/h4>\n<\/td>\n<td style=\"width: 11.1111%;\">\n<h4 class=\"titulargran\"><a style=\"color: #2795b6;\" href=\"https:\/\/agora.xtec.cat\/ceipjbalmes\/wp-content\/uploads\/usu172\/2024\/07\/2ncalendaripagaments.pdf\">2n<\/a><\/h4>\n<\/td>\n<td style=\"width: 11.1111%;\">\n<h4 class=\"titulargran\">\u00a0<a style=\"color: #2795b6;\" href=\"https:\/\/agora.xtec.cat\/ceipjbalmes\/wp-content\/uploads\/usu172\/2024\/07\/3Rcalendaripagaments.pdf\">3r<\/a><\/h4>\n<\/td>\n<td style=\"width: 11.1111%;\">\n<h4 class=\"titulargran\"><a style=\"color: #2795b6;\" href=\"https:\/\/agora.xtec.cat\/ceipjbalmes\/wp-content\/uploads\/usu172\/2024\/07\/4Tcalendaripagaments.pdf\">4t<\/a><\/h4>\n<\/td>\n<td style=\"width: 11.1111%;\">\n<h4 class=\"titulargran\"><a style=\"color: #2795b6;\" href=\"https:\/\/agora.xtec.cat\/ceipjbalmes\/wp-content\/uploads\/usu172\/2024\/07\/5Ecalendaripagaments.pdf\">5\u00e8<\/a><\/h4>\n<\/td>\n<td style=\"width: 11.1111%;\">\n<h4 class=\"titulargran\"><a style=\"color: #2795b6;\" href=\"https:\/\/agora.xtec.cat\/ceipjbalmes\/wp-content\/uploads\/usu172\/2024\/07\/6Ecalendaripagaments.pdf\">6\u00e8<\/a><\/h4>\n<\/td>\n<\/tr>\n<\/tbody>\n<\/table>\n<h4 class=\"titulargran\" style=\"text-align: left;\">\u00a0<a href=\"https:\/\/agora.xtec.cat\/ceipjbalmes\/wp-content\/uploads\/usu172\/2021\/08\/dinantia-instrucciones-pagos-p_urzg8b.pdf\">Instruccions pagaments de despeses escolars a trav\u00e9s de Dinantia<\/a>\u00a0<a href=\"https:\/\/www.youtube.com\/watch?v=-_UcGHmfnHc\" target=\"_blank\" rel=\"noopener\">(V\u00eddeotutorial)<\/a><\/h4>\n<p>&nbsp;<\/p>\n<h4 class=\"titulargran\" style=\"text-align: left;\"><span style=\"text-decoration: underline;\"><strong>LLISTAT MATERIALS ESCOLARS CURS 24-25<\/strong><\/span><\/h4>\n<h4 class=\"titulargran\" style=\"text-align: left;\"><sup>(El llistat de llibres fa refer\u00e8ncia als llibres socialitzats, NO cal comprar-los)<\/sup><\/h4>\n<table style=\"border-collapse: collapse; width: 100%;\">\n<tbody>\n<tr>\n<td style=\"width: 11.1111%;\">\n<h1 class=\"titulargran\"><a style=\"color: #2795b6;\" href=\"https:\/\/agora.xtec.cat\/ceipjbalmes\/wp-content\/uploads\/usu172\/2024\/07\/material-I3.docx.pdf\" target=\"_blank\" rel=\"noopener\">i3<\/a><\/h1>\n<\/td>\n<td style=\"width: 11.1111%;\">\n<h1 class=\"titulargran\"><a style=\"color: #2795b6;\" href=\"https:\/\/agora.xtec.cat\/ceipjbalmes\/wp-content\/uploads\/usu172\/2024\/07\/material-I4.docx.pdf\" target=\"_blank\" rel=\"noopener\">i4<\/a><\/h1>\n<\/td>\n<td style=\"width: 11.1111%;\">\n<h1 class=\"titulargran\"><a style=\"color: #2795b6;\" href=\"https:\/\/agora.xtec.cat\/ceipjbalmes\/wp-content\/uploads\/usu172\/2024\/07\/material-I5.docx.pdf\">i5<\/a><\/h1>\n<\/td>\n<td style=\"width: 11.1111%;\">\n<h1 class=\"titulargran\"><a style=\"color: #2795b6;\" href=\"https:\/\/agora.xtec.cat\/ceipjbalmes\/wp-content\/uploads\/usu172\/2024\/07\/1r-libres-i-material.docx.pdf\">1r<\/a><\/h1>\n<\/td>\n<td style=\"width: 11.1111%;\">\n<h1 class=\"titulargran\"><a style=\"color: #2795b6;\" href=\"https:\/\/agora.xtec.cat\/ceipjbalmes\/wp-content\/uploads\/usu172\/2024\/07\/2n.pdf\">2n<\/a><\/h1>\n<\/td>\n<td style=\"width: 11.1111%;\">\n<h1 class=\"titulargran\"><a style=\"color: #2795b6;\" href=\"https:\/\/agora.xtec.cat\/ceipjbalmes\/wp-content\/uploads\/usu172\/2024\/07\/llista-llibres-i-material-3r.docx.pdf\">3r<\/a><\/h1>\n<\/td>\n<td style=\"width: 11.1111%;\">\n<h1 class=\"titulargran\"><a style=\"color: #2795b6;\" href=\"https:\/\/agora.xtec.cat\/ceipjbalmes\/wp-content\/uploads\/usu172\/2024\/07\/llista-llibres-i-material-4t.docx.pdf\">4t<\/a><\/h1>\n<\/td>\n<td style=\"width: 11.1111%;\">\n<h1 class=\"titulargran\"><a style=\"color: #2795b6;\" href=\"https:\/\/agora.xtec.cat\/ceipjbalmes\/wp-content\/uploads\/usu172\/2024\/07\/llista-llibres-i-material-5e.docx.pdf\">5\u00e8<\/a><\/h1>\n<\/td>\n<td style=\"width: 11.1111%;\">\n<h1 class=\"titulargran\"><a style=\"color: #2795b6;\" href=\"https:\/\/agora.xtec.cat\/ceipjbalmes\/wp-content\/uploads\/usu172\/2024\/07\/llista-llibres-i-material-6e.docx.pdf\">6\u00e8<\/a><\/h1>\n<\/td>\n<\/tr>\n<\/tbody>\n<\/table>\n<h4 class=\"titulargran\" style=\"text-align: left;\"><img loading=\"lazy\" decoding=\"async\" class=\"alignright \" src=\"http:\/\/www.megacity.es\/categorias\/h2.jpg\" width=\"137\" height=\"98\" \/><\/h4>\n<\/div>\n","protected":false},"excerpt":{"rendered":"<p>Despeses Escolars CALENDARI DE PAGAMENTS: I3 I4 I5 \u00a01r 2n \u00a03r 4t 5\u00e8 6\u00e8 \u00a0Instruccions pagaments de despeses escolars a trav\u00e9s de Dinantia\u00a0(V\u00eddeotutorial) &nbsp; LLISTAT MATERIALS ESCOLARS CURS 24-25 (El llistat de llibres fa refer\u00e8ncia als llibres socialitzats, NO cal comprar-los) i3 i4 i5 1r 2n 3r 4t 5\u00e8 6\u00e8<\/p>\n","protected":false},"author":1,"featured_media":0,"parent":22,"menu_order":70,"comment_status":"closed","ping_status":"closed","template":"","meta":{"_bbp_topic_count":0,"_bbp_reply_count":0,"_bbp_total_topic_count":0,"_bbp_total_reply_count":0,"_bbp_voice_count":0,"_bbp_anonymous_reply_count":0,"_bbp_topic_count_hidden":0,"_bbp_reply_count_hidden":0,"_bbp_forum_subforum_count":0,"site-sidebar-layout":"default","site-content-layout":"","ast-site-content-layout":"","site-content-style":"default","site-sidebar-style":"default","ast-global-header-display":"","ast-banner-title-visibility":"","ast-main-header-display":"","ast-hfb-above-header-display":"","ast-hfb-below-header-display":"","ast-hfb-mobile-header-display":"","site-post-title":"","ast-breadcrumbs-content":"","ast-featured-img":"","footer-sml-layout":"","theme-transparent-header-meta":"","adv-header-id-meta":"","stick-header-meta":"","header-above-stick-meta":"","header-main-stick-meta":"","header-below-stick-meta":"","astra-migrate-meta-layouts":"default","ast-page-background-enabled":"default","ast-page-background-meta":{"desktop":{"background-color":"var(--ast-global-color-4)","background-image":"","background-repeat":"repeat","background-position":"center center","background-size":"auto","background-attachment":"scroll","background-type":"","background-media":"","overlay-type":"","overlay-color":"","overlay-opacity":"","overlay-gradient":""},"tablet":{"background-color":"","background-image":"","background-repeat":"repeat","background-position":"center center","background-size":"auto","background-attachment":"scroll","background-type":"","background-media":"","overlay-type":"","overlay-color":"","overlay-opacity":"","overlay-gradient":""},"mobile":{"background-color":"","background-image":"","background-repeat":"repeat","background-position":"center center","background-size":"auto","background-attachment":"scroll","background-type":"","background-media":"","overlay-type":"","overlay-color":"","overlay-opacity":"","overlay-gradient":""}},"ast-content-background-meta":{"desktop":{"background-color":"var(--ast-global-color-5)","background-image":"","background-repeat":"repeat","background-position":"center center","background-size":"auto","background-attachment":"scroll","background-type":"","background-media":"","overlay-type":"","overlay-color":"","overlay-opacity":"","overlay-gradient":""},"tablet":{"background-color":"var(--ast-global-color-5)","background-image":"","background-repeat":"repeat","background-position":"center center","background-size":"auto","background-attachment":"scroll","background-type":"","background-media":"","overlay-type":"","overlay-color":"","overlay-opacity":"","overlay-gradient":""},"mobile":{"background-color":"var(--ast-global-color-5)","background-image":"","background-repeat":"repeat","background-position":"center center","background-size":"auto","background-attachment":"scroll","background-type":"","background-media":"","overlay-type":"","overlay-color":"","overlay-opacity":"","overlay-gradient":""}},"footnotes":""},"class_list":["post-36","page","type-page","status-publish","hentry"],"post_mailing_queue_ids":[],"_links":{"self":[{"href":"https:\/\/agora.xtec.cat\/ceipjbalmes\/wp-json\/wp\/v2\/pages\/36","targetHints":{"allow":["GET"]}}],"collection":[{"href":"https:\/\/agora.xtec.cat\/ceipjbalmes\/wp-json\/wp\/v2\/pages"}],"about":[{"href":"https:\/\/agora.xtec.cat\/ceipjbalmes\/wp-json\/wp\/v2\/types\/page"}],"author":[{"embeddable":true,"href":"https:\/\/agora.xtec.cat\/ceipjbalmes\/wp-json\/wp\/v2\/users\/1"}],"replies":[{"embeddable":true,"href":"https:\/\/agora.xtec.cat\/ceipjbalmes\/wp-json\/wp\/v2\/comments?post=36"}],"version-history":[{"count":5,"href":"https:\/\/agora.xtec.cat\/ceipjbalmes\/wp-json\/wp\/v2\/pages\/36\/revisions"}],"predecessor-version":[{"id":15578,"href":"https:\/\/agora.xtec.cat\/ceipjbalmes\/wp-json\/wp\/v2\/pages\/36\/revisions\/15578"}],"up":[{"embeddable":true,"href":"https:\/\/agora.xtec.cat\/ceipjbalmes\/wp-json\/wp\/v2\/pages\/22"}],"wp:attachment":[{"href":"https:\/\/agora.xtec.cat\/ceipjbalmes\/wp-json\/wp\/v2\/media?parent=36"}],"curies":[{"name":"wp","href":"https:\/\/api.w.org\/{rel}","templated":true}]}}