{"id":34,"date":"2014-09-18T12:32:18","date_gmt":"2014-09-18T11:32:18","guid":{"rendered":"http:\/\/agora.xtec.cat\/ceipjbalmes\/?page_id=34"},"modified":"2021-11-13T14:11:13","modified_gmt":"2021-11-13T13:11:13","slug":"oferta-educativa","status":"publish","type":"page","link":"https:\/\/agora.xtec.cat\/ceipjbalmes\/projecte-educatiu-de-centre\/oferta-educativa\/","title":{"rendered":"Els nostres objectius"},"content":{"rendered":"<p class=\"normal\"><strong>A la nostra escola:<\/strong><\/p>\n<ul>\n<li style=\"list-style-type: none;\">\n<ul>\n<li>Estimulem en els alumnes els valors d\u2019una societat democr\u00e0tica: solidaritat, respecte a l\u2019altre, actitud de di\u00e0leg i participaci\u00f3.<\/li>\n<li>Integrem l\u2019alumnat en la cultura pr\u00f2pia de Catalunya. El catal\u00e0 \u00e9s la llengua vehicular utilitzada en totes les comunicacions i \u00e9s la llengua b\u00e0sica de l\u2019aprenentatge. S\u2019introdueix l\u2019aprenentatge de l\u2019angl\u00e8s a partir de P3.<\/li>\n<li>Treballem per al desenvolupament de les capacitats de l\u2019alumne envers la formaci\u00f3 d\u2019una personalitat equilibrada, responsable, adaptada al mitj\u00e0 que l\u2019envolta i sensible a tota forma de cultura i expressi\u00f3.<\/li>\n<li>L\u2019escola participa en diverses activitats l\u00fadiques i culturals del poble.<\/li>\n<li>Apliquem noves tecnologies i estem oberts a innovacions pedag\u00f2giques per tal d\u2019aconseguir l\u2019\u00e8xit escolar de tots els alumnes.<\/li>\n<li>Vetllem i valorem molt positivament la participaci\u00f3 de pares i mares, mestres i alumnat en la vida de l\u2019escola.<\/li>\n<\/ul>\n<\/li>\n<\/ul>\n<p>&nbsp;<\/p>\n","protected":false},"excerpt":{"rendered":"<p>A la nostra escola: Estimulem en els alumnes els valors d\u2019una societat democr\u00e0tica: solidaritat, respecte a l\u2019altre, actitud de di\u00e0leg i participaci\u00f3. Integrem l\u2019alumnat en la cultura pr\u00f2pia de Catalunya. El catal\u00e0 \u00e9s la llengua vehicular utilitzada en totes les comunicacions i \u00e9s la llengua b\u00e0sica de l\u2019aprenentatge. S\u2019introdueix l\u2019aprenentatge de l\u2019angl\u00e8s a partir de [&hellip;]<\/p>\n","protected":false},"author":1,"featured_media":0,"parent":4003,"menu_order":60,"comment_status":"closed","ping_status":"closed","template":"page-templates\/side-menu.php","meta":{"_bbp_topic_count":0,"_bbp_reply_count":0,"_bbp_total_topic_count":0,"_bbp_total_reply_count":0,"_bbp_voice_count":0,"_bbp_anonymous_reply_count":0,"_bbp_topic_count_hidden":0,"_bbp_reply_count_hidden":0,"_bbp_forum_subforum_count":0,"site-sidebar-layout":"default","site-content-layout":"","ast-site-content-layout":"","site-content-style":"default","site-sidebar-style":"default","ast-global-header-display":"","ast-banner-title-visibility":"","ast-main-header-display":"","ast-hfb-above-header-display":"","ast-hfb-below-header-display":"","ast-hfb-mobile-header-display":"","site-post-title":"","ast-breadcrumbs-content":"","ast-featured-img":"","footer-sml-layout":"","theme-transparent-header-meta":"","adv-header-id-meta":"","stick-header-meta":"","header-above-stick-meta":"","header-main-stick-meta":"","header-below-stick-meta":"","astra-migrate-meta-layouts":"default","ast-page-background-enabled":"default","ast-page-background-meta":{"desktop":{"background-color":"var(--ast-global-color-4)","background-image":"","background-repeat":"repeat","background-position":"center center","background-size":"auto","background-attachment":"scroll","background-type":"","background-media":"","overlay-type":"","overlay-color":"","overlay-opacity":"","overlay-gradient":""},"tablet":{"background-color":"","background-image":"","background-repeat":"repeat","background-position":"center center","background-size":"auto","background-attachment":"scroll","background-type":"","background-media":"","overlay-type":"","overlay-color":"","overlay-opacity":"","overlay-gradient":""},"mobile":{"background-color":"","background-image":"","background-repeat":"repeat","background-position":"center center","background-size":"auto","background-attachment":"scroll","background-type":"","background-media":"","overlay-type":"","overlay-color":"","overlay-opacity":"","overlay-gradient":""}},"ast-content-background-meta":{"desktop":{"background-color":"var(--ast-global-color-5)","background-image":"","background-repeat":"repeat","background-position":"center center","background-size":"auto","background-attachment":"scroll","background-type":"","background-media":"","overlay-type":"","overlay-color":"","overlay-opacity":"","overlay-gradient":""},"tablet":{"background-color":"var(--ast-global-color-5)","background-image":"","background-repeat":"repeat","background-position":"center center","background-size":"auto","background-attachment":"scroll","background-type":"","background-media":"","overlay-type":"","overlay-color":"","overlay-opacity":"","overlay-gradient":""},"mobile":{"background-color":"var(--ast-global-color-5)","background-image":"","background-repeat":"repeat","background-position":"center center","background-size":"auto","background-attachment":"scroll","background-type":"","background-media":"","overlay-type":"","overlay-color":"","overlay-opacity":"","overlay-gradient":""}},"footnotes":""},"class_list":["post-34","page","type-page","status-publish","hentry"],"post_mailing_queue_ids":[],"_links":{"self":[{"href":"https:\/\/agora.xtec.cat\/ceipjbalmes\/wp-json\/wp\/v2\/pages\/34","targetHints":{"allow":["GET"]}}],"collection":[{"href":"https:\/\/agora.xtec.cat\/ceipjbalmes\/wp-json\/wp\/v2\/pages"}],"about":[{"href":"https:\/\/agora.xtec.cat\/ceipjbalmes\/wp-json\/wp\/v2\/types\/page"}],"author":[{"embeddable":true,"href":"https:\/\/agora.xtec.cat\/ceipjbalmes\/wp-json\/wp\/v2\/users\/1"}],"replies":[{"embeddable":true,"href":"https:\/\/agora.xtec.cat\/ceipjbalmes\/wp-json\/wp\/v2\/comments?post=34"}],"version-history":[{"count":3,"href":"https:\/\/agora.xtec.cat\/ceipjbalmes\/wp-json\/wp\/v2\/pages\/34\/revisions"}],"predecessor-version":[{"id":19778,"href":"https:\/\/agora.xtec.cat\/ceipjbalmes\/wp-json\/wp\/v2\/pages\/34\/revisions\/19778"}],"up":[{"embeddable":true,"href":"https:\/\/agora.xtec.cat\/ceipjbalmes\/wp-json\/wp\/v2\/pages\/4003"}],"wp:attachment":[{"href":"https:\/\/agora.xtec.cat\/ceipjbalmes\/wp-json\/wp\/v2\/media?parent=34"}],"curies":[{"name":"wp","href":"https:\/\/api.w.org\/{rel}","templated":true}]}}