{"id":2607,"date":"2017-09-08T16:43:19","date_gmt":"2017-09-08T14:43:19","guid":{"rendered":"http:\/\/agora.xtec.cat\/ceipjbalmes\/?page_id=2607"},"modified":"2018-05-03T10:53:02","modified_gmt":"2018-05-03T08:53:02","slug":"medi-4rt","status":"publish","type":"page","link":"https:\/\/agora.xtec.cat\/ceipjbalmes\/medi-4rt\/","title":{"rendered":"Medi 4rt"},"content":{"rendered":"<p><strong>Els \u00e9ssers vius<\/strong><\/p>\n<p><img loading=\"lazy\" decoding=\"async\" class=\"size-large alignleft\" src=\"https:\/\/cdn.goconqr.com\/uploads\/flash_card\/image_question\/1432673\/desktop_BIODIVERSIDAD.jpg\" width=\"300\" height=\"168\" \/><\/p>\n<p>Qu\u00e8 \u00e9s un \u00e9sser viu? <a href=\"http:\/\/www.edu365.com\/eso\/muds\/ciencies\/essersvius\/imatges\/essers1.swf\" target=\"_blank\" rel=\"noopener noreferrer\">Animaci\u00f3<\/a><\/p>\n<p>Funcions vitals <a href=\"https:\/\/www.youtube.com\/watch?time_continue=234&amp;v=6H4BIXuBuZQ\" target=\"_blank\" rel=\"noopener noreferrer\">V\u00eddeo<\/a><\/p>\n<p>Classificaci\u00f3 <a href=\"https:\/\/www.youtube.com\/watch?v=dUiswoeom0c\" target=\"_blank\" rel=\"noopener noreferrer\">V\u00eddeo<\/a><\/p>\n<p>Microbis <a href=\"http:\/\/www.ccma.cat\/tv3\/super3\/infok\/la-historia-de-la-investigacio-dels-microbis\/video\/5709145\/\" target=\"_blank\" rel=\"noopener noreferrer\">V\u00eddeo<\/a><\/p>\n<p><a href=\"https:\/\/www.youtube.com\/watch?v=TZ1_WfdkW6Q\" target=\"_blank\" rel=\"noopener noreferrer\"><img loading=\"lazy\" decoding=\"async\" class=\" alignright\" src=\"http:\/\/3.bp.blogspot.com\/-U6vaWsmBtpg\/UpuCZJG09QI\/AAAAAAAAHCA\/5ieqAh8Y2A0\/s1600\/animals.jpg\" width=\"248\" height=\"314\" \/><\/a>El regne vegetal\u00a0 <a href=\"http:\/\/www.dailymotion.com\/video\/x2kffpv\" target=\"_blank\" rel=\"noopener noreferrer\">V\u00eddeo <\/a><\/p>\n<p>El regne animal <a href=\"https:\/\/www.youtube.com\/watch?v=TZ1_WfdkW6Q\" target=\"_blank\" rel=\"noopener noreferrer\">v\u00eddeo <\/a>\u00a0 Invertebrats <a href=\"https:\/\/www.youtube.com\/watch?v=j7PG0VAC4AE\" target=\"_blank\" rel=\"noopener noreferrer\">v\u00eddeo<\/a>\u00a0 Vertebrats <a href=\"https:\/\/www.youtube.com\/watch?v=smyV8VsKjZU\" target=\"_blank\" rel=\"noopener noreferrer\">v\u00eddeo<\/a><\/p>\n<p>Els cucs de seda <a href=\"https:\/\/sites.google.com\/a\/xtec.cat\/les-erugues-de-la-seda\/\" target=\"_blank\" rel=\"noopener noreferrer\">web<\/a><\/p>\n<p>Preguntes sobre els \u00e9ssers vius <a href=\"https:\/\/www.cerebriti.com\/juegos-de-ciencias\/els-essers-vius#.WsxobdYuDrc\" target=\"_blank\" rel=\"noopener noreferrer\">Joc<\/a><\/p>\n<p>&nbsp;<\/p>\n<p>&nbsp;<\/p>\n<p>&nbsp;<\/p>\n<p>&nbsp;<\/p>\n<p>&nbsp;<\/p>\n<p>&nbsp;<\/p>\n<p>&nbsp;<\/p>\n<p><strong>Terra, sol i lluna es mouen : )<br \/>\n<\/strong>Com es van formar la terra i la lluna? <a href=\"https:\/\/www.youtube.com\/watch?v=iaDqI405mss\" target=\"_blank\" rel=\"noopener noreferrer\">V\u00eddeo<br \/>\n<\/a><\/p>\n<p><strong><img loading=\"lazy\" decoding=\"async\" class=\"size-large alignright\" src=\"https:\/\/sites.google.com\/site\/exploremlespai\/_\/rsrc\/1429471715144\/recursos\/426-0-125-16063-8.gif\" alt=\"sol terra lluna\" width=\"470\" height=\"334\" \/><\/strong><\/p>\n<p>Un conte <a href=\"http:\/\/www.super3.cat\/unamadecontes\/conte\/el-sol-i-la-lluna\/catala\/270\" target=\"_blank\" rel=\"noopener noreferrer\">V\u00eddeo<\/a><br \/>\nHem visitat la Llun<\/p>\n<p>&nbsp;<\/p>\n<p>a <a href=\"https:\/\/vimeo.com\/217051213\" target=\"_blank\" rel=\"noopener noreferrer\">V\u00eddeo<\/a><\/p>\n<p><a href=\"http:\/\/agora.xtec.cat\/ceipjbalmes\/wp-content\/uploads\/usu172\/2017\/09\/P_20171116_163704.jpg\"><img loading=\"lazy\" decoding=\"async\" class=\"alignnone wp-image-3259\" src=\"http:\/\/agora.xtec.cat\/ceipjbalmes\/wp-content\/uploads\/usu172\/2017\/09\/P_20171116_163704.jpg\" alt=\"\" width=\"274\" height=\"158\" \/><\/a><br \/>\nImatges de la lluna <a href=\"https:\/\/images.nasa.gov\/search-results?q=moon&amp;page=1&amp;media=image,video,audio&amp;yearStart=1920&amp;yearEnd=2018\" target=\"_blank\" rel=\"noopener noreferrer\">NASA , <\/a><a href=\"http:\/\/lroc.sese.asu.edu\/news\/uploads\/lroc_wac_nearside_noslew.png\" target=\"_blank\" rel=\"noopener noreferrer\">Alta resoluci\u00f3 ,<br \/>\n<\/a><a href=\"https:\/\/josevicentediaz.files.wordpress.com\/2016\/05\/cara-oculta-y-visible-de-la-luna.jpg?w=474\" target=\"_blank\" rel=\"noopener noreferrer\">Les cues cares<br \/>\n<\/a>Fases de la lluna <a href=\"https:\/\/ca.wikipedia.org\/wiki\/Fase_lunar\" target=\"_blank\" rel=\"noopener noreferrer\">Viquip\u00e8dia<\/a> <a href=\"http:\/\/www.edu365.cat\/primaria\/muds\/natural\/lluna\/imatges\/lluna_fases.swf\" target=\"_blank\" rel=\"noopener noreferrer\">Animaci\u00f3<\/a><br \/>\nSimulador Terra Lluna <a href=\"https:\/\/edumet.cat\/edumet\/meteo_2\/imatges\/informacio\/simuladors\/lunar_applet033.swf\" target=\"_blank\" rel=\"noopener noreferrer\">Interactiu<\/a><\/p>\n<p>La influ\u00e8ncia de la Lluna <a href=\"https:\/\/www.youtube.com\/watch?v=ayGjKVTRayo\" target=\"_blank\" rel=\"noopener noreferrer\">Qu\u00e8qu\u00edcom<\/a><\/p>\n<p>&nbsp;<\/p>\n<p>&nbsp;<\/p>\n<p>&nbsp;<\/p>\n<p><strong><a href=\"https:\/\/ca.wikipedia.org\/wiki\/Meteorologia\">Geologia, la terra es mou.<br \/>\n<img loading=\"lazy\" decoding=\"async\" class=\"alignnone size-large\" src=\"http:\/\/www.xtec.cat\/~imartin6\/1\/hotpot\/terra\/imatges\/capes_terra_petit.gif\" width=\"404\" height=\"323\" \/><br \/>\n<\/a><\/strong>La terra per dins &gt; <a href=\"http:\/\/www.xtec.es\/~epuig124\/naturals\/terra.swf\" target=\"_blank\" rel=\"noopener noreferrer\">Interactiu<\/a><strong><a href=\"http:\/\/agora.xtec.cat\/ceipjbalmes\/wp-content\/uploads\/usu172\/2017\/09\/duresa.png\"><img loading=\"lazy\" decoding=\"async\" class=\"wp-image-2986 alignright\" src=\"http:\/\/agora.xtec.cat\/ceipjbalmes\/wp-content\/uploads\/usu172\/2017\/09\/duresa.png\" alt=\"\" width=\"195\" height=\"189\" \/><\/a><a href=\"https:\/\/ca.wikipedia.org\/wiki\/Meteorologia\"><br \/>\n<\/a><\/strong>Deriva continental &gt; <a href=\"https:\/\/www.youtube.com\/watch?v=NxcoRqRa_yM\" target=\"_blank\" rel=\"noopener noreferrer\">Video<\/a><br \/>\nTerratremols &gt; <a href=\"http:\/\/www.ccma.cat\/tv3\/alacarta\/quequicom\/catalunya-tremola\/video\/3419850\/\" target=\"_blank\" rel=\"noopener noreferrer\">V\u00eddeo<\/a><br \/>\nVolc\u00e0 &gt; <a href=\"http:\/\/www.edu3.cat\/Edu3tv\/Fitxa?p_id=17138&amp;p_ex=volc%E0\" target=\"_blank\" rel=\"noopener noreferrer\">V\u00eddeo<\/a><br \/>\nMinerals &gt; <a href=\"https:\/\/ca.wikipedia.org\/wiki\/Mineral\" target=\"_blank\" rel=\"noopener noreferrer\">Viquip\u00e8dia<br \/>\n<\/a>Minerals o roques&gt; <a href=\"https:\/\/www.espaibarcanova.cat\/descargas\/espai\/1461794_0_1.swf\" target=\"_blank\" rel=\"noopener noreferrer\">Activitat<br \/>\n<\/a>Paisatge&gt; <a href=\"https:\/\/www.slideshare.net\/mercebolufer\/el-paisatge-a-3r\" target=\"_blank\" rel=\"noopener noreferrer\">Presentaci\u00f3\u00a0<\/a>&#8211;\u00a0<a href=\"https:\/\/www.slideshare.net\/malbert1\/el-paisatge-muntanya-presentation\" target=\"_blank\" rel=\"noopener noreferrer\">Presentaci\u00f3 <\/a>&#8211; <a href=\"https:\/\/es.educaplay.com\/es\/recursoseducativos\/2934714\/el_relleu_de_costa.htm\" target=\"_blank\" rel=\"noopener noreferrer\">Activitat<\/a><a href=\"https:\/\/www.slideshare.net\/malbert1\/el-paisatge-muntanya-presentation\" target=\"_blank\" rel=\"noopener noreferrer\"><br \/>\n<\/a>Relleu de Catalunya &gt; <a href=\"http:\/\/serbal.pntic.mec.es\/ealg0027\/catorog1c.html\" target=\"_blank\" rel=\"noopener noreferrer\">Activitat<\/a><\/p>\n<p>&nbsp;<\/p>\n<p>&nbsp;<\/p>\n<p>&nbsp;<\/p>\n<p>&nbsp;<\/p>\n<p><strong><a href=\"https:\/\/ca.wikipedia.org\/wiki\/Meteorologia\">Qu\u00e8 \u00e9s la meteorologia?<\/a><\/strong><\/p>\n<p><img loading=\"lazy\" decoding=\"async\" class=\"alignnone \" src=\"http:\/\/images.prensa.com\/salud_y_ciencia\/especialistas-coinciden-meteorologia-preventivas-sustentables_LPRIMA20160318_0127_34.jpg\" width=\"294\" height=\"186\" \/><\/p>\n<p>El temps a Catalunya &gt; <a href=\"http:\/\/www.meteo.cat\/\">http:\/\/www.meteo.cat\/<br \/>\n<\/a>Aire &gt; <a href=\"https:\/\/ca.wikipedia.org\/wiki\/Aire\">Viquip\u00e8dia<br \/>\n<\/a>Temps i clima &gt; <a href=\"http:\/\/concurso.cnice.mec.es\/cnice2006\/material093\/004_elementos.html\" target=\"_blank\" rel=\"noopener noreferrer\">ClimaTIC<\/a> &#8211; <a href=\"http:\/\/www.edu365.com\/primaria\/muds\/socials\/tempsclima\/index.htm\" target=\"_blank\" rel=\"noopener noreferrer\">Temps i clima &#8211;\u00a0<\/a><a href=\"https:\/\/photos.app.goo.gl\/6rKvn0kg0IL9bWAk1\" target=\"_blank\" rel=\"noopener noreferrer\"> Terra i latitud<br \/>\n<\/a>Nuvols \ud83d\ude09 &gt; <a href=\"http:\/\/www.xtec.cat\/~xplanes\/nuvols\/nuvols.htm\" target=\"_blank\" rel=\"noopener noreferrer\">Tipus\u00a0 <\/a>&gt;<a href=\"http:\/\/www.xtec.cat\/~xplanes\/nuvols\/nuvols.htm\" target=\"_blank\" rel=\"noopener noreferrer\"> \u00a0<\/a><a href=\"https:\/\/youtu.be\/rKGIlnFFkHQ\" target=\"_blank\" rel=\"noopener noreferrer\">Es mouen?<br \/>\n<\/a>Fem un pluvi\u00f2metre.&gt;\u00a0 <a href=\"http:\/\/www.ccma.cat\/tv3\/alacarta\/programa\/Un-pluviometre-casola\/video\/3819851\/\" target=\"_blank\" rel=\"noopener noreferrer\">Viveo<br \/>\n<\/a>El cicle de l&#8217;aigua &gt; <a href=\"http:\/\/www.termcat.cat\/docs\/Cicle_Aigua\/\" target=\"_blank\" rel=\"noopener noreferrer\">Esquema<br \/>\n<\/a>Estats de l&#8217;aigua &gt; <a href=\"http:\/\/www.edu365.com\/eso\/muds\/ciencies\/aigua\/imatges\/aigua2.swf\" target=\"_blank\" rel=\"noopener noreferrer\">Animaci\u00f3<br \/>\n<\/a>Rius de Catalunya &gt; <a href=\"https:\/\/mapasinteractivos.didactalia.net\/ca\/comunitat\/mapasflashinteractivos\/recurs\/rius-de-catalunya\/401fd7a7-ab9e-4f8f-a3c6-7bf33da3a5b2\" target=\"_blank\" rel=\"noopener noreferrer\">Joc<br \/>\n<\/a>Oceans &gt; <a href=\"https:\/\/mapasinteractivos.didactalia.net\/comunidad\/mapasflashinteractivos\/recurso\/continentes-y-oceanos-del-mundo\/df0ed3bc-50da-4b05-a85e-d2d7b68d5fdf\" target=\"_blank\" rel=\"noopener noreferrer\">Joc\u00a0 <\/a>&#8211;\u00a0 <a href=\"http:\/\/www.super3.cat\/unamadecontes\/demo\/show_video\/43\" target=\"_blank\" rel=\"noopener noreferrer\">Conte<\/a><\/p>\n","protected":false},"excerpt":{"rendered":"<p>Els \u00e9ssers vius Qu\u00e8 \u00e9s un \u00e9sser viu? Animaci\u00f3 Funcions vitals V\u00eddeo Classificaci\u00f3 V\u00eddeo Microbis V\u00eddeo El regne vegetal\u00a0 V\u00eddeo El regne animal v\u00eddeo \u00a0 Invertebrats v\u00eddeo\u00a0 Vertebrats v\u00eddeo Els cucs de seda web Preguntes sobre els \u00e9ssers vius Joc &nbsp; &nbsp; &nbsp; &nbsp; &nbsp; &nbsp; &nbsp; Terra, sol i lluna es mouen : ) [&hellip;]<\/p>\n","protected":false},"author":1,"featured_media":0,"parent":0,"menu_order":0,"comment_status":"closed","ping_status":"closed","template":"page-templates\/side-menu.php","meta":{"_bbp_topic_count":0,"_bbp_reply_count":0,"_bbp_total_topic_count":0,"_bbp_total_reply_count":0,"_bbp_voice_count":0,"_bbp_anonymous_reply_count":0,"_bbp_topic_count_hidden":0,"_bbp_reply_count_hidden":0,"_bbp_forum_subforum_count":0,"site-sidebar-layout":"default","site-content-layout":"","ast-site-content-layout":"","site-content-style":"default","site-sidebar-style":"default","ast-global-header-display":"","ast-banner-title-visibility":"","ast-main-header-display":"","ast-hfb-above-header-display":"","ast-hfb-below-header-display":"","ast-hfb-mobile-header-display":"","site-post-title":"","ast-breadcrumbs-content":"","ast-featured-img":"","footer-sml-layout":"","theme-transparent-header-meta":"","adv-header-id-meta":"","stick-header-meta":"","header-above-stick-meta":"","header-main-stick-meta":"","header-below-stick-meta":"","astra-migrate-meta-layouts":"default","ast-page-background-enabled":"default","ast-page-background-meta":{"desktop":{"background-color":"var(--ast-global-color-4)","background-image":"","background-repeat":"repeat","background-position":"center center","background-size":"auto","background-attachment":"scroll","background-type":"","background-media":"","overlay-type":"","overlay-color":"","overlay-opacity":"","overlay-gradient":""},"tablet":{"background-color":"","background-image":"","background-repeat":"repeat","background-position":"center center","background-size":"auto","background-attachment":"scroll","background-type":"","background-media":"","overlay-type":"","overlay-color":"","overlay-opacity":"","overlay-gradient":""},"mobile":{"background-color":"","background-image":"","background-repeat":"repeat","background-position":"center center","background-size":"auto","background-attachment":"scroll","background-type":"","background-media":"","overlay-type":"","overlay-color":"","overlay-opacity":"","overlay-gradient":""}},"ast-content-background-meta":{"desktop":{"background-color":"var(--ast-global-color-5)","background-image":"","background-repeat":"repeat","background-position":"center center","background-size":"auto","background-attachment":"scroll","background-type":"","background-media":"","overlay-type":"","overlay-color":"","overlay-opacity":"","overlay-gradient":""},"tablet":{"background-color":"var(--ast-global-color-5)","background-image":"","background-repeat":"repeat","background-position":"center center","background-size":"auto","background-attachment":"scroll","background-type":"","background-media":"","overlay-type":"","overlay-color":"","overlay-opacity":"","overlay-gradient":""},"mobile":{"background-color":"var(--ast-global-color-5)","background-image":"","background-repeat":"repeat","background-position":"center center","background-size":"auto","background-attachment":"scroll","background-type":"","background-media":"","overlay-type":"","overlay-color":"","overlay-opacity":"","overlay-gradient":""}},"footnotes":""},"class_list":["post-2607","page","type-page","status-publish","hentry"],"post_mailing_queue_ids":[],"_links":{"self":[{"href":"https:\/\/agora.xtec.cat\/ceipjbalmes\/wp-json\/wp\/v2\/pages\/2607","targetHints":{"allow":["GET"]}}],"collection":[{"href":"https:\/\/agora.xtec.cat\/ceipjbalmes\/wp-json\/wp\/v2\/pages"}],"about":[{"href":"https:\/\/agora.xtec.cat\/ceipjbalmes\/wp-json\/wp\/v2\/types\/page"}],"author":[{"embeddable":true,"href":"https:\/\/agora.xtec.cat\/ceipjbalmes\/wp-json\/wp\/v2\/users\/1"}],"replies":[{"embeddable":true,"href":"https:\/\/agora.xtec.cat\/ceipjbalmes\/wp-json\/wp\/v2\/comments?post=2607"}],"version-history":[{"count":3,"href":"https:\/\/agora.xtec.cat\/ceipjbalmes\/wp-json\/wp\/v2\/pages\/2607\/revisions"}],"predecessor-version":[{"id":3665,"href":"https:\/\/agora.xtec.cat\/ceipjbalmes\/wp-json\/wp\/v2\/pages\/2607\/revisions\/3665"}],"wp:attachment":[{"href":"https:\/\/agora.xtec.cat\/ceipjbalmes\/wp-json\/wp\/v2\/media?parent=2607"}],"curies":[{"name":"wp","href":"https:\/\/api.w.org\/{rel}","templated":true}]}}