{"id":26,"date":"2014-09-18T12:24:32","date_gmt":"2014-09-18T11:24:32","guid":{"rendered":"http:\/\/agora.xtec.cat\/ceipjbalmes\/?page_id=26"},"modified":"2021-02-24T17:07:55","modified_gmt":"2021-02-24T16:07:55","slug":"historia","status":"publish","type":"page","link":"https:\/\/agora.xtec.cat\/ceipjbalmes\/lescola\/historia\/","title":{"rendered":"Hist\u00f2ria"},"content":{"rendered":"<p>&nbsp;<\/p>\n<p><span style=\"text-decoration: underline;\"><strong>HIST\u00d2RIA DE LA NOSTRA ESCOLA<\/strong><\/span><\/p>\n<p>&nbsp;<\/p>\n<p><b>LA PRIMERA ESCOLA<\/b><span style=\"font-weight: 400;\">\u00a0<\/span><\/p>\n<p><span style=\"font-weight: 400;\">Abans de construir-se aquesta escola, a l\u2019any 1968, va comen\u00e7ar la primera escola\u00a0 anomenada \u00abJaume Balmes\u00bb a l\u2019edifici on ara hi ha l\u2019institut.\u00a0<\/span><\/p>\n<p><span style=\"font-weight: 400;\">Se li\u00a0 va posar aquest nom en homenatge a Jaume Balmes, que era un important fil\u00f2sof catal\u00e0, que va passar una llarga temporada a Sant Feliu de Codines, a la casa del Prat de Dalt.<\/span><\/p>\n<p><span style=\"font-weight: 400;\">Per\u00f2 l\u2019escola es va fer petita. El poble necessitava una escola m\u00e9s gran.<\/span><\/p>\n<p>&nbsp;<\/p>\n<p><b>COM VA COMEN\u00c7AR LA NOSTRA ESCOLA<\/b><\/p>\n<p><span style=\"font-weight: 400;\">L\u2019antiga escola Jaume Balmes es feia petita per a tants nens. Sant Feliu necessitava una escola m\u00e9s gran, es van posar en contacte amb la \u00abDelegaci\u00f3n Provincial del Ministerio de Educaci\u00f3n y Ciencia\u00bb . Immediatament escollits els terrenys,\u00a0 l\u2019empresa de construcci\u00f3 \u00abColomina, S.A.\u00bb va construir l\u2019escola en pocs mesos, per un valor de 21 milions de pessetes.<\/span><\/p>\n<p><span style=\"font-weight: 400;\">L\u2019edifici es va inaugurar l\u2019any 1974, el 13 de setembre, per la Festa Major de Sant Feliu. Va venir l\u2019alcalde i autoritats com Martin Villa.<\/span><\/p>\n<p><span style=\"font-weight: 400;\">La construcci\u00f3 ha canviat poc per fora, s\u2019han renovat les escales i la rampa, tamb\u00e9 hi ha un hort i una nova sortida d\u2019emerg\u00e8ncia. Els jocs del pati tamb\u00e9 s\u2019han anat renovant i canviant.<\/span><\/p>\n<p><span style=\"font-weight: 400;\">Per dins ha canviat m\u00e9s, han fet classes noves, lavabos nous&#8230;<\/span><\/p>\n<p><span style=\"font-weight: 400;\">La Montse Verdaguer, va estudiar en aquesta escola. Ella, va ser una de las persones en estrenar l\u2019escola, quan feia 6<\/span><span style=\"font-weight: 400;\">\u00e8<\/span><span style=\"font-weight: 400;\">. Actualment \u00e9s professora tamb\u00e9 de sis\u00e8!<\/span><\/p>\n<p>&nbsp;<\/p>\n<p><b>L\u2019EDIFICI NOU<\/b><\/p>\n<p><span style=\"font-weight: 400;\">Quan es va inaugurar aquest edifici, li van posar el nom de \u00abLu\u00eds Carrero Blanco\u00bb perqu\u00e8 era el company i la m\u00e0 dreta del general Franco. Era durant la dictadura franquista.\u00a0<\/span><\/p>\n<p><span style=\"font-weight: 400;\">Tots coneixien l\u2019escola com \u00abels nacionals\u00bb.<\/span><\/p>\n<p><span style=\"font-weight: 400;\">A la foto es pot veure el dia de la inauguraci\u00f3.<\/span><\/p>\n<p>&nbsp;<\/p>\n<p><b>NOM D\u00b4ANTICS DIRECTORS i PROFESSORS\u00a0<\/b><\/p>\n<p><span style=\"font-weight: 400;\">El primer director es deia senyor Miquel i Miquel tamb\u00e9 era professor de Mates, i ci\u00e8ncies naturals i tutor de 8\u00e9. Despr\u00e9s uns altres directors van ser: Carme Parente, Paquita Grau, Concha Cabarcos, Montse Soler i ara, l\u00b4Anna Colomina.<\/span><\/p>\n<p><span style=\"font-weight: 400;\">Alguns dels antics professors de aquesta escola van ser:<\/span><\/p>\n<p><span style=\"font-weight: 400;\">&#8211; La senyoreta Consol, que era mestra de pl\u00e0stica.<\/span><\/p>\n<p><span style=\"font-weight: 400;\">&#8211; La Concha Cabarcos, era una excel\u00b7lent mestra de castell\u00e0.<\/span><\/p>\n<p><span style=\"font-weight: 400;\">&#8211; La Roser Espinet, la Mayte Sarri\u00f3n, l\u2019Elena Argem\u00ed que s\u2019ocupaven dels petits<\/span><\/p>\n<p><span style=\"font-weight: 400;\">&#8211; La Mari Riera estava a la biblioteca<\/span><\/p>\n<p><span style=\"font-weight: 400;\">&#8211; El Pep ens feia medi i s\u00b4ocupava dels ordinadors<\/span><\/p>\n<p><span style=\"font-weight: 400;\">&#8211; La Llu\u00efsa ens feia religi\u00f3<\/span><\/p>\n<p><span style=\"font-weight: 400;\">&#8211; La Maria \u00c0ngels feia educaci\u00f3 especial per ajudar els que tenien dificultats.<\/span><\/p>\n<p><span style=\"font-weight: 400;\">&#8211; I tants i tants mestres que han treballat per l\u2019educaci\u00f3 a Sant Feliu.<\/span><\/p>\n<p>&nbsp;<\/p>\n<p><b>ANTIGAMENT, COM ERA L\u2019EDUCACI\u00d3 A L\u2019ESCOLA?<\/b><\/p>\n<p><span style=\"font-weight: 400;\">L\u2019educaci\u00f3 ha canviat molt.\u00a0\u00a0<\/span><\/p>\n<p><span style=\"font-weight: 400;\">Quan es va inaugurar l\u2019escola, no s\u2019estudiava en catal\u00e0, s\u2019estudiava en castell\u00e0.<\/span><\/p>\n<p><span style=\"font-weight: 400;\">No es deia primaria. Es deia EGB, hi havia 8 cursos, de 1<\/span><span style=\"font-weight: 400;\">e<\/span><span style=\"font-weight: 400;\"> a 8<\/span><span style=\"font-weight: 400;\">\u00e9.<\/span><\/p>\n<p><span style=\"font-weight: 400;\">Abans d\u2019entrar a l\u2019escola havien de resar.<\/span><\/p>\n<p><span style=\"font-weight: 400;\">Els c\u00e0stigs eren durs i fins i tot pegaven, els feien posar de genolls, de cara la paret, quedar-se m\u00e9s estona a l\u2019escola o copiar moltes vegades una frase o paraula.<\/span><\/p>\n<p><span style=\"font-weight: 400;\">Les aules de l\u2019escola eren de 30 ha 35 nois i noies.<\/span><\/p>\n<p><span style=\"font-weight: 400;\">El pati tenia un horari de mitja hora i quan s\u2019acabava sonava com una sirena.<\/span><\/p>\n<p><span style=\"font-weight: 400;\">Tamb\u00e9 sonava la sirena a les entrades i sortides.<\/span><\/p>\n<p>&nbsp;<\/p>\n<p><span style=\"font-weight: 400;\">-PISSARRA: la pissarra no era com es ara, ara \u00e9s amb retolador,<\/span><\/p>\n<p><span style=\"font-weight: 400;\">\u00a0per\u00f2 abans era negra i s\u2019escrivia amb guixos blancs o de colors.\u00a0<\/span><\/p>\n<p><span style=\"font-weight: 400;\">-COM EREN LES CLASSES: acostumaven a seure de dos en dos i de cara a la pissarra. Abans eren aules molt plenes, d\u2019uns 30 o 35 alumnes.<\/span><\/p>\n<p><span style=\"font-weight: 400;\">-COM ERA EL MATERIAL ESCOLAR: abans s\u2019escrivia amb llapis, com ara, i tamb\u00e9 amb ploma estilogr\u00e0fica o amb boli. Hi havia bolis taronja, lila, turquesa&#8230;(etc). Moltes coses com gomes bolis de colors, s\u00f3n iguals que ara. La maquineta era igual que ara, per\u00f2 abans tamb\u00e9 es feia servir el puntax. Un puntax era un objecte que tenia com una petita fulla que tallava. Nom\u00e9s havies rascar el llapis amb la mini serra i feies punta. Es feia servir una cola d\u2019enganxar que ara est\u00e0 prohibida perqu\u00e8 \u00e9s t\u00f2xica: \u00abel pegamento Imedio\u00bb<\/span><\/p>\n<p>&nbsp;<\/p>\n<p><b>DIFER\u00c8NCIES ENTRE NENS I NENES\u00a0\u00a0<\/b><\/p>\n<p><span style=\"font-weight: 400;\">Al principi a l\u2019escola hi havia molts m\u00e9s nens que nenes, m\u00e9s endavant van venir m\u00e9s nenes.\u00a0<\/span><\/p>\n<p><b>UNIFORME<\/b><\/p>\n<p><span style=\"font-weight: 400;\">No s\u2019ha portat mai uniforme, per\u00f2 abans els alumnes de 1<\/span><span style=\"font-weight: 400;\">r<\/span><span style=\"font-weight: 400;\"> a 8<\/span><span style=\"font-weight: 400;\">\u00e8<\/span><span style=\"font-weight: 400;\"> havien de portar bata, les bates eren diferents per nens i per les nenes.\u00a0<\/span><\/p>\n<p><span style=\"font-weight: 400;\">Despr\u00e9s, m\u00e9s endavant es portava bata fins 6<\/span><span style=\"font-weight: 400;\">\u00e8<\/span><span style=\"font-weight: 400;\">, les bates eren de quadres i tots podien triar el color.<\/span><\/p>\n<p><span style=\"font-weight: 400;\">Tamb\u00e9 portaven un xandall vermell per fer educaci\u00f3 f\u00edsica<\/span><\/p>\n<p>&nbsp;<\/p>\n<p><b>ELS PRIMERS CANVIS PER MILLORAR L\u2019EDUCACI\u00d3<\/b><\/p>\n<p><span style=\"font-weight: 400;\">Amb el final de la dictadura van comen\u00e7ar grans canvis:<\/span><\/p>\n<p><b>Canvi de nom de l\u2019escola<\/b><\/p>\n<p><span style=\"font-weight: 400;\">Es va canviar el nom de l\u2019escola i es va recuperar el nom de la primera escola de Sant Feliu:\u00a0 \u00abJaume Balmes\u00bb.\u00a0<\/span><\/p>\n<p><b>Canvi d\u2019idioma<\/b><\/p>\n<p><span style=\"font-weight: 400;\">Va comen\u00e7ar la catalanitzaci\u00f3 de l\u2019escola i amb ella van haver tamb\u00e9 molts altres canvis. Es va guanyar el premi \u00abBaldiri Reixac\u00bb per ser una de les primeres escoles en educar en catal\u00e0. Va ser un premi educatiu molt important!<\/span><\/p>\n<p><b>Canvi de forma de treballar&#8230;<\/b><\/p>\n<ul>\n<li style=\"font-weight: 400;\" aria-level=\"1\"><span style=\"font-weight: 400;\">Es van posar ordinadors i noves tecnologies<\/span><\/li>\n<li style=\"font-weight: 400;\" aria-level=\"1\"><span style=\"font-weight: 400;\">Es van fer setmanes culturals i festes<\/span><\/li>\n<li style=\"font-weight: 400;\" aria-level=\"1\"><span style=\"font-weight: 400;\">Es van fer les primeres col\u00f2nies<\/span><\/li>\n<li style=\"font-weight: 400;\" aria-level=\"1\"><span style=\"font-weight: 400;\">Es van fer activitats extraescolars\u00a0<\/span><\/li>\n<\/ul>\n<p><span style=\"font-weight: 400;\">I tamb\u00e9 hi va haver canvis educatius: s\u2019acabava l\u2019EGB i comen\u00e7ava l\u2019educaci\u00f3 Infantil (3-6 anys) i la Prim\u00e0ria (6-12 anys). L\u2019educaci\u00f3 millorava dia a dia.<\/span><\/p>\n<p><b>Edifici nou<\/b><\/p>\n<p><span style=\"font-weight: 400;\">Sant Feliu va cr\u00e9ixer i l\u2019escola tamb\u00e9 va cr\u00e9ixer. Es va haver de fer un nou edifici pels m\u00e9s petits: l\u2019edifici d\u2019educaci\u00f3 Infantil que es troba al mateix carrer per\u00f2 una mica m\u00e9s amunt.<\/span><\/p>\n<p>&nbsp;<\/p>\n<p><b>ENTREVISTA A LA MONTSE VERDAGUER<\/b><\/p>\n<p><b>Salutaci\u00f3<\/b><\/p>\n<p><span style=\"font-weight: 400;\">La Montse Verdaguer va venir a aquesta escola quan era petita i ara n\u2019\u00e9s mestra des de fa molts anys. Li volem preguntar sobre com era l\u2019escola quan era nena.\u00a0<\/span><\/p>\n<p><b>1.- Com era l\u2019escola quan vas arribar?<\/b><\/p>\n<p><span style=\"font-weight: 400;\">El primer cop que vaig arribar tenia 11 anys, feia 6e i vaig estrenar aquesta escola. Era nova, bonica i gran.<\/span><\/p>\n<p><span style=\"font-weight: 400;\">El segon cop que vaig venir\u00a0 a aquesta escola va ser per ser professora, a l\u2019any 1994. I encara hi s\u00f3c.<\/span><\/p>\n<p><b>2.-Com era ser un estudiant a l\u2019\u00e8poca de Franco?<\/b><\/p>\n<p><span style=\"font-weight: 400;\">Era molt diferent d\u2019ara. Estudi\u00e0vem en castell\u00e0, els professors eren molt durs i alguns feien por. Per\u00f2 tamb\u00e9 vaig aprendre molt i en tinc molts bons records.<\/span><\/p>\n<p><b>3.- Quines assignatures f\u00e8ieu?\u00a0<\/b><\/p>\n<p><span style=\"font-weight: 400;\">M\u00e9s o menys les mateixes que ara per\u00f2 amb alguna diferencia. La religi\u00f3 era obligat\u00f2ria i l\u2019idioma era el franc\u00e8s, no l\u2019angl\u00e8s i catal\u00e0 no en f\u00e8iem, era tot en castell\u00e0.<\/span><\/p>\n<p><b>4.-Quin horari f\u00e8ieu?<\/b><\/p>\n<p><span style=\"font-weight: 400;\">F\u00e8iem de 9:00 a 12:00 i de 15:00.<\/span><\/p>\n<p><b>5.-Com eren els c\u00e0stigs?<\/b><\/p>\n<p><span style=\"font-weight: 400;\">Acostumaven\u00a0 a ser c\u00e0stigs f\u00edsics: ens ficaven de genolls, de cara a la paret, i fins i tot ens arribaven a pegar amb el regle. Tamb\u00e9 ens feien copiar una frase moltes vegades. Per sort, ara ha millorat i ja no es fan aquestes animalades.<\/span><\/p>\n<p><b>6.- Com s\u2019estudiava?<\/b><\/p>\n<p><span style=\"font-weight: 400;\">Ens feien aprendre tot de mem\u00f2ria, copi\u00e0vem molt, escriv\u00edem molt, f\u00e8iem molts ex\u00e0mens i f\u00e8iem pocs treballs en grup.( o cap)\u00a0<\/span><\/p>\n<p><b>7.- Com era educaci\u00f3 f\u00edsica?<\/b><\/p>\n<p><span style=\"font-weight: 400;\">A l\u2019educaci\u00f3 f\u00edsica separaven els nens i les nenes i tothom portava el mateix xandall.\u00a0 Molts es feien mal saltant el potro o el plinton.<\/span><\/p>\n<p><b>8.- Hi havia tac?<\/b><\/p>\n<p><span style=\"font-weight: 400;\">No hi havia tac, perqu\u00e8 no hi havia ordinadors.<\/span><\/p>\n<p><b>9.-Com eren les excursions?<\/b><\/p>\n<p><span style=\"font-weight: 400;\">Vam fer poques excursions. Recordo quan vam anar a Barcelona a visitar el Parlament de Catalunya.<\/span><\/p>\n<p><b>Gr\u00e0cies Montse per respondre\u2019ns aquestes preguntes.<\/b><\/p>\n<p>&nbsp;<\/p>\n<p><b>LA NOSTRA ESCOLA, ACTUALMENT<\/b><\/p>\n<p><span style=\"font-weight: 400;\">Actualment la nostra escola segueix evolucionant i millorant.\u00a0<\/span><\/p>\n<p><span style=\"font-weight: 400;\">Es treballa per projectes, ambients i espais d\u2019aprenentatge.\u00a0<\/span><\/p>\n<p><span style=\"font-weight: 400;\">Formem part d\u2019Escola Nova XXI, un nou moviment educatiu.<\/span><\/p>\n<p><span style=\"font-weight: 400;\">Es participa molts projectes: cant\u00e0nia, sardatic, escolta\u2019m&#8230;\u00a0<\/span><\/p>\n<p><span style=\"font-weight: 400;\">L\u2019escola Jaume Balmes, \u00e9s una escola amb molta hist\u00f2ria i vol continuar millorant i vol seguir essent una gran escola en el futur.<\/span><\/p>\n","protected":false},"excerpt":{"rendered":"<p>&nbsp; HIST\u00d2RIA DE LA NOSTRA ESCOLA &nbsp; LA PRIMERA ESCOLA\u00a0 Abans de construir-se aquesta escola, a l\u2019any 1968, va comen\u00e7ar la primera escola\u00a0 anomenada \u00abJaume Balmes\u00bb a l\u2019edifici on ara hi ha l\u2019institut.\u00a0 Se li\u00a0 va posar aquest nom en homenatge a Jaume Balmes, que era un important fil\u00f2sof catal\u00e0, que va passar una llarga [&hellip;]<\/p>\n","protected":false},"author":1,"featured_media":0,"parent":22,"menu_order":20,"comment_status":"closed","ping_status":"closed","template":"page-templates\/side-menu.php","meta":{"_bbp_topic_count":0,"_bbp_reply_count":0,"_bbp_total_topic_count":0,"_bbp_total_reply_count":0,"_bbp_voice_count":0,"_bbp_anonymous_reply_count":0,"_bbp_topic_count_hidden":0,"_bbp_reply_count_hidden":0,"_bbp_forum_subforum_count":0,"site-sidebar-layout":"default","site-content-layout":"","ast-site-content-layout":"","site-content-style":"default","site-sidebar-style":"default","ast-global-header-display":"","ast-banner-title-visibility":"","ast-main-header-display":"","ast-hfb-above-header-display":"","ast-hfb-below-header-display":"","ast-hfb-mobile-header-display":"","site-post-title":"","ast-breadcrumbs-content":"","ast-featured-img":"","footer-sml-layout":"","theme-transparent-header-meta":"","adv-header-id-meta":"","stick-header-meta":"","header-above-stick-meta":"","header-main-stick-meta":"","header-below-stick-meta":"","astra-migrate-meta-layouts":"default","ast-page-background-enabled":"default","ast-page-background-meta":{"desktop":{"background-color":"var(--ast-global-color-4)","background-image":"","background-repeat":"repeat","background-position":"center center","background-size":"auto","background-attachment":"scroll","background-type":"","background-media":"","overlay-type":"","overlay-color":"","overlay-opacity":"","overlay-gradient":""},"tablet":{"background-color":"","background-image":"","background-repeat":"repeat","background-position":"center center","background-size":"auto","background-attachment":"scroll","background-type":"","background-media":"","overlay-type":"","overlay-color":"","overlay-opacity":"","overlay-gradient":""},"mobile":{"background-color":"","background-image":"","background-repeat":"repeat","background-position":"center center","background-size":"auto","background-attachment":"scroll","background-type":"","background-media":"","overlay-type":"","overlay-color":"","overlay-opacity":"","overlay-gradient":""}},"ast-content-background-meta":{"desktop":{"background-color":"var(--ast-global-color-5)","background-image":"","background-repeat":"repeat","background-position":"center center","background-size":"auto","background-attachment":"scroll","background-type":"","background-media":"","overlay-type":"","overlay-color":"","overlay-opacity":"","overlay-gradient":""},"tablet":{"background-color":"var(--ast-global-color-5)","background-image":"","background-repeat":"repeat","background-position":"center center","background-size":"auto","background-attachment":"scroll","background-type":"","background-media":"","overlay-type":"","overlay-color":"","overlay-opacity":"","overlay-gradient":""},"mobile":{"background-color":"var(--ast-global-color-5)","background-image":"","background-repeat":"repeat","background-position":"center center","background-size":"auto","background-attachment":"scroll","background-type":"","background-media":"","overlay-type":"","overlay-color":"","overlay-opacity":"","overlay-gradient":""}},"footnotes":""},"class_list":["post-26","page","type-page","status-publish","hentry"],"post_mailing_queue_ids":[],"_links":{"self":[{"href":"https:\/\/agora.xtec.cat\/ceipjbalmes\/wp-json\/wp\/v2\/pages\/26","targetHints":{"allow":["GET"]}}],"collection":[{"href":"https:\/\/agora.xtec.cat\/ceipjbalmes\/wp-json\/wp\/v2\/pages"}],"about":[{"href":"https:\/\/agora.xtec.cat\/ceipjbalmes\/wp-json\/wp\/v2\/types\/page"}],"author":[{"embeddable":true,"href":"https:\/\/agora.xtec.cat\/ceipjbalmes\/wp-json\/wp\/v2\/users\/1"}],"replies":[{"embeddable":true,"href":"https:\/\/agora.xtec.cat\/ceipjbalmes\/wp-json\/wp\/v2\/comments?post=26"}],"version-history":[{"count":4,"href":"https:\/\/agora.xtec.cat\/ceipjbalmes\/wp-json\/wp\/v2\/pages\/26\/revisions"}],"predecessor-version":[{"id":18518,"href":"https:\/\/agora.xtec.cat\/ceipjbalmes\/wp-json\/wp\/v2\/pages\/26\/revisions\/18518"}],"up":[{"embeddable":true,"href":"https:\/\/agora.xtec.cat\/ceipjbalmes\/wp-json\/wp\/v2\/pages\/22"}],"wp:attachment":[{"href":"https:\/\/agora.xtec.cat\/ceipjbalmes\/wp-json\/wp\/v2\/media?parent=26"}],"curies":[{"name":"wp","href":"https:\/\/api.w.org\/{rel}","templated":true}]}}