{"id":24,"date":"2014-09-18T12:23:15","date_gmt":"2014-09-18T11:23:15","guid":{"rendered":"http:\/\/agora.xtec.cat\/ceipjbalmes\/?page_id=24"},"modified":"2021-02-09T19:09:03","modified_gmt":"2021-02-09T18:09:03","slug":"on-som","status":"publish","type":"page","link":"https:\/\/agora.xtec.cat\/ceipjbalmes\/lescola\/on-som\/","title":{"rendered":"On som"},"content":{"rendered":"<p style=\"color: #666666;\"><strong>Escola Jaume Balmes<\/strong><br \/>\nAv. Escoles s\/n. 08182<span class=\"Apple-converted-space\"><br \/>\n<\/span>Sant Feliu de Codines<\/p>\n<p>Tel. prim\u00e0ria: 93 866 26 30 &#8211; Tel. infantil: 92 866 21 44<br \/>\nceipjbalmes@xtec.cat<\/p>\n<p><iframe loading=\"lazy\" src=\"https:\/\/www.google.com\/maps\/embed?pb=!1m14!1m12!1m3!1d813.774981732118!2d2.165534580429492!3d41.694632662115396!2m3!1f0!2f0!3f0!3m2!1i1024!2i768!4f13.1!5e1!3m2!1sca!2ses!4v1452683578394\" width=\"600\" height=\"450\" frameborder=\"0\"><\/iframe><\/p>\n<p class=\"normal\">L&#8217;escola \u00e9s a l&#8217;Av Escoles, s\/n. \u00c9s a la zona esportiva de Sant Feliu de Codines, a l&#8217;extrem nord, envoltada de feixes i dins d&#8217;una zona residencial.<\/p>\n<p class=\"normal\">Sant Feliu de Codines \u00e9s un municipi del Vall\u00e8s Oriental que es troba situat a uns 500 metres sobre el nivell del mar i gaudeix d\u2019un clima molt sec t\u00edpic de les zones de mitja muntanya. Encarat en la seva major part cap a migdia, \u00e9s un balc\u00f3 obert al Vall\u00e8s, ja que est\u00e0 situat als darrers contraforts dels cingles vers les terres m\u00e9s planes de la conca del Tenes, la riera de Caldes i ja m\u00e9s cap avall el Bes\u00f2s. A l\u2019estiu la marinada modera la calor i a l\u2019hivern, els Cingles de Bert\u00ed, esmorteixen el vent del nord i suavitzen el fred.<\/p>\n<p class=\"normal\">Sant Feliu t\u00e9 una poblaci\u00f3 de 5.000 habitants que viu majorit\u00e0riament del sector terciari i la construcci\u00f3. Tamb\u00e9 t\u00e9 diverses ind\u00fastries manufactureres de mida petita i mitjana. Hist\u00f2ricament ha estat lloc de pas (Cam\u00ed ral), de Barcelona cap a Vic i al Pirineu, i gr\u00e0cies a aquest fet la vila es va especialitzar en el comer\u00e7. Actualment \u00e9s un poble residencial amb un entorn natural \u00fanic.<span class=\"Apple-converted-space\">\u00a0<\/span><\/p>\n<p class=\"normal\">Els llocs d&#8217;inter\u00e8s a Sant feliu s\u00f3n<span class=\"Apple-converted-space\">\u00a0<\/span><a href=\"http:\/\/www.santmiqueldelfai.net\/\" target=\"_blank\" rel=\"noopener noreferrer\"><b>Sant Miquel del Fai<\/b><\/a>, un espai natural immortalitzat per la ploma de l&#8217;escriptor<span class=\"Apple-converted-space\">\u00a0<\/span><b>Josep Pla<\/b>, diversos punts que es caracteritzen per la seva bellesa com el<span class=\"Apple-converted-space\">\u00a0<\/span><b>Parc Usart<\/b>,<b>Sant Miquel Xic<\/b><span class=\"Apple-converted-space\">\u00a0<\/span>i el<span class=\"Apple-converted-space\">\u00a0<\/span><b>Pla d&#8217;en Pregona<\/b>, des d&#8217;on es pot albirar tot el Vall\u00e8s Oriental.<\/p>\n<p>Una altra possibilitat que ens ofereix Sant Feliu dins del seu entorn natural \u00e9s la visita al &#8220;<a href=\"http:\/\/www.get.to\/cimdaligues\/\" target=\"_blank\" rel=\"noopener noreferrer\"><b>Cim d&#8217;\u00e0ligues<\/b><\/a>&#8220;, primer centre d&#8217;estudi d&#8217;aus rapinyaires, instal\u00b7laci\u00f3 a nivell europeu i la primera de tot l&#8217;Estat Espanyol en aquesta modalitat.<\/p>\n<p>A l&#8217;altre extrem hi trobem la singular muntanya de<span class=\"Apple-converted-space\">\u00a0<\/span><b>Sant Sadurn\u00ed<\/b>, on, en el seu cim a 950 metres d&#8217;altitud hi podem trobar l&#8217;ermita rom\u00e0nica de<span class=\"Apple-converted-space\">\u00a0<\/span><b>Sant Sadurn\u00ed de Gallifa<\/b>. La panor\u00e0mica del nucli urb\u00e0 de Sant Feliu, amb la majestuosa muntanya de Sant Sadurn\u00ed al darrera, \u00e9s una de les imatges m\u00e9s belles per contemplar.<\/p>\n<p>Sortint de Sant Feliu en direcci\u00f3 a<span class=\"Apple-converted-space\">\u00a0<\/span><b>Bigues<\/b><span class=\"Apple-converted-space\">\u00a0<\/span>i<span class=\"Apple-converted-space\">\u00a0<\/span><b>Riells<\/b><span class=\"Apple-converted-space\">\u00a0<\/span>hi trobem l&#8217;<b>ermita del Villar<\/b><span class=\"Apple-converted-space\">\u00a0<\/span>on cada any el dilluns de Pasqua Florida s&#8217;hi fa un aplec. Tamb\u00e9 molt a prop de Sant Feliu hi ha la localitat de<span class=\"Apple-converted-space\">\u00a0<\/span><b>Gallifa<\/b>, de la qual destaca el seu castell rom\u00e0nic restaurat, dedicat a la<span class=\"Apple-converted-space\">\u00a0<\/span><b>Mare de D\u00e9u de l&#8217;Ecologia<\/b>.<\/p>\n<p>A Sant Feliu de Codines hi ha un important nucli modernista. Per tal de poder veure tots aquests edificis s&#8217;ha creat la<span class=\"Apple-converted-space\">\u00a0<\/span><a href=\"http:\/\/www.santfeliudecodines.org\/pagina.php?id_text=17\"><b>Ruta modernista<\/b><\/a><\/p>\n","protected":false},"excerpt":{"rendered":"<p>Escola Jaume Balmes Av. Escoles s\/n. 08182 Sant Feliu de Codines Tel. prim\u00e0ria: 93 866 26 30 &#8211; Tel. infantil: 92 866 21 44 ceipjbalmes@xtec.cat L&#8217;escola \u00e9s a l&#8217;Av Escoles, s\/n. \u00c9s a la zona esportiva de Sant Feliu de Codines, a l&#8217;extrem nord, envoltada de feixes i dins d&#8217;una zona residencial. Sant Feliu de [&hellip;]<\/p>\n","protected":false},"author":1,"featured_media":0,"parent":22,"menu_order":10,"comment_status":"closed","ping_status":"closed","template":"page-templates\/side-menu.php","meta":{"_bbp_topic_count":0,"_bbp_reply_count":0,"_bbp_total_topic_count":0,"_bbp_total_reply_count":0,"_bbp_voice_count":0,"_bbp_anonymous_reply_count":0,"_bbp_topic_count_hidden":0,"_bbp_reply_count_hidden":0,"_bbp_forum_subforum_count":0,"site-sidebar-layout":"default","site-content-layout":"","ast-site-content-layout":"","site-content-style":"default","site-sidebar-style":"default","ast-global-header-display":"","ast-banner-title-visibility":"","ast-main-header-display":"","ast-hfb-above-header-display":"","ast-hfb-below-header-display":"","ast-hfb-mobile-header-display":"","site-post-title":"","ast-breadcrumbs-content":"","ast-featured-img":"","footer-sml-layout":"","theme-transparent-header-meta":"","adv-header-id-meta":"","stick-header-meta":"","header-above-stick-meta":"","header-main-stick-meta":"","header-below-stick-meta":"","astra-migrate-meta-layouts":"default","ast-page-background-enabled":"default","ast-page-background-meta":{"desktop":{"background-color":"var(--ast-global-color-4)","background-image":"","background-repeat":"repeat","background-position":"center center","background-size":"auto","background-attachment":"scroll","background-type":"","background-media":"","overlay-type":"","overlay-color":"","overlay-opacity":"","overlay-gradient":""},"tablet":{"background-color":"","background-image":"","background-repeat":"repeat","background-position":"center center","background-size":"auto","background-attachment":"scroll","background-type":"","background-media":"","overlay-type":"","overlay-color":"","overlay-opacity":"","overlay-gradient":""},"mobile":{"background-color":"","background-image":"","background-repeat":"repeat","background-position":"center center","background-size":"auto","background-attachment":"scroll","background-type":"","background-media":"","overlay-type":"","overlay-color":"","overlay-opacity":"","overlay-gradient":""}},"ast-content-background-meta":{"desktop":{"background-color":"var(--ast-global-color-5)","background-image":"","background-repeat":"repeat","background-position":"center center","background-size":"auto","background-attachment":"scroll","background-type":"","background-media":"","overlay-type":"","overlay-color":"","overlay-opacity":"","overlay-gradient":""},"tablet":{"background-color":"var(--ast-global-color-5)","background-image":"","background-repeat":"repeat","background-position":"center center","background-size":"auto","background-attachment":"scroll","background-type":"","background-media":"","overlay-type":"","overlay-color":"","overlay-opacity":"","overlay-gradient":""},"mobile":{"background-color":"var(--ast-global-color-5)","background-image":"","background-repeat":"repeat","background-position":"center center","background-size":"auto","background-attachment":"scroll","background-type":"","background-media":"","overlay-type":"","overlay-color":"","overlay-opacity":"","overlay-gradient":""}},"footnotes":""},"class_list":["post-24","page","type-page","status-publish","hentry"],"post_mailing_queue_ids":[],"_links":{"self":[{"href":"https:\/\/agora.xtec.cat\/ceipjbalmes\/wp-json\/wp\/v2\/pages\/24","targetHints":{"allow":["GET"]}}],"collection":[{"href":"https:\/\/agora.xtec.cat\/ceipjbalmes\/wp-json\/wp\/v2\/pages"}],"about":[{"href":"https:\/\/agora.xtec.cat\/ceipjbalmes\/wp-json\/wp\/v2\/types\/page"}],"author":[{"embeddable":true,"href":"https:\/\/agora.xtec.cat\/ceipjbalmes\/wp-json\/wp\/v2\/users\/1"}],"replies":[{"embeddable":true,"href":"https:\/\/agora.xtec.cat\/ceipjbalmes\/wp-json\/wp\/v2\/comments?post=24"}],"version-history":[{"count":4,"href":"https:\/\/agora.xtec.cat\/ceipjbalmes\/wp-json\/wp\/v2\/pages\/24\/revisions"}],"predecessor-version":[{"id":18387,"href":"https:\/\/agora.xtec.cat\/ceipjbalmes\/wp-json\/wp\/v2\/pages\/24\/revisions\/18387"}],"up":[{"embeddable":true,"href":"https:\/\/agora.xtec.cat\/ceipjbalmes\/wp-json\/wp\/v2\/pages\/22"}],"wp:attachment":[{"href":"https:\/\/agora.xtec.cat\/ceipjbalmes\/wp-json\/wp\/v2\/media?parent=24"}],"curies":[{"name":"wp","href":"https:\/\/api.w.org\/{rel}","templated":true}]}}