{"id":17252,"date":"2020-03-20T16:15:24","date_gmt":"2020-03-20T15:15:24","guid":{"rendered":"http:\/\/agora.xtec.cat\/ceipjbalmes\/?page_id=17252"},"modified":"2020-03-20T16:15:24","modified_gmt":"2020-03-20T15:15:24","slug":"portes-obertes-virtuals-descobreix-la-teva-escola","status":"publish","type":"page","link":"https:\/\/agora.xtec.cat\/ceipjbalmes\/portes-obertes-virtuals-descobreix-la-teva-escola\/","title":{"rendered":"Portes obertes virtuals!  Descobreix la teva escola!"},"content":{"rendered":"<table>\n<tbody>\n<tr>\n<td><a style=\"color: #2795b6; font-size: 16px;\" href=\"https:\/\/agora.xtec.cat\/ceipjbalmes\/wp-content\/uploads\/usu172\/2020\/03\/D\u00edptic-info-preinscripci\u00f3-724x1024-1.jpg\"><img loading=\"lazy\" decoding=\"async\" class=\"alignnone wp-image-17244 \" src=\"https:\/\/agora.xtec.cat\/ceipjbalmes\/wp-content\/uploads\/usu172\/2020\/03\/D\u00edptic-info-preinscripci\u00f3-724x1024-1-212x300.jpg\" alt=\"\" width=\"137\" height=\"194\" srcset=\"https:\/\/agora.xtec.cat\/ceipjbalmes\/wp-content\/uploads\/usu172\/2020\/03\/D\u00edptic-info-preinscripci\u00f3-724x1024-1-212x300.jpg 212w, https:\/\/agora.xtec.cat\/ceipjbalmes\/wp-content\/uploads\/usu172\/2020\/03\/D\u00edptic-info-preinscripci\u00f3-724x1024-1.jpg 724w\" sizes=\"auto, (max-width: 137px) 100vw, 137px\" \/><\/a><\/p>\n<p>Visita l&#8217;escola amb aquest TOUR virtual!<\/p>\n<ul>\n<li>Llegeix el tr\u00edptic de les portes obertes<\/li>\n<li>Mira la presentaci\u00f3 virtual<\/li>\n<li>Mira el v\u00eddeo i descobreix la teva escola!<\/li>\n<\/ul>\n<\/td>\n<td>Tr\u00edptic de les portes obertes:<\/p>\n<p><iframe loading=\"lazy\" src=\"\/\/v.calameo.com\/?bkcode=006192180d79b1b6df264&amp;mode=mini&amp;view=scroll&amp;showsharemenu=false&amp;clickto=view&amp;clicktarget=_self\" width=\"480\" height=\"300\" frameborder=\"0\"><\/iframe><\/td>\n<\/tr>\n<tr>\n<td>Escola Jaume Balmes, la teva escola!<\/p>\n<p><iframe loading=\"lazy\" src=\"https:\/\/www.youtube.com\/embed\/13a1z8Upb3I\" width=\"600\" height=\"315\" frameborder=\"0\"><span data-mce-type=\"bookmark\" style=\"display: inline-block; width: 0px; overflow: hidden; line-height: 0;\" class=\"mce_SELRES_start\">\ufeff<\/span><\/iframe><\/p>\n<p>Mira el v\u00eddeo a pantalla completa!<\/p>\n<p>&nbsp;<\/td>\n<td><span style=\"font-size: 16px; background-color: #ffffff;\">Presentaci\u00f3 digital\u00a0 sobre les portes obertes:<\/span><\/p>\n<p><iframe loading=\"lazy\" src=\"https:\/\/prezi.com\/embed\/944wad8dp0cz\/\" width=\"600\" height=\"400\" frameborder=\"0\"><span data-mce-type=\"bookmark\" style=\"display: inline-block; width: 0px; overflow: hidden; line-height: 0;\" class=\"mce_SELRES_start\">\ufeff<\/span><span data-mce-type=\"bookmark\" style=\"display: inline-block; width: 0px; overflow: hidden; line-height: 0;\" class=\"mce_SELRES_start\">\ufeff<\/span><\/iframe><\/td>\n<\/tr>\n<\/tbody>\n<\/table>\n<p>&nbsp;<\/p>\n<p><a href=\"https:\/\/agora.xtec.cat\/ceipjbalmes\/wp-content\/uploads\/usu172\/2020\/03\/D\u00edptic-info-preinscripci\u00f3-724x1024-1.jpg\">\u00a0\u00a0<\/a><\/p>\n<div style=\"text-align: center;\">\n<p>&nbsp;<\/p>\n<\/div>\n<p>&nbsp;<\/p>\n","protected":false},"excerpt":{"rendered":"<p>Visita l&#8217;escola amb aquest TOUR virtual! Llegeix el tr\u00edptic de les portes obertes Mira la presentaci\u00f3 virtual Mira el v\u00eddeo i descobreix la teva escola! Tr\u00edptic de les portes obertes: Escola Jaume Balmes, la teva escola! \ufeff Mira el v\u00eddeo a pantalla completa! &nbsp; Presentaci\u00f3 digital\u00a0 sobre les portes obertes: \ufeff\ufeff &nbsp; \u00a0\u00a0 &nbsp; &nbsp;<\/p>\n","protected":false},"author":38,"featured_media":0,"parent":0,"menu_order":0,"comment_status":"closed","ping_status":"closed","template":"page-templates\/front-page.php","meta":{"_bbp_topic_count":0,"_bbp_reply_count":0,"_bbp_total_topic_count":0,"_bbp_total_reply_count":0,"_bbp_voice_count":0,"_bbp_anonymous_reply_count":0,"_bbp_topic_count_hidden":0,"_bbp_reply_count_hidden":0,"_bbp_forum_subforum_count":0,"site-sidebar-layout":"default","site-content-layout":"","ast-site-content-layout":"","site-content-style":"default","site-sidebar-style":"default","ast-global-header-display":"","ast-banner-title-visibility":"","ast-main-header-display":"","ast-hfb-above-header-display":"","ast-hfb-below-header-display":"","ast-hfb-mobile-header-display":"","site-post-title":"","ast-breadcrumbs-content":"","ast-featured-img":"","footer-sml-layout":"","theme-transparent-header-meta":"","adv-header-id-meta":"","stick-header-meta":"","header-above-stick-meta":"","header-main-stick-meta":"","header-below-stick-meta":"","astra-migrate-meta-layouts":"default","ast-page-background-enabled":"default","ast-page-background-meta":{"desktop":{"background-color":"var(--ast-global-color-4)","background-image":"","background-repeat":"repeat","background-position":"center center","background-size":"auto","background-attachment":"scroll","background-type":"","background-media":"","overlay-type":"","overlay-color":"","overlay-opacity":"","overlay-gradient":""},"tablet":{"background-color":"","background-image":"","background-repeat":"repeat","background-position":"center center","background-size":"auto","background-attachment":"scroll","background-type":"","background-media":"","overlay-type":"","overlay-color":"","overlay-opacity":"","overlay-gradient":""},"mobile":{"background-color":"","background-image":"","background-repeat":"repeat","background-position":"center center","background-size":"auto","background-attachment":"scroll","background-type":"","background-media":"","overlay-type":"","overlay-color":"","overlay-opacity":"","overlay-gradient":""}},"ast-content-background-meta":{"desktop":{"background-color":"var(--ast-global-color-5)","background-image":"","background-repeat":"repeat","background-position":"center center","background-size":"auto","background-attachment":"scroll","background-type":"","background-media":"","overlay-type":"","overlay-color":"","overlay-opacity":"","overlay-gradient":""},"tablet":{"background-color":"var(--ast-global-color-5)","background-image":"","background-repeat":"repeat","background-position":"center center","background-size":"auto","background-attachment":"scroll","background-type":"","background-media":"","overlay-type":"","overlay-color":"","overlay-opacity":"","overlay-gradient":""},"mobile":{"background-color":"var(--ast-global-color-5)","background-image":"","background-repeat":"repeat","background-position":"center center","background-size":"auto","background-attachment":"scroll","background-type":"","background-media":"","overlay-type":"","overlay-color":"","overlay-opacity":"","overlay-gradient":""}},"footnotes":""},"class_list":["post-17252","page","type-page","status-publish","hentry"],"post_mailing_queue_ids":[],"_links":{"self":[{"href":"https:\/\/agora.xtec.cat\/ceipjbalmes\/wp-json\/wp\/v2\/pages\/17252","targetHints":{"allow":["GET"]}}],"collection":[{"href":"https:\/\/agora.xtec.cat\/ceipjbalmes\/wp-json\/wp\/v2\/pages"}],"about":[{"href":"https:\/\/agora.xtec.cat\/ceipjbalmes\/wp-json\/wp\/v2\/types\/page"}],"author":[{"embeddable":true,"href":"https:\/\/agora.xtec.cat\/ceipjbalmes\/wp-json\/wp\/v2\/users\/38"}],"replies":[{"embeddable":true,"href":"https:\/\/agora.xtec.cat\/ceipjbalmes\/wp-json\/wp\/v2\/comments?post=17252"}],"version-history":[{"count":1,"href":"https:\/\/agora.xtec.cat\/ceipjbalmes\/wp-json\/wp\/v2\/pages\/17252\/revisions"}],"predecessor-version":[{"id":17253,"href":"https:\/\/agora.xtec.cat\/ceipjbalmes\/wp-json\/wp\/v2\/pages\/17252\/revisions\/17253"}],"wp:attachment":[{"href":"https:\/\/agora.xtec.cat\/ceipjbalmes\/wp-json\/wp\/v2\/media?parent=17252"}],"curies":[{"name":"wp","href":"https:\/\/api.w.org\/{rel}","templated":true}]}}