{"id":73,"date":"2014-09-18T14:01:51","date_gmt":"2014-09-18T14:01:51","guid":{"rendered":"http:\/\/agora.xtec.cat\/ceipjaveprat\/?page_id=73"},"modified":"2025-05-14T12:16:59","modified_gmt":"2025-05-14T10:16:59","slug":"menjador-escolar","status":"publish","type":"page","link":"https:\/\/agora.xtec.cat\/ceipjaveprat\/serveis\/menjador-escolar\/","title":{"rendered":"Menjador escolar"},"content":{"rendered":"<div class=\"page\" title=\"Page 1\">\n<div class=\"layoutArea\">\n<div class=\"column\">\n<p>La gesti\u00f3 del servei de menjador est\u00e0 a c\u00e0rrec de l\u2019AFA. L\u2019encarregada de la contractaci\u00f3 i gesti\u00f3 del monitoratge i de la cuina \u00e9s l\u2019empresa \u00a0<a href=\"http:\/\/www.fundaciocassiajust.org\/serveis-de-cuina-justa.html\">CUINA JUSTA.<\/a><\/p>\n<\/div>\n<p class=\"p1\"><a href=\"http:\/\/agora.xtec.cat\/ceipjaveprat\/wp-content\/uploads\/usu175\/2014\/09\/cook.png\"><img loading=\"lazy\" decoding=\"async\" class=\"size-full wp-image-440 alignleft\" src=\"http:\/\/agora.xtec.cat\/ceipjaveprat\/wp-content\/uploads\/usu175\/2014\/09\/cook.png\" alt=\"cook\" width=\"180\" height=\"280\" \/><\/a><\/p>\n<h6 class=\"p1\"><\/h6>\n<p class=\"p1\"><span class=\"s1\">Tel. 629 644 197<\/span><\/p>\n<p class=\"p1\"><span class=\"s1\">Truqueu abans de les 9:30h si un alumne fixe es posa malalt. D&#8217;aquesta manera<\/span><span class=\"s1\">\u00a0se us podr\u00e0 fer el descompte del preu del men\u00fa corresponent en la seg\u00fcent mensualitat.<\/span><\/p>\n<p class=\"p1\">Si no feu servir el menjador habitualment, poseu-vos en contacte amb el Sergio, coordinador de Cuina Justa.<\/p>\n<table style=\"width: 563px;\">\n<tbody>\n<tr>\n<td style=\"width: 250px;\"><a href=\"https:\/\/salutpublica.gencat.cat\/web\/.content\/minisite\/aspcat\/promocio_salut\/alimentacio_saludable\/02Publicacions\/pub_alim_inf\/guia_alimentacio_saludable_etapa_escolar\/guia_alimentacio_etapa_escolar.pdf\"><img loading=\"lazy\" decoding=\"async\" class=\"alignnone size-full wp-image-3696\" src=\"https:\/\/agora.xtec.cat\/ceipjaveprat\/wp-content\/uploads\/usu175\/2021\/05\/alimentaci\u00f3-saludable.png\" alt=\"\" width=\"751\" height=\"749\" srcset=\"https:\/\/agora.xtec.cat\/ceipjaveprat\/wp-content\/uploads\/usu175\/2021\/05\/alimentaci\u00f3-saludable.png 751w, https:\/\/agora.xtec.cat\/ceipjaveprat\/wp-content\/uploads\/usu175\/2021\/05\/alimentaci\u00f3-saludable-150x150.png 150w, https:\/\/agora.xtec.cat\/ceipjaveprat\/wp-content\/uploads\/usu175\/2021\/05\/alimentaci\u00f3-saludable-300x300.png 300w\" sizes=\"auto, (max-width: 751px) 100vw, 751px\" \/><\/a><\/td>\n<td style=\"width: 305px;\"><a href=\"http:\/\/salutpublica.gencat.cat\/web\/.content\/minisite\/aspcat\/promocio_salut\/alimentacio_saludable\/02Publicacions\/pub_alim_inf\/documents_tecnics_preme\/recomanacions_per_millorar_menus_escolars.pdf\"><img loading=\"lazy\" decoding=\"async\" class=\"alignnone size-full wp-image-1672\" src=\"https:\/\/agora.xtec.cat\/ceipjaveprat\/wp-content\/uploads\/usu175\/2018\/11\/Programa-revisi\u00f3-men\u00fas-escolars.jpg\" alt=\"\" width=\"625\" height=\"372\" srcset=\"https:\/\/agora.xtec.cat\/ceipjaveprat\/wp-content\/uploads\/usu175\/2018\/11\/Programa-revisi\u00f3-men\u00fas-escolars.jpg 625w, https:\/\/agora.xtec.cat\/ceipjaveprat\/wp-content\/uploads\/usu175\/2018\/11\/Programa-revisi\u00f3-men\u00fas-escolars-300x179.jpg 300w\" sizes=\"auto, (max-width: 625px) 100vw, 625px\" \/><\/a><\/td>\n<\/tr>\n<\/tbody>\n<\/table>\n<p><a href=\"https:\/\/www.aspb.cat\/wp-content\/uploads\/2021\/02\/MEMSS-guia-transformacio.pdf\">Guia de transformaci\u00f3 de menjadors escolars<\/a><\/p>\n<\/div>\n<\/div>\n","protected":false},"excerpt":{"rendered":"<p>La gesti\u00f3 del servei de menjador est\u00e0 a c\u00e0rrec de l\u2019AFA. L\u2019encarregada de la contractaci\u00f3 i gesti\u00f3 del monitoratge i de la cuina \u00e9s l\u2019empresa \u00a0<a href=\"http:\/\/www.fundaciocassiajust.org\/serveis-de-cuina-justa.html\">CUINA JUSTA.<\/a><\/p>\n<p><a href=\"http:\/\/agora.xtec.cat\/ceipjaveprat\/wp-content\/uploads\/usu175\/2014\/09\/cook.png\"><\/a><\/p>\n<p>Tel. 629 644 197<br \/>\nTruqueu abans de les 9:30h si un alumne fixe es posa malalt. D&#8217;aquesta manera\u00a0se&hellip;  <a href=\"https:\/\/agora.xtec.cat\/ceipjaveprat\/serveis\/menjador-escolar\/\" title=\"Read Menjador escolar\">Llegeix m\u00e9s\u00bb<\/a><\/p>\n","protected":false},"author":2,"featured_media":0,"parent":66,"menu_order":30,"comment_status":"closed","ping_status":"closed","template":"page-templates\/side-menu.php","meta":{"_bbp_topic_count":0,"_bbp_reply_count":0,"_bbp_total_topic_count":0,"_bbp_total_reply_count":0,"_bbp_voice_count":0,"_bbp_anonymous_reply_count":0,"_bbp_topic_count_hidden":0,"_bbp_reply_count_hidden":0,"_bbp_forum_subforum_count":0,"footnotes":""},"class_list":["post-73","page","type-page","status-publish","hentry"],"post_mailing_queue_ids":[],"_links":{"self":[{"href":"https:\/\/agora.xtec.cat\/ceipjaveprat\/wp-json\/wp\/v2\/pages\/73","targetHints":{"allow":["GET"]}}],"collection":[{"href":"https:\/\/agora.xtec.cat\/ceipjaveprat\/wp-json\/wp\/v2\/pages"}],"about":[{"href":"https:\/\/agora.xtec.cat\/ceipjaveprat\/wp-json\/wp\/v2\/types\/page"}],"author":[{"embeddable":true,"href":"https:\/\/agora.xtec.cat\/ceipjaveprat\/wp-json\/wp\/v2\/users\/2"}],"replies":[{"embeddable":true,"href":"https:\/\/agora.xtec.cat\/ceipjaveprat\/wp-json\/wp\/v2\/comments?post=73"}],"version-history":[{"count":5,"href":"https:\/\/agora.xtec.cat\/ceipjaveprat\/wp-json\/wp\/v2\/pages\/73\/revisions"}],"predecessor-version":[{"id":4598,"href":"https:\/\/agora.xtec.cat\/ceipjaveprat\/wp-json\/wp\/v2\/pages\/73\/revisions\/4598"}],"up":[{"embeddable":true,"href":"https:\/\/agora.xtec.cat\/ceipjaveprat\/wp-json\/wp\/v2\/pages\/66"}],"wp:attachment":[{"href":"https:\/\/agora.xtec.cat\/ceipjaveprat\/wp-json\/wp\/v2\/media?parent=73"}],"curies":[{"name":"wp","href":"https:\/\/api.w.org\/{rel}","templated":true}]}}