{"id":64,"date":"2014-09-18T12:39:08","date_gmt":"2014-09-18T12:39:08","guid":{"rendered":"http:\/\/agora.xtec.cat\/ceipjaveprat\/?page_id=64"},"modified":"2019-12-20T12:04:07","modified_gmt":"2019-12-20T11:04:07","slug":"projecte-educatiu","status":"publish","type":"page","link":"https:\/\/agora.xtec.cat\/ceipjaveprat\/projecte-educatiu\/","title":{"rendered":"Projecte educatiu"},"content":{"rendered":"<table style=\"width: 674px;\">\n<tbody>\n<tr>\n<td style=\"width: 84px;\"><a href=\"http:\/\/agora.xtec.cat\/ceipjaveprat\/wp-content\/uploads\/usu175\/2017\/10\/PEC_VERDAGUER_PRAT_-Juny2017.pdf\" target=\"_blank\" rel=\"noopener noreferrer\"><img loading=\"lazy\" decoding=\"async\" class=\"alignnone wp-image-777\" src=\"http:\/\/agora.xtec.cat\/ceipjaveprat\/wp-content\/uploads\/usu175\/2017\/02\/icona-llapis.jpg\" alt=\"icona-llapis\" width=\"66\" height=\"56\" \/><\/a><\/td>\n<td style=\"width: 584px;\"><strong>Feu clic al llapis si voleu llegir en detall el PEC del nostre centre.<\/strong><\/td>\n<\/tr>\n<\/tbody>\n<\/table>\n<p>L\u2019Escola Jacint Verdaguer \u00e9s un centre p\u00fablic de segon cicle d\u2019educaci\u00f3 infantil i d\u2019educaci\u00f3 prim\u00e0ria, catal\u00e0, aconfessional, acollidor, de gran tradici\u00f3, arrelat i obert a la nostra ciutat que:<\/p>\n<ul style=\"list-style-type: circle;\">\n<li><span style=\"font-weight: 400;\">t\u00e9 com a principal finalitat contribuir al creixement intel\u00b7lectual, emocional i social dels nostres alumnes perqu\u00e8 els faciliti les m\u00e0ximes oportunitats en el futur, tant a nivell acad\u00e8mic com personal, dins d\u2019un bon clima de relaci\u00f3, treball i responsabilitat,<\/span><\/li>\n<li><span style=\"font-weight: 400;\">treballa en la consolidaci\u00f3 d\u2019una l\u00ednia d\u2019escola, m\u00e9s adaptada als canvis culturals i socials actuals, que garanteixi l\u2019assoliment de les compet\u00e8ncies b\u00e0siques de l\u2019alumnat, l\u2019\u00fas m\u00e9s generalitzat de les TAC en el curr\u00edculum i contempli els quatre pilars de l\u2019educaci\u00f3: aprendre a ser, aprendre a fer, aprendre a con\u00e8ixer i aprendre a conviure.<\/span><\/li>\n<li><span style=\"font-weight: 400;\">vetlla per l\u2019\u00fas del catal\u00e0 com a llengua vehicular i d\u2019ensenyament-aprenentatge i el coneixement de la cultura catalana en la voluntat de conformar una ciutadania identificada amb ella, tot potenciant el respecte a la diversitat ling\u00fc\u00edstica i cultural tant del nostre entorn m\u00e9s proper com del lluny\u00e0,<\/span><\/li>\n<li><span style=\"font-weight: 400;\">promou la igualtat d\u2019oportunitats dels seus alumnes, evitant qualsevol tipus de marginaci\u00f3 i\/o exclusi\u00f3, contribuint a formar ciutadans aut\u00f2noms, amb sentit cr\u00edtic, solidaris i respectuosos amb el seu entorn, la societat i el medi ambient,<\/span><\/li>\n<li><span style=\"font-weight: 400;\">s\u2019esfor\u00e7a en mantenir les corresponsabilitats necess\u00e0ries amb les fam\u00edlies durant el proc\u00e9s educatiu i evolutiu de llurs fills i filles.<\/span><\/li>\n<\/ul>\n<h4><strong>PRIORITATS I OBJECTIUS EDUCATIUS<\/strong><\/h4>\n<p><span style=\"font-weight: 400;\">El nostre objectiu principal \u00e9s el d\u2019oferir una educaci\u00f3 integral que ajudi als nostres infants a esdevenir persones aut\u00f2nomes, cr\u00edtiques i compromeses, que puguin participar de forma activa en el seu entorn i en la societat en general.<\/span><\/p>\n<p><span style=\"font-weight: 400;\">Aquest objectiu d\u2019educaci\u00f3 integral es concreta en diversos objectius espec\u00edfics:<\/span><\/p>\n<ul>\n<li style=\"font-weight: 400;\"><span style=\"font-weight: 400;\">Potenciar i afavorir l\u2019aprenentatge significatiu i competencial.<\/span><\/li>\n<li style=\"font-weight: 400;\"><span style=\"font-weight: 400;\">Fomentar en l\u2019alumne una actitud curiosa, investigadora i cr\u00edtica.<\/span><\/li>\n<li style=\"font-weight: 400;\"><span style=\"font-weight: 400;\">Potenciar l\u2019\u00fas de les tecnologies de la informaci\u00f3 i la comunicaci\u00f3 en els processos d&#8217;ensenyament i aprenentatge. <\/span><\/li>\n<li style=\"font-weight: 400;\"><span style=\"font-weight: 400;\">Fomentar el treball cooperatiu.<\/span><\/li>\n<li style=\"font-weight: 400;\"><span style=\"font-weight: 400;\">Potenciar el coneixement i el respecte de l\u2019entorn m\u00e9s proper.<\/span><\/li>\n<li style=\"font-weight: 400;\"><span style=\"font-weight: 400;\">Fer el seguiment curricular de cada alumne en funci\u00f3 de les seves necessitats.<\/span><\/li>\n<li style=\"font-weight: 400;\"><span style=\"font-weight: 400;\">Treballar d\u2019acord amb uns h\u00e0bits i normes que condueixin l\u2019alumne cap a la seva autonomia personal.<\/span><\/li>\n<li style=\"font-weight: 400;\"><span style=\"font-weight: 400;\">Afavorir l\u2019\u00fas d\u2019estrat\u00e8gies que permetin a l\u2019alumne assolir el grau de seguretat afectiva i emocional d&#8217;acord al seu nivell maduratiu.<\/span><\/li>\n<li style=\"font-weight: 400;\"><span style=\"font-weight: 400;\">Millorar els resultats educatius de les <\/span><b>compet\u00e8ncies b\u00e0siques<\/b><span style=\"font-weight: 400;\">, en especial, l\u2019assoliment de l\u2019aprenentatge de la lectura i l\u2019escriptura, l\u2019expressi\u00f3 i comprensi\u00f3 oral, les habilitats matem\u00e0tiques b\u00e0siques i l\u2019autonomia en l\u2019aprenentatge.<\/span><\/li>\n<li style=\"font-weight: 400;\"><span style=\"font-weight: 400;\">Potenciar la utilitzaci\u00f3 de diferents llenguatges de comunicaci\u00f3: oral, escrit, corporal, musical, art\u00edstic i visual.<\/span><\/li>\n<\/ul>\n<p><a href=\"http:\/\/agora.xtec.cat\/ceipjaveprat\/wp-content\/uploads\/usu175\/2018\/09\/Logo-XCB.png\"><img loading=\"lazy\" decoding=\"async\" class=\"size-full wp-image-1476 alignleft\" src=\"http:\/\/agora.xtec.cat\/ceipjaveprat\/wp-content\/uploads\/usu175\/2018\/09\/Logo-XCB.png\" alt=\"\" width=\"373\" height=\"125\" srcset=\"https:\/\/agora.xtec.cat\/ceipjaveprat\/wp-content\/uploads\/usu175\/2018\/09\/Logo-XCB.png 373w, https:\/\/agora.xtec.cat\/ceipjaveprat\/wp-content\/uploads\/usu175\/2018\/09\/Logo-XCB-300x101.png 300w\" sizes=\"auto, (max-width: 373px) 100vw, 373px\" \/><\/a><\/p>\n<p>&nbsp;<\/p>\n<p>Al setembre del 2017 el Verdaguer es va afegir a la Xarxa de Compet\u00e8ncies B\u00e0siques. Per a m\u00e9s informaci\u00f3, podeu clicar <a href=\"http:\/\/xtec.gencat.cat\/ca\/curriculum\/xarxacb\">AQU\u00cd<\/a>.<\/p>\n<p>&nbsp;<\/p>\n<h6>DOCUMENTS DE CENTRE<\/h6>\n<p>Hi ha diversos documents que formen part del Projecte Educatiu de Centre.<\/p>\n<ul>\n<li><a href=\"https:\/\/agora.xtec.cat\/ceipjaveprat\/wp-content\/uploads\/usu175\/2019\/02\/PLC-2019_feb2019-1.pdf\">Projecte Ling\u00fc\u00edstic:\u00a0<\/a>El document ofereix orientacions metodol\u00f2giques i organitzatives que faciliten l\u2019assoliment de la compet\u00e8ncia comunicativa i ling\u00fc\u00edstica de l\u2019alumnat en l\u2019etapa d\u2019infantil i prim\u00e0ria. En ell es recullen els acords que la comunitat educativa ha elaborat per a l\u2019ensenyament-aprenentatge de les lleng\u00fces i de la compet\u00e8ncia comunicativa. Darrera actualitzaci\u00f3: 2019<\/li>\n<li><a href=\"https:\/\/agora.xtec.cat\/ceipjaveprat\/wp-content\/uploads\/usu175\/2019\/12\/NOFC-Escola-Jacint-Verdaguer_-aprovat-consell-escolar_WEB.pdf\">NOFC<\/a> (Normes d&#8217;organitzaci\u00f3 i funcionament de centre): aquest document recull de manera ordenada els preceptes que regeixen la nostra organitzaci\u00f3. Explicita l\u2019estructura, recull les funcions, els drets i els deures dels diferents sectors que formen l\u2019escola; fixa els procediments; adapta la normativa general a la nostra realitat i estableix l\u2019espec\u00edfica pel nostre centre educatiu. Darrera actualitzaci\u00f3: 2014\n<p align=\"justify\">\n<\/li>\n<\/ul>\n","protected":false},"excerpt":{"rendered":"<p><a href=\"http:\/\/agora.xtec.cat\/ceipjaveprat\/wp-content\/uploads\/usu175\/2017\/10\/PEC_VERDAGUER_PRAT_-Juny2017.pdf\" target=\"_blank\" rel=\"noopener noreferrer\"><\/a><br \/>\nFeu clic al llapis si voleu llegir en detall el PEC del nostre centre.<\/p>\n<p>L\u2019Escola Jacint Verdaguer \u00e9s un centre p\u00fablic de segon cicle d\u2019educaci\u00f3 infantil i d\u2019educaci\u00f3 prim\u00e0ria, catal\u00e0, aconfessional, acollidor, de gran tradici\u00f3, arrelat i obert a la nostra ciutat&hellip;  <a href=\"https:\/\/agora.xtec.cat\/ceipjaveprat\/projecte-educatiu\/\" title=\"Read Projecte educatiu\">Llegeix m\u00e9s\u00bb<\/a><\/p>\n","protected":false},"author":2,"featured_media":0,"parent":0,"menu_order":0,"comment_status":"closed","ping_status":"closed","template":"page-templates\/side-menu.php","meta":{"_bbp_topic_count":0,"_bbp_reply_count":0,"_bbp_total_topic_count":0,"_bbp_total_reply_count":0,"_bbp_voice_count":0,"_bbp_anonymous_reply_count":0,"_bbp_topic_count_hidden":0,"_bbp_reply_count_hidden":0,"_bbp_forum_subforum_count":0,"footnotes":""},"class_list":["post-64","page","type-page","status-publish","hentry"],"post_mailing_queue_ids":[],"_links":{"self":[{"href":"https:\/\/agora.xtec.cat\/ceipjaveprat\/wp-json\/wp\/v2\/pages\/64","targetHints":{"allow":["GET"]}}],"collection":[{"href":"https:\/\/agora.xtec.cat\/ceipjaveprat\/wp-json\/wp\/v2\/pages"}],"about":[{"href":"https:\/\/agora.xtec.cat\/ceipjaveprat\/wp-json\/wp\/v2\/types\/page"}],"author":[{"embeddable":true,"href":"https:\/\/agora.xtec.cat\/ceipjaveprat\/wp-json\/wp\/v2\/users\/2"}],"replies":[{"embeddable":true,"href":"https:\/\/agora.xtec.cat\/ceipjaveprat\/wp-json\/wp\/v2\/comments?post=64"}],"version-history":[{"count":3,"href":"https:\/\/agora.xtec.cat\/ceipjaveprat\/wp-json\/wp\/v2\/pages\/64\/revisions"}],"predecessor-version":[{"id":2396,"href":"https:\/\/agora.xtec.cat\/ceipjaveprat\/wp-json\/wp\/v2\/pages\/64\/revisions\/2396"}],"wp:attachment":[{"href":"https:\/\/agora.xtec.cat\/ceipjaveprat\/wp-json\/wp\/v2\/media?parent=64"}],"curies":[{"name":"wp","href":"https:\/\/api.w.org\/{rel}","templated":true}]}}