{"id":4526,"date":"2024-08-20T12:53:57","date_gmt":"2024-08-20T10:53:57","guid":{"rendered":"https:\/\/agora.xtec.cat\/ceipjaveprat\/?page_id=4526"},"modified":"2024-09-27T11:46:59","modified_gmt":"2024-09-27T09:46:59","slug":"material-escolar","status":"publish","type":"page","link":"https:\/\/agora.xtec.cat\/ceipjaveprat\/material-escolar\/","title":{"rendered":"Material Escolar"},"content":{"rendered":"<p><b>MATERIAL ESCOLAR<\/b><\/p>\n<p><span style=\"font-weight: 400;\">A la nostra escola el <\/span><b>material <\/b><span style=\"font-weight: 400;\">est\u00e0 <\/span><b>socialitzat<\/b><span style=\"font-weight: 400;\">. Aix\u00f2 vol dir que:<\/span><\/p>\n<ul>\n<li style=\"font-weight: 400;\" aria-level=\"1\"><span style=\"font-weight: 400;\">El material d\u2019\u00fas com\u00fa \u00e9s de totes i tots i que entre tots i totes el mantenim.<\/span><\/li>\n<li style=\"font-weight: 400;\" aria-level=\"1\"><span style=\"font-weight: 400;\">Els i les alumnes no han de portar cap tipus de material de casa, tret d\u2019aquell que els i les mestres puguin demanar de forma puntual.<\/span><\/li>\n<li style=\"font-weight: 400;\" aria-level=\"1\"><span style=\"font-weight: 400;\">Considerem material col\u00b7lectiu tot el material fungible d\u2019\u00fas escolar que compartim a l\u2019escola. Tamb\u00e9 s\u00f3n material col\u00b7lectiu les eines no fungibles de forma immediata, per\u00f2 que necessiten \u00e9sser reposades al llarg de temps per desgast d\u2019\u00fas.<\/span><\/li>\n<\/ul>\n<p><span style=\"font-weight: 400;\">El material socialitzat s\u2019adquireix des del propi centre. Aquest sistema de socialitzaci\u00f3 dels costos pret\u00e9n:<\/span><\/p>\n<ul>\n<li style=\"font-weight: 400;\" aria-level=\"1\"><span style=\"font-weight: 400;\">Que tots els i les alumnes, i des del primer dia, tinguin el material necessari per a desenvolupar les diferents pr\u00e0ctiques i activitats d\u2019aprenentatge.<\/span><\/li>\n<li style=\"font-weight: 400;\" aria-level=\"1\"><span style=\"font-weight: 400;\">Evitar que el material que utilitzen els i les alumnes sigui motiu de difer\u00e8ncies socials pel que fa refer\u00e8ncia a la qualitat i quantitat.<\/span><\/li>\n<li style=\"font-weight: 400;\" aria-level=\"1\"><span style=\"font-weight: 400;\">Tanmateix es pret\u00e9n estalviar costos innecessaris i temps de dedicaci\u00f3 i preocupacions de les fam\u00edlies.<\/span><\/li>\n<\/ul>\n<p>&nbsp;<\/p>\n<p><b>MATERIALS D\u2019AULA<\/b><\/p>\n<p><span style=\"font-weight: 400;\">Les aules ordin\u00e0ries tenen una dotaci\u00f3 d\u2019aula de base de material col\u00b7lectiu, per a dur a terme la tasca docent amb l\u2019alumnat. Aquests materials s\u00f3n d\u2019\u00fas compartit per a tothom. La reposici\u00f3 del material col\u00b7lectiu dins l\u2019aula correspon al tutor o a la tutora, que \u00e9s la persona que en porta el control. A les aules d\u2019especialitat correspondr\u00e0 al professorat respectiu.<\/span><\/p>\n<p><b>Exemples de materials<\/b><span style=\"font-weight: 400;\"> que fem servir habitualment a <\/span><b>l\u2019aula <\/b><span style=\"font-weight: 400;\">s\u00f3n:<\/span><\/p>\n<ul>\n<li style=\"font-weight: 400;\" aria-level=\"1\"><span style=\"font-weight: 400;\">Diferents tipus de papers que els i les alumnes fan servir habitualment en funci\u00f3 de la comunitat en que es troben: Din-A4 blanc, pauta Montessori, cartolines de totes mides, quadr\u00edcula, dues ratlles, fulls de dibuix, fulls de colors\u2026<\/span><\/li>\n<li style=\"font-weight: 400;\" aria-level=\"1\"><span style=\"font-weight: 400;\">Materials i eines diverses, tamb\u00e9 en funci\u00f3 de les necessitats i \u00fas de la comunitat: Llapis, goma, bol\u00edgrafs, maquinetes, retoladors, coles, tisores, plastidecors, folders, arxivadors d\u2019anelles personalitzats, colors de fusta, retoladors, ceres, llana, punxons, pelfes, safates, compassos, escaires, cartabons, regles, calculadores\u2026<\/span><\/li>\n<li style=\"font-weight: 400;\" aria-level=\"1\"><span style=\"font-weight: 400;\">Materials i eines d\u2019\u00fas no habitual al centre per a realitzaci\u00f3 de treballs puntuals: vern\u00eds, paper d\u2019alumini, colorants alimentaris, feltre, retoladors especials, tisores de talls inusuals, paper d\u2019empaperar, pl\u00e0stic de boles, foam, escuradents de colors, trepants amb formes, netejapipes brillants, lluentons, esponges amb formes i textures diverses, paper assecant, serrells, r\u00e0fia, plomes, goma, corrons, corda, cintes\u2026<\/span><\/li>\n<li style=\"font-weight: 400;\" aria-level=\"1\"><span style=\"font-weight: 400;\">Altres materials d\u2019aula: jocs de taula, joc simb\u00f2lic, trencaclosques, materials per a tallers i per als grups interactius\u2026<\/span><\/li>\n<li style=\"font-weight: 400;\" aria-level=\"1\"><span style=\"font-weight: 400;\">Material manipulatiu per fer les matem\u00e0tiques\u00a0<\/span><\/li>\n<\/ul>\n<p>&nbsp;<\/p>\n<p><b>ALTRES CONCEPTES DE MATERIAL I ELEMENTS FUNGIBLES<\/b><\/p>\n<ul>\n<li style=\"font-weight: 400;\" aria-level=\"1\"><span style=\"font-weight: 400;\">Llibreta viatgera anual (1r i 2n)<\/span><\/li>\n<li style=\"font-weight: 400;\" aria-level=\"1\"><span style=\"font-weight: 400;\">Agenda escolar anual (de 3r a 6\u00e8)<\/span><\/li>\n<li style=\"font-weight: 400;\" aria-level=\"1\"><span style=\"font-weight: 400;\">Carpes\u00e0 personalitzat (1r)<\/span><\/li>\n<li style=\"font-weight: 400;\" aria-level=\"1\"><span style=\"font-weight: 400;\">USB de l\u2019escola amb el recull fotogr\u00e0fic del curs (I3 i 6\u00e8)<\/span><\/li>\n<li style=\"font-weight: 400;\" aria-level=\"1\"><span style=\"font-weight: 400;\">Orla de grup al final de l\u2019etapa (I5 i 6\u00e8), detalls de final de trimestre o de curs a les aules (flors, gelat, pica-pica\u2026)<\/span><\/li>\n<li style=\"font-weight: 400;\" aria-level=\"1\"><span style=\"font-weight: 400;\">Aplicacions de les tauletes, fundes dels dispositius, protectors\u2026<\/span><\/li>\n<li style=\"font-weight: 400;\" aria-level=\"1\"><span style=\"font-weight: 400;\">Elements de rob\u00f2tica educativa i recanvi de peces<\/span><\/li>\n<li style=\"font-weight: 400;\" aria-level=\"1\"><span style=\"font-weight: 400;\">Bombetes dels projectors i manteniment dels equipaments inform\u00e0tics (cables, petites reparacions\u2026)<\/span><\/li>\n<li style=\"font-weight: 400;\" aria-level=\"1\"><span style=\"font-weight: 400;\">Material higi\u00e8nic (sab\u00f3, paper de mans i WC)<\/span><\/li>\n<li style=\"font-weight: 400;\" aria-level=\"1\"><span style=\"font-weight: 400;\">Materials i jocs de pati<\/span><\/li>\n<li style=\"font-weight: 400;\" aria-level=\"1\"><span style=\"font-weight: 400;\">Elements necessaris per a la pr\u00e0ctica instrumental: broquets\/canyes\u2026 i instruments<\/span><\/li>\n<li style=\"font-weight: 400;\" aria-level=\"1\"><span style=\"font-weight: 400;\">Material esportiu: pilotes de tennis, pilotes toves d\u2019aula, pilotes de volei, b\u00e0squet,\u00a0 volants, raquetes, dorsals, material de psicomotricitat\u2026<\/span><\/li>\n<li style=\"font-weight: 400;\" aria-level=\"1\"><span style=\"font-weight: 400;\">Elements senyalitzadors i prevenci\u00f3 de riscos infantils: protectors de dits portes, senyalitzaci\u00f3, renovaci\u00f3 de pissarres, etc.<\/span><\/li>\n<li style=\"font-weight: 400;\" aria-level=\"1\"><span style=\"font-weight: 400;\">Material per als sistemes augmentatius i alternatius de la comunicaci\u00f3: go talk, step by step, photo album talker\u2026.\u00a0\u00a0\u00a0<\/span><\/li>\n<\/ul>\n<p>&nbsp;<\/p>\n<p><b>QUOTA DE MATERIAL<\/b><\/p>\n<p><span style=\"font-weight: 400;\">Les fam\u00edlies paguen una quota de material per cada fill\/a matriculat\/da al centre. La quota es fixa al Consell Escolar de l\u2019escola al final de cada curs escolar per al curs seg\u00fcent. Les quotes de material escolar aprovades en Consell Escolar per al curs 2024-2025 s\u00f3n les seg\u00fcents:<\/span><\/p>\n<ul>\n<li style=\"font-weight: 400;\" aria-level=\"1\"><span style=\"font-weight: 400;\">Comunitat de petits: 65\u20ac<\/span><\/li>\n<li style=\"font-weight: 400;\" aria-level=\"1\"><span style=\"font-weight: 400;\">Comunitat de mitjans (1r i 2n): 60\u20ac<\/span><\/li>\n<li style=\"font-weight: 400;\" aria-level=\"1\"><span style=\"font-weight: 400;\">Comunitat de mitjans (3r): 55\u20ac<\/span><\/li>\n<li style=\"font-weight: 400;\" aria-level=\"1\"><span style=\"font-weight: 400;\">Comunitat de grans: 55\u20ac<\/span><\/li>\n<\/ul>\n","protected":false},"excerpt":{"rendered":"<p>MATERIAL ESCOLAR<br \/>\nA la nostra escola el material est\u00e0 socialitzat. Aix\u00f2 vol dir que:<\/p>\n<ul>\n<li style=\"font-weight: 400;\" aria-level=\"1\">El material d\u2019\u00fas com\u00fa \u00e9s de totes i tots i que entre tots i totes el mantenim.<\/li>\n<li style=\"font-weight: 400;\" aria-level=\"1\">Els i les alumnes no han de portar cap tipus de&hellip;  <a href=\"https:\/\/agora.xtec.cat\/ceipjaveprat\/material-escolar\/\" title=\"Read Material Escolar\">Llegeix m\u00e9s\u00bb<\/a><br \/>\n","protected":false},"author":1,"featured_media":0,"parent":0,"menu_order":0,"comment_status":"closed","ping_status":"closed","template":"","meta":{"_bbp_topic_count":0,"_bbp_reply_count":0,"_bbp_total_topic_count":0,"_bbp_total_reply_count":0,"_bbp_voice_count":0,"_bbp_anonymous_reply_count":0,"_bbp_topic_count_hidden":0,"_bbp_reply_count_hidden":0,"_bbp_forum_subforum_count":0,"footnotes":""},"class_list":["post-4526","page","type-page","status-publish","hentry"],"post_mailing_queue_ids":[],"_links":{"self":[{"href":"https:\/\/agora.xtec.cat\/ceipjaveprat\/wp-json\/wp\/v2\/pages\/4526","targetHints":{"allow":["GET"]}}],"collection":[{"href":"https:\/\/agora.xtec.cat\/ceipjaveprat\/wp-json\/wp\/v2\/pages"}],"about":[{"href":"https:\/\/agora.xtec.cat\/ceipjaveprat\/wp-json\/wp\/v2\/types\/page"}],"author":[{"embeddable":true,"href":"https:\/\/agora.xtec.cat\/ceipjaveprat\/wp-json\/wp\/v2\/users\/1"}],"replies":[{"embeddable":true,"href":"https:\/\/agora.xtec.cat\/ceipjaveprat\/wp-json\/wp\/v2\/comments?post=4526"}],"version-history":[{"count":2,"href":"https:\/\/agora.xtec.cat\/ceipjaveprat\/wp-json\/wp\/v2\/pages\/4526\/revisions"}],"predecessor-version":[{"id":4548,"href":"https:\/\/agora.xtec.cat\/ceipjaveprat\/wp-json\/wp\/v2\/pages\/4526\/revisions\/4548"}],"wp:attachment":[{"href":"https:\/\/agora.xtec.cat\/ceipjaveprat\/wp-json\/wp\/v2\/media?parent=4526"}],"curies":[{"name":"wp","href":"https:\/\/api.w.org\/{rel}","templated":true}]}}