{"id":4162,"date":"2023-01-31T18:40:34","date_gmt":"2023-01-31T17:40:34","guid":{"rendered":"https:\/\/agora.xtec.cat\/ceipjaveprat\/?page_id=4162"},"modified":"2023-06-12T10:53:46","modified_gmt":"2023-06-12T08:53:46","slug":"preinscripcio-curs-2023-24","status":"publish","type":"page","link":"https:\/\/agora.xtec.cat\/ceipjaveprat\/curs-2023-24\/preinscripcio-curs-2023-24\/","title":{"rendered":"Preinscripci\u00f3 Curs 2023-24"},"content":{"rendered":"<p>En aquesta p\u00e0gina trobareu informaci\u00f3 actualitzada sobre el proc\u00e9s de preinscripci\u00f3.<\/p>\n<p>El dia 12 de juny es publica la llista d&#8217;assignats al centre aix\u00ed com la llista d&#8217;espera.<\/p>\n<p><a href=\"https:\/\/agora.xtec.cat\/ceipjaveprat\/wp-content\/uploads\/usu175\/2023\/06\/Llista-assignats-al-centre.pdf\">Llista assignats al centre<\/a><\/p>\n<p><a href=\"https:\/\/agora.xtec.cat\/ceipjaveprat\/wp-content\/uploads\/usu175\/2023\/06\/Llista-despera.pdf\">Llista d&#8217;espera<\/a><\/p>\n<p>Aquesta informaci\u00f3 tamb\u00e9 es pot consultar a les oficines municipals d&#8217;escolaritzaci\u00f3 i, de manera individual, en <a href=\"https:\/\/preinscripcio.gencat.cat\/ca\/estudis\/primaria\/preinscriute\/seguiment-sollicitud\/llista-sollicituds-puntuacio\/\">aquest web<\/a><\/p>\n<p>Un cop s&#8217;ha publicat la llista final d&#8217;alumnes admesos en cada centre, comen\u00e7a el per\u00edode de matriculaci\u00f3 dels preinscrits amb pla\u00e7a assignada, del 20 al 28 de juny. <strong>Des de l&#8217;escola ens posarem en contacte amb cadascuna de les fam\u00edlies per concertar cita i formalitzar la matr\u00edcula.<\/strong><\/p>\n<div class=\"basic_text_peq col-xs-12\">\n<div class=\"pd-15x link-dotted\">\n<ul>\n<li>Si no pots accedir a la consulta individual o no trobes la sol\u00b7licitud a la llista amb la puntuaci\u00f3 definitiva pots adre\u00e7ar-te al centre demanat en primer lloc. Tamb\u00e9 pots adre\u00e7ar-te a l&#8217;oficina municipal d&#8217;escolaritzaci\u00f3 per demanar informaci\u00f3 i ajuda.<\/li>\n<\/ul>\n<\/div>\n<\/div>\n<p><strong>CALENDARI:<\/strong><\/p>\n<table>\n<tbody>\n<tr>\n<td>Publicaci\u00f3 de l\u2019oferta inicial\u00a0 \u00a0 \u00a0 \u00a0 \u00a0 \u00a0 \u00a0 \u00a0 \u00a0 \u00a0\u00a0<strong>\u00a0 \u00a0 \u00a0 Novetat<\/strong>\u00a0 \u00a0 \u00a0 \u00a0 \u00a0\u00a0<strong>\u00a0 \u00a0 \u00a0 \u00a0 \u00a0 \u00a0 \u00a0 \u00a0 \u00a0 \u00a0 \u00a0 \u00a0 \u00a0 \u00a0 \u00a0 \u00a0<\/strong><\/td>\n<td><strong>3 de mar\u00e7\u00a0 \u00a0<a href=\"https:\/\/agora.xtec.cat\/ceipjaveprat\/wp-content\/uploads\/usu175\/2023\/03\/INFORME_OFERTA_OME_INFORME_OFERTA-6.pdf\">INFORME_OFERTA_VERDAGUER<\/a> \u00a0 \u00a0<\/strong><\/td>\n<\/tr>\n<tr>\n<td>Presentaci\u00f3 i\/o modificaci\u00f3 de sol\u00b7licituds 2n<br \/>\ncicle Educaci\u00f3 Infantil i Prim\u00e0ria<\/td>\n<td><strong>6 al 20 de mar\u00e7\u00a0 \u00a0 \u00a0 \u00a0 \u00a0 \u00a0\u00a0<a href=\"https:\/\/educacio.gencat.cat\/ca\/tramits\/tramits-temes\/20483-obligatoris?moda=1\" target=\"_blank\" rel=\"noopener\">Fer sol\u00b7licitud<\/a><\/strong><\/td>\n<\/tr>\n<tr>\n<td>Publicaci\u00f3 de la llista de sol\u00b7licituds amb la<br \/>\npuntuaci\u00f3 provisional.<\/td>\n<td><strong>21 d\u2019abril\u00a0 <a href=\"https:\/\/agora.xtec.cat\/ceipjaveprat\/wp-content\/uploads\/usu175\/2023\/04\/INFORME_BAREM_PROVISIONAL_BAREM-4.pdf\">INFORME_BAREM_PROVISIONAL_BAREM <\/a><\/strong><strong> \u00a0 \u00a0 \u00a0 \u00a0 \u00a0 \u00a0 \u00a0 \u00a0 \u00a0<\/strong><\/td>\n<\/tr>\n<tr>\n<td>Presentaci\u00f3 de reclamacions a la llista amb la<br \/>\npuntuaci\u00f3 provisional<\/td>\n<td><strong>21 al 27 d\u2019abril<\/strong><\/td>\n<\/tr>\n<tr>\n<td>Publicaci\u00f3 de la llista amb la puntuaci\u00f3,<br \/>\nresoltes les reclamacions<\/td>\n<td><strong>3 de maig<\/strong><\/p>\n<p><a href=\"https:\/\/agora.xtec.cat\/ceipjaveprat\/wp-content\/uploads\/usu175\/2023\/05\/Verdaguer_INFORME_BAREM_RESOLTES_BAREM.pdf\">Verdaguer_INFORME_BAREM_Definitiu<\/a><\/p>\n<p>&nbsp;<\/td>\n<\/tr>\n<tr>\n<td>Sorteig<\/td>\n<td><strong>9 de maig\u00a0 \u00a0 \u00a0N\u00famero de desempat: 66.646<\/strong><\/td>\n<\/tr>\n<tr>\n<td>Publicaci\u00f3 de la llista ordenada<\/td>\n<td><strong>11 de maig\u00a0<\/strong><\/p>\n<p><strong> <a href=\"https:\/\/agora.xtec.cat\/ceipjaveprat\/wp-content\/uploads\/usu175\/2023\/05\/Verdaguer_INFORME_BAREM_DEFINITIU_LlistaOrdenada.pdf\">Verdaguer_INFORME_BAREM_DEFINITIU_LlistaOrdenada<\/a><\/strong><\/td>\n<\/tr>\n<tr>\n<td>Publicaci\u00f3 de la llista d\u2019admesos i la llista d\u2019espera.<\/td>\n<td><strong>12 de juny<\/strong><\/p>\n<p><a href=\"https:\/\/agora.xtec.cat\/ceipjaveprat\/wp-content\/uploads\/usu175\/2023\/06\/Llista-assignats-al-centre.pdf\">Llista assignats al centre<\/a><\/p>\n<p><a href=\"https:\/\/agora.xtec.cat\/ceipjaveprat\/wp-content\/uploads\/usu175\/2023\/06\/Llista-despera.pdf\">Llista d&#8217;espera<\/a><\/p>\n<p><a href=\"https:\/\/agora.xtec.cat\/ceipjaveprat\/wp-content\/uploads\/usu175\/2023\/06\/Llista-Preinscrits-al-centre.pdf\">Llista Preinscrits al centre<\/a><\/td>\n<\/tr>\n<tr>\n<td>Matr\u00edcula<\/td>\n<td><strong>20 al 28 de juny<\/strong><\/td>\n<\/tr>\n<\/tbody>\n<\/table>\n<p><iframe loading=\"lazy\" title=\"Com emplenar la sol\u00b7licitud de preinscripcio\u0301 escolar (2023-2024)\" src=\"https:\/\/www.youtube.com\/embed\/xwo2A2U-g30?feature=oembed\" width=\"500\" height=\"281\" frameborder=\"0\" allowfullscreen=\"allowfullscreen\" data-mce-fragment=\"1\"><\/iframe><\/p>\n<p><strong>Qu\u00e8 faig si no tinc acc\u00e9s a Internet o tinc dificultats per fer la sol\u00b7licitud?\u00a0<\/strong><\/p>\n<p>Podeu trucar a l\u2019escola perqu\u00e8 us ajudem a presentar-la.<\/p>\n<p>Tamb\u00e9\u00a0 podeu adre\u00e7ar-vos a la OAC 360, des d\u2019aquest<a href=\"https:\/\/seu.elprat.cat\/siac\/ProcedimientoTabs.aspx?tab=1&amp;idProc=13&amp;idnct=318&amp;x=SskMoNIT+ChbtEGAJbf0\/g\" target=\"_blank\" rel=\"noopener\">\u00a0enlla\u00e7 trobareu l\u2019ajuda<\/a>\u00a0que necessiteu.<\/p>\n<p><strong><a href=\"https:\/\/preinscripcio.gencat.cat\/ca\/estudis\/infantil-3-6\/informat\/criteris-assignacio\/\" target=\"_blank\" rel=\"noopener\">Criteris d\u2019assignaci\u00f3 de places<\/a><\/strong><\/p>\n<p><strong><a href=\"https:\/\/preinscripcio.gencat.cat\/ca\/estudis\/infantil-3-6\/ajuda\/dubtes-temes\/preinscripcio\/\" target=\"_blank\" rel=\"noopener\">Dubtes i preguntes freq\u00fcents<\/a><\/strong><\/p>\n<p>Podeu contactar amb la nostra escola per tel\u00e8fon o per e-mail<\/p>\n<p>93 379 23 92<\/p>\n<p>a8022938@xtec.cat<\/p>\n","protected":false},"excerpt":{"rendered":"<p>En aquesta p\u00e0gina trobareu informaci\u00f3 actualitzada sobre el proc\u00e9s de preinscripci\u00f3.<br \/>\nEl dia 12 de juny es publica la llista d&#8217;assignats al centre aix\u00ed com la llista d&#8217;espera.<br \/>\n<a href=\"https:\/\/agora.xtec.cat\/ceipjaveprat\/wp-content\/uploads\/usu175\/2023\/06\/Llista-assignats-al-centre.pdf\">Llista assignats al centre<\/a><br \/>\n<a href=\"https:\/\/agora.xtec.cat\/ceipjaveprat\/wp-content\/uploads\/usu175\/2023\/06\/Llista-despera.pdf\">Llista d&#8217;espera<\/a><br \/>\nAquesta informaci\u00f3 tamb\u00e9 es pot consultar a les oficines municipals d&#8217;escolaritzaci\u00f3 i, de&hellip;  <a href=\"https:\/\/agora.xtec.cat\/ceipjaveprat\/curs-2023-24\/preinscripcio-curs-2023-24\/\" title=\"Read Preinscripci\u00f3 Curs 2023-24\">Llegeix m\u00e9s\u00bb<\/a><\/p>\n","protected":false},"author":1,"featured_media":0,"parent":4160,"menu_order":0,"comment_status":"closed","ping_status":"closed","template":"","meta":{"_bbp_topic_count":0,"_bbp_reply_count":0,"_bbp_total_topic_count":0,"_bbp_total_reply_count":0,"_bbp_voice_count":0,"_bbp_anonymous_reply_count":0,"_bbp_topic_count_hidden":0,"_bbp_reply_count_hidden":0,"_bbp_forum_subforum_count":0,"footnotes":""},"class_list":["post-4162","page","type-page","status-publish","hentry"],"post_mailing_queue_ids":[],"_links":{"self":[{"href":"https:\/\/agora.xtec.cat\/ceipjaveprat\/wp-json\/wp\/v2\/pages\/4162","targetHints":{"allow":["GET"]}}],"collection":[{"href":"https:\/\/agora.xtec.cat\/ceipjaveprat\/wp-json\/wp\/v2\/pages"}],"about":[{"href":"https:\/\/agora.xtec.cat\/ceipjaveprat\/wp-json\/wp\/v2\/types\/page"}],"author":[{"embeddable":true,"href":"https:\/\/agora.xtec.cat\/ceipjaveprat\/wp-json\/wp\/v2\/users\/1"}],"replies":[{"embeddable":true,"href":"https:\/\/agora.xtec.cat\/ceipjaveprat\/wp-json\/wp\/v2\/comments?post=4162"}],"version-history":[{"count":4,"href":"https:\/\/agora.xtec.cat\/ceipjaveprat\/wp-json\/wp\/v2\/pages\/4162\/revisions"}],"predecessor-version":[{"id":4310,"href":"https:\/\/agora.xtec.cat\/ceipjaveprat\/wp-json\/wp\/v2\/pages\/4162\/revisions\/4310"}],"up":[{"embeddable":true,"href":"https:\/\/agora.xtec.cat\/ceipjaveprat\/wp-json\/wp\/v2\/pages\/4160"}],"wp:attachment":[{"href":"https:\/\/agora.xtec.cat\/ceipjaveprat\/wp-json\/wp\/v2\/media?parent=4162"}],"curies":[{"name":"wp","href":"https:\/\/api.w.org\/{rel}","templated":true}]}}