{"id":34,"date":"2014-09-18T12:32:18","date_gmt":"2014-09-18T12:32:18","guid":{"rendered":"http:\/\/agora.xtec.cat\/ceipjaveprat\/?page_id=34"},"modified":"2026-02-02T17:32:06","modified_gmt":"2026-02-02T16:32:06","slug":"oferta-educativa","status":"publish","type":"page","link":"https:\/\/agora.xtec.cat\/ceipjaveprat\/lescola\/oferta-educativa\/","title":{"rendered":"Oferta educativa"},"content":{"rendered":"<p><span style=\"font-weight: 400;\">L\u2019escola ofereix els ensenyaments des d&#8217;I-3 a 6\u00e8 de Prim\u00e0ria.<\/span><\/p>\n<p><span style=\"font-weight: 400;\">Actualment la nostra escola est\u00e0 formada per:<\/span><\/p>\n<ul style=\"list-style-type: circle;\">\n<li><span style=\"font-weight: 400;\">6 unitats d\u2019Educaci\u00f3 Infantil.<\/span><\/li>\n<li><span style=\"font-weight: 400;\">12 unitats d\u2019Educaci\u00f3 Prim\u00e0ria.<\/span><\/li>\n<\/ul>\n<p><span style=\"font-weight: 400;\">El Projecte Educatiu de la nostra escola t\u00e9 un principi b\u00e0sic fonamentat en l\u2019educaci\u00f3 integral. A\u00a0continuaci\u00f3 referim els eixos fonamentals d&#8217;ambdues etapes:<\/span><\/p>\n<h4>Educaci\u00f3 Infantil<\/h4>\n<p><span style=\"font-weight: 400;\">\u00c9s l\u2019inici i la base sobre la qual es forgen els diferents aprenentatges. Aquesta etapa\u00a0<\/span><span style=\"font-weight: 400;\">afavoreix el desenvolupament de les capacitats dels nens i nenes per permetre\u2019ls cr\u00e9ixer integralment com a persones amb \u00a0aprenentatges continuats i progressius. \u00a0<\/span><\/p>\n<p><span style=\"font-weight: 400;\">L\u2019equip de mestres del Verdaguer tenim molt present les caracter\u00edstiques de cada nen i nena per tal de fer-los protagonistes del seu aprenentatge i el seu desenvolupament emocional i social. \u00a0<\/span><b>El joc, les can\u00e7ons, la reflexi\u00f3, l\u2019observaci\u00f3, les experi\u00e8ncies pr\u00f2pies, la comunicaci\u00f3 amb els altres i l\u2019experimentaci\u00f3 s\u00f3n algunes de les eines i recursos que les mestres utilitzem a les aules per tal d\u2019assolir l\u2019objectiu de desenvolupar les habilitats i capacitats dels nens i nenes d\u2019aquesta etapa.<\/b><\/p>\n<h4>Educaci\u00f3 Prim\u00e0ria<\/h4>\n<p><span style=\"font-weight: 400;\">A la <\/span><b>Prim\u00e0ria<\/b><span style=\"font-weight: 400;\"> \u00e9s una prioritat a la nostra escola que els nostres nens i nenes desenvolupin la seva capacitat d\u2019esfor\u00e7, de treball i d\u2019estudi, aix\u00ed com el seu sentit art\u00edstic, la seva creativitat i sobre tot la seva afectivitat. Proporcionem una educaci\u00f3 que permet afian\u00e7ar el \u00a0desenvolupament de \u00a0les capacitats personals i les habilitats socials.<\/span><\/p>\n<p>&nbsp;<\/p>\n<p>&nbsp;<\/p>\n<p>&nbsp;<\/p>\n","protected":false},"excerpt":{"rendered":"<p>L\u2019escola ofereix els ensenyaments des d&#8217;I-3 a 6\u00e8 de Prim\u00e0ria.<br \/>\nActualment la nostra escola est\u00e0 formada per:<\/p>\n<ul style=\"list-style-type: circle;\">\n<li>6 unitats d\u2019Educaci\u00f3 Infantil.<\/li>\n<li>12 unitats d\u2019Educaci\u00f3 Prim\u00e0ria.<\/li>\n<\/ul>\n<p>El Projecte Educatiu de la nostra escola t\u00e9 un principi b\u00e0sic fonamentat en l\u2019educaci\u00f3 integral. A\u00a0continuaci\u00f3 referim els eixos fonamentals d&#8217;ambdues etapes:<br \/>\nEducaci\u00f3&hellip;  <a href=\"https:\/\/agora.xtec.cat\/ceipjaveprat\/lescola\/oferta-educativa\/\" title=\"Read Oferta educativa\">Llegeix m\u00e9s\u00bb<\/a><\/p>\n","protected":false},"author":2,"featured_media":0,"parent":22,"menu_order":60,"comment_status":"closed","ping_status":"closed","template":"page-templates\/side-menu.php","meta":{"_bbp_topic_count":0,"_bbp_reply_count":0,"_bbp_total_topic_count":0,"_bbp_total_reply_count":0,"_bbp_voice_count":0,"_bbp_anonymous_reply_count":0,"_bbp_topic_count_hidden":0,"_bbp_reply_count_hidden":0,"_bbp_forum_subforum_count":0,"footnotes":""},"class_list":["post-34","page","type-page","status-publish","hentry"],"post_mailing_queue_ids":[],"_links":{"self":[{"href":"https:\/\/agora.xtec.cat\/ceipjaveprat\/wp-json\/wp\/v2\/pages\/34","targetHints":{"allow":["GET"]}}],"collection":[{"href":"https:\/\/agora.xtec.cat\/ceipjaveprat\/wp-json\/wp\/v2\/pages"}],"about":[{"href":"https:\/\/agora.xtec.cat\/ceipjaveprat\/wp-json\/wp\/v2\/types\/page"}],"author":[{"embeddable":true,"href":"https:\/\/agora.xtec.cat\/ceipjaveprat\/wp-json\/wp\/v2\/users\/2"}],"replies":[{"embeddable":true,"href":"https:\/\/agora.xtec.cat\/ceipjaveprat\/wp-json\/wp\/v2\/comments?post=34"}],"version-history":[{"count":7,"href":"https:\/\/agora.xtec.cat\/ceipjaveprat\/wp-json\/wp\/v2\/pages\/34\/revisions"}],"predecessor-version":[{"id":4623,"href":"https:\/\/agora.xtec.cat\/ceipjaveprat\/wp-json\/wp\/v2\/pages\/34\/revisions\/4623"}],"up":[{"embeddable":true,"href":"https:\/\/agora.xtec.cat\/ceipjaveprat\/wp-json\/wp\/v2\/pages\/22"}],"wp:attachment":[{"href":"https:\/\/agora.xtec.cat\/ceipjaveprat\/wp-json\/wp\/v2\/media?parent=34"}],"curies":[{"name":"wp","href":"https:\/\/api.w.org\/{rel}","templated":true}]}}