{"id":3148,"date":"2020-07-08T12:48:38","date_gmt":"2020-07-08T10:48:38","guid":{"rendered":"http:\/\/agora.xtec.cat\/ceipjaveprat\/?page_id=3148"},"modified":"2023-06-30T14:18:57","modified_gmt":"2023-06-30T12:18:57","slug":"llibres-i-llicencies-digitals","status":"publish","type":"page","link":"https:\/\/agora.xtec.cat\/ceipjaveprat\/curs-22-23\/llibres-i-llicencies-digitals\/","title":{"rendered":"Llibres i llic\u00e8ncies digitals curs 23-24"},"content":{"rendered":"<p><b>LLIBRES I LLIC\u00c8NCIES DIGITALS CURS 23-24<\/b><\/p>\n<table style=\"width: 81.8239%;\">\n<tbody>\n<tr>\n<td style=\"width: 8.66062%;\"><b>NIVELL<\/b><\/td>\n<td style=\"width: 13.4945%;\"><b>\u00c0REA<\/b><\/td>\n<td style=\"width: 67.2709%;\"><b>T\u00cdTOL<\/b><\/td>\n<td style=\"width: 22.6586%;\"><b>IMPORT<\/b><\/td>\n<\/tr>\n<tr>\n<td style=\"width: 8.66062%;\"><b>I3<\/b><\/td>\n<td style=\"width: 13.4945%;\">Matem\u00e0tiques<\/td>\n<td style=\"width: 67.2709%;\"><b>Innovamat<\/b> <a href=\"https:\/\/escolaverdaguerprat.tpvweb.com\/servei\/innovamat-petits-23-24\/\">https:\/\/escolaverdaguerprat.tpvweb.com\/servei\/innovamat-petits-23-24\/<\/a><\/td>\n<td style=\"width: 22.6586%;\">29 \u20ac<\/td>\n<\/tr>\n<tr>\n<td style=\"width: 112.085%;\" colspan=\"4\"><b>MATERIAL:<\/b><\/p>\n<ul>\n<li aria-level=\"1\">Quota de material fungible: 65\u20ac <a href=\"https:\/\/escolaverdaguerprat.tpvweb.com\/servei\/material-comunitat-petits-curs-23-24\/\">https:\/\/escolaverdaguerprat.tpvweb.com\/servei\/material-comunitat-petits-curs-23-24\/<\/a><\/li>\n<\/ul>\n<\/td>\n<\/tr>\n<\/tbody>\n<\/table>\n<p>&nbsp;<\/p>\n<table style=\"width: 81.5332%;\">\n<tbody>\n<tr>\n<td style=\"width: 8.66062%;\"><b>NIVELL<\/b><\/td>\n<td style=\"width: 13.4945%;\"><b>\u00c0REA<\/b><\/td>\n<td style=\"width: 67.2709%;\"><b>T\u00cdTOL<\/b><\/td>\n<td style=\"width: 22.2558%;\"><b>IMPORT<\/b><\/td>\n<\/tr>\n<tr>\n<td style=\"width: 8.66062%;\"><b>I4<\/b><\/td>\n<td style=\"width: 13.4945%;\">Matem\u00e0tiques<\/td>\n<td style=\"width: 67.2709%;\"><b>Innovamat<\/b> <a href=\"https:\/\/escolaverdaguerprat.tpvweb.com\/servei\/innovamat-petits-23-24\/\">https:\/\/escolaverdaguerprat.tpvweb.com\/servei\/innovamat-petits-23-24\/<\/a><\/td>\n<td style=\"width: 22.2558%;\">29 \u20ac<\/td>\n<\/tr>\n<tr>\n<td style=\"width: 111.682%;\" colspan=\"4\"><b>MATERIAL:<\/b><\/p>\n<ul>\n<li aria-level=\"1\">Quota de material fungible: 65\u20ac <a href=\"https:\/\/escolaverdaguerprat.tpvweb.com\/servei\/material-comunitat-petits-curs-23-24\/\">https:\/\/escolaverdaguerprat.tpvweb.com\/servei\/material-comunitat-petits-curs-23-24\/<\/a><\/li>\n<\/ul>\n<\/td>\n<\/tr>\n<\/tbody>\n<\/table>\n<p>&nbsp;<\/p>\n<table style=\"width: 81.1711%;\">\n<tbody>\n<tr>\n<td style=\"width: 8.66062%;\"><b>NIVELL<\/b><\/td>\n<td style=\"width: 13.4945%;\"><b>\u00c0REA<\/b><\/td>\n<td style=\"width: 67.2709%;\"><b>T\u00cdTOL<\/b><\/td>\n<td style=\"width: 21.8481%;\"><b>IMPORT<\/b><\/td>\n<\/tr>\n<tr>\n<td style=\"width: 8.66062%;\"><b>I5<\/b><\/td>\n<td style=\"width: 13.4945%;\">Matem\u00e0tiques<\/td>\n<td style=\"width: 67.2709%;\"><b>Innovamat<\/b> <a href=\"https:\/\/escolaverdaguerprat.tpvweb.com\/servei\/innovamat-petits-23-24\/\">https:\/\/escolaverdaguerprat.tpvweb.com\/servei\/innovamat-petits-23-24\/<\/a><\/td>\n<td style=\"width: 21.8481%;\">29 \u20ac<\/td>\n<\/tr>\n<tr>\n<td style=\"width: 111.274%;\" colspan=\"4\"><b>MATERIAL:<\/b><\/p>\n<ul>\n<li aria-level=\"1\">Quota de material fungible: 65\u20ac <a href=\"https:\/\/escolaverdaguerprat.tpvweb.com\/servei\/material-comunitat-petits-curs-23-24\/\">https:\/\/escolaverdaguerprat.tpvweb.com\/servei\/material-comunitat-petits-curs-23-24\/<\/a><\/li>\n<\/ul>\n<\/td>\n<\/tr>\n<\/tbody>\n<\/table>\n<p>&nbsp;<\/p>\n<table style=\"width: 81.1661%; height: 476px;\">\n<tbody>\n<tr style=\"height: 41px;\">\n<td style=\"height: 41px; width: 8.48126%;\"><b>NIVELL<\/b><\/td>\n<td style=\"height: 41px; width: 14.6234%;\"><b>\u00c0REA<\/b><\/td>\n<td style=\"height: 41px; width: 66.9963%;\"><b>T\u00cdTOL<\/b><\/td>\n<td style=\"height: 41px; width: 19.0706%;\"><b>IMPORT<\/b><\/td>\n<\/tr>\n<tr style=\"height: 76px;\">\n<td style=\"height: 258px; width: 8.48126%;\" rowspan=\"3\"><b>1r<\/b><\/td>\n<td style=\"height: 76px; width: 14.6234%;\">Llengua catalana<\/td>\n<td style=\"height: 76px; width: 66.9963%;\"><strong>Paraules i lletres<\/strong><br \/>\n<strong>Vicens &#8211; Vives<\/strong><br \/>\nISBN 978-84-682-5507-1<\/td>\n<td style=\"height: 76px; width: 19.0706%;\"><\/td>\n<\/tr>\n<tr style=\"height: 121px;\">\n<td style=\"height: 121px; width: 14.6234%;\">Llengua anglesa<\/td>\n<td style=\"height: 121px; width: 66.9963%;\"><b>All about us now 1 my english folder\u00a0<\/b><\/p>\n<p>ISBN: 9780194073585<\/td>\n<td style=\"height: 121px; width: 19.0706%;\"><\/td>\n<\/tr>\n<tr style=\"height: 61px;\">\n<td style=\"height: 61px; width: 14.6234%;\">Matem\u00e0tiques<\/td>\n<td style=\"height: 61px; width: 66.9963%;\"><b>Innovamat<\/b><\/td>\n<td style=\"height: 61px; width: 19.0706%;\"><\/td>\n<\/tr>\n<tr style=\"height: 177px;\">\n<td style=\"height: 177px; width: 109.172%;\" colspan=\"4\"><b>MATERIAL:<\/b><\/p>\n<ul>\n<li aria-level=\"1\">Quota de material: 60\u20ac<a href=\"https:\/\/escolaverdaguerprat.tpvweb.com\/servei\/material-comunitat-mitjans-1r-i-2n-curs-23-24\/\"> https:\/\/escolaverdaguerprat.tpvweb.com\/servei\/material-comunitat-mitjans-1r-i-2n-curs-23-24\/<\/a><\/li>\n<li aria-level=\"1\">Cartip\u00e0s plantat de tapes dures color marr\u00f3, de dues anelles grosses.<\/li>\n<li aria-level=\"1\">Carpeta de gomes mida foli.<\/li>\n<\/ul>\n<\/td>\n<\/tr>\n<\/tbody>\n<\/table>\n<p>&nbsp;<\/p>\n<table>\n<tbody>\n<tr>\n<td><b>NIVELL<\/b><\/td>\n<td><b>\u00c0REA<\/b><\/td>\n<td><b>T\u00cdTOL<\/b><\/td>\n<td><b>EDITORIAL<\/b><\/td>\n<\/tr>\n<tr>\n<td rowspan=\"3\"><b>2n<\/b><\/td>\n<td>Llengua catalana<\/td>\n<td><b>Camallarg 3<\/b>: ISBN:\u00a0 9788468200613<\/p>\n<p><b>Camallarg 4:<\/b>\u00a0ISBN:\u00a0 9788468200705<\/p>\n<p><b>Vicens \u2013\u00a0 Vives<\/b><\/td>\n<td><\/td>\n<\/tr>\n<tr>\n<td>Llengua anglesa<\/td>\n<td><b>All about us now 2 my english folder<\/b><\/p>\n<p>ISBN: 9780194073714<\/td>\n<td><\/td>\n<\/tr>\n<tr>\n<td>Matem\u00e0tiques<\/td>\n<td><b>Innovamat<\/b><\/td>\n<td><\/td>\n<\/tr>\n<tr>\n<td colspan=\"4\"><b>MATERIAL:<\/b><\/p>\n<ul>\n<li aria-level=\"1\">Quota de material: 60\u20ac <a href=\"https:\/\/escolaverdaguerprat.tpvweb.com\/servei\/material-comunitat-mitjans-1r-i-2n-curs-23-24\/\">https:\/\/escolaverdaguerprat.tpvweb.com\/servei\/material-comunitat-mitjans-1r-i-2n-curs-23-24\/<\/a><\/li>\n<\/ul>\n<\/td>\n<\/tr>\n<\/tbody>\n<\/table>\n<p>&nbsp;<\/p>\n<table>\n<tbody>\n<tr>\n<td><b>NIVELL<\/b><\/td>\n<td><b>\u00c0REA<\/b><\/td>\n<td><b>T\u00cdTOL<\/b><\/td>\n<td><b>IMPORT<\/b><\/td>\n<\/tr>\n<tr>\n<td rowspan=\"3\"><b>3r<\/b><\/td>\n<td>Llengua anglesa<\/td>\n<td><b>All about us now 3 activity book<\/b><\/p>\n<p>ISBN: 9780194073844<\/td>\n<td><\/td>\n<\/tr>\n<tr>\n<td>Matem\u00e0tiques<\/td>\n<td><b>Innovamat<\/b><\/td>\n<td><\/td>\n<\/tr>\n<tr>\n<td>Projecte SORELL<\/td>\n<td>Llibres socialitzats de catal\u00e0, castell\u00e0, dos llibres de coneixement del medi natural i social, angl\u00e8s.<\/p>\n<p>L\u2019import es pagar\u00e0 a l\u2019AFA mitjan\u00e7ant el Tellfy.<\/td>\n<td>15 \u20ac<\/td>\n<\/tr>\n<tr>\n<td colspan=\"4\"><b>MATERIAL:\u00a0\u00a0<\/b><\/p>\n<ul>\n<li aria-level=\"1\">Quota de material: 55\u20ac <a href=\"https:\/\/escolaverdaguerprat.tpvweb.com\/servei\/material-comunitat-mitjans-3r-curs-23-24\/\">https:\/\/escolaverdaguerprat.tpvweb.com\/servei\/material-comunitat-mitjans-3r-curs-23-24\/<\/a><\/li>\n<\/ul>\n<\/td>\n<\/tr>\n<\/tbody>\n<\/table>\n<p>&nbsp;<\/p>\n<table>\n<tbody>\n<tr>\n<td><b>NIVELL<\/b><\/td>\n<td><b>\u00c0REA<\/b><\/td>\n<td><b>T\u00cdTOL<\/b><\/td>\n<td><b>IMPORT<\/b><\/td>\n<\/tr>\n<tr>\n<td rowspan=\"3\"><b>4t<\/b><\/td>\n<td>Llengua anglesa<\/td>\n<td><b>All about us now 4 activity book<\/b><\/p>\n<p>ISBN: 9780194073905<\/td>\n<td><\/td>\n<\/tr>\n<tr>\n<td>Matem\u00e0tiques<\/td>\n<td><b>Innovamat<\/b><\/td>\n<td><\/td>\n<\/tr>\n<tr>\n<td>Projecte SORELL<\/td>\n<td>Llibres socialitzats de catal\u00e0, castell\u00e0, dos llibres de coneixement del medi natural i social, angl\u00e8s.<\/p>\n<p>L\u2019import es pagar\u00e0 a l\u2019AFA mitjan\u00e7ant el Tellfy.<\/td>\n<td>15\u20ac<\/td>\n<\/tr>\n<tr>\n<td colspan=\"4\"><b>MATERIAL:\u00a0<\/b><\/p>\n<ul>\n<li aria-level=\"1\">Quota de material: 55\u20ac<a href=\"https:\/\/escolaverdaguerprat.tpvweb.com\/servei\/material-comunitat-grans-curs-23-24\/\"> https:\/\/escolaverdaguerprat.tpvweb.com\/servei\/material-comunitat-grans-curs-23-24\/<\/a><\/li>\n<\/ul>\n<\/td>\n<\/tr>\n<\/tbody>\n<\/table>\n<p>&nbsp;<\/p>\n<table>\n<tbody>\n<tr>\n<td><b>NIVELL<\/b><\/td>\n<td><b>\u00c0REA<\/b><\/td>\n<td><b>T\u00cdTOL<\/b><\/td>\n<td><b>IMPORT<\/b><\/td>\n<\/tr>\n<tr>\n<td rowspan=\"3\"><b>5\u00e8<\/b><\/td>\n<td>Llengua anglesa<\/td>\n<td><b>All about us now 5 activity book<\/b><\/p>\n<p>ISBN: 9780194073967<\/td>\n<td><\/td>\n<\/tr>\n<tr>\n<td>Matem\u00e0tiques<\/td>\n<td><b>Innovamat<\/b><\/td>\n<td><\/td>\n<\/tr>\n<tr>\n<td>Projecte SORELL<\/td>\n<td>Llibres socialitzats de catal\u00e0, castell\u00e0, dos llibres de coneixement del medi natural i social, angl\u00e8s.<\/p>\n<p>L\u2019import es pagar\u00e0 a l\u2019AFA mitjan\u00e7ant el Tellfy.<\/td>\n<td>15\u20ac<\/td>\n<\/tr>\n<tr>\n<td colspan=\"4\"><b>MATERIAL:\u00a0<\/b><\/p>\n<ul>\n<li aria-level=\"1\">Quota de material: 55\u20ac <a href=\"https:\/\/escolaverdaguerprat.tpvweb.com\/servei\/material-comunitat-grans-curs-23-24\/\">https:\/\/escolaverdaguerprat.tpvweb.com\/servei\/material-comunitat-grans-curs-23-24\/<\/a><\/li>\n<\/ul>\n<\/td>\n<\/tr>\n<\/tbody>\n<\/table>\n<p>&nbsp;<\/p>\n<table>\n<tbody>\n<tr>\n<td><b>NIVELL<\/b><\/td>\n<td><b>\u00c0REA<\/b><\/td>\n<td><b>T\u00cdTOL<\/b><\/td>\n<td><b>IMPORT<\/b><\/td>\n<\/tr>\n<tr>\n<td rowspan=\"3\"><b>6\u00e8<\/b><\/td>\n<td>Llengua anglesa<\/td>\n<td><b>All about us now 6 activity book<\/b><\/p>\n<p>ISBN: 9780194074025<\/td>\n<td><\/td>\n<\/tr>\n<tr>\n<td>Matem\u00e0tiques<\/td>\n<td><b>Innovamat<\/b><\/td>\n<td><\/td>\n<\/tr>\n<tr>\n<td>Projecte SORELL<\/td>\n<td>Llibres socialitzats de catal\u00e0, castell\u00e0, dos llibres de coneixement del medi natural i social, angl\u00e8s.<\/p>\n<p>L\u2019import es pagar\u00e0 a l\u2019AFA mitjan\u00e7ant el Tellfy.<\/td>\n<td>15\u20ac<\/td>\n<\/tr>\n<tr>\n<td colspan=\"4\"><b>MATERIAL:<\/b><\/p>\n<ul>\n<li aria-level=\"1\">Quota de material: 55\u20ac <a href=\"https:\/\/escolaverdaguerprat.tpvweb.com\/servei\/material-comunitat-grans-curs-23-24\/\">https:\/\/escolaverdaguerprat.tpvweb.com\/servei\/material-comunitat-grans-curs-23-24\/<\/a><\/li>\n<\/ul>\n<\/td>\n<\/tr>\n<\/tbody>\n<\/table>\n","protected":false},"excerpt":{"rendered":"<p>LLIBRES I LLIC\u00c8NCIES DIGITALS CURS 23-24<\/p>\n<p>NIVELL<br \/>\n\u00c0REA<br \/>\nT\u00cdTOL<br \/>\nIMPORT<\/p>\n<p>I3<br \/>\nMatem\u00e0tiques<br \/>\nInnovamat <a href=\"https:\/\/escolaverdaguerprat.tpvweb.com\/servei\/innovamat-petits-23-24\/\">https:\/\/escolaverdaguerprat.tpvweb.com\/servei\/innovamat-petits-23-24\/<\/a><br \/>\n29 \u20ac<\/p>\n<p>MATERIAL:<\/p>\n<ul>\n<li aria-level=\"1\">Quota de material fungible: 65\u20ac <a href=\"https:\/\/escolaverdaguerprat.tpvweb.com\/servei\/material-comunitat-petits-curs-23-24\/\">https:\/\/escolaverdaguerprat.tpvweb.com\/servei\/material-comunitat-petits-curs-23-24\/<\/a><\/li>\n<\/ul>\n<p>&nbsp;<\/p>\n<p>NIVELL<br \/>\n\u00c0REA<br \/>\nT\u00cdTOL<br \/>\nIMPORT<\/p>\n<p>I4<br \/>\nMatem\u00e0tiques<br \/>\nInnovamat <a href=\"https:\/\/escolaverdaguerprat.tpvweb.com\/servei\/innovamat-petits-23-24\/\">https:\/\/escolaverdaguerprat.tpvweb.com\/servei\/innovamat-petits-23-24\/<\/a><br \/>\n29 \u20ac<\/p>\n<p>MATERIAL:<\/p>\n<ul>\n<li aria-level=\"1\">Quota de material fungible: 65\u20ac <a href=\"https:\/\/escolaverdaguerprat.tpvweb.com\/servei\/material-comunitat-petits-curs-23-24\/\">https:\/\/escolaverdaguerprat.tpvweb.com\/servei\/material-comunitat-petits-curs-23-24\/<\/a><\/li>\n<\/ul>\n<p>&nbsp;<\/p>\n<p>NIVELL<br \/>\n\u00c0REA<br \/>\nT\u00cdTOL<br \/>\nIMPORT<\/p>\n<p>I5<br \/>\nMatem\u00e0tiques<br \/>\nInnovamat <a href=\"https:\/\/escolaverdaguerprat.tpvweb.com\/servei\/innovamat-petits-23-24\/\">https:\/\/escolaverdaguerprat.tpvweb.com\/servei\/innovamat-petits-23-24\/<\/a><br \/>\n29 \u20ac<\/p>\n<p>MATERIAL:<\/p>\n<ul>\n<li aria-level=\"1\">Quota de material fungible: 65\u20ac <a href=\"https:\/\/escolaverdaguerprat.tpvweb.com\/servei\/material-comunitat-petits-curs-23-24\/\">https:\/\/escolaverdaguerprat.tpvweb.com\/servei\/material-comunitat-petits-curs-23-24\/<\/a><\/li>\n<\/ul>\n<p>&nbsp;<\/p>\n<p>NIVELL<br \/>\n\u00c0REA<br \/>\nT\u00cdTOL<br \/>\nIMPORT<\/p>\n<p>1r<br \/>\nLlengua catalana<br \/>\nParaules i lletres<br \/>\nVicens &#8211; Vives<br \/>\nISBN 978-84-682-5507-1<\/p>\n<p>Llengua anglesa<br \/>\nAll about us&hellip;  <a href=\"https:\/\/agora.xtec.cat\/ceipjaveprat\/curs-22-23\/llibres-i-llicencies-digitals\/\" title=\"Read Llibres i llic\u00e8ncies digitals curs 23-24\">Llegeix m\u00e9s\u00bb<\/a><\/p>\n","protected":false},"author":3,"featured_media":0,"parent":216,"menu_order":3,"comment_status":"closed","ping_status":"closed","template":"page-templates\/side-menu.php","meta":{"_bbp_topic_count":0,"_bbp_reply_count":0,"_bbp_total_topic_count":0,"_bbp_total_reply_count":0,"_bbp_voice_count":0,"_bbp_anonymous_reply_count":0,"_bbp_topic_count_hidden":0,"_bbp_reply_count_hidden":0,"_bbp_forum_subforum_count":0,"footnotes":""},"class_list":["post-3148","page","type-page","status-publish","hentry"],"post_mailing_queue_ids":[],"_links":{"self":[{"href":"https:\/\/agora.xtec.cat\/ceipjaveprat\/wp-json\/wp\/v2\/pages\/3148","targetHints":{"allow":["GET"]}}],"collection":[{"href":"https:\/\/agora.xtec.cat\/ceipjaveprat\/wp-json\/wp\/v2\/pages"}],"about":[{"href":"https:\/\/agora.xtec.cat\/ceipjaveprat\/wp-json\/wp\/v2\/types\/page"}],"author":[{"embeddable":true,"href":"https:\/\/agora.xtec.cat\/ceipjaveprat\/wp-json\/wp\/v2\/users\/3"}],"replies":[{"embeddable":true,"href":"https:\/\/agora.xtec.cat\/ceipjaveprat\/wp-json\/wp\/v2\/comments?post=3148"}],"version-history":[{"count":5,"href":"https:\/\/agora.xtec.cat\/ceipjaveprat\/wp-json\/wp\/v2\/pages\/3148\/revisions"}],"predecessor-version":[{"id":4323,"href":"https:\/\/agora.xtec.cat\/ceipjaveprat\/wp-json\/wp\/v2\/pages\/3148\/revisions\/4323"}],"up":[{"embeddable":true,"href":"https:\/\/agora.xtec.cat\/ceipjaveprat\/wp-json\/wp\/v2\/pages\/216"}],"wp:attachment":[{"href":"https:\/\/agora.xtec.cat\/ceipjaveprat\/wp-json\/wp\/v2\/media?parent=3148"}],"curies":[{"name":"wp","href":"https:\/\/api.w.org\/{rel}","templated":true}]}}