{"id":28,"date":"2014-09-18T12:29:35","date_gmt":"2014-09-18T12:29:35","guid":{"rendered":"http:\/\/agora.xtec.cat\/ceipjaveprat\/?page_id=28"},"modified":"2026-02-01T12:58:33","modified_gmt":"2026-02-01T11:58:33","slug":"consell-escolar","status":"publish","type":"page","link":"https:\/\/agora.xtec.cat\/ceipjaveprat\/lescola\/consell-escolar\/","title":{"rendered":"Consell escolar"},"content":{"rendered":"<p>&nbsp;<\/p>\n<table>\n<tbody>\n<tr>\n<td><a href=\"http:\/\/agora.xtec.cat\/ceipjaveprat\/general\/resum-dels-acords-del-consell-escolar-2016-17\/\"><img loading=\"lazy\" decoding=\"async\" class=\"alignnone wp-image-777\" src=\"http:\/\/agora.xtec.cat\/ceipjaveprat\/wp-content\/uploads\/usu175\/2017\/02\/icona-llapis.jpg\" alt=\"icona-llapis\" width=\"50\" height=\"43\" \/><\/a><\/td>\n<td><strong>Cliqueu sobre el llapis si voleu consultar el resum dels acords i les informacions de les reunions del consell.<\/strong><\/td>\n<\/tr>\n<\/tbody>\n<\/table>\n<p>&nbsp;<\/p>\n<p><span style=\"font-weight: 400;\">El Consell Escolar \u00e9s l\u2019\u00f2rgan de participaci\u00f3 de la comunitat escolar en el govern del centre, vetllant especialment per donar una visi\u00f3 global de l\u2019escola i que tingui en tot moment present els interessos de tot l&#8217;alumnat. Esta format per:<\/span><\/p>\n<table>\n<tbody>\n<tr>\n<td><img loading=\"lazy\" decoding=\"async\" class=\" wp-image-189 alignleft\" src=\"http:\/\/agora.xtec.cat\/ceipjaveprat\/wp-content\/uploads\/usu175\/2014\/09\/community-150124_1280-1024x512.png\" alt=\"CONSELL ESCOLAR\" width=\"285\" height=\"143\" srcset=\"https:\/\/agora.xtec.cat\/ceipjaveprat\/wp-content\/uploads\/usu175\/2014\/09\/community-150124_1280-1024x512.png 1024w, https:\/\/agora.xtec.cat\/ceipjaveprat\/wp-content\/uploads\/usu175\/2014\/09\/community-150124_1280-300x150.png 300w, https:\/\/agora.xtec.cat\/ceipjaveprat\/wp-content\/uploads\/usu175\/2014\/09\/community-150124_1280-768x384.png 768w, https:\/\/agora.xtec.cat\/ceipjaveprat\/wp-content\/uploads\/usu175\/2014\/09\/community-150124_1280.png 1280w\" sizes=\"auto, (max-width: 285px) 100vw, 285px\" \/><\/td>\n<td>\n<ul>\n<li style=\"font-weight: 400;\"><span style=\"font-weight: 400;\">La Presidenta (Directora)<\/span><\/li>\n<li style=\"font-weight: 400;\"><span style=\"font-weight: 400;\">La Cap d\u2019estudis\u00a0<\/span><\/li>\n<li style=\"font-weight: 400;\"><span style=\"font-weight: 400;\">La secret\u00e0ria<\/span><\/li>\n<li style=\"font-weight: 400;\"><span style=\"font-weight: 400;\">Sis representants del sector mestres<\/span><\/li>\n<li style=\"font-weight: 400;\"><span style=\"font-weight: 400;\">Cinc representants del sectors pares i mares<\/span><\/li>\n<li style=\"font-weight: 400;\"><span style=\"font-weight: 400;\">Un pare o mare representant de l\u2019AMPA<\/span><\/li>\n<li style=\"font-weight: 400;\"><span style=\"font-weight: 400;\">Un representant de l\u2019Ajuntament<\/span><\/li>\n<li style=\"font-weight: 400;\"><span style=\"font-weight: 400;\">Un representant del personal d\u2019administraci\u00f3 i serveis.<\/span><\/li>\n<\/ul>\n<\/td>\n<\/tr>\n<\/tbody>\n<\/table>\n<p>Les reunions ordin\u00e0ries seran, com a m\u00ednim, a inici i final de curs i un cop al trimestre. Les reunions extraordin\u00e0ries es convocaran sempre que la directora del centre ho consideri oport\u00fa o a petici\u00f3 de la majoria dels seus membres.<\/p>\n<p>COMPOSICI\u00d3 ACTUAL DELS MEMBRES DEL CONSELL ESCOLAR (Darrera renovaci\u00f3 Desembre de 2021)<\/p>\n<div class=\"page\" title=\"Page 28\">\n<table>\n<colgroup>\n<col \/>\n<col \/> <\/colgroup>\n<tbody>\n<tr>\n<td>\n<div class=\"layoutArea\">\n<div class=\"column\">\n<p><strong>Presidenta<\/strong><\/p>\n<\/div>\n<\/div>\n<\/td>\n<td>\n<div class=\"layoutArea\">\n<div class=\"column\">\n<p>Ana Moscard\u00f3 Sornosa<\/p>\n<\/div>\n<\/div>\n<\/td>\n<\/tr>\n<tr>\n<td>\n<div class=\"layoutArea\">\n<div class=\"column\">\n<p><strong>Cap d\u2019estudis<\/strong><\/p>\n<\/div>\n<\/div>\n<\/td>\n<td>\n<div class=\"layoutArea\">\n<div class=\"column\">\n<p>Anabel Ramos Rodr\u00edguez<\/p>\n<\/div>\n<\/div>\n<\/td>\n<\/tr>\n<tr>\n<td>\n<div class=\"layoutArea\">\n<div class=\"column\">\n<p><strong>Secret\u00e0ria<\/strong><\/p>\n<\/div>\n<\/div>\n<\/td>\n<td>\n<div class=\"layoutArea\">\n<div class=\"column\">\n<p>J\u00falia Puyo Sol\u00e9<\/p>\n<\/div>\n<\/div>\n<\/td>\n<\/tr>\n<\/tbody>\n<\/table>\n<div class=\"layoutArea\"><\/div>\n<\/div>\n<div class=\"page\" title=\"Page 29\">\n<div class=\"layoutArea\"><\/div>\n<table style=\"width: 55.8612%;\">\n<colgroup>\n<col \/>\n<col \/> <\/colgroup>\n<tbody>\n<tr>\n<td style=\"width: 97.4074%;\" colspan=\"2\" rowspan=\"1\">\n<div class=\"layoutArea\">\n<div class=\"column\">\n<p><strong>Representants sector mestres<\/strong><\/p>\n<\/div>\n<\/div>\n<\/td>\n<\/tr>\n<tr>\n<td style=\"width: 48.5185%;\">\n<div class=\"layoutArea\">\n<div class=\"column\">\n<p>Noem\u00ed Bertran<\/p>\n<\/div>\n<\/div>\n<\/td>\n<td style=\"width: 48.8889%;\">\n<div class=\"layoutArea\">\n<div class=\"column\">\n<p>Pau Solanes<\/p>\n<\/div>\n<\/div>\n<\/td>\n<\/tr>\n<tr>\n<td style=\"width: 48.5185%;\">\n<div class=\"layoutArea\">\n<div class=\"column\">\n<p>Cinto Fuentes<\/p>\n<\/div>\n<\/div>\n<\/td>\n<td style=\"width: 48.8889%;\">\n<div class=\"layoutArea\">\n<div class=\"column\">\n<p>\u00c1lex P\u00e9rez<\/p>\n<\/div>\n<\/div>\n<\/td>\n<\/tr>\n<tr>\n<td style=\"width: 48.5185%;\">\n<div class=\"layoutArea\">\n<div class=\"column\">\n<p>Nat\u00e0lia Ca\u00f1ero<\/p>\n<\/div>\n<\/div>\n<\/td>\n<td style=\"width: 48.8889%;\">\n<div class=\"layoutArea\">\n<div class=\"column\">\n<p>M\u00f3nica Rodr\u00edguez<\/p>\n<\/div>\n<\/div>\n<\/td>\n<\/tr>\n<tr>\n<td style=\"width: 97.4074%;\" colspan=\"2\" rowspan=\"1\">\n<div class=\"layoutArea\">\n<div class=\"column\">\n<p><strong>Representants sector pares i mares<\/strong><\/p>\n<\/div>\n<\/div>\n<\/td>\n<\/tr>\n<tr>\n<td style=\"width: 48.5185%;\">\n<div class=\"layoutArea\">\n<div class=\"column\">\n<p>Meritxell Valls<\/p>\n<\/div>\n<\/div>\n<\/td>\n<td style=\"width: 48.8889%;\">\n<div class=\"layoutArea\">\n<div class=\"column\">\n<p>Immaculada Figueroa<\/p>\n<\/div>\n<\/div>\n<\/td>\n<\/tr>\n<tr>\n<td style=\"width: 48.5185%;\">\n<div class=\"layoutArea\">\n<div class=\"column\">\n<p>Saray Tena<\/p>\n<\/div>\n<\/div>\n<\/td>\n<td style=\"width: 48.8889%;\">\n<div class=\"layoutArea\">\n<div class=\"column\">\n<p>Noelia Vidal<\/p>\n<\/div>\n<\/div>\n<\/td>\n<\/tr>\n<tr>\n<td style=\"width: 97.4074%;\" colspan=\"2\" rowspan=\"1\">\n<div class=\"layoutArea\">\n<div class=\"column\">\n<p>Marta Suela<\/p>\n<\/div>\n<\/div>\n<\/td>\n<\/tr>\n<tr>\n<td style=\"width: 97.4074%;\" colspan=\"2\" rowspan=\"1\">\n<div class=\"layoutArea\">\n<div class=\"column\">\n<p><strong>Representant del PAS<\/strong><\/p>\n<\/div>\n<\/div>\n<\/td>\n<\/tr>\n<tr>\n<td style=\"width: 97.4074%;\" colspan=\"2\" rowspan=\"1\">\n<div class=\"layoutArea\">\n<div class=\"column\">\n<p>Sandra Fornell<\/p>\n<\/div>\n<\/div>\n<\/td>\n<\/tr>\n<tr>\n<td style=\"width: 97.4074%;\" colspan=\"2\" rowspan=\"1\">\n<div class=\"layoutArea\">\n<div class=\"column\">\n<p><strong>Represetant de l\u2019AFA<\/strong><\/p>\n<\/div>\n<\/div>\n<\/td>\n<\/tr>\n<tr>\n<td style=\"width: 97.4074%;\" colspan=\"2\" rowspan=\"1\">\n<div class=\"layoutArea\">\n<div class=\"column\">\n<p>Jordi Seoane<\/p>\n<\/div>\n<\/div>\n<\/td>\n<\/tr>\n<tr>\n<td style=\"width: 97.4074%;\" colspan=\"2\" rowspan=\"1\">\n<div class=\"layoutArea\">\n<div class=\"column\">\n<p><strong>Repesentant de l\u2019Ajuntament<\/strong><\/p>\n<\/div>\n<\/div>\n<\/td>\n<\/tr>\n<tr>\n<td style=\"width: 97.4074%;\" colspan=\"2\" rowspan=\"1\">\n<div class=\"layoutArea\">\n<div class=\"column\">\n<p>Joan Carles Navarro<\/p>\n<\/div>\n<\/div>\n<\/td>\n<\/tr>\n<\/tbody>\n<\/table>\n<div class=\"layoutArea\">\n<div class=\"column\">\n<p>&nbsp;<\/p>\n<div class=\"page\" title=\"Page 30\">\n<div class=\"layoutArea\">\n<div class=\"column\">\n<p>&nbsp;<\/p>\n<\/div>\n<\/div>\n<\/div>\n<\/div>\n<\/div>\n<\/div>\n<p>&nbsp;<\/p>\n","protected":false},"excerpt":{"rendered":"<p>&nbsp;<\/p>\n<p><a href=\"http:\/\/agora.xtec.cat\/ceipjaveprat\/general\/resum-dels-acords-del-consell-escolar-2016-17\/\"><\/a><br \/>\nCliqueu sobre el llapis si voleu consultar el resum dels acords i les informacions de les reunions del consell.<\/p>\n<p>&nbsp;<br \/>\nEl Consell Escolar \u00e9s l\u2019\u00f2rgan de participaci\u00f3 de la comunitat escolar en el govern del centre, vetllant especialment per donar una visi\u00f3 global de l\u2019escola i&hellip;  <a href=\"https:\/\/agora.xtec.cat\/ceipjaveprat\/lescola\/consell-escolar\/\" title=\"Read Consell escolar\">Llegeix m\u00e9s\u00bb<\/a><\/p>\n","protected":false},"author":2,"featured_media":0,"parent":22,"menu_order":30,"comment_status":"closed","ping_status":"closed","template":"page-templates\/side-menu.php","meta":{"_bbp_topic_count":0,"_bbp_reply_count":0,"_bbp_total_topic_count":0,"_bbp_total_reply_count":0,"_bbp_voice_count":0,"_bbp_anonymous_reply_count":0,"_bbp_topic_count_hidden":0,"_bbp_reply_count_hidden":0,"_bbp_forum_subforum_count":0,"footnotes":""},"class_list":["post-28","page","type-page","status-publish","hentry"],"post_mailing_queue_ids":[],"_links":{"self":[{"href":"https:\/\/agora.xtec.cat\/ceipjaveprat\/wp-json\/wp\/v2\/pages\/28","targetHints":{"allow":["GET"]}}],"collection":[{"href":"https:\/\/agora.xtec.cat\/ceipjaveprat\/wp-json\/wp\/v2\/pages"}],"about":[{"href":"https:\/\/agora.xtec.cat\/ceipjaveprat\/wp-json\/wp\/v2\/types\/page"}],"author":[{"embeddable":true,"href":"https:\/\/agora.xtec.cat\/ceipjaveprat\/wp-json\/wp\/v2\/users\/2"}],"replies":[{"embeddable":true,"href":"https:\/\/agora.xtec.cat\/ceipjaveprat\/wp-json\/wp\/v2\/comments?post=28"}],"version-history":[{"count":6,"href":"https:\/\/agora.xtec.cat\/ceipjaveprat\/wp-json\/wp\/v2\/pages\/28\/revisions"}],"predecessor-version":[{"id":4613,"href":"https:\/\/agora.xtec.cat\/ceipjaveprat\/wp-json\/wp\/v2\/pages\/28\/revisions\/4613"}],"up":[{"embeddable":true,"href":"https:\/\/agora.xtec.cat\/ceipjaveprat\/wp-json\/wp\/v2\/pages\/22"}],"wp:attachment":[{"href":"https:\/\/agora.xtec.cat\/ceipjaveprat\/wp-json\/wp\/v2\/media?parent=28"}],"curies":[{"name":"wp","href":"https:\/\/api.w.org\/{rel}","templated":true}]}}