{"id":267,"date":"2016-07-14T12:25:34","date_gmt":"2016-07-14T11:25:34","guid":{"rendered":"http:\/\/agora.xtec.cat\/ceipjaveprat\/?page_id=267"},"modified":"2024-08-22T14:05:46","modified_gmt":"2024-08-22T12:05:46","slug":"sorell-reutilitzacio-llibres","status":"publish","type":"page","link":"https:\/\/agora.xtec.cat\/ceipjaveprat\/serveis\/sorell-reutilitzacio-llibres\/","title":{"rendered":"SORELL &#8211; Projecte de socialitzaci\u00f3 i reutilitzaci\u00f3 de llibres"},"content":{"rendered":"<table>\n<tbody>\n<tr>\n<td><strong>Cada fam\u00edlia fa una petita aportaci\u00f3 econ\u00f2mica al projecte sorell.\u00a0 L&#8217;alumne gaudir\u00e0 durant l&#8217;any d&#8217;un lot de llibres complet (llengua catalana, llengua castellana, medi social i natura) que ha de retornar a final de curs.<\/strong><\/td>\n<\/tr>\n<\/tbody>\n<\/table>\n<h6><\/h6>\n<p><strong>SORELL_Normes participaci\u00f3<\/strong><\/p>\n<ul style=\"list-style-type: circle;\">\n<li><a href=\"https:\/\/agora.xtec.cat\/ceipjaveprat\/serveis\/sorell-reutilitzacio-llibres\/attachment\/24-25-sorell-3r-normes-de-participacio\/\" rel=\"attachment wp-att-4539\">24-25 Sorell 3r, Normes de participacio\u0301<\/a><\/li>\n<li><a href=\"https:\/\/agora.xtec.cat\/ceipjaveprat\/serveis\/sorell-reutilitzacio-llibres\/attachment\/_24-25-sorell-4t-normes-de-participacio\/\" rel=\"attachment wp-att-4540\">24-25 Sorell 4T, Normes de participacio\u0301<\/a><\/li>\n<li><a style=\"color: #2795b6;\" href=\"https:\/\/agora.xtec.cat\/ceipjaveprat\/serveis\/sorell-reutilitzacio-llibres\/attachment\/_24-25-sorell-5e-normes-de-participacio\/\" rel=\"attachment wp-att-4538\">24-25 Sorell 5e\u0300, Normes de participacio\u0301<\/a><\/li>\n<li><a style=\"font-family: inherit; font-size: 1em;\" href=\"https:\/\/agora.xtec.cat\/ceipjaveprat\/serveis\/sorell-reutilitzacio-llibres\/attachment\/24-25-sorell-6e-normes-de-participacio\/\" rel=\"attachment wp-att-4537\">24-25 Sorell 6e\u0300, Normes de participacio\u0301<\/a><\/li>\n<\/ul>\n<h6><strong>OBJECTIUS DEL PROJECTE<\/strong><\/h6>\n<ol>\n<li style=\"list-style-type: none;\">\n<ol>\n<li>Reduir al m\u00e0xim la despesa familiar en concepte de llibres de text.<\/li>\n<li>Fomentar la responsabilitat en el manteniment del material i llibres de text.<\/li>\n<li>Afavorir la cohesi\u00f3 social i la igualtat d&#8217;oportunitats.<\/li>\n<li>Fomentar valors com la solidaritat, el respecte al b\u00e9 com\u00fa i la capacitat de compartir.<\/li>\n<li>Educar per al consum racional i sostenible, l&#8217;estalvi ecol\u00f2gic i econ\u00f2mic.<\/li>\n<li>Fomentar la cooperaci\u00f3 entre l&#8217;alumnat, les fam\u00edlies i el professorat.<\/li>\n<li>Millorar qualitativament i quantitativament els recursos did\u00e0ctics disponibles al centre.<\/li>\n<\/ol>\n<\/li>\n<\/ol>\n<p><a href=\"http:\/\/agora.xtec.cat\/ceipjaveprat\/wp-content\/uploads\/usu175\/2016\/07\/Captura-de-pantalla-2016-08-27-a-las-20.28.05.png\"><img loading=\"lazy\" decoding=\"async\" class=\"alignnone wp-image-354\" src=\"http:\/\/agora.xtec.cat\/ceipjaveprat\/wp-content\/uploads\/usu175\/2016\/07\/Captura-de-pantalla-2016-08-27-a-las-20.28.05.png\" alt=\"Captura de pantalla 2016-08-27 a las 20.28.05\" width=\"636\" height=\"140\" srcset=\"https:\/\/agora.xtec.cat\/ceipjaveprat\/wp-content\/uploads\/usu175\/2016\/07\/Captura-de-pantalla-2016-08-27-a-las-20.28.05.png 1000w, https:\/\/agora.xtec.cat\/ceipjaveprat\/wp-content\/uploads\/usu175\/2016\/07\/Captura-de-pantalla-2016-08-27-a-las-20.28.05-300x66.png 300w, https:\/\/agora.xtec.cat\/ceipjaveprat\/wp-content\/uploads\/usu175\/2016\/07\/Captura-de-pantalla-2016-08-27-a-las-20.28.05-768x169.png 768w\" sizes=\"auto, (max-width: 636px) 100vw, 636px\" \/><\/a><\/p>\n","protected":false},"excerpt":{"rendered":"<p>Cada fam\u00edlia fa una petita aportaci\u00f3 econ\u00f2mica al projecte sorell.\u00a0 L&#8217;alumne gaudir\u00e0 durant l&#8217;any d&#8217;un lot de llibres complet (llengua catalana, llengua castellana, medi social i natura) que ha de retornar a final de curs.<\/p>\n<p>SORELL_Normes participaci\u00f3<\/p>\n<ul style=\"list-style-type: circle;\">\n<li><a href=\"https:\/\/agora.xtec.cat\/ceipjaveprat\/serveis\/sorell-reutilitzacio-llibres\/attachment\/24-25-sorell-3r-normes-de-participacio\/\" rel=\"attachment wp-att-4539\">24-25 Sorell 3r, Normes de&hellip;  <a href=\"https:\/\/agora.xtec.cat\/ceipjaveprat\/serveis\/sorell-reutilitzacio-llibres\/\" title=\"Read SORELL &#8211; Projecte de socialitzaci\u00f3 i reutilitzaci\u00f3 de llibres\">Llegeix m\u00e9s\u00bb<\/a><br \/>\n","protected":false},"author":1,"featured_media":0,"parent":66,"menu_order":0,"comment_status":"closed","ping_status":"closed","template":"","meta":{"_bbp_topic_count":0,"_bbp_reply_count":0,"_bbp_total_topic_count":0,"_bbp_total_reply_count":0,"_bbp_voice_count":0,"_bbp_anonymous_reply_count":0,"_bbp_topic_count_hidden":0,"_bbp_reply_count_hidden":0,"_bbp_forum_subforum_count":0,"footnotes":""},"class_list":["post-267","page","type-page","status-publish","hentry"],"post_mailing_queue_ids":[],"_links":{"self":[{"href":"https:\/\/agora.xtec.cat\/ceipjaveprat\/wp-json\/wp\/v2\/pages\/267","targetHints":{"allow":["GET"]}}],"collection":[{"href":"https:\/\/agora.xtec.cat\/ceipjaveprat\/wp-json\/wp\/v2\/pages"}],"about":[{"href":"https:\/\/agora.xtec.cat\/ceipjaveprat\/wp-json\/wp\/v2\/types\/page"}],"author":[{"embeddable":true,"href":"https:\/\/agora.xtec.cat\/ceipjaveprat\/wp-json\/wp\/v2\/users\/1"}],"replies":[{"embeddable":true,"href":"https:\/\/agora.xtec.cat\/ceipjaveprat\/wp-json\/wp\/v2\/comments?post=267"}],"version-history":[{"count":5,"href":"https:\/\/agora.xtec.cat\/ceipjaveprat\/wp-json\/wp\/v2\/pages\/267\/revisions"}],"predecessor-version":[{"id":4541,"href":"https:\/\/agora.xtec.cat\/ceipjaveprat\/wp-json\/wp\/v2\/pages\/267\/revisions\/4541"}],"up":[{"embeddable":true,"href":"https:\/\/agora.xtec.cat\/ceipjaveprat\/wp-json\/wp\/v2\/pages\/66"}],"wp:attachment":[{"href":"https:\/\/agora.xtec.cat\/ceipjaveprat\/wp-json\/wp\/v2\/media?parent=267"}],"curies":[{"name":"wp","href":"https:\/\/api.w.org\/{rel}","templated":true}]}}