{"id":26,"date":"2014-09-18T12:24:32","date_gmt":"2014-09-18T12:24:32","guid":{"rendered":"http:\/\/agora.xtec.cat\/ceipjaveprat\/?page_id=26"},"modified":"2016-08-28T15:21:11","modified_gmt":"2016-08-28T14:21:11","slug":"historia","status":"publish","type":"page","link":"https:\/\/agora.xtec.cat\/ceipjaveprat\/lescola\/historia\/","title":{"rendered":"Hist\u00f2ria"},"content":{"rendered":"<p><span style=\"font-weight: 400;\">Coincidint amb el desenvolupament urban\u00edstic de l\u2019entorn de la carretera de la Bunyola, la nostra escola es va construir entre \u00a0els anys 1970 i 1971 sobre uns terrenys cedits pel senyor Francesc Balcells i Vallbona. L\u2019any 1969 l&#8217;Ajuntament del Prat tamb\u00e9 li havia comprat la Torre Balcells i els terrenys que l\u2019envoltaven.<\/span><\/p>\n<p><span style=\"font-weight: 400;\">El Verdaguer\u00a0comen\u00e7\u00e0 a funcionar el curs 1971-72, si b\u00e9 la seva creaci\u00f3 apareix publicada al BOE n\u00fam. 71, de 24 de mar\u00e7 1971, com a <\/span><i><span style=\"font-weight: 400;\">Colegio Nacional Mixto Jacinto Verdaguer<\/span><\/i><span style=\"font-weight: 400;\"> amb 16 unitats escolars d\u2019EGB (8 de nens i 8 de nenes). Va ser formalment inaugurat el\u00a0curs 1972-73, i l<\/span><span style=\"font-weight: 400;\">\u2019any 1978 va passar a tenir 24 unitats mixtes d&#8217;EGB.<\/span><\/p>\n<p><span style=\"font-weight: 400;\">Des del curs 1986-87 el centre\u00a0s\u2019acoll\u00ed al Pla d\u2019Immersi\u00f3 Ling\u00fc\u00edstica, pel qual la llengua vehicular i d\u2019aprenentatge del centre va passar a ser el catal\u00e0 des d&#8217;Infantil.<\/span><\/p>\n<p><span style=\"font-weight: 400;\">Durant molt anys fou popularment conegut com a \u201cCol\u00b7legi Rosa\u201d, perqu\u00e8 des de la seva inauguraci\u00f3 aquest era el color predominant de les parets exteriors de l\u2019edifici.\u00a0<\/span>Durant el curs 1995-96 es va fer una reforma gaireb\u00e9 integral per solucionar algunes defici\u00e8ncies estructurals i condicionar els espais i instal\u00b7lacions \u00a0a les necessitats d\u2019aquell moment (pati i aules d\u2019educaci\u00f3 infantil, construcci\u00f3 d\u2019un nou gimn\u00e0s, menjador i cuina, sala de psicomotricitat, eliminaci\u00f3 de barreres arquitect\u00f2niques, etc).<\/p>\n<p><span style=\"font-weight: 400;\">La nostra escola est\u00e0 ubicada enmig del casc urb\u00e0, envoltada d&#8217;edificis d&#8217;habitatges\u00a0i amb predomini del petit comer\u00e7. Tamb\u00e9\u00a0est\u00e0 molt b\u00e9n comunicada per transport p\u00fablic (autob\u00fas, l\u00ednia 9 del metro) i es troba molt a prop d&#8217;altres equipaments municipals com els centres c\u00edvics Jardins de la Pau i Espai Cultural C\u00e8ntric, l\u2019escola bressol municipal El Cabusset, zones d\u2019esbarjo com la Pla\u00e7a Blanes o els Jardins de la Pau i el CAP Disset de Setembre.<\/span><\/p>\n<p><a href=\"http:\/\/agora.xtec.cat\/ceipjaveprat\/wp-content\/uploads\/usu175\/2016\/02\/image.jpg\" rel=\"attachment wp-att-179\"><img loading=\"lazy\" decoding=\"async\" class=\"alignnone size-full wp-image-179\" src=\"http:\/\/agora.xtec.cat\/ceipjaveprat\/wp-content\/uploads\/usu175\/2016\/02\/image.jpg\" alt=\"image\" width=\"1000\" height=\"223\" srcset=\"https:\/\/agora.xtec.cat\/ceipjaveprat\/wp-content\/uploads\/usu175\/2016\/02\/image.jpg 1000w, https:\/\/agora.xtec.cat\/ceipjaveprat\/wp-content\/uploads\/usu175\/2016\/02\/image-300x67.jpg 300w\" sizes=\"auto, (max-width: 1000px) 100vw, 1000px\" \/><\/a><\/p>\n","protected":false},"excerpt":{"rendered":"<p>Coincidint amb el desenvolupament urban\u00edstic de l\u2019entorn de la carretera de la Bunyola, la nostra escola es va construir entre \u00a0els anys 1970 i 1971 sobre uns terrenys cedits pel senyor Francesc Balcells i Vallbona. L\u2019any 1969 l&#8217;Ajuntament del Prat tamb\u00e9 li havia comprat la&hellip;  <a href=\"https:\/\/agora.xtec.cat\/ceipjaveprat\/lescola\/historia\/\" title=\"Read Hist\u00f2ria\">Llegeix m\u00e9s\u00bb<\/a><\/p>\n","protected":false},"author":2,"featured_media":0,"parent":22,"menu_order":20,"comment_status":"closed","ping_status":"closed","template":"page-templates\/side-menu.php","meta":{"_bbp_topic_count":0,"_bbp_reply_count":0,"_bbp_total_topic_count":0,"_bbp_total_reply_count":0,"_bbp_voice_count":0,"_bbp_anonymous_reply_count":0,"_bbp_topic_count_hidden":0,"_bbp_reply_count_hidden":0,"_bbp_forum_subforum_count":0,"footnotes":""},"class_list":["post-26","page","type-page","status-publish","hentry"],"post_mailing_queue_ids":[],"_links":{"self":[{"href":"https:\/\/agora.xtec.cat\/ceipjaveprat\/wp-json\/wp\/v2\/pages\/26","targetHints":{"allow":["GET"]}}],"collection":[{"href":"https:\/\/agora.xtec.cat\/ceipjaveprat\/wp-json\/wp\/v2\/pages"}],"about":[{"href":"https:\/\/agora.xtec.cat\/ceipjaveprat\/wp-json\/wp\/v2\/types\/page"}],"author":[{"embeddable":true,"href":"https:\/\/agora.xtec.cat\/ceipjaveprat\/wp-json\/wp\/v2\/users\/2"}],"replies":[{"embeddable":true,"href":"https:\/\/agora.xtec.cat\/ceipjaveprat\/wp-json\/wp\/v2\/comments?post=26"}],"version-history":[{"count":3,"href":"https:\/\/agora.xtec.cat\/ceipjaveprat\/wp-json\/wp\/v2\/pages\/26\/revisions"}],"predecessor-version":[{"id":184,"href":"https:\/\/agora.xtec.cat\/ceipjaveprat\/wp-json\/wp\/v2\/pages\/26\/revisions\/184"}],"up":[{"embeddable":true,"href":"https:\/\/agora.xtec.cat\/ceipjaveprat\/wp-json\/wp\/v2\/pages\/22"}],"wp:attachment":[{"href":"https:\/\/agora.xtec.cat\/ceipjaveprat\/wp-json\/wp\/v2\/media?parent=26"}],"curies":[{"name":"wp","href":"https:\/\/api.w.org\/{rel}","templated":true}]}}