{"id":257,"date":"2018-09-14T12:16:02","date_gmt":"2018-09-14T10:16:02","guid":{"rendered":"http:\/\/agora.xtec.cat\/ceipjaveprat\/?page_id=257"},"modified":"2022-12-01T15:22:15","modified_gmt":"2022-12-01T14:22:15","slug":"servei-dacollida-matinal","status":"publish","type":"page","link":"https:\/\/agora.xtec.cat\/ceipjaveprat\/serveis\/servei-dacollida-matinal\/","title":{"rendered":"Servei d&#8217;acollida matinal"},"content":{"rendered":"<ol>\n<li><strong><u>Gesti\u00f3 del servei d\u2019acollida<\/u><\/strong><\/li>\n<\/ol>\n<p>La gesti\u00f3 del Servei d\u2019acollida est\u00e0 a c\u00e0rrec de l\u2019AFA, l\u2019empresa PRAT ACTIU \u00e9s l\u2019encarregada de la contractaci\u00f3 i gesti\u00f3 del monitoratge.<\/p>\n<ol start=\"2\">\n<li><strong><u>Equip del servei<\/u><\/strong><\/li>\n<\/ol>\n<p>Monitora: Montse Guijarro. Tel\u00e8fon de contacte (629644197)<\/p>\n<ol start=\"3\">\n<li><strong><u>Informaci\u00f3 administrativa<\/u><\/strong><\/li>\n<\/ol>\n<p>El pagament del alumnes es far\u00e0 la primera setmana de cada mes mitjan\u00e7ant domiciliaci\u00f3 banc\u00e0ria.\u00a0En cas de retornament del rebut s\u2019aplicar\u00e0 un rec\u00e0rrec de 4\u20ac en concepte de despeses banc\u00e0ries.<\/p>\n<ol start=\"4\">\n<li><strong><u>Preus<\/u><\/strong><\/li>\n<\/ol>\n<table style=\"width: 100%; border-collapse: collapse; border-style: solid;\" border=\"1\">\n<tbody>\n<tr>\n<td style=\"width: 33.333333333333336%; text-align: center;\">1h &#8211;&gt; 39\u20ac\/mes<\/td>\n<td style=\"width: 33.333333333333336%; background-color: #cbf5e2; text-align: center;\">\u00a030 minuts &#8211;&gt;\u00a026\u20ac\/mes<\/td>\n<td style=\"width: 33.333333333333336%; text-align: center;\">Dies espor\u00e0dics &#8211;&gt;\u00a04\u20ac\/dia<\/td>\n<\/tr>\n<\/tbody>\n<\/table>\n<p><strong style=\"font-family: inherit; font-size: 1em;\"><u>Normativa de funcionament<\/u><\/strong><\/p>\n<p>Els infants\/es que facin \u00fas del servei d\u2019acollida estaran sempre sota la vigil\u00e0ncia de la monitora.<\/p>\n<p>L\u2019hora d\u2019inici del servei \u00e9s a les 8h per la porta del c\/Lleida, que romandr\u00e0 oberta fins a les 8:10h. S&#8217;haur\u00e0 d\u2019anar al menjador on hi ser\u00e0 una monitora. A partir de les 8:10 l&#8217;entrada es realitzar\u00e0 per la porta del c\/Francesc Balcells.<\/p>\n<p>No es pot sortir del recinte escolar en cap cas i sense el perm\u00eds corresponent. En cas d\u2019haver de sortir caldr\u00e0 que siguin recollits per un adult.<\/p>\n<p>&nbsp;<\/p>\n<div class=\"page\" title=\"Page 1\">\n<div class=\"layoutArea\">\n<div class=\"column\">\n<div class=\"page\" title=\"Page 1\">\n<div class=\"layoutArea\">\n<div class=\"column\">\n<p>&nbsp;<\/p>\n<p><a href=\"http:\/\/agora.xtec.cat\/ceipjaveprat\/wp-content\/uploads\/usu175\/2014\/09\/albertbachiller.png\"><img loading=\"lazy\" decoding=\"async\" class=\"alignnone size-large wp-image-133\" src=\"http:\/\/agora.xtec.cat\/ceipjaveprat\/wp-content\/uploads\/usu175\/2014\/09\/albertbachiller-1024x221.png\" alt=\"Il\u00b7lustraci\u00f3 per Albert Bachiller\" width=\"1024\" height=\"221\" srcset=\"https:\/\/agora.xtec.cat\/ceipjaveprat\/wp-content\/uploads\/usu175\/2014\/09\/albertbachiller-1024x221.png 1024w, https:\/\/agora.xtec.cat\/ceipjaveprat\/wp-content\/uploads\/usu175\/2014\/09\/albertbachiller-300x64.png 300w, https:\/\/agora.xtec.cat\/ceipjaveprat\/wp-content\/uploads\/usu175\/2014\/09\/albertbachiller.png 1244w\" sizes=\"auto, (max-width: 1024px) 100vw, 1024px\" \/><\/a><\/p>\n<\/div>\n<\/div>\n<\/div>\n<\/div>\n<\/div>\n<\/div>\n","protected":false},"excerpt":{"rendered":"<ol>\n<li>Gesti\u00f3 del servei d\u2019acollida<\/li>\n<\/ol>\n<p>La gesti\u00f3 del Servei d\u2019acollida est\u00e0 a c\u00e0rrec de l\u2019AFA, l\u2019empresa PRAT ACTIU \u00e9s l\u2019encarregada de la contractaci\u00f3 i gesti\u00f3 del monitoratge.<\/p>\n<ol start=\"2\">\n<li>Equip del servei<\/li>\n<\/ol>\n<p>Monitora: Montse Guijarro. Tel\u00e8fon de contacte (629644197)<\/p>\n<ol start=\"3\">\n<li>Informaci\u00f3 administrativa<\/li>\n<\/ol>\n<p>El pagament del alumnes es far\u00e0 la primera setmana de&hellip;  <a href=\"https:\/\/agora.xtec.cat\/ceipjaveprat\/serveis\/servei-dacollida-matinal\/\" title=\"Read Servei d&#8217;acollida matinal\">Llegeix m\u00e9s\u00bb<\/a><\/p>\n","protected":false},"author":1,"featured_media":0,"parent":66,"menu_order":0,"comment_status":"closed","ping_status":"closed","template":"page-templates\/side-menu.php","meta":{"_bbp_topic_count":0,"_bbp_reply_count":0,"_bbp_total_topic_count":0,"_bbp_total_reply_count":0,"_bbp_voice_count":0,"_bbp_anonymous_reply_count":0,"_bbp_topic_count_hidden":0,"_bbp_reply_count_hidden":0,"_bbp_forum_subforum_count":0,"footnotes":""},"class_list":["post-257","page","type-page","status-publish","hentry"],"post_mailing_queue_ids":[],"_links":{"self":[{"href":"https:\/\/agora.xtec.cat\/ceipjaveprat\/wp-json\/wp\/v2\/pages\/257","targetHints":{"allow":["GET"]}}],"collection":[{"href":"https:\/\/agora.xtec.cat\/ceipjaveprat\/wp-json\/wp\/v2\/pages"}],"about":[{"href":"https:\/\/agora.xtec.cat\/ceipjaveprat\/wp-json\/wp\/v2\/types\/page"}],"author":[{"embeddable":true,"href":"https:\/\/agora.xtec.cat\/ceipjaveprat\/wp-json\/wp\/v2\/users\/1"}],"replies":[{"embeddable":true,"href":"https:\/\/agora.xtec.cat\/ceipjaveprat\/wp-json\/wp\/v2\/comments?post=257"}],"version-history":[{"count":4,"href":"https:\/\/agora.xtec.cat\/ceipjaveprat\/wp-json\/wp\/v2\/pages\/257\/revisions"}],"predecessor-version":[{"id":4113,"href":"https:\/\/agora.xtec.cat\/ceipjaveprat\/wp-json\/wp\/v2\/pages\/257\/revisions\/4113"}],"up":[{"embeddable":true,"href":"https:\/\/agora.xtec.cat\/ceipjaveprat\/wp-json\/wp\/v2\/pages\/66"}],"wp:attachment":[{"href":"https:\/\/agora.xtec.cat\/ceipjaveprat\/wp-json\/wp\/v2\/media?parent=257"}],"curies":[{"name":"wp","href":"https:\/\/api.w.org\/{rel}","templated":true}]}}